{"id":13221,"date":"2020-10-19T14:12:07","date_gmt":"2020-10-19T12:12:07","guid":{"rendered":"https:\/\/en3s.fr\/formation-professionnelle\/?page_id=13221"},"modified":"2025-10-02T15:55:45","modified_gmt":"2025-10-02T13:55:45","slug":"teletravail-flexibilite-autonomie-piloter-lequipe-autrement","status":"publish","type":"page","link":"https:\/\/en3s.fr\/formation-professionnelle\/formations-professionnelles\/formations-courtes\/teletravail-flexibilite-autonomie-piloter-lequipe-autrement\/","title":{"rendered":"T\u00e9l\u00e9travail, flexibilit\u00e9, autonomie : piloter l&rsquo;\u00e9quipe autrement"},"content":{"rendered":"<p>Renforcer de nouvelles pratiques manag\u00e9riales dans un environnement hybride et \u00e9volutif<\/p>\n<p>(Ancien titre : Manager les nouvelles organisations de travail)<\/p>\n","protected":false},"excerpt":{"rendered":"<p>Renforcer de nouvelles pratiques manag\u00e9riales dans un environnement hybride et \u00e9volutif <\/p>\n","protected":false},"author":4,"featured_media":0,"parent":425,"menu_order":0,"comment_status":"closed","ping_status":"closed","template":"partials\/template-formation.php","meta":{"ngg_post_thumbnail":0,"footnotes":""},"class_list":["post-13221","page","type-page","status-publish","hentry"],"yoast_head":"<!-- This site is optimized with the Yoast SEO plugin v24.9 - https:\/\/yoast.com\/wordpress\/plugins\/seo\/ -->\n<title>T\u00e9l\u00e9travail, flexibilit\u00e9, autonomie : piloter l&#039;\u00e9quipe autrement - Formations professionnelles de l&#039;EN3S<\/title>\n<meta name=\"description\" content=\"Renforcer de nouvelles pratiques manag\u00e9riales dans un environnement hybride et \u00e9volutif\" \/>\n<meta name=\"robots\" content=\"index, follow, max-snippet:-1, max-image-preview:large, max-video-preview:-1\" \/>\n<link rel=\"canonical\" href=\"https:\/\/en3s.fr\/formation-professionnelle\/formations-professionnelles\/formations-courtes\/teletravail-flexibilite-autonomie-piloter-lequipe-autrement\/\" \/>\n<meta property=\"og:locale\" content=\"fr_FR\" \/>\n<meta property=\"og:type\" content=\"article\" \/>\n<meta property=\"og:title\" content=\"T\u00e9l\u00e9travail, flexibilit\u00e9, autonomie : piloter l&#039;\u00e9quipe autrement - Formations professionnelles de l&#039;EN3S\" \/>\n<meta property=\"og:description\" content=\"Renforcer de nouvelles pratiques manag\u00e9riales dans un environnement hybride et \u00e9volutif\" \/>\n<meta property=\"og:url\" content=\"https:\/\/en3s.fr\/formation-professionnelle\/formations-professionnelles\/formations-courtes\/teletravail-flexibilite-autonomie-piloter-lequipe-autrement\/\" \/>\n<meta property=\"og:site_name\" content=\"Formations professionnelles de l&#039;EN3S\" \/>\n<meta property=\"article:modified_time\" content=\"2025-10-02T13:55:45+00:00\" \/>\n<meta name=\"twitter:card\" content=\"summary_large_image\" \/>\n<meta name=\"twitter:label1\" content=\"Dur\u00e9e de lecture estim\u00e9e\" \/>\n\t<meta name=\"twitter:data1\" content=\"1 minute\" \/>\n<script type=\"application\/ld+json\" class=\"yoast-schema-graph\">{\"@context\":\"https:\/\/schema.org\",\"@graph\":[{\"@type\":\"WebPage\",\"@id\":\"https:\/\/en3s.fr\/formation-professionnelle\/formations-professionnelles\/formations-courtes\/teletravail-flexibilite-autonomie-piloter-lequipe-autrement\/\",\"url\":\"https:\/\/en3s.fr\/formation-professionnelle\/formations-professionnelles\/formations-courtes\/teletravail-flexibilite-autonomie-piloter-lequipe-autrement\/\",\"name\":\"T\u00e9l\u00e9travail, flexibilit\u00e9, autonomie : piloter l'\u00e9quipe autrement - Formations professionnelles de l&#039;EN3S\",\"isPartOf\":{\"@id\":\"https:\/\/en3s.fr\/formation-professionnelle\/#website\"},\"datePublished\":\"2020-10-19T12:12:07+00:00\",\"dateModified\":\"2025-10-02T13:55:45+00:00\",\"description\":\"Renforcer de nouvelles pratiques manag\u00e9riales dans un environnement hybride et \u00e9volutif\",\"breadcrumb\":{\"@id\":\"https:\/\/en3s.fr\/formation-professionnelle\/formations-professionnelles\/formations-courtes\/teletravail-flexibilite-autonomie-piloter-lequipe-autrement\/#breadcrumb\"},\"inLanguage\":\"fr-FR\",\"potentialAction\":[{\"@type\":\"ReadAction\",\"target\":[\"https:\/\/en3s.fr\/formation-professionnelle\/formations-professionnelles\/formations-courtes\/teletravail-flexibilite-autonomie-piloter-lequipe-autrement\/\"]}]},{\"@type\":\"BreadcrumbList\",\"@id\":\"https:\/\/en3s.fr\/formation-professionnelle\/formations-professionnelles\/formations-courtes\/teletravail-flexibilite-autonomie-piloter-lequipe-autrement\/#breadcrumb\",\"itemListElement\":[{\"@type\":\"ListItem\",\"position\":1,\"name\":\"Accueil\",\"item\":\"https:\/\/en3s.fr\/formation-professionnelle\/\"},{\"@type\":\"ListItem\",\"position\":2,\"name\":\"Formations professionnelles\",\"item\":\"https:\/\/en3s.fr\/formation-professionnelle\/formations-professionnelles\/\"},{\"@type\":\"ListItem\",\"position\":3,\"name\":\"Formations courtes\",\"item\":\"https:\/\/en3s.fr\/formation-professionnelle\/formations-professionnelles\/formations-courtes\/\"},{\"@type\":\"ListItem\",\"position\":4,\"name\":\"T\u00e9l\u00e9travail, flexibilit\u00e9, autonomie : piloter l&rsquo;\u00e9quipe autrement\"}]},{\"@type\":\"WebSite\",\"@id\":\"https:\/\/en3s.fr\/formation-professionnelle\/#website\",\"url\":\"https:\/\/en3s.fr\/formation-professionnelle\/\",\"name\":\"Formations professionnelles de l&#039;EN3S\",\"description\":\"Site des formations professionnelles de l&#039;EN3S\",\"potentialAction\":[{\"@type\":\"SearchAction\",\"target\":{\"@type\":\"EntryPoint\",\"urlTemplate\":\"https:\/\/en3s.fr\/formation-professionnelle\/?s={search_term_string}\"},\"query-input\":{\"@type\":\"PropertyValueSpecification\",\"valueRequired\":true,\"valueName\":\"search_term_string\"}}],\"inLanguage\":\"fr-FR\"}]}<\/script>\n<!-- \/ Yoast SEO plugin. -->","yoast_head_json":{"title":"T\u00e9l\u00e9travail, flexibilit\u00e9, autonomie : piloter l'\u00e9quipe autrement - Formations professionnelles de l&#039;EN3S","description":"Renforcer de nouvelles pratiques manag\u00e9riales dans un environnement hybride et \u00e9volutif","robots":{"index":"index","follow":"follow","max-snippet":"max-snippet:-1","max-image-preview":"max-image-preview:large","max-video-preview":"max-video-preview:-1"},"canonical":"https:\/\/en3s.fr\/formation-professionnelle\/formations-professionnelles\/formations-courtes\/teletravail-flexibilite-autonomie-piloter-lequipe-autrement\/","og_locale":"fr_FR","og_type":"article","og_title":"T\u00e9l\u00e9travail, flexibilit\u00e9, autonomie : piloter l'\u00e9quipe autrement - Formations professionnelles de l&#039;EN3S","og_description":"Renforcer de nouvelles pratiques manag\u00e9riales dans un environnement hybride et \u00e9volutif","og_url":"https:\/\/en3s.fr\/formation-professionnelle\/formations-professionnelles\/formations-courtes\/teletravail-flexibilite-autonomie-piloter-lequipe-autrement\/","og_site_name":"Formations professionnelles de l&#039;EN3S","article_modified_time":"2025-10-02T13:55:45+00:00","twitter_card":"summary_large_image","twitter_misc":{"Dur\u00e9e de lecture estim\u00e9e":"1 minute"},"schema":{"@context":"https:\/\/schema.org","@graph":[{"@type":"WebPage","@id":"https:\/\/en3s.fr\/formation-professionnelle\/formations-professionnelles\/formations-courtes\/teletravail-flexibilite-autonomie-piloter-lequipe-autrement\/","url":"https:\/\/en3s.fr\/formation-professionnelle\/formations-professionnelles\/formations-courtes\/teletravail-flexibilite-autonomie-piloter-lequipe-autrement\/","name":"T\u00e9l\u00e9travail, flexibilit\u00e9, autonomie : piloter l'\u00e9quipe autrement - Formations professionnelles de l&#039;EN3S","isPartOf":{"@id":"https:\/\/en3s.fr\/formation-professionnelle\/#website"},"datePublished":"2020-10-19T12:12:07+00:00","dateModified":"2025-10-02T13:55:45+00:00","description":"Renforcer de nouvelles pratiques manag\u00e9riales dans un environnement hybride et \u00e9volutif","breadcrumb":{"@id":"https:\/\/en3s.fr\/formation-professionnelle\/formations-professionnelles\/formations-courtes\/teletravail-flexibilite-autonomie-piloter-lequipe-autrement\/#breadcrumb"},"inLanguage":"fr-FR","potentialAction":[{"@type":"ReadAction","target":["https:\/\/en3s.fr\/formation-professionnelle\/formations-professionnelles\/formations-courtes\/teletravail-flexibilite-autonomie-piloter-lequipe-autrement\/"]}]},{"@type":"BreadcrumbList","@id":"https:\/\/en3s.fr\/formation-professionnelle\/formations-professionnelles\/formations-courtes\/teletravail-flexibilite-autonomie-piloter-lequipe-autrement\/#breadcrumb","itemListElement":[{"@type":"ListItem","position":1,"name":"Accueil","item":"https:\/\/en3s.fr\/formation-professionnelle\/"},{"@type":"ListItem","position":2,"name":"Formations professionnelles","item":"https:\/\/en3s.fr\/formation-professionnelle\/formations-professionnelles\/"},{"@type":"ListItem","position":3,"name":"Formations courtes","item":"https:\/\/en3s.fr\/formation-professionnelle\/formations-professionnelles\/formations-courtes\/"},{"@type":"ListItem","position":4,"name":"T\u00e9l\u00e9travail, flexibilit\u00e9, autonomie : piloter l&rsquo;\u00e9quipe autrement"}]},{"@type":"WebSite","@id":"https:\/\/en3s.fr\/formation-professionnelle\/#website","url":"https:\/\/en3s.fr\/formation-professionnelle\/","name":"Formations professionnelles de l&#039;EN3S","description":"Site des formations professionnelles de l&#039;EN3S","potentialAction":[{"@type":"SearchAction","target":{"@type":"EntryPoint","urlTemplate":"https:\/\/en3s.fr\/formation-professionnelle\/?s={search_term_string}"},"query-input":{"@type":"PropertyValueSpecification","valueRequired":true,"valueName":"search_term_string"}}],"inLanguage":"fr-FR"}]}},"_links":{"self":[{"href":"https:\/\/en3s.fr\/formation-professionnelle\/wp-json\/wp\/v2\/pages\/13221","targetHints":{"allow":["GET"]}}],"collection":[{"href":"https:\/\/en3s.fr\/formation-professionnelle\/wp-json\/wp\/v2\/pages"}],"about":[{"href":"https:\/\/en3s.fr\/formation-professionnelle\/wp-json\/wp\/v2\/types\/page"}],"author":[{"embeddable":true,"href":"https:\/\/en3s.fr\/formation-professionnelle\/wp-json\/wp\/v2\/users\/4"}],"replies":[{"embeddable":true,"href":"https:\/\/en3s.fr\/formation-professionnelle\/wp-json\/wp\/v2\/comments?post=13221"}],"version-history":[{"count":2,"href":"https:\/\/en3s.fr\/formation-professionnelle\/wp-json\/wp\/v2\/pages\/13221\/revisions"}],"predecessor-version":[{"id":316276,"href":"https:\/\/en3s.fr\/formation-professionnelle\/wp-json\/wp\/v2\/pages\/13221\/revisions\/316276"}],"up":[{"embeddable":true,"href":"https:\/\/en3s.fr\/formation-professionnelle\/wp-json\/wp\/v2\/pages\/425"}],"wp:attachment":[{"href":"https:\/\/en3s.fr\/formation-professionnelle\/wp-json\/wp\/v2\/media?parent=13221"}],"curies":[{"name":"wp","href":"https:\/\/api.w.org\/{rel}","templated":true}]}}