{"id":309621,"date":"2020-12-17T09:37:14","date_gmt":"2020-12-17T08:37:14","guid":{"rendered":"https:\/\/en3s.fr\/formation-professionnelle\/?page_id=309621"},"modified":"2025-10-13T14:33:07","modified_gmt":"2025-10-13T12:33:07","slug":"webinaire-formation-pro-offre-2026","status":"publish","type":"page","link":"https:\/\/en3s.fr\/formation-professionnelle\/formations-professionnelles\/webinaires\/webinaire-formation-pro-offre-2026\/","title":{"rendered":"Webinaire &#8211; Formation pro, offre 2026"},"content":{"rendered":"<p>&nbsp;<\/p>\n<p><span data-teams=\"true\">2026 sera une ann\u00e9e strat\u00e9gique pour les organismes de protection sociale confront\u00e9s aux trois grands d\u00e9fis de la <strong>transformation \u00e9cologique<\/strong>, de <strong>l\u2019intelligence artificielle g\u00e9n\u00e9rative<\/strong> et des <strong>nouveaux rapports au travail <\/strong>dans le contexte de la pr\u00e9paration des <strong>nouvelles COG 2026 &#8211; 2031.<\/strong><\/span><\/p>\n<p><span data-teams=\"true\">Attractivit\u00e9, strat\u00e9gie d&rsquo;influence territoriale, partenariats, <i>soft skills<\/i>, syst\u00e8mes d\u2019information, strat\u00e9gies RH, production, qualit\u00e9, performance, relation clients, sant\u00e9 mentale, relations sociales<\/span> : autant de th\u00e9matiques de formation continue afin de progresser dans sa carri\u00e8re et de mieux manager ses \u00e9quipes.<\/p>\n","protected":false},"excerpt":{"rendered":"<p>&nbsp; 2026 sera une ann\u00e9e strat\u00e9gique pour les organismes de protection sociale confront\u00e9s aux trois grands d\u00e9fis de la transformation \u00e9cologique, de l\u2019intelligence artificielle g\u00e9n\u00e9rative et des nouveaux rapports au travail dans le contexte de la pr\u00e9paration des nouvelles COG 2026 &#8211; 2031. Attractivit\u00e9, strat\u00e9gie d&rsquo;influence territoriale, partenariats, soft skills, syst\u00e8mes d\u2019information, strat\u00e9gies RH, production, [&hellip;]<\/p>\n","protected":false},"author":4,"featured_media":0,"parent":310834,"menu_order":0,"comment_status":"closed","ping_status":"closed","template":"partials\/template-formation.php","meta":{"ngg_post_thumbnail":0,"footnotes":""},"class_list":["post-309621","page","type-page","status-publish","hentry","cycle_formation-formation-nos-ressources-en-ligne-fr"],"yoast_head":"<!-- This site is optimized with the Yoast SEO plugin v24.9 - https:\/\/yoast.com\/wordpress\/plugins\/seo\/ -->\n<title>Webinaire - Formation pro, offre 2026 - Formations professionnelles de l&#039;EN3S<\/title>\n<meta name=\"description\" content=\"&nbsp; 2026 sera une ann\u00e9e strat\u00e9gique pour les organismes de protection sociale confront\u00e9s aux trois grands d\u00e9fis de la transformation \u00e9cologique, de\" \/>\n<meta name=\"robots\" content=\"index, follow, max-snippet:-1, max-image-preview:large, max-video-preview:-1\" \/>\n<link rel=\"canonical\" href=\"https:\/\/en3s.fr\/formation-professionnelle\/formations-professionnelles\/webinaires\/webinaire-formation-pro-offre-2026\/\" \/>\n<meta property=\"og:locale\" content=\"fr_FR\" \/>\n<meta property=\"og:type\" content=\"article\" \/>\n<meta property=\"og:title\" content=\"Webinaire - Formation pro, offre 2026 - Formations professionnelles de l&#039;EN3S\" \/>\n<meta property=\"og:description\" content=\"&nbsp; 2026 sera une ann\u00e9e strat\u00e9gique pour les organismes de protection sociale confront\u00e9s aux trois grands d\u00e9fis de la transformation \u00e9cologique, de\" \/>\n<meta property=\"og:url\" content=\"https:\/\/en3s.fr\/formation-professionnelle\/formations-professionnelles\/webinaires\/webinaire-formation-pro-offre-2026\/\" \/>\n<meta property=\"og:site_name\" content=\"Formations professionnelles de l&#039;EN3S\" \/>\n<meta property=\"article:modified_time\" content=\"2025-10-13T12:33:07+00:00\" \/>\n<meta name=\"twitter:card\" content=\"summary_large_image\" \/>\n<meta name=\"twitter:label1\" content=\"Dur\u00e9e de lecture estim\u00e9e\" \/>\n\t<meta name=\"twitter:data1\" content=\"1 minute\" \/>\n<script type=\"application\/ld+json\" class=\"yoast-schema-graph\">{\"@context\":\"https:\/\/schema.org\",\"@graph\":[{\"@type\":\"WebPage\",\"@id\":\"https:\/\/en3s.fr\/formation-professionnelle\/formations-professionnelles\/webinaires\/webinaire-formation-pro-offre-2026\/\",\"url\":\"https:\/\/en3s.fr\/formation-professionnelle\/formations-professionnelles\/webinaires\/webinaire-formation-pro-offre-2026\/\",\"name\":\"Webinaire - Formation pro, offre 2026 - Formations professionnelles de l&#039;EN3S\",\"isPartOf\":{\"@id\":\"https:\/\/en3s.fr\/formation-professionnelle\/#website\"},\"datePublished\":\"2020-12-17T08:37:14+00:00\",\"dateModified\":\"2025-10-13T12:33:07+00:00\",\"description\":\"&nbsp; 2026 sera une ann\u00e9e strat\u00e9gique pour les organismes de protection sociale confront\u00e9s aux trois grands d\u00e9fis de la transformation \u00e9cologique, de\",\"breadcrumb\":{\"@id\":\"https:\/\/en3s.fr\/formation-professionnelle\/formations-professionnelles\/webinaires\/webinaire-formation-pro-offre-2026\/#breadcrumb\"},\"inLanguage\":\"fr-FR\",\"potentialAction\":[{\"@type\":\"ReadAction\",\"target\":[\"https:\/\/en3s.fr\/formation-professionnelle\/formations-professionnelles\/webinaires\/webinaire-formation-pro-offre-2026\/\"]}]},{\"@type\":\"BreadcrumbList\",\"@id\":\"https:\/\/en3s.fr\/formation-professionnelle\/formations-professionnelles\/webinaires\/webinaire-formation-pro-offre-2026\/#breadcrumb\",\"itemListElement\":[{\"@type\":\"ListItem\",\"position\":1,\"name\":\"Accueil\",\"item\":\"https:\/\/en3s.fr\/formation-professionnelle\/\"},{\"@type\":\"ListItem\",\"position\":2,\"name\":\"Formations professionnelles\",\"item\":\"https:\/\/en3s.fr\/formation-professionnelle\/formations-professionnelles\/\"},{\"@type\":\"ListItem\",\"position\":3,\"name\":\"Webinaires\",\"item\":\"https:\/\/en3s.fr\/formation-professionnelle\/formations-professionnelles\/webinaires\/\"},{\"@type\":\"ListItem\",\"position\":4,\"name\":\"Webinaire &#8211; Formation pro, offre 2026\"}]},{\"@type\":\"WebSite\",\"@id\":\"https:\/\/en3s.fr\/formation-professionnelle\/#website\",\"url\":\"https:\/\/en3s.fr\/formation-professionnelle\/\",\"name\":\"Formations professionnelles de l&#039;EN3S\",\"description\":\"Site des formations professionnelles de l&#039;EN3S\",\"potentialAction\":[{\"@type\":\"SearchAction\",\"target\":{\"@type\":\"EntryPoint\",\"urlTemplate\":\"https:\/\/en3s.fr\/formation-professionnelle\/?s={search_term_string}\"},\"query-input\":{\"@type\":\"PropertyValueSpecification\",\"valueRequired\":true,\"valueName\":\"search_term_string\"}}],\"inLanguage\":\"fr-FR\"}]}<\/script>\n<!-- \/ Yoast SEO plugin. -->","yoast_head_json":{"title":"Webinaire - Formation pro, offre 2026 - Formations professionnelles de l&#039;EN3S","description":"&nbsp; 2026 sera une ann\u00e9e strat\u00e9gique pour les organismes de protection sociale confront\u00e9s aux trois grands d\u00e9fis de la transformation \u00e9cologique, de","robots":{"index":"index","follow":"follow","max-snippet":"max-snippet:-1","max-image-preview":"max-image-preview:large","max-video-preview":"max-video-preview:-1"},"canonical":"https:\/\/en3s.fr\/formation-professionnelle\/formations-professionnelles\/webinaires\/webinaire-formation-pro-offre-2026\/","og_locale":"fr_FR","og_type":"article","og_title":"Webinaire - Formation pro, offre 2026 - Formations professionnelles de l&#039;EN3S","og_description":"&nbsp; 2026 sera une ann\u00e9e strat\u00e9gique pour les organismes de protection sociale confront\u00e9s aux trois grands d\u00e9fis de la transformation \u00e9cologique, de","og_url":"https:\/\/en3s.fr\/formation-professionnelle\/formations-professionnelles\/webinaires\/webinaire-formation-pro-offre-2026\/","og_site_name":"Formations professionnelles de l&#039;EN3S","article_modified_time":"2025-10-13T12:33:07+00:00","twitter_card":"summary_large_image","twitter_misc":{"Dur\u00e9e de lecture estim\u00e9e":"1 minute"},"schema":{"@context":"https:\/\/schema.org","@graph":[{"@type":"WebPage","@id":"https:\/\/en3s.fr\/formation-professionnelle\/formations-professionnelles\/webinaires\/webinaire-formation-pro-offre-2026\/","url":"https:\/\/en3s.fr\/formation-professionnelle\/formations-professionnelles\/webinaires\/webinaire-formation-pro-offre-2026\/","name":"Webinaire - Formation pro, offre 2026 - Formations professionnelles de l&#039;EN3S","isPartOf":{"@id":"https:\/\/en3s.fr\/formation-professionnelle\/#website"},"datePublished":"2020-12-17T08:37:14+00:00","dateModified":"2025-10-13T12:33:07+00:00","description":"&nbsp; 2026 sera une ann\u00e9e strat\u00e9gique pour les organismes de protection sociale confront\u00e9s aux trois grands d\u00e9fis de la transformation \u00e9cologique, de","breadcrumb":{"@id":"https:\/\/en3s.fr\/formation-professionnelle\/formations-professionnelles\/webinaires\/webinaire-formation-pro-offre-2026\/#breadcrumb"},"inLanguage":"fr-FR","potentialAction":[{"@type":"ReadAction","target":["https:\/\/en3s.fr\/formation-professionnelle\/formations-professionnelles\/webinaires\/webinaire-formation-pro-offre-2026\/"]}]},{"@type":"BreadcrumbList","@id":"https:\/\/en3s.fr\/formation-professionnelle\/formations-professionnelles\/webinaires\/webinaire-formation-pro-offre-2026\/#breadcrumb","itemListElement":[{"@type":"ListItem","position":1,"name":"Accueil","item":"https:\/\/en3s.fr\/formation-professionnelle\/"},{"@type":"ListItem","position":2,"name":"Formations professionnelles","item":"https:\/\/en3s.fr\/formation-professionnelle\/formations-professionnelles\/"},{"@type":"ListItem","position":3,"name":"Webinaires","item":"https:\/\/en3s.fr\/formation-professionnelle\/formations-professionnelles\/webinaires\/"},{"@type":"ListItem","position":4,"name":"Webinaire &#8211; Formation pro, offre 2026"}]},{"@type":"WebSite","@id":"https:\/\/en3s.fr\/formation-professionnelle\/#website","url":"https:\/\/en3s.fr\/formation-professionnelle\/","name":"Formations professionnelles de l&#039;EN3S","description":"Site des formations professionnelles de l&#039;EN3S","potentialAction":[{"@type":"SearchAction","target":{"@type":"EntryPoint","urlTemplate":"https:\/\/en3s.fr\/formation-professionnelle\/?s={search_term_string}"},"query-input":{"@type":"PropertyValueSpecification","valueRequired":true,"valueName":"search_term_string"}}],"inLanguage":"fr-FR"}]}},"_links":{"self":[{"href":"https:\/\/en3s.fr\/formation-professionnelle\/wp-json\/wp\/v2\/pages\/309621","targetHints":{"allow":["GET"]}}],"collection":[{"href":"https:\/\/en3s.fr\/formation-professionnelle\/wp-json\/wp\/v2\/pages"}],"about":[{"href":"https:\/\/en3s.fr\/formation-professionnelle\/wp-json\/wp\/v2\/types\/page"}],"author":[{"embeddable":true,"href":"https:\/\/en3s.fr\/formation-professionnelle\/wp-json\/wp\/v2\/users\/4"}],"replies":[{"embeddable":true,"href":"https:\/\/en3s.fr\/formation-professionnelle\/wp-json\/wp\/v2\/comments?post=309621"}],"version-history":[{"count":8,"href":"https:\/\/en3s.fr\/formation-professionnelle\/wp-json\/wp\/v2\/pages\/309621\/revisions"}],"predecessor-version":[{"id":316428,"href":"https:\/\/en3s.fr\/formation-professionnelle\/wp-json\/wp\/v2\/pages\/309621\/revisions\/316428"}],"up":[{"embeddable":true,"href":"https:\/\/en3s.fr\/formation-professionnelle\/wp-json\/wp\/v2\/pages\/310834"}],"wp:attachment":[{"href":"https:\/\/en3s.fr\/formation-professionnelle\/wp-json\/wp\/v2\/media?parent=309621"}],"curies":[{"name":"wp","href":"https:\/\/api.w.org\/{rel}","templated":true}]}}