{"id":310780,"date":"2021-09-07T12:25:40","date_gmt":"2021-09-07T10:25:40","guid":{"rendered":"https:\/\/en3s.fr\/formation-professionnelle\/?page_id=310780"},"modified":"2022-05-03T16:33:22","modified_gmt":"2022-05-03T14:33:22","slug":"formation-des-referents-des-infirmiers-du-service-medical","status":"publish","type":"page","link":"https:\/\/en3s.fr\/formation-professionnelle\/formations-professionnelles\/formation-des-referents-des-infirmiers-du-service-medical\/","title":{"rendered":"Formation des r\u00e9f\u00e9rents des infirmiers du service m\u00e9dical"},"content":{"rendered":"<p><strong>Accompagner la prise de fonction des nouveaux Infirmiers au sein des \u00e9quipes du service m\u00e9dical des DRSM<\/strong><\/p>\n<p>Au sein du service m\u00e9dical l&rsquo;infirmier du service m\u00e9dical (ISM) participe \u00e0 diff\u00e9rentes actions d\u2019information, d\u2019accompagnement, de suivi et de contr\u00f4le \u00e0 destination des assur\u00e9s et des professionnels de sant\u00e9.<\/p>\n<p>Il intervient sous la responsabilit\u00e9 du m\u00e9decin conseil chef de service et ses missions s\u2019inscrivent dans le cadre de la strat\u00e9gie nationale de sant\u00e9 et du plan de maitrise m\u00e9dicalis\u00e9e des d\u00e9penses de sant\u00e9 tant en ville qu\u2019en \u00e9tablissement de soins.<\/p>\n<p>La formation Initiale des Infirmiers du Service M\u00e9dical (FIISM) est pr\u00e9vue en 2022. Pour ce faire, un Infirmier r\u00e9f\u00e9rent m\u00e9dical formateur et le cadre expert m\u00e9tier formateur sont form\u00e9s au niveau national sur les attentes et l\u2019importance des v\u00e9rifications \u00e0 op\u00e9rer aupr\u00e8s des Infirmiers du service m\u00e9dical.<\/p>\n","protected":false},"excerpt":{"rendered":"<p>Accompagner la prise de fonction des nouveaux Infirmiers au sein des \u00e9quipes du service m\u00e9dical des DRSM Au sein du service m\u00e9dical l&rsquo;infirmier du service m\u00e9dical (ISM) participe \u00e0 diff\u00e9rentes actions d\u2019information, d\u2019accompagnement, de suivi et de contr\u00f4le \u00e0 destination des assur\u00e9s et des professionnels de sant\u00e9. Il intervient sous la responsabilit\u00e9 du m\u00e9decin conseil [&hellip;]<\/p>\n","protected":false},"author":5,"featured_media":0,"parent":406,"menu_order":0,"comment_status":"closed","ping_status":"closed","template":"partials\/template-formation.php","meta":{"ngg_post_thumbnail":0,"footnotes":""},"class_list":["post-310780","page","type-page","status-publish","hentry"],"yoast_head":"<!-- This site is optimized with the Yoast SEO plugin v24.9 - https:\/\/yoast.com\/wordpress\/plugins\/seo\/ -->\n<title>Formation des r\u00e9f\u00e9rents des infirmiers du service m\u00e9dical - Formations professionnelles de l&#039;EN3S<\/title>\n<meta name=\"description\" content=\"Accompagner la prise de fonction des nouveaux Infirmiers au sein des \u00e9quipes du service m\u00e9dical des DRSM Au sein du service m\u00e9dical l&#039;infirmier du service\" \/>\n<meta name=\"robots\" content=\"index, follow, max-snippet:-1, max-image-preview:large, max-video-preview:-1\" \/>\n<link rel=\"canonical\" href=\"https:\/\/en3s.fr\/formation-professionnelle\/formations-professionnelles\/formation-des-referents-des-infirmiers-du-service-medical\/\" \/>\n<meta property=\"og:locale\" content=\"fr_FR\" \/>\n<meta property=\"og:type\" content=\"article\" \/>\n<meta property=\"og:title\" content=\"Formation des r\u00e9f\u00e9rents des infirmiers du service m\u00e9dical - Formations professionnelles de l&#039;EN3S\" \/>\n<meta property=\"og:description\" content=\"Accompagner la prise de fonction des nouveaux Infirmiers au sein des \u00e9quipes du service m\u00e9dical des DRSM Au sein du service m\u00e9dical l&#039;infirmier du service\" \/>\n<meta property=\"og:url\" content=\"https:\/\/en3s.fr\/formation-professionnelle\/formations-professionnelles\/formation-des-referents-des-infirmiers-du-service-medical\/\" \/>\n<meta property=\"og:site_name\" content=\"Formations professionnelles de l&#039;EN3S\" \/>\n<meta property=\"article:modified_time\" content=\"2022-05-03T14:33:22+00:00\" \/>\n<meta name=\"twitter:card\" content=\"summary_large_image\" \/>\n<meta name=\"twitter:label1\" content=\"Dur\u00e9e de lecture estim\u00e9e\" \/>\n\t<meta name=\"twitter:data1\" content=\"1 minute\" \/>\n<script type=\"application\/ld+json\" class=\"yoast-schema-graph\">{\"@context\":\"https:\/\/schema.org\",\"@graph\":[{\"@type\":\"WebPage\",\"@id\":\"https:\/\/en3s.fr\/formation-professionnelle\/formations-professionnelles\/formation-des-referents-des-infirmiers-du-service-medical\/\",\"url\":\"https:\/\/en3s.fr\/formation-professionnelle\/formations-professionnelles\/formation-des-referents-des-infirmiers-du-service-medical\/\",\"name\":\"Formation des r\u00e9f\u00e9rents des infirmiers du service m\u00e9dical - Formations professionnelles de l&#039;EN3S\",\"isPartOf\":{\"@id\":\"https:\/\/en3s.fr\/formation-professionnelle\/#website\"},\"datePublished\":\"2021-09-07T10:25:40+00:00\",\"dateModified\":\"2022-05-03T14:33:22+00:00\",\"description\":\"Accompagner la prise de fonction des nouveaux Infirmiers au sein des \u00e9quipes du service m\u00e9dical des DRSM Au sein du service m\u00e9dical l'infirmier du service\",\"breadcrumb\":{\"@id\":\"https:\/\/en3s.fr\/formation-professionnelle\/formations-professionnelles\/formation-des-referents-des-infirmiers-du-service-medical\/#breadcrumb\"},\"inLanguage\":\"fr-FR\",\"potentialAction\":[{\"@type\":\"ReadAction\",\"target\":[\"https:\/\/en3s.fr\/formation-professionnelle\/formations-professionnelles\/formation-des-referents-des-infirmiers-du-service-medical\/\"]}]},{\"@type\":\"BreadcrumbList\",\"@id\":\"https:\/\/en3s.fr\/formation-professionnelle\/formations-professionnelles\/formation-des-referents-des-infirmiers-du-service-medical\/#breadcrumb\",\"itemListElement\":[{\"@type\":\"ListItem\",\"position\":1,\"name\":\"Accueil\",\"item\":\"https:\/\/en3s.fr\/formation-professionnelle\/\"},{\"@type\":\"ListItem\",\"position\":2,\"name\":\"Formations professionnelles\",\"item\":\"https:\/\/en3s.fr\/formation-professionnelle\/formations-professionnelles\/\"},{\"@type\":\"ListItem\",\"position\":3,\"name\":\"Formation des r\u00e9f\u00e9rents des infirmiers du service m\u00e9dical\"}]},{\"@type\":\"WebSite\",\"@id\":\"https:\/\/en3s.fr\/formation-professionnelle\/#website\",\"url\":\"https:\/\/en3s.fr\/formation-professionnelle\/\",\"name\":\"Formations professionnelles de l&#039;EN3S\",\"description\":\"Site des formations professionnelles de l&#039;EN3S\",\"potentialAction\":[{\"@type\":\"SearchAction\",\"target\":{\"@type\":\"EntryPoint\",\"urlTemplate\":\"https:\/\/en3s.fr\/formation-professionnelle\/?s={search_term_string}\"},\"query-input\":{\"@type\":\"PropertyValueSpecification\",\"valueRequired\":true,\"valueName\":\"search_term_string\"}}],\"inLanguage\":\"fr-FR\"}]}<\/script>\n<!-- \/ Yoast SEO plugin. -->","yoast_head_json":{"title":"Formation des r\u00e9f\u00e9rents des infirmiers du service m\u00e9dical - Formations professionnelles de l&#039;EN3S","description":"Accompagner la prise de fonction des nouveaux Infirmiers au sein des \u00e9quipes du service m\u00e9dical des DRSM Au sein du service m\u00e9dical l'infirmier du service","robots":{"index":"index","follow":"follow","max-snippet":"max-snippet:-1","max-image-preview":"max-image-preview:large","max-video-preview":"max-video-preview:-1"},"canonical":"https:\/\/en3s.fr\/formation-professionnelle\/formations-professionnelles\/formation-des-referents-des-infirmiers-du-service-medical\/","og_locale":"fr_FR","og_type":"article","og_title":"Formation des r\u00e9f\u00e9rents des infirmiers du service m\u00e9dical - Formations professionnelles de l&#039;EN3S","og_description":"Accompagner la prise de fonction des nouveaux Infirmiers au sein des \u00e9quipes du service m\u00e9dical des DRSM Au sein du service m\u00e9dical l'infirmier du service","og_url":"https:\/\/en3s.fr\/formation-professionnelle\/formations-professionnelles\/formation-des-referents-des-infirmiers-du-service-medical\/","og_site_name":"Formations professionnelles de l&#039;EN3S","article_modified_time":"2022-05-03T14:33:22+00:00","twitter_card":"summary_large_image","twitter_misc":{"Dur\u00e9e de lecture estim\u00e9e":"1 minute"},"schema":{"@context":"https:\/\/schema.org","@graph":[{"@type":"WebPage","@id":"https:\/\/en3s.fr\/formation-professionnelle\/formations-professionnelles\/formation-des-referents-des-infirmiers-du-service-medical\/","url":"https:\/\/en3s.fr\/formation-professionnelle\/formations-professionnelles\/formation-des-referents-des-infirmiers-du-service-medical\/","name":"Formation des r\u00e9f\u00e9rents des infirmiers du service m\u00e9dical - Formations professionnelles de l&#039;EN3S","isPartOf":{"@id":"https:\/\/en3s.fr\/formation-professionnelle\/#website"},"datePublished":"2021-09-07T10:25:40+00:00","dateModified":"2022-05-03T14:33:22+00:00","description":"Accompagner la prise de fonction des nouveaux Infirmiers au sein des \u00e9quipes du service m\u00e9dical des DRSM Au sein du service m\u00e9dical l'infirmier du service","breadcrumb":{"@id":"https:\/\/en3s.fr\/formation-professionnelle\/formations-professionnelles\/formation-des-referents-des-infirmiers-du-service-medical\/#breadcrumb"},"inLanguage":"fr-FR","potentialAction":[{"@type":"ReadAction","target":["https:\/\/en3s.fr\/formation-professionnelle\/formations-professionnelles\/formation-des-referents-des-infirmiers-du-service-medical\/"]}]},{"@type":"BreadcrumbList","@id":"https:\/\/en3s.fr\/formation-professionnelle\/formations-professionnelles\/formation-des-referents-des-infirmiers-du-service-medical\/#breadcrumb","itemListElement":[{"@type":"ListItem","position":1,"name":"Accueil","item":"https:\/\/en3s.fr\/formation-professionnelle\/"},{"@type":"ListItem","position":2,"name":"Formations professionnelles","item":"https:\/\/en3s.fr\/formation-professionnelle\/formations-professionnelles\/"},{"@type":"ListItem","position":3,"name":"Formation des r\u00e9f\u00e9rents des infirmiers du service m\u00e9dical"}]},{"@type":"WebSite","@id":"https:\/\/en3s.fr\/formation-professionnelle\/#website","url":"https:\/\/en3s.fr\/formation-professionnelle\/","name":"Formations professionnelles de l&#039;EN3S","description":"Site des formations professionnelles de l&#039;EN3S","potentialAction":[{"@type":"SearchAction","target":{"@type":"EntryPoint","urlTemplate":"https:\/\/en3s.fr\/formation-professionnelle\/?s={search_term_string}"},"query-input":{"@type":"PropertyValueSpecification","valueRequired":true,"valueName":"search_term_string"}}],"inLanguage":"fr-FR"}]}},"_links":{"self":[{"href":"https:\/\/en3s.fr\/formation-professionnelle\/wp-json\/wp\/v2\/pages\/310780","targetHints":{"allow":["GET"]}}],"collection":[{"href":"https:\/\/en3s.fr\/formation-professionnelle\/wp-json\/wp\/v2\/pages"}],"about":[{"href":"https:\/\/en3s.fr\/formation-professionnelle\/wp-json\/wp\/v2\/types\/page"}],"author":[{"embeddable":true,"href":"https:\/\/en3s.fr\/formation-professionnelle\/wp-json\/wp\/v2\/users\/5"}],"replies":[{"embeddable":true,"href":"https:\/\/en3s.fr\/formation-professionnelle\/wp-json\/wp\/v2\/comments?post=310780"}],"version-history":[{"count":0,"href":"https:\/\/en3s.fr\/formation-professionnelle\/wp-json\/wp\/v2\/pages\/310780\/revisions"}],"up":[{"embeddable":true,"href":"https:\/\/en3s.fr\/formation-professionnelle\/wp-json\/wp\/v2\/pages\/406"}],"wp:attachment":[{"href":"https:\/\/en3s.fr\/formation-professionnelle\/wp-json\/wp\/v2\/media?parent=310780"}],"curies":[{"name":"wp","href":"https:\/\/api.w.org\/{rel}","templated":true}]}}