{"id":310790,"date":"2021-09-07T12:37:17","date_gmt":"2021-09-07T10:37:17","guid":{"rendered":"https:\/\/en3s.fr\/formation-professionnelle\/?page_id=310790"},"modified":"2026-03-18T10:49:48","modified_gmt":"2026-03-18T09:49:48","slug":"formation-des-referents-praticiens-conseils-de-lassurance-maladie-ou-des-ars","status":"publish","type":"page","link":"https:\/\/en3s.fr\/formation-professionnelle\/formations-professionnelles\/formation-des-referents-praticiens-conseils-de-lassurance-maladie-ou-des-ars\/","title":{"rendered":"Formation des r\u00e9f\u00e9rents praticiens-conseils de l&rsquo;assurance maladie ou des ARS"},"content":{"rendered":"<p><strong>Accompagner la prise de fonction des nouveaux Praticiens-Conseils au sein des \u00e9quipes du service m\u00e9dical des DRSM et\/ou des ARS<\/strong><\/p>\n<p>&nbsp;<\/p>\n<p>Chaque Etablissement Local du Service M\u00e9dical (ELSM) ou Agence R\u00e9gionale de Sant\u00e9 (ARS) concern\u00e9s par un recrutement, d\u00e9signe un m\u00e9decin-conseil pour \u00eatre r\u00e9f\u00e9rent de la formation pratique des nouveaux entrants en lien avec le(s) pilote(s) de processus et un cadre expert m\u00e9tier formateur.<\/p>\n<p>Le m\u00e9decin-conseil r\u00e9f\u00e9rent m\u00e9dical formateur et le cadre expert m\u00e9tier formateur sont form\u00e9s au niveau national sur les attentes et l\u2019importance des v\u00e9rifications \u00e0 op\u00e9rer aupr\u00e8s des m\u00e9decins-conseils recrut\u00e9s dans le cadre de cet apprentissage avec une double formation&nbsp;: e-learning versant \u00ab&nbsp;m\u00e9tier&nbsp;\u00bb et formation pr\u00e9sentielle sur les \u00ab&nbsp;attendus d\u2019un r\u00e9f\u00e9rent en termes de posture.<\/p>\n","protected":false},"excerpt":{"rendered":"<p>Accompagner la prise de fonction des nouveaux Praticiens-Conseils au sein des \u00e9quipes du service m\u00e9dical des DRSM et\/ou des ARS &nbsp; Chaque Etablissement Local du Service M\u00e9dical (ELSM) ou Agence R\u00e9gionale de Sant\u00e9 (ARS) concern\u00e9s par un recrutement, d\u00e9signe un m\u00e9decin-conseil pour \u00eatre r\u00e9f\u00e9rent de la formation pratique des nouveaux entrants en lien avec le(s) [&hellip;]<\/p>\n","protected":false},"author":5,"featured_media":0,"parent":406,"menu_order":0,"comment_status":"closed","ping_status":"closed","template":"partials\/template-formation.php","meta":{"ngg_post_thumbnail":0,"footnotes":""},"class_list":["post-310790","page","type-page","status-publish","hentry"],"yoast_head":"<!-- This site is optimized with the Yoast SEO plugin v24.9 - https:\/\/yoast.com\/wordpress\/plugins\/seo\/ -->\n<title>Formation des r\u00e9f\u00e9rents praticiens-conseils de l&#039;assurance maladie ou des ARS - Formations professionnelles de l&#039;EN3S<\/title>\n<meta name=\"description\" content=\"Accompagner la prise de fonction des nouveaux Praticiens-Conseils au sein des \u00e9quipes du service m\u00e9dical des DRSM et\/ou des ARS &nbsp; Chaque\" \/>\n<meta name=\"robots\" content=\"index, follow, max-snippet:-1, max-image-preview:large, max-video-preview:-1\" \/>\n<link rel=\"canonical\" href=\"https:\/\/en3s.fr\/formation-professionnelle\/formations-professionnelles\/formation-des-referents-praticiens-conseils-de-lassurance-maladie-ou-des-ars\/\" \/>\n<meta property=\"og:locale\" content=\"fr_FR\" \/>\n<meta property=\"og:type\" content=\"article\" \/>\n<meta property=\"og:title\" content=\"Formation des r\u00e9f\u00e9rents praticiens-conseils de l&#039;assurance maladie ou des ARS - Formations professionnelles de l&#039;EN3S\" \/>\n<meta property=\"og:description\" content=\"Accompagner la prise de fonction des nouveaux Praticiens-Conseils au sein des \u00e9quipes du service m\u00e9dical des DRSM et\/ou des ARS &nbsp; Chaque\" \/>\n<meta property=\"og:url\" content=\"https:\/\/en3s.fr\/formation-professionnelle\/formations-professionnelles\/formation-des-referents-praticiens-conseils-de-lassurance-maladie-ou-des-ars\/\" \/>\n<meta property=\"og:site_name\" content=\"Formations professionnelles de l&#039;EN3S\" \/>\n<meta property=\"article:modified_time\" content=\"2026-03-18T09:49:48+00:00\" \/>\n<meta name=\"twitter:card\" content=\"summary_large_image\" \/>\n<meta name=\"twitter:label1\" content=\"Dur\u00e9e de lecture estim\u00e9e\" \/>\n\t<meta name=\"twitter:data1\" content=\"1 minute\" \/>\n<script type=\"application\/ld+json\" class=\"yoast-schema-graph\">{\"@context\":\"https:\/\/schema.org\",\"@graph\":[{\"@type\":\"WebPage\",\"@id\":\"https:\/\/en3s.fr\/formation-professionnelle\/formations-professionnelles\/formation-des-referents-praticiens-conseils-de-lassurance-maladie-ou-des-ars\/\",\"url\":\"https:\/\/en3s.fr\/formation-professionnelle\/formations-professionnelles\/formation-des-referents-praticiens-conseils-de-lassurance-maladie-ou-des-ars\/\",\"name\":\"Formation des r\u00e9f\u00e9rents praticiens-conseils de l'assurance maladie ou des ARS - Formations professionnelles de l&#039;EN3S\",\"isPartOf\":{\"@id\":\"https:\/\/en3s.fr\/formation-professionnelle\/#website\"},\"datePublished\":\"2021-09-07T10:37:17+00:00\",\"dateModified\":\"2026-03-18T09:49:48+00:00\",\"description\":\"Accompagner la prise de fonction des nouveaux Praticiens-Conseils au sein des \u00e9quipes du service m\u00e9dical des DRSM et\/ou des ARS &nbsp; Chaque\",\"breadcrumb\":{\"@id\":\"https:\/\/en3s.fr\/formation-professionnelle\/formations-professionnelles\/formation-des-referents-praticiens-conseils-de-lassurance-maladie-ou-des-ars\/#breadcrumb\"},\"inLanguage\":\"fr-FR\",\"potentialAction\":[{\"@type\":\"ReadAction\",\"target\":[\"https:\/\/en3s.fr\/formation-professionnelle\/formations-professionnelles\/formation-des-referents-praticiens-conseils-de-lassurance-maladie-ou-des-ars\/\"]}]},{\"@type\":\"BreadcrumbList\",\"@id\":\"https:\/\/en3s.fr\/formation-professionnelle\/formations-professionnelles\/formation-des-referents-praticiens-conseils-de-lassurance-maladie-ou-des-ars\/#breadcrumb\",\"itemListElement\":[{\"@type\":\"ListItem\",\"position\":1,\"name\":\"Accueil\",\"item\":\"https:\/\/en3s.fr\/formation-professionnelle\/\"},{\"@type\":\"ListItem\",\"position\":2,\"name\":\"Formations professionnelles\",\"item\":\"https:\/\/en3s.fr\/formation-professionnelle\/formations-professionnelles\/\"},{\"@type\":\"ListItem\",\"position\":3,\"name\":\"Formation des r\u00e9f\u00e9rents praticiens-conseils de l&rsquo;assurance maladie ou des ARS\"}]},{\"@type\":\"WebSite\",\"@id\":\"https:\/\/en3s.fr\/formation-professionnelle\/#website\",\"url\":\"https:\/\/en3s.fr\/formation-professionnelle\/\",\"name\":\"Formations professionnelles de l&#039;EN3S\",\"description\":\"Site des formations professionnelles de l&#039;EN3S\",\"potentialAction\":[{\"@type\":\"SearchAction\",\"target\":{\"@type\":\"EntryPoint\",\"urlTemplate\":\"https:\/\/en3s.fr\/formation-professionnelle\/?s={search_term_string}\"},\"query-input\":{\"@type\":\"PropertyValueSpecification\",\"valueRequired\":true,\"valueName\":\"search_term_string\"}}],\"inLanguage\":\"fr-FR\"}]}<\/script>\n<!-- \/ Yoast SEO plugin. -->","yoast_head_json":{"title":"Formation des r\u00e9f\u00e9rents praticiens-conseils de l'assurance maladie ou des ARS - Formations professionnelles de l&#039;EN3S","description":"Accompagner la prise de fonction des nouveaux Praticiens-Conseils au sein des \u00e9quipes du service m\u00e9dical des DRSM et\/ou des ARS &nbsp; Chaque","robots":{"index":"index","follow":"follow","max-snippet":"max-snippet:-1","max-image-preview":"max-image-preview:large","max-video-preview":"max-video-preview:-1"},"canonical":"https:\/\/en3s.fr\/formation-professionnelle\/formations-professionnelles\/formation-des-referents-praticiens-conseils-de-lassurance-maladie-ou-des-ars\/","og_locale":"fr_FR","og_type":"article","og_title":"Formation des r\u00e9f\u00e9rents praticiens-conseils de l'assurance maladie ou des ARS - Formations professionnelles de l&#039;EN3S","og_description":"Accompagner la prise de fonction des nouveaux Praticiens-Conseils au sein des \u00e9quipes du service m\u00e9dical des DRSM et\/ou des ARS &nbsp; Chaque","og_url":"https:\/\/en3s.fr\/formation-professionnelle\/formations-professionnelles\/formation-des-referents-praticiens-conseils-de-lassurance-maladie-ou-des-ars\/","og_site_name":"Formations professionnelles de l&#039;EN3S","article_modified_time":"2026-03-18T09:49:48+00:00","twitter_card":"summary_large_image","twitter_misc":{"Dur\u00e9e de lecture estim\u00e9e":"1 minute"},"schema":{"@context":"https:\/\/schema.org","@graph":[{"@type":"WebPage","@id":"https:\/\/en3s.fr\/formation-professionnelle\/formations-professionnelles\/formation-des-referents-praticiens-conseils-de-lassurance-maladie-ou-des-ars\/","url":"https:\/\/en3s.fr\/formation-professionnelle\/formations-professionnelles\/formation-des-referents-praticiens-conseils-de-lassurance-maladie-ou-des-ars\/","name":"Formation des r\u00e9f\u00e9rents praticiens-conseils de l'assurance maladie ou des ARS - Formations professionnelles de l&#039;EN3S","isPartOf":{"@id":"https:\/\/en3s.fr\/formation-professionnelle\/#website"},"datePublished":"2021-09-07T10:37:17+00:00","dateModified":"2026-03-18T09:49:48+00:00","description":"Accompagner la prise de fonction des nouveaux Praticiens-Conseils au sein des \u00e9quipes du service m\u00e9dical des DRSM et\/ou des ARS &nbsp; Chaque","breadcrumb":{"@id":"https:\/\/en3s.fr\/formation-professionnelle\/formations-professionnelles\/formation-des-referents-praticiens-conseils-de-lassurance-maladie-ou-des-ars\/#breadcrumb"},"inLanguage":"fr-FR","potentialAction":[{"@type":"ReadAction","target":["https:\/\/en3s.fr\/formation-professionnelle\/formations-professionnelles\/formation-des-referents-praticiens-conseils-de-lassurance-maladie-ou-des-ars\/"]}]},{"@type":"BreadcrumbList","@id":"https:\/\/en3s.fr\/formation-professionnelle\/formations-professionnelles\/formation-des-referents-praticiens-conseils-de-lassurance-maladie-ou-des-ars\/#breadcrumb","itemListElement":[{"@type":"ListItem","position":1,"name":"Accueil","item":"https:\/\/en3s.fr\/formation-professionnelle\/"},{"@type":"ListItem","position":2,"name":"Formations professionnelles","item":"https:\/\/en3s.fr\/formation-professionnelle\/formations-professionnelles\/"},{"@type":"ListItem","position":3,"name":"Formation des r\u00e9f\u00e9rents praticiens-conseils de l&rsquo;assurance maladie ou des ARS"}]},{"@type":"WebSite","@id":"https:\/\/en3s.fr\/formation-professionnelle\/#website","url":"https:\/\/en3s.fr\/formation-professionnelle\/","name":"Formations professionnelles de l&#039;EN3S","description":"Site des formations professionnelles de l&#039;EN3S","potentialAction":[{"@type":"SearchAction","target":{"@type":"EntryPoint","urlTemplate":"https:\/\/en3s.fr\/formation-professionnelle\/?s={search_term_string}"},"query-input":{"@type":"PropertyValueSpecification","valueRequired":true,"valueName":"search_term_string"}}],"inLanguage":"fr-FR"}]}},"_links":{"self":[{"href":"https:\/\/en3s.fr\/formation-professionnelle\/wp-json\/wp\/v2\/pages\/310790","targetHints":{"allow":["GET"]}}],"collection":[{"href":"https:\/\/en3s.fr\/formation-professionnelle\/wp-json\/wp\/v2\/pages"}],"about":[{"href":"https:\/\/en3s.fr\/formation-professionnelle\/wp-json\/wp\/v2\/types\/page"}],"author":[{"embeddable":true,"href":"https:\/\/en3s.fr\/formation-professionnelle\/wp-json\/wp\/v2\/users\/5"}],"replies":[{"embeddable":true,"href":"https:\/\/en3s.fr\/formation-professionnelle\/wp-json\/wp\/v2\/comments?post=310790"}],"version-history":[{"count":2,"href":"https:\/\/en3s.fr\/formation-professionnelle\/wp-json\/wp\/v2\/pages\/310790\/revisions"}],"predecessor-version":[{"id":317224,"href":"https:\/\/en3s.fr\/formation-professionnelle\/wp-json\/wp\/v2\/pages\/310790\/revisions\/317224"}],"up":[{"embeddable":true,"href":"https:\/\/en3s.fr\/formation-professionnelle\/wp-json\/wp\/v2\/pages\/406"}],"wp:attachment":[{"href":"https:\/\/en3s.fr\/formation-professionnelle\/wp-json\/wp\/v2\/media?parent=310790"}],"curies":[{"name":"wp","href":"https:\/\/api.w.org\/{rel}","templated":true}]}}