{"id":312135,"date":"2022-07-12T16:46:07","date_gmt":"2022-07-12T14:46:07","guid":{"rendered":"https:\/\/en3s.fr\/formation-professionnelle\/?page_id=312135"},"modified":"2025-11-27T14:28:02","modified_gmt":"2025-11-27T13:28:02","slug":"gerer-et-animer-des-territoires-de-sante","status":"publish","type":"page","link":"https:\/\/en3s.fr\/formation-professionnelle\/formations-professionnelles\/formations-courtes\/gerer-et-animer-des-territoires-de-sante\/","title":{"rendered":"Construire et animer des territoires en sant\u00e9 : quelles compl\u00e9mentarit\u00e9s pour favoriser l\u2019acc\u00e8s aux soins ?"},"content":{"rendered":"<p><img loading=\"lazy\" decoding=\"async\" class=\"wp-image-312310 alignleft\" src=\"https:\/\/en3s.fr\/formation-professionnelle\/wp-content\/uploads\/sites\/3\/2022\/09\/logo-ehesp.jpg\" alt=\"\" width=\"83\" height=\"83\"><\/p>\n<p>&nbsp;<\/p>\n<p>&nbsp;<\/p>\n<p>En partenariat avec l&rsquo;EHESP<\/p>\n","protected":false},"excerpt":{"rendered":"<p>Optimisation de l\u2019offre de service pour accompagner le d\u00e9veloppement ainsi que le d\u00e9ploiement CPTS &#8211; GDR Sant\u00e9 publique Gestion du risque maladie<\/p>\n","protected":false},"author":4,"featured_media":0,"parent":425,"menu_order":9,"comment_status":"closed","ping_status":"closed","template":"partials\/template-formation.php","meta":{"ngg_post_thumbnail":0,"footnotes":""},"class_list":["post-312135","page","type-page","status-publish","hentry","cycle_formation-cycle-sante-publique-gestion-du-risque-maladie"],"yoast_head":"<!-- This site is optimized with the Yoast SEO plugin v24.9 - https:\/\/yoast.com\/wordpress\/plugins\/seo\/ -->\n<title>Construire et animer des territoires en sant\u00e9 : quelles compl\u00e9mentarit\u00e9s pour favoriser l\u2019acc\u00e8s aux soins ? - Formations professionnelles de l&#039;EN3S<\/title>\n<meta name=\"description\" content=\"Optimisation de l\u2019offre de service pour accompagner le d\u00e9veloppement ainsi que le d\u00e9ploiement CPTS - GDR Sant\u00e9 publique Gestion du risque maladie\" \/>\n<meta name=\"robots\" content=\"index, follow, max-snippet:-1, max-image-preview:large, max-video-preview:-1\" \/>\n<link rel=\"canonical\" href=\"https:\/\/en3s.fr\/formation-professionnelle\/formations-professionnelles\/formations-courtes\/gerer-et-animer-des-territoires-de-sante\/\" \/>\n<meta property=\"og:locale\" content=\"fr_FR\" \/>\n<meta property=\"og:type\" content=\"article\" \/>\n<meta property=\"og:title\" content=\"Construire et animer des territoires en sant\u00e9 : quelles compl\u00e9mentarit\u00e9s pour favoriser l\u2019acc\u00e8s aux soins ? - Formations professionnelles de l&#039;EN3S\" \/>\n<meta property=\"og:description\" content=\"Optimisation de l\u2019offre de service pour accompagner le d\u00e9veloppement ainsi que le d\u00e9ploiement CPTS - GDR Sant\u00e9 publique Gestion du risque maladie\" \/>\n<meta property=\"og:url\" content=\"https:\/\/en3s.fr\/formation-professionnelle\/formations-professionnelles\/formations-courtes\/gerer-et-animer-des-territoires-de-sante\/\" \/>\n<meta property=\"og:site_name\" content=\"Formations professionnelles de l&#039;EN3S\" \/>\n<meta property=\"article:modified_time\" content=\"2025-11-27T13:28:02+00:00\" \/>\n<meta property=\"og:image\" content=\"https:\/\/en3s.fr\/formation-professionnelle\/wp-content\/uploads\/sites\/3\/2022\/09\/logo-ehesp.jpg\" \/>\n\t<meta property=\"og:image:width\" content=\"203\" \/>\n\t<meta property=\"og:image:height\" content=\"203\" \/>\n\t<meta property=\"og:image:type\" content=\"image\/jpeg\" \/>\n<meta name=\"twitter:card\" content=\"summary_large_image\" \/>\n<meta name=\"twitter:label1\" content=\"Dur\u00e9e de lecture estim\u00e9e\" \/>\n\t<meta name=\"twitter:data1\" content=\"1 minute\" \/>\n<script type=\"application\/ld+json\" class=\"yoast-schema-graph\">{\"@context\":\"https:\/\/schema.org\",\"@graph\":[{\"@type\":\"WebPage\",\"@id\":\"https:\/\/en3s.fr\/formation-professionnelle\/formations-professionnelles\/formations-courtes\/gerer-et-animer-des-territoires-de-sante\/\",\"url\":\"https:\/\/en3s.fr\/formation-professionnelle\/formations-professionnelles\/formations-courtes\/gerer-et-animer-des-territoires-de-sante\/\",\"name\":\"Construire et animer des territoires en sant\u00e9 : quelles compl\u00e9mentarit\u00e9s pour favoriser l\u2019acc\u00e8s aux soins ? - Formations professionnelles de l&#039;EN3S\",\"isPartOf\":{\"@id\":\"https:\/\/en3s.fr\/formation-professionnelle\/#website\"},\"primaryImageOfPage\":{\"@id\":\"https:\/\/en3s.fr\/formation-professionnelle\/formations-professionnelles\/formations-courtes\/gerer-et-animer-des-territoires-de-sante\/#primaryimage\"},\"image\":{\"@id\":\"https:\/\/en3s.fr\/formation-professionnelle\/formations-professionnelles\/formations-courtes\/gerer-et-animer-des-territoires-de-sante\/#primaryimage\"},\"thumbnailUrl\":\"https:\/\/en3s.fr\/formation-professionnelle\/wp-content\/uploads\/sites\/3\/2022\/09\/logo-ehesp.jpg\",\"datePublished\":\"2022-07-12T14:46:07+00:00\",\"dateModified\":\"2025-11-27T13:28:02+00:00\",\"description\":\"Optimisation de l\u2019offre de service pour accompagner le d\u00e9veloppement ainsi que le d\u00e9ploiement CPTS - GDR Sant\u00e9 publique Gestion du risque maladie\",\"breadcrumb\":{\"@id\":\"https:\/\/en3s.fr\/formation-professionnelle\/formations-professionnelles\/formations-courtes\/gerer-et-animer-des-territoires-de-sante\/#breadcrumb\"},\"inLanguage\":\"fr-FR\",\"potentialAction\":[{\"@type\":\"ReadAction\",\"target\":[\"https:\/\/en3s.fr\/formation-professionnelle\/formations-professionnelles\/formations-courtes\/gerer-et-animer-des-territoires-de-sante\/\"]}]},{\"@type\":\"ImageObject\",\"inLanguage\":\"fr-FR\",\"@id\":\"https:\/\/en3s.fr\/formation-professionnelle\/formations-professionnelles\/formations-courtes\/gerer-et-animer-des-territoires-de-sante\/#primaryimage\",\"url\":\"https:\/\/en3s.fr\/formation-professionnelle\/wp-content\/uploads\/sites\/3\/2022\/09\/logo-ehesp.jpg\",\"contentUrl\":\"https:\/\/en3s.fr\/formation-professionnelle\/wp-content\/uploads\/sites\/3\/2022\/09\/logo-ehesp.jpg\",\"width\":203,\"height\":203},{\"@type\":\"BreadcrumbList\",\"@id\":\"https:\/\/en3s.fr\/formation-professionnelle\/formations-professionnelles\/formations-courtes\/gerer-et-animer-des-territoires-de-sante\/#breadcrumb\",\"itemListElement\":[{\"@type\":\"ListItem\",\"position\":1,\"name\":\"Accueil\",\"item\":\"https:\/\/en3s.fr\/formation-professionnelle\/\"},{\"@type\":\"ListItem\",\"position\":2,\"name\":\"Formations professionnelles\",\"item\":\"https:\/\/en3s.fr\/formation-professionnelle\/formations-professionnelles\/\"},{\"@type\":\"ListItem\",\"position\":3,\"name\":\"Formations courtes\",\"item\":\"https:\/\/en3s.fr\/formation-professionnelle\/formations-professionnelles\/formations-courtes\/\"},{\"@type\":\"ListItem\",\"position\":4,\"name\":\"Construire et animer des territoires en sant\u00e9 : quelles compl\u00e9mentarit\u00e9s pour favoriser l\u2019acc\u00e8s aux soins ?\"}]},{\"@type\":\"WebSite\",\"@id\":\"https:\/\/en3s.fr\/formation-professionnelle\/#website\",\"url\":\"https:\/\/en3s.fr\/formation-professionnelle\/\",\"name\":\"Formations professionnelles de l&#039;EN3S\",\"description\":\"Site des formations professionnelles de l&#039;EN3S\",\"potentialAction\":[{\"@type\":\"SearchAction\",\"target\":{\"@type\":\"EntryPoint\",\"urlTemplate\":\"https:\/\/en3s.fr\/formation-professionnelle\/?s={search_term_string}\"},\"query-input\":{\"@type\":\"PropertyValueSpecification\",\"valueRequired\":true,\"valueName\":\"search_term_string\"}}],\"inLanguage\":\"fr-FR\"}]}<\/script>\n<!-- \/ Yoast SEO plugin. -->","yoast_head_json":{"title":"Construire et animer des territoires en sant\u00e9 : quelles compl\u00e9mentarit\u00e9s pour favoriser l\u2019acc\u00e8s aux soins ? - Formations professionnelles de l&#039;EN3S","description":"Optimisation de l\u2019offre de service pour accompagner le d\u00e9veloppement ainsi que le d\u00e9ploiement CPTS - GDR Sant\u00e9 publique Gestion du risque maladie","robots":{"index":"index","follow":"follow","max-snippet":"max-snippet:-1","max-image-preview":"max-image-preview:large","max-video-preview":"max-video-preview:-1"},"canonical":"https:\/\/en3s.fr\/formation-professionnelle\/formations-professionnelles\/formations-courtes\/gerer-et-animer-des-territoires-de-sante\/","og_locale":"fr_FR","og_type":"article","og_title":"Construire et animer des territoires en sant\u00e9 : quelles compl\u00e9mentarit\u00e9s pour favoriser l\u2019acc\u00e8s aux soins ? - Formations professionnelles de l&#039;EN3S","og_description":"Optimisation de l\u2019offre de service pour accompagner le d\u00e9veloppement ainsi que le d\u00e9ploiement CPTS - GDR Sant\u00e9 publique Gestion du risque maladie","og_url":"https:\/\/en3s.fr\/formation-professionnelle\/formations-professionnelles\/formations-courtes\/gerer-et-animer-des-territoires-de-sante\/","og_site_name":"Formations professionnelles de l&#039;EN3S","article_modified_time":"2025-11-27T13:28:02+00:00","og_image":[{"width":203,"height":203,"url":"https:\/\/en3s.fr\/formation-professionnelle\/wp-content\/uploads\/sites\/3\/2022\/09\/logo-ehesp.jpg","type":"image\/jpeg"}],"twitter_card":"summary_large_image","twitter_misc":{"Dur\u00e9e de lecture estim\u00e9e":"1 minute"},"schema":{"@context":"https:\/\/schema.org","@graph":[{"@type":"WebPage","@id":"https:\/\/en3s.fr\/formation-professionnelle\/formations-professionnelles\/formations-courtes\/gerer-et-animer-des-territoires-de-sante\/","url":"https:\/\/en3s.fr\/formation-professionnelle\/formations-professionnelles\/formations-courtes\/gerer-et-animer-des-territoires-de-sante\/","name":"Construire et animer des territoires en sant\u00e9 : quelles compl\u00e9mentarit\u00e9s pour favoriser l\u2019acc\u00e8s aux soins ? - Formations professionnelles de l&#039;EN3S","isPartOf":{"@id":"https:\/\/en3s.fr\/formation-professionnelle\/#website"},"primaryImageOfPage":{"@id":"https:\/\/en3s.fr\/formation-professionnelle\/formations-professionnelles\/formations-courtes\/gerer-et-animer-des-territoires-de-sante\/#primaryimage"},"image":{"@id":"https:\/\/en3s.fr\/formation-professionnelle\/formations-professionnelles\/formations-courtes\/gerer-et-animer-des-territoires-de-sante\/#primaryimage"},"thumbnailUrl":"https:\/\/en3s.fr\/formation-professionnelle\/wp-content\/uploads\/sites\/3\/2022\/09\/logo-ehesp.jpg","datePublished":"2022-07-12T14:46:07+00:00","dateModified":"2025-11-27T13:28:02+00:00","description":"Optimisation de l\u2019offre de service pour accompagner le d\u00e9veloppement ainsi que le d\u00e9ploiement CPTS - GDR Sant\u00e9 publique Gestion du risque maladie","breadcrumb":{"@id":"https:\/\/en3s.fr\/formation-professionnelle\/formations-professionnelles\/formations-courtes\/gerer-et-animer-des-territoires-de-sante\/#breadcrumb"},"inLanguage":"fr-FR","potentialAction":[{"@type":"ReadAction","target":["https:\/\/en3s.fr\/formation-professionnelle\/formations-professionnelles\/formations-courtes\/gerer-et-animer-des-territoires-de-sante\/"]}]},{"@type":"ImageObject","inLanguage":"fr-FR","@id":"https:\/\/en3s.fr\/formation-professionnelle\/formations-professionnelles\/formations-courtes\/gerer-et-animer-des-territoires-de-sante\/#primaryimage","url":"https:\/\/en3s.fr\/formation-professionnelle\/wp-content\/uploads\/sites\/3\/2022\/09\/logo-ehesp.jpg","contentUrl":"https:\/\/en3s.fr\/formation-professionnelle\/wp-content\/uploads\/sites\/3\/2022\/09\/logo-ehesp.jpg","width":203,"height":203},{"@type":"BreadcrumbList","@id":"https:\/\/en3s.fr\/formation-professionnelle\/formations-professionnelles\/formations-courtes\/gerer-et-animer-des-territoires-de-sante\/#breadcrumb","itemListElement":[{"@type":"ListItem","position":1,"name":"Accueil","item":"https:\/\/en3s.fr\/formation-professionnelle\/"},{"@type":"ListItem","position":2,"name":"Formations professionnelles","item":"https:\/\/en3s.fr\/formation-professionnelle\/formations-professionnelles\/"},{"@type":"ListItem","position":3,"name":"Formations courtes","item":"https:\/\/en3s.fr\/formation-professionnelle\/formations-professionnelles\/formations-courtes\/"},{"@type":"ListItem","position":4,"name":"Construire et animer des territoires en sant\u00e9 : quelles compl\u00e9mentarit\u00e9s pour favoriser l\u2019acc\u00e8s aux soins ?"}]},{"@type":"WebSite","@id":"https:\/\/en3s.fr\/formation-professionnelle\/#website","url":"https:\/\/en3s.fr\/formation-professionnelle\/","name":"Formations professionnelles de l&#039;EN3S","description":"Site des formations professionnelles de l&#039;EN3S","potentialAction":[{"@type":"SearchAction","target":{"@type":"EntryPoint","urlTemplate":"https:\/\/en3s.fr\/formation-professionnelle\/?s={search_term_string}"},"query-input":{"@type":"PropertyValueSpecification","valueRequired":true,"valueName":"search_term_string"}}],"inLanguage":"fr-FR"}]}},"_links":{"self":[{"href":"https:\/\/en3s.fr\/formation-professionnelle\/wp-json\/wp\/v2\/pages\/312135","targetHints":{"allow":["GET"]}}],"collection":[{"href":"https:\/\/en3s.fr\/formation-professionnelle\/wp-json\/wp\/v2\/pages"}],"about":[{"href":"https:\/\/en3s.fr\/formation-professionnelle\/wp-json\/wp\/v2\/types\/page"}],"author":[{"embeddable":true,"href":"https:\/\/en3s.fr\/formation-professionnelle\/wp-json\/wp\/v2\/users\/4"}],"replies":[{"embeddable":true,"href":"https:\/\/en3s.fr\/formation-professionnelle\/wp-json\/wp\/v2\/comments?post=312135"}],"version-history":[{"count":3,"href":"https:\/\/en3s.fr\/formation-professionnelle\/wp-json\/wp\/v2\/pages\/312135\/revisions"}],"predecessor-version":[{"id":316649,"href":"https:\/\/en3s.fr\/formation-professionnelle\/wp-json\/wp\/v2\/pages\/312135\/revisions\/316649"}],"up":[{"embeddable":true,"href":"https:\/\/en3s.fr\/formation-professionnelle\/wp-json\/wp\/v2\/pages\/425"}],"wp:attachment":[{"href":"https:\/\/en3s.fr\/formation-professionnelle\/wp-json\/wp\/v2\/media?parent=312135"}],"curies":[{"name":"wp","href":"https:\/\/api.w.org\/{rel}","templated":true}]}}