{"id":312477,"date":"2022-11-10T14:20:43","date_gmt":"2022-11-10T13:20:43","guid":{"rendered":"https:\/\/en3s.fr\/formation-professionnelle\/?page_id=312477"},"modified":"2026-01-23T16:09:50","modified_gmt":"2026-01-23T15:09:50","slug":"pass-pro","status":"publish","type":"page","link":"https:\/\/en3s.fr\/formation-professionnelle\/formez-vos-equipes\/pass-pro\/","title":{"rendered":"Pass&rsquo;Pro"},"content":{"rendered":"<h2 style=\"text-align: center\"><strong>Anticipez votre plan de formation 2026 !<\/strong><\/h2>\n<p>Vous pourrez profiter comme l&rsquo;an dernier des avantages suivants :&nbsp;<\/p>\n<ul>\n<li>une&nbsp;<strong>flexibilit\u00e9 d\u2019usage<\/strong> tout au long de l\u2019ann\u00e9e 2026<\/li>\n<li>un<strong>&nbsp;choix ult\u00e9rieur de formations<\/strong>&nbsp;cibl\u00e9es une fois votre plan de formation finalis\u00e9<\/li>\n<li>des<strong>&nbsp;tarifs avantageux<\/strong> et des <strong>journ\u00e9es de formation offertes&nbsp;<\/strong><\/li>\n<\/ul>\n<h3>Tarifs &amp; souscription<\/h3>\n<h2 style=\"text-align: center\"><strong><img loading=\"lazy\" decoding=\"async\" class=\"wp-image-316451 alignleft\" src=\"https:\/\/en3s.fr\/formation-professionnelle\/wp-content\/uploads\/sites\/3\/2025\/10\/visuelmail_passpro2026_bis-2.jpg\" alt=\"\" width=\"140\" height=\"105\" srcset=\"https:\/\/en3s.fr\/formation-professionnelle\/wp-content\/uploads\/sites\/3\/2025\/10\/visuelmail_passpro2026_bis-2.jpg 793w, https:\/\/en3s.fr\/formation-professionnelle\/wp-content\/uploads\/sites\/3\/2025\/10\/visuelmail_passpro2026_bis-2-768x578.jpg 768w, https:\/\/en3s.fr\/formation-professionnelle\/wp-content\/uploads\/sites\/3\/2025\/10\/visuelmail_passpro2026_bis-2-275x207.jpg 275w, https:\/\/en3s.fr\/formation-professionnelle\/wp-content\/uploads\/sites\/3\/2025\/10\/visuelmail_passpro2026_bis-2-518x390.jpg 518w, https:\/\/en3s.fr\/formation-professionnelle\/wp-content\/uploads\/sites\/3\/2025\/10\/visuelmail_passpro2026_bis-2-230x173.jpg 230w\" sizes=\"auto, (max-width: 140px) 100vw, 140px\" \/><\/strong><\/h2>\n<ul>\n<li>Pass\u2019Pro 5 jours = 2 475 \u20ac (soit 0,5 jour offert)<\/li>\n<li>Pass\u2019Pro 10 jours = 4 950 \u20ac (soit 1 jour offert)<\/li>\n<li>Pass\u2019Pro 25 jours = 12 350 \u20ac (soit 2,5 jours offerts)<\/li>\n<li>Pass\u2019Pro 50 jours = 24 750 \u20ac (soit 5 jours offerts)<\/li>\n<\/ul>\n<p>&nbsp;<\/p>\n<h4>Modalit\u00e9s d&rsquo;utilisation<\/h4>\n<p>Le d\u00e9compte des jours des Pass&rsquo;Pro se fera de la mani\u00e8re suivante :<\/p>\n<ul>\n<li>Inter : 1 jour par personne<\/li>\n<li>Intra duplication pour un groupe (maximum 12 participants) :\n<ul>\n<li>6 jours par journ\u00e9e de formation<\/li>\n<li>4 jours pour une demie journ\u00e9e&nbsp;<\/li>\n<\/ul>\n<\/li>\n<li>Sur mesure&nbsp;avec cahier des charges&nbsp;: <a href=\"mailto:formation.continue@en3s.fr\">nous contacter<\/a><\/li>\n<\/ul>\n<h3>Proc\u00e9dures &amp; inscription<\/h3>\n<p>Inscrivez-vous vite pour b\u00e9n\u00e9ficier de l&rsquo;offre <strong>jusqu&rsquo;au 8 d\u00e9cembre 2025<\/strong>.<\/p>\n<ul>\n<li>\n<h5>Proc\u00e9dure d\u2019achat du Pass\u2019Pro<\/h5>\n<\/li>\n<\/ul>\n<p style=\"font-style: inherit;font-weight: inherit\">Nous vous invitons \u00e0 renseigner le formulaire d\u2019inscription via les boutons d&rsquo;inscription.<\/p>\n<p style=\"font-style: inherit;font-weight: inherit\"><span data-teams=\"true\"><span class=\"ui-provider a b c d e f g h i j k l m n o p q r s t u v w x y z ab ac ae af ag ah ai aj ak\" dir=\"ltr\">Si votre organisme exige un EJ pour le d\u00e9p\u00f4t de la facture sous chorus, merci de nous l&rsquo;adresser d\u00e8s validation du formulaire d&rsquo;inscription sur notre site internet.<\/span><\/span><\/p>\n<ul>\n<li>\n<h5>Inscription aux formations<\/h5>\n<\/li>\n<\/ul>\n<p style=\"font-style: inherit;font-weight: inherit\">Lorsque vos choix de formation 2026 seront d\u00e9finis, inscrivez vos collaborateurs comme habituellement sur notre site internet.<\/p>\n<p style=\"text-align: center\"><a class=\"button\" href=\"https:\/\/en3s.fr\/formation-professionnelle\/wp-content\/uploads\/sites\/3\/2026\/01\/offre-formation-pro-2026-web.xlsx\" target=\"_blank\" rel=\"noopener\">T\u00e9l\u00e9charger le tableau des formations \u00e9ligibles<\/a><\/p>\n<p><strong>Pour les formations inter :<\/strong><\/p>\n<ul>\n<li>le nombre de jours sera d\u00e9compt\u00e9 automatiquement \u00e0 l&rsquo;inscription,<\/li>\n<li>le Pack EN3S+ est prioritaire au PassPro<\/li>\n<li>le PassPro sera utilis\u00e9 en priorit\u00e9 de la subrogation (si prise en charge des organismes paritaires)<\/li>\n<\/ul>\n<p><span data-teams=\"true\"><span class=\"ui-provider a b c d e f g h i j k l m n o p q r s t u v w x y z ab ac ae af ag ah ai aj ak\" dir=\"ltr\">Vous ne recevrez pas de facture pour la formation mais une attestation de formation<\/span><\/span><\/p>\n<p><strong>Pour les formations intra :<\/strong><\/p>\n<ul>\n<li><span data-teams=\"true\"><span class=\"ui-provider a b c d e f g h i j k l m n o p q r s t u v w x y z ab ac ae af ag ah ai aj ak\" dir=\"ltr\">d\u00e8s validation de l&rsquo;action de formation, le nombre de jours PassPro sera d\u00e9compt\u00e9<\/span><\/span><\/li>\n<\/ul>\n<p>Un suivi de votre consommation sera disponible \u00e0 tout moment sur <a href=\"mailto:nohra.elfakiri@en3s.fr\">simple demande<\/a>.<\/p>\n<h3>Conditions particuli\u00e8res de vente<\/h3>\n<p>Le Pass\u2019Pro donne la possibilit\u00e9 de moduler son utilisation en fonction de votre besoin. Le d\u00e9compte des jours se fera conform\u00e9ment aux modalit\u00e9s d&rsquo;utilisation<\/p>\n<p>A l&rsquo;issue de la formation, vous ne recevrez pas de facture pour la formation suivie, une attestation de formation sera transmise aux participants (formation inter)<\/p>\n<p>Vous aurez la possibilit\u00e9 de suivre votre consommation via un Espace Num\u00e9rique Client dont les identifiants vous seront transmis ult\u00e9rieurement<\/p>\n<h4>Liste des formations \u00e9ligibles<\/h4>\n<ul>\n<li>Th\u00e9matiques inter de la formation professionnelle<\/li>\n<li>Duplication intra<\/li>\n<\/ul>\n<p>La mention \u00ab \u00e9ligible Pass\u2019Pro \u00bb est syst\u00e9matiquement indiqu\u00e9e pour chaque formation concern\u00e9e sur notre site internet<\/p>\n<p>Ne sont pas inclus : les accompagnements indivuduels, les diagnostics de culture manag\u00e9riale, les coachings, les cycles de formation en anglais, les voyages apprenants, les d\u00e9jeuners virtuels, les journ\u00e9es Actualit\u00e9 de la Protection sociale, le cycle Comprendre et accompagner les \u00e9tablissements de sant\u00e9 et tout d\u00e9ploiement de branches et r\u00e9seaux.<\/p>\n<p>Le Pass&rsquo;Pro couvre uniquement les frais p\u00e9dagogiques. Tous les&nbsp; frais logistiques seront factur\u00e9s \u00e0 l&rsquo;organisme (ex: r\u00e9sidentiel pour certains inter ou frais de vie des intervenants pour les intras).<\/p>\n<p style=\"font-style: inherit;font-weight: inherit\">Lorsque vos choix de formation 2026 seront d\u00e9finis, inscrivez vos collaborateurs comme habituellement sur notre site internet.<\/p>\n<p><em>Pour les formations inter :<\/em><\/p>\n<ul>\n<li>Le nombre de jours sera d\u00e9compt\u00e9 automatiquement. Il ne sera pas possible de modifier l&rsquo;ordre d&rsquo;utilisation<\/li>\n<li>Le Pass est prioritaire sur les prises en charge des organismes paritaires (subrogation)<\/li>\n<li style=\"font-style: inherit;font-weight: inherit\">Ayant souscrit au pass, vous ne recevrez pas de facture, mais l\u2019attestation de formation et de pr\u00e9sence vous seront transmis pour les formations inter<\/li>\n<\/ul>\n<p><em>Pour les formations intra :<\/em><\/p>\n<ul>\n<li>Le nombre de jours sera d\u00e9compt\u00e9 automatiquement d\u00e8s votre validation de l&rsquo;action de formation<\/li>\n<\/ul>\n<p>Un suivi de votre consommation sera disponible \u00e0 tout moment sur <a href=\"mailto:nohra.elfakiri@en3s.fr\">simple demande<\/a>.<\/p>\n<p>L\u2019annulation d\u2019une inscription peut se faire au plus tard 30 jours ouvr\u00e9s avant le d\u00e9but de la formation. A partir de ce d\u00e9lai et quel qu\u2019en soit le motif, le nombre de jours de la formation sera d\u00e9compt\u00e9. Une demande de report est consid\u00e9r\u00e9e comme une annulation.<\/p>\n<p>Le Pass&rsquo;Pro est utilisable sur l\u2019ann\u00e9e 2026 et ne pourra pas \u00eatre report\u00e9 sur l\u2019ann\u00e9e suivante.<\/p>\n<h5>Pour plus d&rsquo;informations<\/h5>\n<p>Contact : <a href=\"mailto:nohra.elfakiri@en3s.fr\">Nohra El Fakiri<\/a> &#8211; Tel : 06 14 43 15 39<\/p>\n","protected":false},"excerpt":{"rendered":"<p>Anticipez votre plan de formation 2026 !<\/p>\n","protected":false},"author":4,"featured_media":0,"parent":408,"menu_order":2,"comment_status":"closed","ping_status":"closed","template":"","meta":{"ngg_post_thumbnail":0,"footnotes":""},"class_list":["post-312477","page","type-page","status-publish","hentry"],"yoast_head":"<!-- This site is optimized with the Yoast SEO plugin v24.9 - https:\/\/yoast.com\/wordpress\/plugins\/seo\/ -->\n<title>Pass&#039;Pro - Formations professionnelles de l&#039;EN3S<\/title>\n<meta name=\"description\" content=\"Anticipez votre plan de formation 2026 !\" \/>\n<meta name=\"robots\" content=\"index, follow, max-snippet:-1, max-image-preview:large, max-video-preview:-1\" \/>\n<link rel=\"canonical\" href=\"https:\/\/en3s.fr\/formation-professionnelle\/formez-vos-equipes\/pass-pro\/\" \/>\n<meta property=\"og:locale\" content=\"fr_FR\" \/>\n<meta property=\"og:type\" content=\"article\" \/>\n<meta property=\"og:title\" content=\"Pass&#039;Pro - Formations professionnelles de l&#039;EN3S\" \/>\n<meta property=\"og:description\" content=\"Anticipez votre plan de formation 2026 !\" \/>\n<meta property=\"og:url\" content=\"https:\/\/en3s.fr\/formation-professionnelle\/formez-vos-equipes\/pass-pro\/\" \/>\n<meta property=\"og:site_name\" content=\"Formations professionnelles de l&#039;EN3S\" \/>\n<meta property=\"article:modified_time\" content=\"2026-01-23T15:09:50+00:00\" \/>\n<meta property=\"og:image\" content=\"https:\/\/en3s.fr\/formation-professionnelle\/wp-content\/uploads\/sites\/3\/2025\/10\/visuelmail_passpro2026_bis-2.jpg\" \/>\n\t<meta property=\"og:image:width\" content=\"793\" \/>\n\t<meta property=\"og:image:height\" content=\"597\" \/>\n\t<meta property=\"og:image:type\" content=\"image\/jpeg\" \/>\n<meta name=\"twitter:card\" content=\"summary_large_image\" \/>\n<meta name=\"twitter:label1\" content=\"Dur\u00e9e de lecture estim\u00e9e\" \/>\n\t<meta name=\"twitter:data1\" content=\"4 minutes\" \/>\n<script type=\"application\/ld+json\" class=\"yoast-schema-graph\">{\"@context\":\"https:\/\/schema.org\",\"@graph\":[{\"@type\":\"WebPage\",\"@id\":\"https:\/\/en3s.fr\/formation-professionnelle\/formez-vos-equipes\/pass-pro\/\",\"url\":\"https:\/\/en3s.fr\/formation-professionnelle\/formez-vos-equipes\/pass-pro\/\",\"name\":\"Pass'Pro - Formations professionnelles de l&#039;EN3S\",\"isPartOf\":{\"@id\":\"https:\/\/en3s.fr\/formation-professionnelle\/#website\"},\"primaryImageOfPage\":{\"@id\":\"https:\/\/en3s.fr\/formation-professionnelle\/formez-vos-equipes\/pass-pro\/#primaryimage\"},\"image\":{\"@id\":\"https:\/\/en3s.fr\/formation-professionnelle\/formez-vos-equipes\/pass-pro\/#primaryimage\"},\"thumbnailUrl\":\"https:\/\/en3s.fr\/formation-professionnelle\/wp-content\/uploads\/sites\/3\/2025\/10\/visuelmail_passpro2026_bis-2.jpg\",\"datePublished\":\"2022-11-10T13:20:43+00:00\",\"dateModified\":\"2026-01-23T15:09:50+00:00\",\"description\":\"Anticipez votre plan de formation 2026 !\",\"breadcrumb\":{\"@id\":\"https:\/\/en3s.fr\/formation-professionnelle\/formez-vos-equipes\/pass-pro\/#breadcrumb\"},\"inLanguage\":\"fr-FR\",\"potentialAction\":[{\"@type\":\"ReadAction\",\"target\":[\"https:\/\/en3s.fr\/formation-professionnelle\/formez-vos-equipes\/pass-pro\/\"]}]},{\"@type\":\"ImageObject\",\"inLanguage\":\"fr-FR\",\"@id\":\"https:\/\/en3s.fr\/formation-professionnelle\/formez-vos-equipes\/pass-pro\/#primaryimage\",\"url\":\"https:\/\/en3s.fr\/formation-professionnelle\/wp-content\/uploads\/sites\/3\/2025\/10\/visuelmail_passpro2026_bis-2.jpg\",\"contentUrl\":\"https:\/\/en3s.fr\/formation-professionnelle\/wp-content\/uploads\/sites\/3\/2025\/10\/visuelmail_passpro2026_bis-2.jpg\",\"width\":793,\"height\":597},{\"@type\":\"BreadcrumbList\",\"@id\":\"https:\/\/en3s.fr\/formation-professionnelle\/formez-vos-equipes\/pass-pro\/#breadcrumb\",\"itemListElement\":[{\"@type\":\"ListItem\",\"position\":1,\"name\":\"Accueil\",\"item\":\"https:\/\/en3s.fr\/formation-professionnelle\/\"},{\"@type\":\"ListItem\",\"position\":2,\"name\":\"Formez vos \u00e9quipes\",\"item\":\"https:\/\/en3s.fr\/formation-professionnelle\/formez-vos-equipes\/\"},{\"@type\":\"ListItem\",\"position\":3,\"name\":\"Pass&rsquo;Pro\"}]},{\"@type\":\"WebSite\",\"@id\":\"https:\/\/en3s.fr\/formation-professionnelle\/#website\",\"url\":\"https:\/\/en3s.fr\/formation-professionnelle\/\",\"name\":\"Formations professionnelles de l&#039;EN3S\",\"description\":\"Site des formations professionnelles de l&#039;EN3S\",\"potentialAction\":[{\"@type\":\"SearchAction\",\"target\":{\"@type\":\"EntryPoint\",\"urlTemplate\":\"https:\/\/en3s.fr\/formation-professionnelle\/?s={search_term_string}\"},\"query-input\":{\"@type\":\"PropertyValueSpecification\",\"valueRequired\":true,\"valueName\":\"search_term_string\"}}],\"inLanguage\":\"fr-FR\"}]}<\/script>\n<!-- \/ Yoast SEO plugin. -->","yoast_head_json":{"title":"Pass'Pro - Formations professionnelles de l&#039;EN3S","description":"Anticipez votre plan de formation 2026 !","robots":{"index":"index","follow":"follow","max-snippet":"max-snippet:-1","max-image-preview":"max-image-preview:large","max-video-preview":"max-video-preview:-1"},"canonical":"https:\/\/en3s.fr\/formation-professionnelle\/formez-vos-equipes\/pass-pro\/","og_locale":"fr_FR","og_type":"article","og_title":"Pass'Pro - Formations professionnelles de l&#039;EN3S","og_description":"Anticipez votre plan de formation 2026 !","og_url":"https:\/\/en3s.fr\/formation-professionnelle\/formez-vos-equipes\/pass-pro\/","og_site_name":"Formations professionnelles de l&#039;EN3S","article_modified_time":"2026-01-23T15:09:50+00:00","og_image":[{"width":793,"height":597,"url":"https:\/\/en3s.fr\/formation-professionnelle\/wp-content\/uploads\/sites\/3\/2025\/10\/visuelmail_passpro2026_bis-2.jpg","type":"image\/jpeg"}],"twitter_card":"summary_large_image","twitter_misc":{"Dur\u00e9e de lecture estim\u00e9e":"4 minutes"},"schema":{"@context":"https:\/\/schema.org","@graph":[{"@type":"WebPage","@id":"https:\/\/en3s.fr\/formation-professionnelle\/formez-vos-equipes\/pass-pro\/","url":"https:\/\/en3s.fr\/formation-professionnelle\/formez-vos-equipes\/pass-pro\/","name":"Pass'Pro - Formations professionnelles de l&#039;EN3S","isPartOf":{"@id":"https:\/\/en3s.fr\/formation-professionnelle\/#website"},"primaryImageOfPage":{"@id":"https:\/\/en3s.fr\/formation-professionnelle\/formez-vos-equipes\/pass-pro\/#primaryimage"},"image":{"@id":"https:\/\/en3s.fr\/formation-professionnelle\/formez-vos-equipes\/pass-pro\/#primaryimage"},"thumbnailUrl":"https:\/\/en3s.fr\/formation-professionnelle\/wp-content\/uploads\/sites\/3\/2025\/10\/visuelmail_passpro2026_bis-2.jpg","datePublished":"2022-11-10T13:20:43+00:00","dateModified":"2026-01-23T15:09:50+00:00","description":"Anticipez votre plan de formation 2026 !","breadcrumb":{"@id":"https:\/\/en3s.fr\/formation-professionnelle\/formez-vos-equipes\/pass-pro\/#breadcrumb"},"inLanguage":"fr-FR","potentialAction":[{"@type":"ReadAction","target":["https:\/\/en3s.fr\/formation-professionnelle\/formez-vos-equipes\/pass-pro\/"]}]},{"@type":"ImageObject","inLanguage":"fr-FR","@id":"https:\/\/en3s.fr\/formation-professionnelle\/formez-vos-equipes\/pass-pro\/#primaryimage","url":"https:\/\/en3s.fr\/formation-professionnelle\/wp-content\/uploads\/sites\/3\/2025\/10\/visuelmail_passpro2026_bis-2.jpg","contentUrl":"https:\/\/en3s.fr\/formation-professionnelle\/wp-content\/uploads\/sites\/3\/2025\/10\/visuelmail_passpro2026_bis-2.jpg","width":793,"height":597},{"@type":"BreadcrumbList","@id":"https:\/\/en3s.fr\/formation-professionnelle\/formez-vos-equipes\/pass-pro\/#breadcrumb","itemListElement":[{"@type":"ListItem","position":1,"name":"Accueil","item":"https:\/\/en3s.fr\/formation-professionnelle\/"},{"@type":"ListItem","position":2,"name":"Formez vos \u00e9quipes","item":"https:\/\/en3s.fr\/formation-professionnelle\/formez-vos-equipes\/"},{"@type":"ListItem","position":3,"name":"Pass&rsquo;Pro"}]},{"@type":"WebSite","@id":"https:\/\/en3s.fr\/formation-professionnelle\/#website","url":"https:\/\/en3s.fr\/formation-professionnelle\/","name":"Formations professionnelles de l&#039;EN3S","description":"Site des formations professionnelles de l&#039;EN3S","potentialAction":[{"@type":"SearchAction","target":{"@type":"EntryPoint","urlTemplate":"https:\/\/en3s.fr\/formation-professionnelle\/?s={search_term_string}"},"query-input":{"@type":"PropertyValueSpecification","valueRequired":true,"valueName":"search_term_string"}}],"inLanguage":"fr-FR"}]}},"_links":{"self":[{"href":"https:\/\/en3s.fr\/formation-professionnelle\/wp-json\/wp\/v2\/pages\/312477","targetHints":{"allow":["GET"]}}],"collection":[{"href":"https:\/\/en3s.fr\/formation-professionnelle\/wp-json\/wp\/v2\/pages"}],"about":[{"href":"https:\/\/en3s.fr\/formation-professionnelle\/wp-json\/wp\/v2\/types\/page"}],"author":[{"embeddable":true,"href":"https:\/\/en3s.fr\/formation-professionnelle\/wp-json\/wp\/v2\/users\/4"}],"replies":[{"embeddable":true,"href":"https:\/\/en3s.fr\/formation-professionnelle\/wp-json\/wp\/v2\/comments?post=312477"}],"version-history":[{"count":25,"href":"https:\/\/en3s.fr\/formation-professionnelle\/wp-json\/wp\/v2\/pages\/312477\/revisions"}],"predecessor-version":[{"id":316784,"href":"https:\/\/en3s.fr\/formation-professionnelle\/wp-json\/wp\/v2\/pages\/312477\/revisions\/316784"}],"up":[{"embeddable":true,"href":"https:\/\/en3s.fr\/formation-professionnelle\/wp-json\/wp\/v2\/pages\/408"}],"wp:attachment":[{"href":"https:\/\/en3s.fr\/formation-professionnelle\/wp-json\/wp\/v2\/media?parent=312477"}],"curies":[{"name":"wp","href":"https:\/\/api.w.org\/{rel}","templated":true}]}}