{"id":312547,"date":"2022-11-14T12:24:22","date_gmt":"2022-11-14T11:24:22","guid":{"rendered":"https:\/\/en3s.fr\/formation-professionnelle\/?page_id=312547"},"modified":"2025-10-20T13:10:10","modified_gmt":"2025-10-20T11:10:10","slug":"abus-et-fraudes-une-strategie-renforcee","status":"publish","type":"page","link":"https:\/\/en3s.fr\/formation-professionnelle\/formations-professionnelles\/formations-courtes\/abus-et-fraudes-une-strategie-renforcee\/","title":{"rendered":"Lutte contre la fraude : une strat\u00e9gie renforc\u00e9e"},"content":{"rendered":"<p>Pr\u00e9venir, d\u00e9tecter, contr\u00f4ler et sanctionner les comportements frauduleux des professionnels de sant\u00e9 et des assur\u00e9s<\/p>\n","protected":false},"excerpt":{"rendered":"<p>Cycle GDR Gestion du risque maladie &#8211; Pr\u00e9venir, d\u00e9tecter, contr\u00f4ler et sanctionner les comportements frauduleux des professionnels de sant\u00e9 et des assur\u00e9s<\/p>\n","protected":false},"author":4,"featured_media":0,"parent":425,"menu_order":7,"comment_status":"closed","ping_status":"closed","template":"partials\/template-formation.php","meta":{"ngg_post_thumbnail":0,"footnotes":""},"class_list":["post-312547","page","type-page","status-publish","hentry","cycle_formation-cycle-sante-publique-gestion-du-risque-maladie"],"yoast_head":"<!-- This site is optimized with the Yoast SEO plugin v24.9 - https:\/\/yoast.com\/wordpress\/plugins\/seo\/ -->\n<title>Lutte contre la fraude : une strat\u00e9gie renforc\u00e9e - Formations professionnelles de l&#039;EN3S<\/title>\n<meta name=\"description\" content=\"Cycle GDR Gestion du risque maladie - Pr\u00e9venir, d\u00e9tecter, contr\u00f4ler et sanctionner les comportements frauduleux des professionnels de sant\u00e9 et des assur\u00e9s\" \/>\n<meta name=\"robots\" content=\"index, follow, max-snippet:-1, max-image-preview:large, max-video-preview:-1\" \/>\n<link rel=\"canonical\" href=\"https:\/\/en3s.fr\/formation-professionnelle\/formations-professionnelles\/formations-courtes\/abus-et-fraudes-une-strategie-renforcee\/\" \/>\n<meta property=\"og:locale\" content=\"fr_FR\" \/>\n<meta property=\"og:type\" content=\"article\" \/>\n<meta property=\"og:title\" content=\"Lutte contre la fraude : une strat\u00e9gie renforc\u00e9e - Formations professionnelles de l&#039;EN3S\" \/>\n<meta property=\"og:description\" content=\"Cycle GDR Gestion du risque maladie - Pr\u00e9venir, d\u00e9tecter, contr\u00f4ler et sanctionner les comportements frauduleux des professionnels de sant\u00e9 et des assur\u00e9s\" \/>\n<meta property=\"og:url\" content=\"https:\/\/en3s.fr\/formation-professionnelle\/formations-professionnelles\/formations-courtes\/abus-et-fraudes-une-strategie-renforcee\/\" \/>\n<meta property=\"og:site_name\" content=\"Formations professionnelles de l&#039;EN3S\" \/>\n<meta property=\"article:modified_time\" content=\"2025-10-20T11:10:10+00:00\" \/>\n<meta name=\"twitter:card\" content=\"summary_large_image\" \/>\n<meta name=\"twitter:label1\" content=\"Dur\u00e9e de lecture estim\u00e9e\" \/>\n\t<meta name=\"twitter:data1\" content=\"1 minute\" \/>\n<script type=\"application\/ld+json\" class=\"yoast-schema-graph\">{\"@context\":\"https:\/\/schema.org\",\"@graph\":[{\"@type\":\"WebPage\",\"@id\":\"https:\/\/en3s.fr\/formation-professionnelle\/formations-professionnelles\/formations-courtes\/abus-et-fraudes-une-strategie-renforcee\/\",\"url\":\"https:\/\/en3s.fr\/formation-professionnelle\/formations-professionnelles\/formations-courtes\/abus-et-fraudes-une-strategie-renforcee\/\",\"name\":\"Lutte contre la fraude : une strat\u00e9gie renforc\u00e9e - Formations professionnelles de l&#039;EN3S\",\"isPartOf\":{\"@id\":\"https:\/\/en3s.fr\/formation-professionnelle\/#website\"},\"datePublished\":\"2022-11-14T11:24:22+00:00\",\"dateModified\":\"2025-10-20T11:10:10+00:00\",\"description\":\"Cycle GDR Gestion du risque maladie - Pr\u00e9venir, d\u00e9tecter, contr\u00f4ler et sanctionner les comportements frauduleux des professionnels de sant\u00e9 et des assur\u00e9s\",\"breadcrumb\":{\"@id\":\"https:\/\/en3s.fr\/formation-professionnelle\/formations-professionnelles\/formations-courtes\/abus-et-fraudes-une-strategie-renforcee\/#breadcrumb\"},\"inLanguage\":\"fr-FR\",\"potentialAction\":[{\"@type\":\"ReadAction\",\"target\":[\"https:\/\/en3s.fr\/formation-professionnelle\/formations-professionnelles\/formations-courtes\/abus-et-fraudes-une-strategie-renforcee\/\"]}]},{\"@type\":\"BreadcrumbList\",\"@id\":\"https:\/\/en3s.fr\/formation-professionnelle\/formations-professionnelles\/formations-courtes\/abus-et-fraudes-une-strategie-renforcee\/#breadcrumb\",\"itemListElement\":[{\"@type\":\"ListItem\",\"position\":1,\"name\":\"Accueil\",\"item\":\"https:\/\/en3s.fr\/formation-professionnelle\/\"},{\"@type\":\"ListItem\",\"position\":2,\"name\":\"Formations professionnelles\",\"item\":\"https:\/\/en3s.fr\/formation-professionnelle\/formations-professionnelles\/\"},{\"@type\":\"ListItem\",\"position\":3,\"name\":\"Formations courtes\",\"item\":\"https:\/\/en3s.fr\/formation-professionnelle\/formations-professionnelles\/formations-courtes\/\"},{\"@type\":\"ListItem\",\"position\":4,\"name\":\"Lutte contre la fraude : une strat\u00e9gie renforc\u00e9e\"}]},{\"@type\":\"WebSite\",\"@id\":\"https:\/\/en3s.fr\/formation-professionnelle\/#website\",\"url\":\"https:\/\/en3s.fr\/formation-professionnelle\/\",\"name\":\"Formations professionnelles de l&#039;EN3S\",\"description\":\"Site des formations professionnelles de l&#039;EN3S\",\"potentialAction\":[{\"@type\":\"SearchAction\",\"target\":{\"@type\":\"EntryPoint\",\"urlTemplate\":\"https:\/\/en3s.fr\/formation-professionnelle\/?s={search_term_string}\"},\"query-input\":{\"@type\":\"PropertyValueSpecification\",\"valueRequired\":true,\"valueName\":\"search_term_string\"}}],\"inLanguage\":\"fr-FR\"}]}<\/script>\n<!-- \/ Yoast SEO plugin. -->","yoast_head_json":{"title":"Lutte contre la fraude : une strat\u00e9gie renforc\u00e9e - Formations professionnelles de l&#039;EN3S","description":"Cycle GDR Gestion du risque maladie - Pr\u00e9venir, d\u00e9tecter, contr\u00f4ler et sanctionner les comportements frauduleux des professionnels de sant\u00e9 et des assur\u00e9s","robots":{"index":"index","follow":"follow","max-snippet":"max-snippet:-1","max-image-preview":"max-image-preview:large","max-video-preview":"max-video-preview:-1"},"canonical":"https:\/\/en3s.fr\/formation-professionnelle\/formations-professionnelles\/formations-courtes\/abus-et-fraudes-une-strategie-renforcee\/","og_locale":"fr_FR","og_type":"article","og_title":"Lutte contre la fraude : une strat\u00e9gie renforc\u00e9e - Formations professionnelles de l&#039;EN3S","og_description":"Cycle GDR Gestion du risque maladie - Pr\u00e9venir, d\u00e9tecter, contr\u00f4ler et sanctionner les comportements frauduleux des professionnels de sant\u00e9 et des assur\u00e9s","og_url":"https:\/\/en3s.fr\/formation-professionnelle\/formations-professionnelles\/formations-courtes\/abus-et-fraudes-une-strategie-renforcee\/","og_site_name":"Formations professionnelles de l&#039;EN3S","article_modified_time":"2025-10-20T11:10:10+00:00","twitter_card":"summary_large_image","twitter_misc":{"Dur\u00e9e de lecture estim\u00e9e":"1 minute"},"schema":{"@context":"https:\/\/schema.org","@graph":[{"@type":"WebPage","@id":"https:\/\/en3s.fr\/formation-professionnelle\/formations-professionnelles\/formations-courtes\/abus-et-fraudes-une-strategie-renforcee\/","url":"https:\/\/en3s.fr\/formation-professionnelle\/formations-professionnelles\/formations-courtes\/abus-et-fraudes-une-strategie-renforcee\/","name":"Lutte contre la fraude : une strat\u00e9gie renforc\u00e9e - Formations professionnelles de l&#039;EN3S","isPartOf":{"@id":"https:\/\/en3s.fr\/formation-professionnelle\/#website"},"datePublished":"2022-11-14T11:24:22+00:00","dateModified":"2025-10-20T11:10:10+00:00","description":"Cycle GDR Gestion du risque maladie - Pr\u00e9venir, d\u00e9tecter, contr\u00f4ler et sanctionner les comportements frauduleux des professionnels de sant\u00e9 et des assur\u00e9s","breadcrumb":{"@id":"https:\/\/en3s.fr\/formation-professionnelle\/formations-professionnelles\/formations-courtes\/abus-et-fraudes-une-strategie-renforcee\/#breadcrumb"},"inLanguage":"fr-FR","potentialAction":[{"@type":"ReadAction","target":["https:\/\/en3s.fr\/formation-professionnelle\/formations-professionnelles\/formations-courtes\/abus-et-fraudes-une-strategie-renforcee\/"]}]},{"@type":"BreadcrumbList","@id":"https:\/\/en3s.fr\/formation-professionnelle\/formations-professionnelles\/formations-courtes\/abus-et-fraudes-une-strategie-renforcee\/#breadcrumb","itemListElement":[{"@type":"ListItem","position":1,"name":"Accueil","item":"https:\/\/en3s.fr\/formation-professionnelle\/"},{"@type":"ListItem","position":2,"name":"Formations professionnelles","item":"https:\/\/en3s.fr\/formation-professionnelle\/formations-professionnelles\/"},{"@type":"ListItem","position":3,"name":"Formations courtes","item":"https:\/\/en3s.fr\/formation-professionnelle\/formations-professionnelles\/formations-courtes\/"},{"@type":"ListItem","position":4,"name":"Lutte contre la fraude : une strat\u00e9gie renforc\u00e9e"}]},{"@type":"WebSite","@id":"https:\/\/en3s.fr\/formation-professionnelle\/#website","url":"https:\/\/en3s.fr\/formation-professionnelle\/","name":"Formations professionnelles de l&#039;EN3S","description":"Site des formations professionnelles de l&#039;EN3S","potentialAction":[{"@type":"SearchAction","target":{"@type":"EntryPoint","urlTemplate":"https:\/\/en3s.fr\/formation-professionnelle\/?s={search_term_string}"},"query-input":{"@type":"PropertyValueSpecification","valueRequired":true,"valueName":"search_term_string"}}],"inLanguage":"fr-FR"}]}},"_links":{"self":[{"href":"https:\/\/en3s.fr\/formation-professionnelle\/wp-json\/wp\/v2\/pages\/312547","targetHints":{"allow":["GET"]}}],"collection":[{"href":"https:\/\/en3s.fr\/formation-professionnelle\/wp-json\/wp\/v2\/pages"}],"about":[{"href":"https:\/\/en3s.fr\/formation-professionnelle\/wp-json\/wp\/v2\/types\/page"}],"author":[{"embeddable":true,"href":"https:\/\/en3s.fr\/formation-professionnelle\/wp-json\/wp\/v2\/users\/4"}],"replies":[{"embeddable":true,"href":"https:\/\/en3s.fr\/formation-professionnelle\/wp-json\/wp\/v2\/comments?post=312547"}],"version-history":[{"count":2,"href":"https:\/\/en3s.fr\/formation-professionnelle\/wp-json\/wp\/v2\/pages\/312547\/revisions"}],"predecessor-version":[{"id":316503,"href":"https:\/\/en3s.fr\/formation-professionnelle\/wp-json\/wp\/v2\/pages\/312547\/revisions\/316503"}],"up":[{"embeddable":true,"href":"https:\/\/en3s.fr\/formation-professionnelle\/wp-json\/wp\/v2\/pages\/425"}],"wp:attachment":[{"href":"https:\/\/en3s.fr\/formation-professionnelle\/wp-json\/wp\/v2\/media?parent=312547"}],"curies":[{"name":"wp","href":"https:\/\/api.w.org\/{rel}","templated":true}]}}