{"id":312976,"date":"2023-01-03T16:51:03","date_gmt":"2023-01-03T15:51:03","guid":{"rendered":"https:\/\/en3s.fr\/formation-professionnelle\/?page_id=312976"},"modified":"2025-11-20T17:33:19","modified_gmt":"2025-11-20T16:33:19","slug":"formation-a-la-deontologie-des-administrateurs-et-conseillers","status":"publish","type":"page","link":"https:\/\/en3s.fr\/formation-professionnelle\/formations-professionnelles\/formations-courtes\/formation-a-la-deontologie-des-administrateurs-et-conseillers\/","title":{"rendered":"Formation \u00e0 la d\u00e9ontologie des administrateurs et conseillers"},"content":{"rendered":"<p>Sensibilisation aux nouvelles r\u00e8gles de d\u00e9ontologie et \u00e0 la notion de conflits d\u2019int\u00e9r\u00eats<\/p>\n","protected":false},"excerpt":{"rendered":"<p>Sensibilisation aux nouvelles r\u00e8gles de d\u00e9ontologie et \u00e0 la notion de conflits d\u2019int\u00e9r\u00eats<\/p>\n","protected":false},"author":4,"featured_media":0,"parent":425,"menu_order":0,"comment_status":"closed","ping_status":"closed","template":"partials\/template-formation.php","meta":{"ngg_post_thumbnail":0,"footnotes":""},"class_list":["post-312976","page","type-page","status-publish","hentry"],"yoast_head":"<!-- This site is optimized with the Yoast SEO plugin v24.9 - https:\/\/yoast.com\/wordpress\/plugins\/seo\/ -->\n<title>Formation \u00e0 la d\u00e9ontologie des administrateurs et conseillers - Formations professionnelles de l&#039;EN3S<\/title>\n<meta name=\"description\" content=\"Sensibilisation aux nouvelles r\u00e8gles de d\u00e9ontologie et \u00e0 la notion de conflits d\u2019int\u00e9r\u00eats\" \/>\n<meta name=\"robots\" content=\"index, follow, max-snippet:-1, max-image-preview:large, max-video-preview:-1\" \/>\n<link rel=\"canonical\" href=\"https:\/\/en3s.fr\/formation-professionnelle\/formations-professionnelles\/formations-courtes\/formation-a-la-deontologie-des-administrateurs-et-conseillers\/\" \/>\n<meta property=\"og:locale\" content=\"fr_FR\" \/>\n<meta property=\"og:type\" content=\"article\" \/>\n<meta property=\"og:title\" content=\"Formation \u00e0 la d\u00e9ontologie des administrateurs et conseillers - Formations professionnelles de l&#039;EN3S\" \/>\n<meta property=\"og:description\" content=\"Sensibilisation aux nouvelles r\u00e8gles de d\u00e9ontologie et \u00e0 la notion de conflits d\u2019int\u00e9r\u00eats\" \/>\n<meta property=\"og:url\" content=\"https:\/\/en3s.fr\/formation-professionnelle\/formations-professionnelles\/formations-courtes\/formation-a-la-deontologie-des-administrateurs-et-conseillers\/\" \/>\n<meta property=\"og:site_name\" content=\"Formations professionnelles de l&#039;EN3S\" \/>\n<meta property=\"article:modified_time\" content=\"2025-11-20T16:33:19+00:00\" \/>\n<meta name=\"twitter:card\" content=\"summary_large_image\" \/>\n<meta name=\"twitter:label1\" content=\"Dur\u00e9e de lecture estim\u00e9e\" \/>\n\t<meta name=\"twitter:data1\" content=\"1 minute\" \/>\n<script type=\"application\/ld+json\" class=\"yoast-schema-graph\">{\"@context\":\"https:\/\/schema.org\",\"@graph\":[{\"@type\":\"WebPage\",\"@id\":\"https:\/\/en3s.fr\/formation-professionnelle\/formations-professionnelles\/formations-courtes\/formation-a-la-deontologie-des-administrateurs-et-conseillers\/\",\"url\":\"https:\/\/en3s.fr\/formation-professionnelle\/formations-professionnelles\/formations-courtes\/formation-a-la-deontologie-des-administrateurs-et-conseillers\/\",\"name\":\"Formation \u00e0 la d\u00e9ontologie des administrateurs et conseillers - Formations professionnelles de l&#039;EN3S\",\"isPartOf\":{\"@id\":\"https:\/\/en3s.fr\/formation-professionnelle\/#website\"},\"datePublished\":\"2023-01-03T15:51:03+00:00\",\"dateModified\":\"2025-11-20T16:33:19+00:00\",\"description\":\"Sensibilisation aux nouvelles r\u00e8gles de d\u00e9ontologie et \u00e0 la notion de conflits d\u2019int\u00e9r\u00eats\",\"breadcrumb\":{\"@id\":\"https:\/\/en3s.fr\/formation-professionnelle\/formations-professionnelles\/formations-courtes\/formation-a-la-deontologie-des-administrateurs-et-conseillers\/#breadcrumb\"},\"inLanguage\":\"fr-FR\",\"potentialAction\":[{\"@type\":\"ReadAction\",\"target\":[\"https:\/\/en3s.fr\/formation-professionnelle\/formations-professionnelles\/formations-courtes\/formation-a-la-deontologie-des-administrateurs-et-conseillers\/\"]}]},{\"@type\":\"BreadcrumbList\",\"@id\":\"https:\/\/en3s.fr\/formation-professionnelle\/formations-professionnelles\/formations-courtes\/formation-a-la-deontologie-des-administrateurs-et-conseillers\/#breadcrumb\",\"itemListElement\":[{\"@type\":\"ListItem\",\"position\":1,\"name\":\"Accueil\",\"item\":\"https:\/\/en3s.fr\/formation-professionnelle\/\"},{\"@type\":\"ListItem\",\"position\":2,\"name\":\"Formations professionnelles\",\"item\":\"https:\/\/en3s.fr\/formation-professionnelle\/formations-professionnelles\/\"},{\"@type\":\"ListItem\",\"position\":3,\"name\":\"Formations courtes\",\"item\":\"https:\/\/en3s.fr\/formation-professionnelle\/formations-professionnelles\/formations-courtes\/\"},{\"@type\":\"ListItem\",\"position\":4,\"name\":\"Formation \u00e0 la d\u00e9ontologie des administrateurs et conseillers\"}]},{\"@type\":\"WebSite\",\"@id\":\"https:\/\/en3s.fr\/formation-professionnelle\/#website\",\"url\":\"https:\/\/en3s.fr\/formation-professionnelle\/\",\"name\":\"Formations professionnelles de l&#039;EN3S\",\"description\":\"Site des formations professionnelles de l&#039;EN3S\",\"potentialAction\":[{\"@type\":\"SearchAction\",\"target\":{\"@type\":\"EntryPoint\",\"urlTemplate\":\"https:\/\/en3s.fr\/formation-professionnelle\/?s={search_term_string}\"},\"query-input\":{\"@type\":\"PropertyValueSpecification\",\"valueRequired\":true,\"valueName\":\"search_term_string\"}}],\"inLanguage\":\"fr-FR\"}]}<\/script>\n<!-- \/ Yoast SEO plugin. -->","yoast_head_json":{"title":"Formation \u00e0 la d\u00e9ontologie des administrateurs et conseillers - Formations professionnelles de l&#039;EN3S","description":"Sensibilisation aux nouvelles r\u00e8gles de d\u00e9ontologie et \u00e0 la notion de conflits d\u2019int\u00e9r\u00eats","robots":{"index":"index","follow":"follow","max-snippet":"max-snippet:-1","max-image-preview":"max-image-preview:large","max-video-preview":"max-video-preview:-1"},"canonical":"https:\/\/en3s.fr\/formation-professionnelle\/formations-professionnelles\/formations-courtes\/formation-a-la-deontologie-des-administrateurs-et-conseillers\/","og_locale":"fr_FR","og_type":"article","og_title":"Formation \u00e0 la d\u00e9ontologie des administrateurs et conseillers - Formations professionnelles de l&#039;EN3S","og_description":"Sensibilisation aux nouvelles r\u00e8gles de d\u00e9ontologie et \u00e0 la notion de conflits d\u2019int\u00e9r\u00eats","og_url":"https:\/\/en3s.fr\/formation-professionnelle\/formations-professionnelles\/formations-courtes\/formation-a-la-deontologie-des-administrateurs-et-conseillers\/","og_site_name":"Formations professionnelles de l&#039;EN3S","article_modified_time":"2025-11-20T16:33:19+00:00","twitter_card":"summary_large_image","twitter_misc":{"Dur\u00e9e de lecture estim\u00e9e":"1 minute"},"schema":{"@context":"https:\/\/schema.org","@graph":[{"@type":"WebPage","@id":"https:\/\/en3s.fr\/formation-professionnelle\/formations-professionnelles\/formations-courtes\/formation-a-la-deontologie-des-administrateurs-et-conseillers\/","url":"https:\/\/en3s.fr\/formation-professionnelle\/formations-professionnelles\/formations-courtes\/formation-a-la-deontologie-des-administrateurs-et-conseillers\/","name":"Formation \u00e0 la d\u00e9ontologie des administrateurs et conseillers - Formations professionnelles de l&#039;EN3S","isPartOf":{"@id":"https:\/\/en3s.fr\/formation-professionnelle\/#website"},"datePublished":"2023-01-03T15:51:03+00:00","dateModified":"2025-11-20T16:33:19+00:00","description":"Sensibilisation aux nouvelles r\u00e8gles de d\u00e9ontologie et \u00e0 la notion de conflits d\u2019int\u00e9r\u00eats","breadcrumb":{"@id":"https:\/\/en3s.fr\/formation-professionnelle\/formations-professionnelles\/formations-courtes\/formation-a-la-deontologie-des-administrateurs-et-conseillers\/#breadcrumb"},"inLanguage":"fr-FR","potentialAction":[{"@type":"ReadAction","target":["https:\/\/en3s.fr\/formation-professionnelle\/formations-professionnelles\/formations-courtes\/formation-a-la-deontologie-des-administrateurs-et-conseillers\/"]}]},{"@type":"BreadcrumbList","@id":"https:\/\/en3s.fr\/formation-professionnelle\/formations-professionnelles\/formations-courtes\/formation-a-la-deontologie-des-administrateurs-et-conseillers\/#breadcrumb","itemListElement":[{"@type":"ListItem","position":1,"name":"Accueil","item":"https:\/\/en3s.fr\/formation-professionnelle\/"},{"@type":"ListItem","position":2,"name":"Formations professionnelles","item":"https:\/\/en3s.fr\/formation-professionnelle\/formations-professionnelles\/"},{"@type":"ListItem","position":3,"name":"Formations courtes","item":"https:\/\/en3s.fr\/formation-professionnelle\/formations-professionnelles\/formations-courtes\/"},{"@type":"ListItem","position":4,"name":"Formation \u00e0 la d\u00e9ontologie des administrateurs et conseillers"}]},{"@type":"WebSite","@id":"https:\/\/en3s.fr\/formation-professionnelle\/#website","url":"https:\/\/en3s.fr\/formation-professionnelle\/","name":"Formations professionnelles de l&#039;EN3S","description":"Site des formations professionnelles de l&#039;EN3S","potentialAction":[{"@type":"SearchAction","target":{"@type":"EntryPoint","urlTemplate":"https:\/\/en3s.fr\/formation-professionnelle\/?s={search_term_string}"},"query-input":{"@type":"PropertyValueSpecification","valueRequired":true,"valueName":"search_term_string"}}],"inLanguage":"fr-FR"}]}},"_links":{"self":[{"href":"https:\/\/en3s.fr\/formation-professionnelle\/wp-json\/wp\/v2\/pages\/312976","targetHints":{"allow":["GET"]}}],"collection":[{"href":"https:\/\/en3s.fr\/formation-professionnelle\/wp-json\/wp\/v2\/pages"}],"about":[{"href":"https:\/\/en3s.fr\/formation-professionnelle\/wp-json\/wp\/v2\/types\/page"}],"author":[{"embeddable":true,"href":"https:\/\/en3s.fr\/formation-professionnelle\/wp-json\/wp\/v2\/users\/4"}],"replies":[{"embeddable":true,"href":"https:\/\/en3s.fr\/formation-professionnelle\/wp-json\/wp\/v2\/comments?post=312976"}],"version-history":[{"count":1,"href":"https:\/\/en3s.fr\/formation-professionnelle\/wp-json\/wp\/v2\/pages\/312976\/revisions"}],"predecessor-version":[{"id":316628,"href":"https:\/\/en3s.fr\/formation-professionnelle\/wp-json\/wp\/v2\/pages\/312976\/revisions\/316628"}],"up":[{"embeddable":true,"href":"https:\/\/en3s.fr\/formation-professionnelle\/wp-json\/wp\/v2\/pages\/425"}],"wp:attachment":[{"href":"https:\/\/en3s.fr\/formation-professionnelle\/wp-json\/wp\/v2\/media?parent=312976"}],"curies":[{"name":"wp","href":"https:\/\/api.w.org\/{rel}","templated":true}]}}