{"id":313204,"date":"2023-02-27T13:03:20","date_gmt":"2023-02-27T12:03:20","guid":{"rendered":"https:\/\/en3s.fr\/formation-professionnelle\/?page_id=313204"},"modified":"2023-10-25T10:59:12","modified_gmt":"2023-10-25T08:59:12","slug":"qualiopi","status":"publish","type":"page","link":"https:\/\/en3s.fr\/formation-professionnelle\/formez-vos-equipes\/qualiopi\/","title":{"rendered":"Qualiopi"},"content":{"rendered":"<p>&nbsp;<\/p>\n<p>&nbsp;<\/p>\n<p>L\u2019EN3S est certifi\u00e9e Qualiopi : cette certification atteste de la qualit\u00e9 du processus mis en \u0153uvre et des actions concourant au d\u00e9veloppement des comp\u00e9tences dans le respect des exigences du R\u00e9f\u00e9rentiel National Qualit\u00e9.<\/p>\n<p><img loading=\"lazy\" decoding=\"async\" width=\"768\" height=\"255\" class=\"alignnone size-full wp-image-313209\" src=\"https:\/\/en3s.fr\/formation-professionnelle\/wp-content\/uploads\/sites\/3\/2023\/02\/qualiopi.png\" alt=\"\" srcset=\"https:\/\/en3s.fr\/formation-professionnelle\/wp-content\/uploads\/sites\/3\/2023\/02\/qualiopi.png 768w, https:\/\/en3s.fr\/formation-professionnelle\/wp-content\/uploads\/sites\/3\/2023\/02\/qualiopi-275x91.png 275w, https:\/\/en3s.fr\/formation-professionnelle\/wp-content\/uploads\/sites\/3\/2023\/02\/qualiopi-230x76.png 230w\" sizes=\"auto, (max-width: 768px) 100vw, 768px\" \/><\/p>\n<p>&nbsp;<\/p>\n<p><strong><a href=\"https:\/\/www.calameo.com\/read\/0043105040fef4cb5e101?authid=79OZADzGf6Zr\" target=\"_blank\" rel=\"noopener\">Voir le certificat<\/a><\/strong><\/p>\n<p>&nbsp;<\/p>\n","protected":false},"excerpt":{"rendered":"<p>&nbsp; &nbsp; L\u2019EN3S est certifi\u00e9e Qualiopi : cette certification atteste de la qualit\u00e9 du processus mis en \u0153uvre et des actions concourant au d\u00e9veloppement des comp\u00e9tences dans le respect des exigences du R\u00e9f\u00e9rentiel National Qualit\u00e9. &nbsp; Voir le certificat &nbsp;<\/p>\n","protected":false},"author":4,"featured_media":0,"parent":408,"menu_order":0,"comment_status":"closed","ping_status":"closed","template":"","meta":{"ngg_post_thumbnail":0,"footnotes":""},"class_list":["post-313204","page","type-page","status-publish","hentry"],"yoast_head":"<!-- This site is optimized with the Yoast SEO plugin v24.9 - https:\/\/yoast.com\/wordpress\/plugins\/seo\/ -->\n<title>Qualiopi - Formations professionnelles de l&#039;EN3S<\/title>\n<meta name=\"description\" content=\"&nbsp; &nbsp; L\u2019EN3S est certifi\u00e9e Qualiopi : cette certification atteste de la qualit\u00e9 du processus mis en \u0153uvre et des actions concourant au\" \/>\n<meta name=\"robots\" content=\"index, follow, max-snippet:-1, max-image-preview:large, max-video-preview:-1\" \/>\n<link rel=\"canonical\" href=\"https:\/\/en3s.fr\/formation-professionnelle\/formez-vos-equipes\/qualiopi\/\" \/>\n<meta property=\"og:locale\" content=\"fr_FR\" \/>\n<meta property=\"og:type\" content=\"article\" \/>\n<meta property=\"og:title\" content=\"Qualiopi - Formations professionnelles de l&#039;EN3S\" \/>\n<meta property=\"og:description\" content=\"&nbsp; &nbsp; L\u2019EN3S est certifi\u00e9e Qualiopi : cette certification atteste de la qualit\u00e9 du processus mis en \u0153uvre et des actions concourant au\" \/>\n<meta property=\"og:url\" content=\"https:\/\/en3s.fr\/formation-professionnelle\/formez-vos-equipes\/qualiopi\/\" \/>\n<meta property=\"og:site_name\" content=\"Formations professionnelles de l&#039;EN3S\" \/>\n<meta property=\"article:modified_time\" content=\"2023-10-25T08:59:12+00:00\" \/>\n<meta property=\"og:image\" content=\"https:\/\/en3s.fr\/formation-professionnelle\/wp-content\/uploads\/sites\/3\/2023\/02\/qualiopi.png\" \/>\n<meta name=\"twitter:card\" content=\"summary_large_image\" \/>\n<meta name=\"twitter:label1\" content=\"Dur\u00e9e de lecture estim\u00e9e\" \/>\n\t<meta name=\"twitter:data1\" content=\"1 minute\" \/>\n<script type=\"application\/ld+json\" class=\"yoast-schema-graph\">{\"@context\":\"https:\/\/schema.org\",\"@graph\":[{\"@type\":\"WebPage\",\"@id\":\"https:\/\/en3s.fr\/formation-professionnelle\/formez-vos-equipes\/qualiopi\/\",\"url\":\"https:\/\/en3s.fr\/formation-professionnelle\/formez-vos-equipes\/qualiopi\/\",\"name\":\"Qualiopi - Formations professionnelles de l&#039;EN3S\",\"isPartOf\":{\"@id\":\"https:\/\/en3s.fr\/formation-professionnelle\/#website\"},\"primaryImageOfPage\":{\"@id\":\"https:\/\/en3s.fr\/formation-professionnelle\/formez-vos-equipes\/qualiopi\/#primaryimage\"},\"image\":{\"@id\":\"https:\/\/en3s.fr\/formation-professionnelle\/formez-vos-equipes\/qualiopi\/#primaryimage\"},\"thumbnailUrl\":\"https:\/\/en3s.fr\/formation-professionnelle\/wp-content\/uploads\/sites\/3\/2023\/02\/qualiopi.png\",\"datePublished\":\"2023-02-27T12:03:20+00:00\",\"dateModified\":\"2023-10-25T08:59:12+00:00\",\"description\":\"&nbsp; &nbsp; L\u2019EN3S est certifi\u00e9e Qualiopi : cette certification atteste de la qualit\u00e9 du processus mis en \u0153uvre et des actions concourant au\",\"breadcrumb\":{\"@id\":\"https:\/\/en3s.fr\/formation-professionnelle\/formez-vos-equipes\/qualiopi\/#breadcrumb\"},\"inLanguage\":\"fr-FR\",\"potentialAction\":[{\"@type\":\"ReadAction\",\"target\":[\"https:\/\/en3s.fr\/formation-professionnelle\/formez-vos-equipes\/qualiopi\/\"]}]},{\"@type\":\"ImageObject\",\"inLanguage\":\"fr-FR\",\"@id\":\"https:\/\/en3s.fr\/formation-professionnelle\/formez-vos-equipes\/qualiopi\/#primaryimage\",\"url\":\"https:\/\/en3s.fr\/formation-professionnelle\/wp-content\/uploads\/sites\/3\/2023\/02\/qualiopi.png\",\"contentUrl\":\"https:\/\/en3s.fr\/formation-professionnelle\/wp-content\/uploads\/sites\/3\/2023\/02\/qualiopi.png\",\"width\":768,\"height\":255},{\"@type\":\"BreadcrumbList\",\"@id\":\"https:\/\/en3s.fr\/formation-professionnelle\/formez-vos-equipes\/qualiopi\/#breadcrumb\",\"itemListElement\":[{\"@type\":\"ListItem\",\"position\":1,\"name\":\"Accueil\",\"item\":\"https:\/\/en3s.fr\/formation-professionnelle\/\"},{\"@type\":\"ListItem\",\"position\":2,\"name\":\"Formez vos \u00e9quipes\",\"item\":\"https:\/\/en3s.fr\/formation-professionnelle\/formez-vos-equipes\/\"},{\"@type\":\"ListItem\",\"position\":3,\"name\":\"Qualiopi\"}]},{\"@type\":\"WebSite\",\"@id\":\"https:\/\/en3s.fr\/formation-professionnelle\/#website\",\"url\":\"https:\/\/en3s.fr\/formation-professionnelle\/\",\"name\":\"Formations professionnelles de l&#039;EN3S\",\"description\":\"Site des formations professionnelles de l&#039;EN3S\",\"potentialAction\":[{\"@type\":\"SearchAction\",\"target\":{\"@type\":\"EntryPoint\",\"urlTemplate\":\"https:\/\/en3s.fr\/formation-professionnelle\/?s={search_term_string}\"},\"query-input\":{\"@type\":\"PropertyValueSpecification\",\"valueRequired\":true,\"valueName\":\"search_term_string\"}}],\"inLanguage\":\"fr-FR\"}]}<\/script>\n<!-- \/ Yoast SEO plugin. -->","yoast_head_json":{"title":"Qualiopi - Formations professionnelles de l&#039;EN3S","description":"&nbsp; &nbsp; L\u2019EN3S est certifi\u00e9e Qualiopi : cette certification atteste de la qualit\u00e9 du processus mis en \u0153uvre et des actions concourant au","robots":{"index":"index","follow":"follow","max-snippet":"max-snippet:-1","max-image-preview":"max-image-preview:large","max-video-preview":"max-video-preview:-1"},"canonical":"https:\/\/en3s.fr\/formation-professionnelle\/formez-vos-equipes\/qualiopi\/","og_locale":"fr_FR","og_type":"article","og_title":"Qualiopi - Formations professionnelles de l&#039;EN3S","og_description":"&nbsp; &nbsp; L\u2019EN3S est certifi\u00e9e Qualiopi : cette certification atteste de la qualit\u00e9 du processus mis en \u0153uvre et des actions concourant au","og_url":"https:\/\/en3s.fr\/formation-professionnelle\/formez-vos-equipes\/qualiopi\/","og_site_name":"Formations professionnelles de l&#039;EN3S","article_modified_time":"2023-10-25T08:59:12+00:00","og_image":[{"url":"https:\/\/en3s.fr\/formation-professionnelle\/wp-content\/uploads\/sites\/3\/2023\/02\/qualiopi.png","type":"","width":"","height":""}],"twitter_card":"summary_large_image","twitter_misc":{"Dur\u00e9e de lecture estim\u00e9e":"1 minute"},"schema":{"@context":"https:\/\/schema.org","@graph":[{"@type":"WebPage","@id":"https:\/\/en3s.fr\/formation-professionnelle\/formez-vos-equipes\/qualiopi\/","url":"https:\/\/en3s.fr\/formation-professionnelle\/formez-vos-equipes\/qualiopi\/","name":"Qualiopi - Formations professionnelles de l&#039;EN3S","isPartOf":{"@id":"https:\/\/en3s.fr\/formation-professionnelle\/#website"},"primaryImageOfPage":{"@id":"https:\/\/en3s.fr\/formation-professionnelle\/formez-vos-equipes\/qualiopi\/#primaryimage"},"image":{"@id":"https:\/\/en3s.fr\/formation-professionnelle\/formez-vos-equipes\/qualiopi\/#primaryimage"},"thumbnailUrl":"https:\/\/en3s.fr\/formation-professionnelle\/wp-content\/uploads\/sites\/3\/2023\/02\/qualiopi.png","datePublished":"2023-02-27T12:03:20+00:00","dateModified":"2023-10-25T08:59:12+00:00","description":"&nbsp; &nbsp; L\u2019EN3S est certifi\u00e9e Qualiopi : cette certification atteste de la qualit\u00e9 du processus mis en \u0153uvre et des actions concourant au","breadcrumb":{"@id":"https:\/\/en3s.fr\/formation-professionnelle\/formez-vos-equipes\/qualiopi\/#breadcrumb"},"inLanguage":"fr-FR","potentialAction":[{"@type":"ReadAction","target":["https:\/\/en3s.fr\/formation-professionnelle\/formez-vos-equipes\/qualiopi\/"]}]},{"@type":"ImageObject","inLanguage":"fr-FR","@id":"https:\/\/en3s.fr\/formation-professionnelle\/formez-vos-equipes\/qualiopi\/#primaryimage","url":"https:\/\/en3s.fr\/formation-professionnelle\/wp-content\/uploads\/sites\/3\/2023\/02\/qualiopi.png","contentUrl":"https:\/\/en3s.fr\/formation-professionnelle\/wp-content\/uploads\/sites\/3\/2023\/02\/qualiopi.png","width":768,"height":255},{"@type":"BreadcrumbList","@id":"https:\/\/en3s.fr\/formation-professionnelle\/formez-vos-equipes\/qualiopi\/#breadcrumb","itemListElement":[{"@type":"ListItem","position":1,"name":"Accueil","item":"https:\/\/en3s.fr\/formation-professionnelle\/"},{"@type":"ListItem","position":2,"name":"Formez vos \u00e9quipes","item":"https:\/\/en3s.fr\/formation-professionnelle\/formez-vos-equipes\/"},{"@type":"ListItem","position":3,"name":"Qualiopi"}]},{"@type":"WebSite","@id":"https:\/\/en3s.fr\/formation-professionnelle\/#website","url":"https:\/\/en3s.fr\/formation-professionnelle\/","name":"Formations professionnelles de l&#039;EN3S","description":"Site des formations professionnelles de l&#039;EN3S","potentialAction":[{"@type":"SearchAction","target":{"@type":"EntryPoint","urlTemplate":"https:\/\/en3s.fr\/formation-professionnelle\/?s={search_term_string}"},"query-input":{"@type":"PropertyValueSpecification","valueRequired":true,"valueName":"search_term_string"}}],"inLanguage":"fr-FR"}]}},"_links":{"self":[{"href":"https:\/\/en3s.fr\/formation-professionnelle\/wp-json\/wp\/v2\/pages\/313204","targetHints":{"allow":["GET"]}}],"collection":[{"href":"https:\/\/en3s.fr\/formation-professionnelle\/wp-json\/wp\/v2\/pages"}],"about":[{"href":"https:\/\/en3s.fr\/formation-professionnelle\/wp-json\/wp\/v2\/types\/page"}],"author":[{"embeddable":true,"href":"https:\/\/en3s.fr\/formation-professionnelle\/wp-json\/wp\/v2\/users\/4"}],"replies":[{"embeddable":true,"href":"https:\/\/en3s.fr\/formation-professionnelle\/wp-json\/wp\/v2\/comments?post=313204"}],"version-history":[{"count":0,"href":"https:\/\/en3s.fr\/formation-professionnelle\/wp-json\/wp\/v2\/pages\/313204\/revisions"}],"up":[{"embeddable":true,"href":"https:\/\/en3s.fr\/formation-professionnelle\/wp-json\/wp\/v2\/pages\/408"}],"wp:attachment":[{"href":"https:\/\/en3s.fr\/formation-professionnelle\/wp-json\/wp\/v2\/media?parent=313204"}],"curies":[{"name":"wp","href":"https:\/\/api.w.org\/{rel}","templated":true}]}}