{"id":313538,"date":"2023-05-31T12:18:50","date_gmt":"2023-05-31T10:18:50","guid":{"rendered":"https:\/\/en3s.fr\/formation-professionnelle\/?page_id=313538"},"modified":"2025-10-29T11:17:10","modified_gmt":"2025-10-29T10:17:10","slug":"actualite-de-la-protection-sociale-aps-2025-2026","status":"publish","type":"page","link":"https:\/\/en3s.fr\/formation-professionnelle\/formations-professionnelles\/conferences-journees-dactualite\/actualite-de-la-protection-sociale-aps-2025-2026\/","title":{"rendered":"Actualit\u00e9 de la protection sociale (APS) 2025-2026"},"content":{"rendered":"<p>&nbsp;<\/p>\n<p><strong>Vous souhaitez d\u00e9crypter les grands enjeux de la protection sociale, anticiper les r\u00e9formes \u00e0 venir, \u00e9changer avec des experts et renforcer votre r\u00e9seau professionnel ? Le cycle&nbsp;<i>Actualit\u00e9s de la protection sociale<\/i>&nbsp;est con\u00e7u pour vous.<\/strong>&nbsp;Organis\u00e9 par l\u2019EN3S, il vous permet de prendre du recul, d\u2019enrichir vos analyses, de donner du sens \u00e0 votre action et \u00e0 celle de vos \u00e9quipes, et d\u2019inscrire pleinement votre strat\u00e9gie et vos d\u00e9cisions dans les dynamiques des politiques sociales.<\/p>\n","protected":false},"excerpt":{"rendered":"<p>&nbsp; Vous souhaitez d\u00e9crypter les grands enjeux de la protection sociale, anticiper les r\u00e9formes \u00e0 venir, \u00e9changer avec des experts et renforcer votre r\u00e9seau professionnel ? Le cycle&nbsp;Actualit\u00e9s de la protection sociale&nbsp;est con\u00e7u pour vous.&nbsp;Organis\u00e9 par l\u2019EN3S, il vous permet de prendre du recul, d\u2019enrichir vos analyses, de donner du sens \u00e0 votre action et [&hellip;]<\/p>\n","protected":false},"author":59,"featured_media":0,"parent":1215,"menu_order":0,"comment_status":"closed","ping_status":"closed","template":"partials\/template-formation.php","meta":{"ngg_post_thumbnail":0,"footnotes":""},"class_list":["post-313538","page","type-page","status-publish","hentry","cycle_formation-cycle-actualite-de-la-protection-sociale"],"yoast_head":"<!-- This site is optimized with the Yoast SEO plugin v24.9 - https:\/\/yoast.com\/wordpress\/plugins\/seo\/ -->\n<title>Actualit\u00e9 de la protection sociale (APS) 2025-2026 - Formations professionnelles de l&#039;EN3S<\/title>\n<meta name=\"description\" content=\"&nbsp; Vous souhaitez d\u00e9crypter les grands enjeux de la protection sociale, anticiper les r\u00e9formes \u00e0 venir, \u00e9changer avec des experts et renforcer votre\" \/>\n<meta name=\"robots\" content=\"index, follow, max-snippet:-1, max-image-preview:large, max-video-preview:-1\" \/>\n<link rel=\"canonical\" href=\"https:\/\/en3s.fr\/formation-professionnelle\/formations-professionnelles\/conferences-journees-dactualite\/actualite-de-la-protection-sociale-aps-2025-2026\/\" \/>\n<meta property=\"og:locale\" content=\"fr_FR\" \/>\n<meta property=\"og:type\" content=\"article\" \/>\n<meta property=\"og:title\" content=\"Actualit\u00e9 de la protection sociale (APS) 2025-2026 - Formations professionnelles de l&#039;EN3S\" \/>\n<meta property=\"og:description\" content=\"&nbsp; Vous souhaitez d\u00e9crypter les grands enjeux de la protection sociale, anticiper les r\u00e9formes \u00e0 venir, \u00e9changer avec des experts et renforcer votre\" \/>\n<meta property=\"og:url\" content=\"https:\/\/en3s.fr\/formation-professionnelle\/formations-professionnelles\/conferences-journees-dactualite\/actualite-de-la-protection-sociale-aps-2025-2026\/\" \/>\n<meta property=\"og:site_name\" content=\"Formations professionnelles de l&#039;EN3S\" \/>\n<meta property=\"article:modified_time\" content=\"2025-10-29T10:17:10+00:00\" \/>\n<meta name=\"twitter:card\" content=\"summary_large_image\" \/>\n<meta name=\"twitter:label1\" content=\"Dur\u00e9e de lecture estim\u00e9e\" \/>\n\t<meta name=\"twitter:data1\" content=\"1 minute\" \/>\n<script type=\"application\/ld+json\" class=\"yoast-schema-graph\">{\"@context\":\"https:\/\/schema.org\",\"@graph\":[{\"@type\":\"WebPage\",\"@id\":\"https:\/\/en3s.fr\/formation-professionnelle\/formations-professionnelles\/conferences-journees-dactualite\/actualite-de-la-protection-sociale-aps-2025-2026\/\",\"url\":\"https:\/\/en3s.fr\/formation-professionnelle\/formations-professionnelles\/conferences-journees-dactualite\/actualite-de-la-protection-sociale-aps-2025-2026\/\",\"name\":\"Actualit\u00e9 de la protection sociale (APS) 2025-2026 - Formations professionnelles de l&#039;EN3S\",\"isPartOf\":{\"@id\":\"https:\/\/en3s.fr\/formation-professionnelle\/#website\"},\"datePublished\":\"2023-05-31T10:18:50+00:00\",\"dateModified\":\"2025-10-29T10:17:10+00:00\",\"description\":\"&nbsp; Vous souhaitez d\u00e9crypter les grands enjeux de la protection sociale, anticiper les r\u00e9formes \u00e0 venir, \u00e9changer avec des experts et renforcer votre\",\"breadcrumb\":{\"@id\":\"https:\/\/en3s.fr\/formation-professionnelle\/formations-professionnelles\/conferences-journees-dactualite\/actualite-de-la-protection-sociale-aps-2025-2026\/#breadcrumb\"},\"inLanguage\":\"fr-FR\",\"potentialAction\":[{\"@type\":\"ReadAction\",\"target\":[\"https:\/\/en3s.fr\/formation-professionnelle\/formations-professionnelles\/conferences-journees-dactualite\/actualite-de-la-protection-sociale-aps-2025-2026\/\"]}]},{\"@type\":\"BreadcrumbList\",\"@id\":\"https:\/\/en3s.fr\/formation-professionnelle\/formations-professionnelles\/conferences-journees-dactualite\/actualite-de-la-protection-sociale-aps-2025-2026\/#breadcrumb\",\"itemListElement\":[{\"@type\":\"ListItem\",\"position\":1,\"name\":\"Accueil\",\"item\":\"https:\/\/en3s.fr\/formation-professionnelle\/\"},{\"@type\":\"ListItem\",\"position\":2,\"name\":\"Formations professionnelles\",\"item\":\"https:\/\/en3s.fr\/formation-professionnelle\/formations-professionnelles\/\"},{\"@type\":\"ListItem\",\"position\":3,\"name\":\"Conf\u00e9rences, journ\u00e9es d&rsquo;actualit\u00e9\",\"item\":\"https:\/\/en3s.fr\/formation-professionnelle\/formations-professionnelles\/conferences-journees-dactualite\/\"},{\"@type\":\"ListItem\",\"position\":4,\"name\":\"Actualit\u00e9 de la protection sociale (APS) 2025-2026\"}]},{\"@type\":\"WebSite\",\"@id\":\"https:\/\/en3s.fr\/formation-professionnelle\/#website\",\"url\":\"https:\/\/en3s.fr\/formation-professionnelle\/\",\"name\":\"Formations professionnelles de l&#039;EN3S\",\"description\":\"Site des formations professionnelles de l&#039;EN3S\",\"potentialAction\":[{\"@type\":\"SearchAction\",\"target\":{\"@type\":\"EntryPoint\",\"urlTemplate\":\"https:\/\/en3s.fr\/formation-professionnelle\/?s={search_term_string}\"},\"query-input\":{\"@type\":\"PropertyValueSpecification\",\"valueRequired\":true,\"valueName\":\"search_term_string\"}}],\"inLanguage\":\"fr-FR\"}]}<\/script>\n<!-- \/ Yoast SEO plugin. -->","yoast_head_json":{"title":"Actualit\u00e9 de la protection sociale (APS) 2025-2026 - Formations professionnelles de l&#039;EN3S","description":"&nbsp; Vous souhaitez d\u00e9crypter les grands enjeux de la protection sociale, anticiper les r\u00e9formes \u00e0 venir, \u00e9changer avec des experts et renforcer votre","robots":{"index":"index","follow":"follow","max-snippet":"max-snippet:-1","max-image-preview":"max-image-preview:large","max-video-preview":"max-video-preview:-1"},"canonical":"https:\/\/en3s.fr\/formation-professionnelle\/formations-professionnelles\/conferences-journees-dactualite\/actualite-de-la-protection-sociale-aps-2025-2026\/","og_locale":"fr_FR","og_type":"article","og_title":"Actualit\u00e9 de la protection sociale (APS) 2025-2026 - Formations professionnelles de l&#039;EN3S","og_description":"&nbsp; Vous souhaitez d\u00e9crypter les grands enjeux de la protection sociale, anticiper les r\u00e9formes \u00e0 venir, \u00e9changer avec des experts et renforcer votre","og_url":"https:\/\/en3s.fr\/formation-professionnelle\/formations-professionnelles\/conferences-journees-dactualite\/actualite-de-la-protection-sociale-aps-2025-2026\/","og_site_name":"Formations professionnelles de l&#039;EN3S","article_modified_time":"2025-10-29T10:17:10+00:00","twitter_card":"summary_large_image","twitter_misc":{"Dur\u00e9e de lecture estim\u00e9e":"1 minute"},"schema":{"@context":"https:\/\/schema.org","@graph":[{"@type":"WebPage","@id":"https:\/\/en3s.fr\/formation-professionnelle\/formations-professionnelles\/conferences-journees-dactualite\/actualite-de-la-protection-sociale-aps-2025-2026\/","url":"https:\/\/en3s.fr\/formation-professionnelle\/formations-professionnelles\/conferences-journees-dactualite\/actualite-de-la-protection-sociale-aps-2025-2026\/","name":"Actualit\u00e9 de la protection sociale (APS) 2025-2026 - Formations professionnelles de l&#039;EN3S","isPartOf":{"@id":"https:\/\/en3s.fr\/formation-professionnelle\/#website"},"datePublished":"2023-05-31T10:18:50+00:00","dateModified":"2025-10-29T10:17:10+00:00","description":"&nbsp; Vous souhaitez d\u00e9crypter les grands enjeux de la protection sociale, anticiper les r\u00e9formes \u00e0 venir, \u00e9changer avec des experts et renforcer votre","breadcrumb":{"@id":"https:\/\/en3s.fr\/formation-professionnelle\/formations-professionnelles\/conferences-journees-dactualite\/actualite-de-la-protection-sociale-aps-2025-2026\/#breadcrumb"},"inLanguage":"fr-FR","potentialAction":[{"@type":"ReadAction","target":["https:\/\/en3s.fr\/formation-professionnelle\/formations-professionnelles\/conferences-journees-dactualite\/actualite-de-la-protection-sociale-aps-2025-2026\/"]}]},{"@type":"BreadcrumbList","@id":"https:\/\/en3s.fr\/formation-professionnelle\/formations-professionnelles\/conferences-journees-dactualite\/actualite-de-la-protection-sociale-aps-2025-2026\/#breadcrumb","itemListElement":[{"@type":"ListItem","position":1,"name":"Accueil","item":"https:\/\/en3s.fr\/formation-professionnelle\/"},{"@type":"ListItem","position":2,"name":"Formations professionnelles","item":"https:\/\/en3s.fr\/formation-professionnelle\/formations-professionnelles\/"},{"@type":"ListItem","position":3,"name":"Conf\u00e9rences, journ\u00e9es d&rsquo;actualit\u00e9","item":"https:\/\/en3s.fr\/formation-professionnelle\/formations-professionnelles\/conferences-journees-dactualite\/"},{"@type":"ListItem","position":4,"name":"Actualit\u00e9 de la protection sociale (APS) 2025-2026"}]},{"@type":"WebSite","@id":"https:\/\/en3s.fr\/formation-professionnelle\/#website","url":"https:\/\/en3s.fr\/formation-professionnelle\/","name":"Formations professionnelles de l&#039;EN3S","description":"Site des formations professionnelles de l&#039;EN3S","potentialAction":[{"@type":"SearchAction","target":{"@type":"EntryPoint","urlTemplate":"https:\/\/en3s.fr\/formation-professionnelle\/?s={search_term_string}"},"query-input":{"@type":"PropertyValueSpecification","valueRequired":true,"valueName":"search_term_string"}}],"inLanguage":"fr-FR"}]}},"_links":{"self":[{"href":"https:\/\/en3s.fr\/formation-professionnelle\/wp-json\/wp\/v2\/pages\/313538","targetHints":{"allow":["GET"]}}],"collection":[{"href":"https:\/\/en3s.fr\/formation-professionnelle\/wp-json\/wp\/v2\/pages"}],"about":[{"href":"https:\/\/en3s.fr\/formation-professionnelle\/wp-json\/wp\/v2\/types\/page"}],"author":[{"embeddable":true,"href":"https:\/\/en3s.fr\/formation-professionnelle\/wp-json\/wp\/v2\/users\/59"}],"replies":[{"embeddable":true,"href":"https:\/\/en3s.fr\/formation-professionnelle\/wp-json\/wp\/v2\/comments?post=313538"}],"version-history":[{"count":8,"href":"https:\/\/en3s.fr\/formation-professionnelle\/wp-json\/wp\/v2\/pages\/313538\/revisions"}],"predecessor-version":[{"id":316560,"href":"https:\/\/en3s.fr\/formation-professionnelle\/wp-json\/wp\/v2\/pages\/313538\/revisions\/316560"}],"up":[{"embeddable":true,"href":"https:\/\/en3s.fr\/formation-professionnelle\/wp-json\/wp\/v2\/pages\/1215"}],"wp:attachment":[{"href":"https:\/\/en3s.fr\/formation-professionnelle\/wp-json\/wp\/v2\/media?parent=313538"}],"curies":[{"name":"wp","href":"https:\/\/api.w.org\/{rel}","templated":true}]}}