{"id":313575,"date":"2023-06-13T09:49:44","date_gmt":"2023-06-13T07:49:44","guid":{"rendered":"https:\/\/en3s.fr\/formation-professionnelle\/?page_id=313575"},"modified":"2025-09-02T15:47:03","modified_gmt":"2025-09-02T13:47:03","slug":"piloter-la-performance-si-et-accompagner-les-transformations","status":"publish","type":"page","link":"https:\/\/en3s.fr\/formation-professionnelle\/formations-professionnelles\/formations-de-branches-et-reseaux\/piloter-la-performance-si-et-accompagner-les-transformations\/","title":{"rendered":"Piloter la performance SI et accompagner les transformations"},"content":{"rendered":"<p>L\u2019Institut 4.10 et l\u2019EN3S vous proposent ce nouveau produit, dans le cadre du dispositif modulaire SI LEAD, visant \u00e0 d\u00e9velopper et perfectionner les pratiques manag\u00e9riales des managers SI dans l\u2019\u00e9cosyst\u00e8me de leur m\u00e9tier et de leur environnement institutionnel.<\/p>\n","protected":false},"excerpt":{"rendered":"<p>L\u2019Institut 4.10 et l\u2019EN3S vous proposent ce nouveau produit, dans le cadre du dispositif modulaire SI LEAD, visant \u00e0 d\u00e9velopper et perfectionner les pratiques manag\u00e9riales des managers SI dans l\u2019\u00e9cosyst\u00e8me de leur m\u00e9tier et de leur environnement institutionnel.<\/p>\n","protected":false},"author":4,"featured_media":0,"parent":1223,"menu_order":0,"comment_status":"closed","ping_status":"closed","template":"partials\/template-formation.php","meta":{"ngg_post_thumbnail":0,"footnotes":""},"class_list":["post-313575","page","type-page","status-publish","hentry","cycle_formation-si-lead"],"yoast_head":"<!-- This site is optimized with the Yoast SEO plugin v24.9 - https:\/\/yoast.com\/wordpress\/plugins\/seo\/ -->\n<title>Piloter la performance SI et accompagner les transformations - Formations professionnelles de l&#039;EN3S<\/title>\n<meta name=\"description\" content=\"L\u2019Institut 4.10 et l\u2019EN3S vous proposent ce nouveau produit, dans le cadre du dispositif modulaire SI LEAD, visant \u00e0 d\u00e9velopper et perfectionner les\" \/>\n<meta name=\"robots\" content=\"index, follow, max-snippet:-1, max-image-preview:large, max-video-preview:-1\" \/>\n<link rel=\"canonical\" href=\"https:\/\/en3s.fr\/formation-professionnelle\/formations-professionnelles\/formations-de-branches-et-reseaux\/piloter-la-performance-si-et-accompagner-les-transformations\/\" \/>\n<meta property=\"og:locale\" content=\"fr_FR\" \/>\n<meta property=\"og:type\" content=\"article\" \/>\n<meta property=\"og:title\" content=\"Piloter la performance SI et accompagner les transformations - Formations professionnelles de l&#039;EN3S\" \/>\n<meta property=\"og:description\" content=\"L\u2019Institut 4.10 et l\u2019EN3S vous proposent ce nouveau produit, dans le cadre du dispositif modulaire SI LEAD, visant \u00e0 d\u00e9velopper et perfectionner les\" \/>\n<meta property=\"og:url\" content=\"https:\/\/en3s.fr\/formation-professionnelle\/formations-professionnelles\/formations-de-branches-et-reseaux\/piloter-la-performance-si-et-accompagner-les-transformations\/\" \/>\n<meta property=\"og:site_name\" content=\"Formations professionnelles de l&#039;EN3S\" \/>\n<meta property=\"article:modified_time\" content=\"2025-09-02T13:47:03+00:00\" \/>\n<meta name=\"twitter:card\" content=\"summary_large_image\" \/>\n<meta name=\"twitter:label1\" content=\"Dur\u00e9e de lecture estim\u00e9e\" \/>\n\t<meta name=\"twitter:data1\" content=\"1 minute\" \/>\n<script type=\"application\/ld+json\" class=\"yoast-schema-graph\">{\"@context\":\"https:\/\/schema.org\",\"@graph\":[{\"@type\":\"WebPage\",\"@id\":\"https:\/\/en3s.fr\/formation-professionnelle\/formations-professionnelles\/formations-de-branches-et-reseaux\/piloter-la-performance-si-et-accompagner-les-transformations\/\",\"url\":\"https:\/\/en3s.fr\/formation-professionnelle\/formations-professionnelles\/formations-de-branches-et-reseaux\/piloter-la-performance-si-et-accompagner-les-transformations\/\",\"name\":\"Piloter la performance SI et accompagner les transformations - Formations professionnelles de l&#039;EN3S\",\"isPartOf\":{\"@id\":\"https:\/\/en3s.fr\/formation-professionnelle\/#website\"},\"datePublished\":\"2023-06-13T07:49:44+00:00\",\"dateModified\":\"2025-09-02T13:47:03+00:00\",\"description\":\"L\u2019Institut 4.10 et l\u2019EN3S vous proposent ce nouveau produit, dans le cadre du dispositif modulaire SI LEAD, visant \u00e0 d\u00e9velopper et perfectionner les\",\"breadcrumb\":{\"@id\":\"https:\/\/en3s.fr\/formation-professionnelle\/formations-professionnelles\/formations-de-branches-et-reseaux\/piloter-la-performance-si-et-accompagner-les-transformations\/#breadcrumb\"},\"inLanguage\":\"fr-FR\",\"potentialAction\":[{\"@type\":\"ReadAction\",\"target\":[\"https:\/\/en3s.fr\/formation-professionnelle\/formations-professionnelles\/formations-de-branches-et-reseaux\/piloter-la-performance-si-et-accompagner-les-transformations\/\"]}]},{\"@type\":\"BreadcrumbList\",\"@id\":\"https:\/\/en3s.fr\/formation-professionnelle\/formations-professionnelles\/formations-de-branches-et-reseaux\/piloter-la-performance-si-et-accompagner-les-transformations\/#breadcrumb\",\"itemListElement\":[{\"@type\":\"ListItem\",\"position\":1,\"name\":\"Accueil\",\"item\":\"https:\/\/en3s.fr\/formation-professionnelle\/\"},{\"@type\":\"ListItem\",\"position\":2,\"name\":\"Formations professionnelles\",\"item\":\"https:\/\/en3s.fr\/formation-professionnelle\/formations-professionnelles\/\"},{\"@type\":\"ListItem\",\"position\":3,\"name\":\"Formations de branches et r\u00e9seaux\",\"item\":\"https:\/\/en3s.fr\/formation-professionnelle\/formations-professionnelles\/formations-de-branches-et-reseaux\/\"},{\"@type\":\"ListItem\",\"position\":4,\"name\":\"Piloter la performance SI et accompagner les transformations\"}]},{\"@type\":\"WebSite\",\"@id\":\"https:\/\/en3s.fr\/formation-professionnelle\/#website\",\"url\":\"https:\/\/en3s.fr\/formation-professionnelle\/\",\"name\":\"Formations professionnelles de l&#039;EN3S\",\"description\":\"Site des formations professionnelles de l&#039;EN3S\",\"potentialAction\":[{\"@type\":\"SearchAction\",\"target\":{\"@type\":\"EntryPoint\",\"urlTemplate\":\"https:\/\/en3s.fr\/formation-professionnelle\/?s={search_term_string}\"},\"query-input\":{\"@type\":\"PropertyValueSpecification\",\"valueRequired\":true,\"valueName\":\"search_term_string\"}}],\"inLanguage\":\"fr-FR\"}]}<\/script>\n<!-- \/ Yoast SEO plugin. -->","yoast_head_json":{"title":"Piloter la performance SI et accompagner les transformations - Formations professionnelles de l&#039;EN3S","description":"L\u2019Institut 4.10 et l\u2019EN3S vous proposent ce nouveau produit, dans le cadre du dispositif modulaire SI LEAD, visant \u00e0 d\u00e9velopper et perfectionner les","robots":{"index":"index","follow":"follow","max-snippet":"max-snippet:-1","max-image-preview":"max-image-preview:large","max-video-preview":"max-video-preview:-1"},"canonical":"https:\/\/en3s.fr\/formation-professionnelle\/formations-professionnelles\/formations-de-branches-et-reseaux\/piloter-la-performance-si-et-accompagner-les-transformations\/","og_locale":"fr_FR","og_type":"article","og_title":"Piloter la performance SI et accompagner les transformations - Formations professionnelles de l&#039;EN3S","og_description":"L\u2019Institut 4.10 et l\u2019EN3S vous proposent ce nouveau produit, dans le cadre du dispositif modulaire SI LEAD, visant \u00e0 d\u00e9velopper et perfectionner les","og_url":"https:\/\/en3s.fr\/formation-professionnelle\/formations-professionnelles\/formations-de-branches-et-reseaux\/piloter-la-performance-si-et-accompagner-les-transformations\/","og_site_name":"Formations professionnelles de l&#039;EN3S","article_modified_time":"2025-09-02T13:47:03+00:00","twitter_card":"summary_large_image","twitter_misc":{"Dur\u00e9e de lecture estim\u00e9e":"1 minute"},"schema":{"@context":"https:\/\/schema.org","@graph":[{"@type":"WebPage","@id":"https:\/\/en3s.fr\/formation-professionnelle\/formations-professionnelles\/formations-de-branches-et-reseaux\/piloter-la-performance-si-et-accompagner-les-transformations\/","url":"https:\/\/en3s.fr\/formation-professionnelle\/formations-professionnelles\/formations-de-branches-et-reseaux\/piloter-la-performance-si-et-accompagner-les-transformations\/","name":"Piloter la performance SI et accompagner les transformations - Formations professionnelles de l&#039;EN3S","isPartOf":{"@id":"https:\/\/en3s.fr\/formation-professionnelle\/#website"},"datePublished":"2023-06-13T07:49:44+00:00","dateModified":"2025-09-02T13:47:03+00:00","description":"L\u2019Institut 4.10 et l\u2019EN3S vous proposent ce nouveau produit, dans le cadre du dispositif modulaire SI LEAD, visant \u00e0 d\u00e9velopper et perfectionner les","breadcrumb":{"@id":"https:\/\/en3s.fr\/formation-professionnelle\/formations-professionnelles\/formations-de-branches-et-reseaux\/piloter-la-performance-si-et-accompagner-les-transformations\/#breadcrumb"},"inLanguage":"fr-FR","potentialAction":[{"@type":"ReadAction","target":["https:\/\/en3s.fr\/formation-professionnelle\/formations-professionnelles\/formations-de-branches-et-reseaux\/piloter-la-performance-si-et-accompagner-les-transformations\/"]}]},{"@type":"BreadcrumbList","@id":"https:\/\/en3s.fr\/formation-professionnelle\/formations-professionnelles\/formations-de-branches-et-reseaux\/piloter-la-performance-si-et-accompagner-les-transformations\/#breadcrumb","itemListElement":[{"@type":"ListItem","position":1,"name":"Accueil","item":"https:\/\/en3s.fr\/formation-professionnelle\/"},{"@type":"ListItem","position":2,"name":"Formations professionnelles","item":"https:\/\/en3s.fr\/formation-professionnelle\/formations-professionnelles\/"},{"@type":"ListItem","position":3,"name":"Formations de branches et r\u00e9seaux","item":"https:\/\/en3s.fr\/formation-professionnelle\/formations-professionnelles\/formations-de-branches-et-reseaux\/"},{"@type":"ListItem","position":4,"name":"Piloter la performance SI et accompagner les transformations"}]},{"@type":"WebSite","@id":"https:\/\/en3s.fr\/formation-professionnelle\/#website","url":"https:\/\/en3s.fr\/formation-professionnelle\/","name":"Formations professionnelles de l&#039;EN3S","description":"Site des formations professionnelles de l&#039;EN3S","potentialAction":[{"@type":"SearchAction","target":{"@type":"EntryPoint","urlTemplate":"https:\/\/en3s.fr\/formation-professionnelle\/?s={search_term_string}"},"query-input":{"@type":"PropertyValueSpecification","valueRequired":true,"valueName":"search_term_string"}}],"inLanguage":"fr-FR"}]}},"_links":{"self":[{"href":"https:\/\/en3s.fr\/formation-professionnelle\/wp-json\/wp\/v2\/pages\/313575","targetHints":{"allow":["GET"]}}],"collection":[{"href":"https:\/\/en3s.fr\/formation-professionnelle\/wp-json\/wp\/v2\/pages"}],"about":[{"href":"https:\/\/en3s.fr\/formation-professionnelle\/wp-json\/wp\/v2\/types\/page"}],"author":[{"embeddable":true,"href":"https:\/\/en3s.fr\/formation-professionnelle\/wp-json\/wp\/v2\/users\/4"}],"replies":[{"embeddable":true,"href":"https:\/\/en3s.fr\/formation-professionnelle\/wp-json\/wp\/v2\/comments?post=313575"}],"version-history":[{"count":1,"href":"https:\/\/en3s.fr\/formation-professionnelle\/wp-json\/wp\/v2\/pages\/313575\/revisions"}],"predecessor-version":[{"id":316166,"href":"https:\/\/en3s.fr\/formation-professionnelle\/wp-json\/wp\/v2\/pages\/313575\/revisions\/316166"}],"up":[{"embeddable":true,"href":"https:\/\/en3s.fr\/formation-professionnelle\/wp-json\/wp\/v2\/pages\/1223"}],"wp:attachment":[{"href":"https:\/\/en3s.fr\/formation-professionnelle\/wp-json\/wp\/v2\/media?parent=313575"}],"curies":[{"name":"wp","href":"https:\/\/api.w.org\/{rel}","templated":true}]}}