{"id":313651,"date":"2023-06-16T15:18:06","date_gmt":"2023-06-16T13:18:06","guid":{"rendered":"https:\/\/en3s.fr\/formation-professionnelle\/?page_id=313651"},"modified":"2025-09-02T15:21:07","modified_gmt":"2025-09-02T13:21:07","slug":"leadership-et-management-dequipe","status":"publish","type":"page","link":"https:\/\/en3s.fr\/formation-professionnelle\/formations-professionnelles\/formations-de-branches-et-reseaux\/leadership-et-management-dequipe\/","title":{"rendered":"Leadership et management d\u2019\u00e9quipe"},"content":{"rendered":"<p><img loading=\"lazy\" decoding=\"async\" class=\"wp-image-313652 alignright\" src=\"https:\/\/en3s.fr\/formation-professionnelle\/wp-content\/uploads\/sites\/3\/2023\/06\/logo-i4.10.png\" alt=\"\" width=\"42\" height=\"43\">L\u2019Institut 4.10 et l\u2019EN3S vous proposent ce nouveau produit, dans le cadre du dispositif modulaire SI LEAD, visant \u00e0 d\u00e9velopper et perfectionner les pratiques manag\u00e9riales des managers SI dans l\u2019\u00e9cosyst\u00e8me de leur m\u00e9tier et de leur environnement institutionnel.<\/p>\n","protected":false},"excerpt":{"rendered":"<p>L\u2019Institut 4.10 et l\u2019EN3S vous proposent ce nouveau produit, dans le cadre du dispositif modulaire SI LEAD, visant \u00e0 d\u00e9velopper et perfectionner les pratiques manag\u00e9riales des managers SI dans l\u2019\u00e9cosyst\u00e8me de leur m\u00e9tier et de leur environnement institutionnel.<\/p>\n","protected":false},"author":4,"featured_media":0,"parent":1223,"menu_order":0,"comment_status":"closed","ping_status":"closed","template":"partials\/template-formation.php","meta":{"ngg_post_thumbnail":0,"footnotes":""},"class_list":["post-313651","page","type-page","status-publish","hentry","cycle_formation-si-lead"],"yoast_head":"<!-- This site is optimized with the Yoast SEO plugin v24.9 - https:\/\/yoast.com\/wordpress\/plugins\/seo\/ -->\n<title>Leadership et management d\u2019\u00e9quipe - Formations professionnelles de l&#039;EN3S<\/title>\n<meta name=\"description\" content=\"L\u2019Institut 4.10 et l\u2019EN3S vous proposent ce nouveau produit, dans le cadre du dispositif modulaire SI LEAD, visant \u00e0 d\u00e9velopper et perfectionner les\" \/>\n<meta name=\"robots\" content=\"index, follow, max-snippet:-1, max-image-preview:large, max-video-preview:-1\" \/>\n<link rel=\"canonical\" href=\"https:\/\/en3s.fr\/formation-professionnelle\/formations-professionnelles\/formations-de-branches-et-reseaux\/leadership-et-management-dequipe\/\" \/>\n<meta property=\"og:locale\" content=\"fr_FR\" \/>\n<meta property=\"og:type\" content=\"article\" \/>\n<meta property=\"og:title\" content=\"Leadership et management d\u2019\u00e9quipe - Formations professionnelles de l&#039;EN3S\" \/>\n<meta property=\"og:description\" content=\"L\u2019Institut 4.10 et l\u2019EN3S vous proposent ce nouveau produit, dans le cadre du dispositif modulaire SI LEAD, visant \u00e0 d\u00e9velopper et perfectionner les\" \/>\n<meta property=\"og:url\" content=\"https:\/\/en3s.fr\/formation-professionnelle\/formations-professionnelles\/formations-de-branches-et-reseaux\/leadership-et-management-dequipe\/\" \/>\n<meta property=\"og:site_name\" content=\"Formations professionnelles de l&#039;EN3S\" \/>\n<meta property=\"article:modified_time\" content=\"2025-09-02T13:21:07+00:00\" \/>\n<meta property=\"og:image\" content=\"https:\/\/en3s.fr\/formation-professionnelle\/wp-content\/uploads\/sites\/3\/2023\/06\/logo-i4.10.png\" \/>\n\t<meta property=\"og:image:width\" content=\"70\" \/>\n\t<meta property=\"og:image:height\" content=\"71\" \/>\n\t<meta property=\"og:image:type\" content=\"image\/png\" \/>\n<meta name=\"twitter:card\" content=\"summary_large_image\" \/>\n<meta name=\"twitter:label1\" content=\"Dur\u00e9e de lecture estim\u00e9e\" \/>\n\t<meta name=\"twitter:data1\" content=\"1 minute\" \/>\n<script type=\"application\/ld+json\" class=\"yoast-schema-graph\">{\"@context\":\"https:\/\/schema.org\",\"@graph\":[{\"@type\":\"WebPage\",\"@id\":\"https:\/\/en3s.fr\/formation-professionnelle\/formations-professionnelles\/formations-de-branches-et-reseaux\/leadership-et-management-dequipe\/\",\"url\":\"https:\/\/en3s.fr\/formation-professionnelle\/formations-professionnelles\/formations-de-branches-et-reseaux\/leadership-et-management-dequipe\/\",\"name\":\"Leadership et management d\u2019\u00e9quipe - Formations professionnelles de l&#039;EN3S\",\"isPartOf\":{\"@id\":\"https:\/\/en3s.fr\/formation-professionnelle\/#website\"},\"primaryImageOfPage\":{\"@id\":\"https:\/\/en3s.fr\/formation-professionnelle\/formations-professionnelles\/formations-de-branches-et-reseaux\/leadership-et-management-dequipe\/#primaryimage\"},\"image\":{\"@id\":\"https:\/\/en3s.fr\/formation-professionnelle\/formations-professionnelles\/formations-de-branches-et-reseaux\/leadership-et-management-dequipe\/#primaryimage\"},\"thumbnailUrl\":\"https:\/\/en3s.fr\/formation-professionnelle\/wp-content\/uploads\/sites\/3\/2023\/06\/logo-i4.10.png\",\"datePublished\":\"2023-06-16T13:18:06+00:00\",\"dateModified\":\"2025-09-02T13:21:07+00:00\",\"description\":\"L\u2019Institut 4.10 et l\u2019EN3S vous proposent ce nouveau produit, dans le cadre du dispositif modulaire SI LEAD, visant \u00e0 d\u00e9velopper et perfectionner les\",\"breadcrumb\":{\"@id\":\"https:\/\/en3s.fr\/formation-professionnelle\/formations-professionnelles\/formations-de-branches-et-reseaux\/leadership-et-management-dequipe\/#breadcrumb\"},\"inLanguage\":\"fr-FR\",\"potentialAction\":[{\"@type\":\"ReadAction\",\"target\":[\"https:\/\/en3s.fr\/formation-professionnelle\/formations-professionnelles\/formations-de-branches-et-reseaux\/leadership-et-management-dequipe\/\"]}]},{\"@type\":\"ImageObject\",\"inLanguage\":\"fr-FR\",\"@id\":\"https:\/\/en3s.fr\/formation-professionnelle\/formations-professionnelles\/formations-de-branches-et-reseaux\/leadership-et-management-dequipe\/#primaryimage\",\"url\":\"https:\/\/en3s.fr\/formation-professionnelle\/wp-content\/uploads\/sites\/3\/2023\/06\/logo-i4.10.png\",\"contentUrl\":\"https:\/\/en3s.fr\/formation-professionnelle\/wp-content\/uploads\/sites\/3\/2023\/06\/logo-i4.10.png\",\"width\":70,\"height\":71},{\"@type\":\"BreadcrumbList\",\"@id\":\"https:\/\/en3s.fr\/formation-professionnelle\/formations-professionnelles\/formations-de-branches-et-reseaux\/leadership-et-management-dequipe\/#breadcrumb\",\"itemListElement\":[{\"@type\":\"ListItem\",\"position\":1,\"name\":\"Accueil\",\"item\":\"https:\/\/en3s.fr\/formation-professionnelle\/\"},{\"@type\":\"ListItem\",\"position\":2,\"name\":\"Formations professionnelles\",\"item\":\"https:\/\/en3s.fr\/formation-professionnelle\/formations-professionnelles\/\"},{\"@type\":\"ListItem\",\"position\":3,\"name\":\"Formations de branches et r\u00e9seaux\",\"item\":\"https:\/\/en3s.fr\/formation-professionnelle\/formations-professionnelles\/formations-de-branches-et-reseaux\/\"},{\"@type\":\"ListItem\",\"position\":4,\"name\":\"Leadership et management d\u2019\u00e9quipe\"}]},{\"@type\":\"WebSite\",\"@id\":\"https:\/\/en3s.fr\/formation-professionnelle\/#website\",\"url\":\"https:\/\/en3s.fr\/formation-professionnelle\/\",\"name\":\"Formations professionnelles de l&#039;EN3S\",\"description\":\"Site des formations professionnelles de l&#039;EN3S\",\"potentialAction\":[{\"@type\":\"SearchAction\",\"target\":{\"@type\":\"EntryPoint\",\"urlTemplate\":\"https:\/\/en3s.fr\/formation-professionnelle\/?s={search_term_string}\"},\"query-input\":{\"@type\":\"PropertyValueSpecification\",\"valueRequired\":true,\"valueName\":\"search_term_string\"}}],\"inLanguage\":\"fr-FR\"}]}<\/script>\n<!-- \/ Yoast SEO plugin. -->","yoast_head_json":{"title":"Leadership et management d\u2019\u00e9quipe - Formations professionnelles de l&#039;EN3S","description":"L\u2019Institut 4.10 et l\u2019EN3S vous proposent ce nouveau produit, dans le cadre du dispositif modulaire SI LEAD, visant \u00e0 d\u00e9velopper et perfectionner les","robots":{"index":"index","follow":"follow","max-snippet":"max-snippet:-1","max-image-preview":"max-image-preview:large","max-video-preview":"max-video-preview:-1"},"canonical":"https:\/\/en3s.fr\/formation-professionnelle\/formations-professionnelles\/formations-de-branches-et-reseaux\/leadership-et-management-dequipe\/","og_locale":"fr_FR","og_type":"article","og_title":"Leadership et management d\u2019\u00e9quipe - Formations professionnelles de l&#039;EN3S","og_description":"L\u2019Institut 4.10 et l\u2019EN3S vous proposent ce nouveau produit, dans le cadre du dispositif modulaire SI LEAD, visant \u00e0 d\u00e9velopper et perfectionner les","og_url":"https:\/\/en3s.fr\/formation-professionnelle\/formations-professionnelles\/formations-de-branches-et-reseaux\/leadership-et-management-dequipe\/","og_site_name":"Formations professionnelles de l&#039;EN3S","article_modified_time":"2025-09-02T13:21:07+00:00","og_image":[{"width":70,"height":71,"url":"https:\/\/en3s.fr\/formation-professionnelle\/wp-content\/uploads\/sites\/3\/2023\/06\/logo-i4.10.png","type":"image\/png"}],"twitter_card":"summary_large_image","twitter_misc":{"Dur\u00e9e de lecture estim\u00e9e":"1 minute"},"schema":{"@context":"https:\/\/schema.org","@graph":[{"@type":"WebPage","@id":"https:\/\/en3s.fr\/formation-professionnelle\/formations-professionnelles\/formations-de-branches-et-reseaux\/leadership-et-management-dequipe\/","url":"https:\/\/en3s.fr\/formation-professionnelle\/formations-professionnelles\/formations-de-branches-et-reseaux\/leadership-et-management-dequipe\/","name":"Leadership et management d\u2019\u00e9quipe - Formations professionnelles de l&#039;EN3S","isPartOf":{"@id":"https:\/\/en3s.fr\/formation-professionnelle\/#website"},"primaryImageOfPage":{"@id":"https:\/\/en3s.fr\/formation-professionnelle\/formations-professionnelles\/formations-de-branches-et-reseaux\/leadership-et-management-dequipe\/#primaryimage"},"image":{"@id":"https:\/\/en3s.fr\/formation-professionnelle\/formations-professionnelles\/formations-de-branches-et-reseaux\/leadership-et-management-dequipe\/#primaryimage"},"thumbnailUrl":"https:\/\/en3s.fr\/formation-professionnelle\/wp-content\/uploads\/sites\/3\/2023\/06\/logo-i4.10.png","datePublished":"2023-06-16T13:18:06+00:00","dateModified":"2025-09-02T13:21:07+00:00","description":"L\u2019Institut 4.10 et l\u2019EN3S vous proposent ce nouveau produit, dans le cadre du dispositif modulaire SI LEAD, visant \u00e0 d\u00e9velopper et perfectionner les","breadcrumb":{"@id":"https:\/\/en3s.fr\/formation-professionnelle\/formations-professionnelles\/formations-de-branches-et-reseaux\/leadership-et-management-dequipe\/#breadcrumb"},"inLanguage":"fr-FR","potentialAction":[{"@type":"ReadAction","target":["https:\/\/en3s.fr\/formation-professionnelle\/formations-professionnelles\/formations-de-branches-et-reseaux\/leadership-et-management-dequipe\/"]}]},{"@type":"ImageObject","inLanguage":"fr-FR","@id":"https:\/\/en3s.fr\/formation-professionnelle\/formations-professionnelles\/formations-de-branches-et-reseaux\/leadership-et-management-dequipe\/#primaryimage","url":"https:\/\/en3s.fr\/formation-professionnelle\/wp-content\/uploads\/sites\/3\/2023\/06\/logo-i4.10.png","contentUrl":"https:\/\/en3s.fr\/formation-professionnelle\/wp-content\/uploads\/sites\/3\/2023\/06\/logo-i4.10.png","width":70,"height":71},{"@type":"BreadcrumbList","@id":"https:\/\/en3s.fr\/formation-professionnelle\/formations-professionnelles\/formations-de-branches-et-reseaux\/leadership-et-management-dequipe\/#breadcrumb","itemListElement":[{"@type":"ListItem","position":1,"name":"Accueil","item":"https:\/\/en3s.fr\/formation-professionnelle\/"},{"@type":"ListItem","position":2,"name":"Formations professionnelles","item":"https:\/\/en3s.fr\/formation-professionnelle\/formations-professionnelles\/"},{"@type":"ListItem","position":3,"name":"Formations de branches et r\u00e9seaux","item":"https:\/\/en3s.fr\/formation-professionnelle\/formations-professionnelles\/formations-de-branches-et-reseaux\/"},{"@type":"ListItem","position":4,"name":"Leadership et management d\u2019\u00e9quipe"}]},{"@type":"WebSite","@id":"https:\/\/en3s.fr\/formation-professionnelle\/#website","url":"https:\/\/en3s.fr\/formation-professionnelle\/","name":"Formations professionnelles de l&#039;EN3S","description":"Site des formations professionnelles de l&#039;EN3S","potentialAction":[{"@type":"SearchAction","target":{"@type":"EntryPoint","urlTemplate":"https:\/\/en3s.fr\/formation-professionnelle\/?s={search_term_string}"},"query-input":{"@type":"PropertyValueSpecification","valueRequired":true,"valueName":"search_term_string"}}],"inLanguage":"fr-FR"}]}},"_links":{"self":[{"href":"https:\/\/en3s.fr\/formation-professionnelle\/wp-json\/wp\/v2\/pages\/313651","targetHints":{"allow":["GET"]}}],"collection":[{"href":"https:\/\/en3s.fr\/formation-professionnelle\/wp-json\/wp\/v2\/pages"}],"about":[{"href":"https:\/\/en3s.fr\/formation-professionnelle\/wp-json\/wp\/v2\/types\/page"}],"author":[{"embeddable":true,"href":"https:\/\/en3s.fr\/formation-professionnelle\/wp-json\/wp\/v2\/users\/4"}],"replies":[{"embeddable":true,"href":"https:\/\/en3s.fr\/formation-professionnelle\/wp-json\/wp\/v2\/comments?post=313651"}],"version-history":[{"count":2,"href":"https:\/\/en3s.fr\/formation-professionnelle\/wp-json\/wp\/v2\/pages\/313651\/revisions"}],"predecessor-version":[{"id":316162,"href":"https:\/\/en3s.fr\/formation-professionnelle\/wp-json\/wp\/v2\/pages\/313651\/revisions\/316162"}],"up":[{"embeddable":true,"href":"https:\/\/en3s.fr\/formation-professionnelle\/wp-json\/wp\/v2\/pages\/1223"}],"wp:attachment":[{"href":"https:\/\/en3s.fr\/formation-professionnelle\/wp-json\/wp\/v2\/media?parent=313651"}],"curies":[{"name":"wp","href":"https:\/\/api.w.org\/{rel}","templated":true}]}}