{"id":313701,"date":"2023-06-29T11:16:11","date_gmt":"2023-06-29T09:16:11","guid":{"rendered":"https:\/\/en3s.fr\/formation-professionnelle\/?page_id=313701"},"modified":"2025-09-02T15:53:13","modified_gmt":"2025-09-02T13:53:13","slug":"decouvrez-le-dispositif-de-formation-des-managers-informatiques-si-lead","status":"publish","type":"page","link":"https:\/\/en3s.fr\/formation-professionnelle\/formations-professionnelles\/formations-de-branches-et-reseaux\/decouvrez-le-dispositif-de-formation-des-managers-informatiques-si-lead\/","title":{"rendered":"D\u00e9couvrez le dispositif de formation des managers informatiques \u00ab SI LEAD \u00bb"},"content":{"rendered":"<p><img loading=\"lazy\" decoding=\"async\" width=\"70\" height=\"71\" class=\"size-full wp-image-313652 alignleft\" src=\"https:\/\/en3s.fr\/formation-professionnelle\/wp-content\/uploads\/sites\/3\/2023\/06\/logo-i4.10.png\" alt=\"\"><img loading=\"lazy\" decoding=\"async\" class=\"wp-image-314911 alignleft\" src=\"https:\/\/en3s.fr\/formation-professionnelle\/wp-content\/uploads\/sites\/3\/2024\/07\/logo-ucanss.png\" alt=\"\" width=\"185\" height=\"63\" srcset=\"https:\/\/en3s.fr\/formation-professionnelle\/wp-content\/uploads\/sites\/3\/2024\/07\/logo-ucanss.png 338w, https:\/\/en3s.fr\/formation-professionnelle\/wp-content\/uploads\/sites\/3\/2024\/07\/logo-ucanss-275x94.png 275w, https:\/\/en3s.fr\/formation-professionnelle\/wp-content\/uploads\/sites\/3\/2024\/07\/logo-ucanss-230x78.png 230w\" sizes=\"auto, (max-width: 185px) 100vw, 185px\" \/><img loading=\"lazy\" decoding=\"async\" class=\"wp-image-315906 alignleft\" src=\"https:\/\/en3s.fr\/formation-professionnelle\/wp-content\/uploads\/sites\/3\/2025\/06\/fav-icon_plan-de-travail-1.png\" alt=\"LOGO EN3S\" width=\"92\" height=\"92\" srcset=\"https:\/\/en3s.fr\/formation-professionnelle\/wp-content\/uploads\/sites\/3\/2025\/06\/fav-icon_plan-de-travail-1.png 2048w, https:\/\/en3s.fr\/formation-professionnelle\/wp-content\/uploads\/sites\/3\/2025\/06\/fav-icon_plan-de-travail-1-768x768.png 768w, https:\/\/en3s.fr\/formation-professionnelle\/wp-content\/uploads\/sites\/3\/2025\/06\/fav-icon_plan-de-travail-1-1536x1536.png 1536w, https:\/\/en3s.fr\/formation-professionnelle\/wp-content\/uploads\/sites\/3\/2025\/06\/fav-icon_plan-de-travail-1-275x275.png 275w, https:\/\/en3s.fr\/formation-professionnelle\/wp-content\/uploads\/sites\/3\/2025\/06\/fav-icon_plan-de-travail-1-390x390.png 390w, https:\/\/en3s.fr\/formation-professionnelle\/wp-content\/uploads\/sites\/3\/2025\/06\/fav-icon_plan-de-travail-1-230x230.png 230w\" sizes=\"auto, (max-width: 92px) 100vw, 92px\" \/><\/p>\n","protected":false},"excerpt":{"rendered":"<p>l\u2019Institut 4.10 et l\u2019EN3S pr\u00e9sentent une nouvelle offre de formation \u00e0 destination des managers informatiques et des Syst\u00e8mes d\u2019Information (managers d\u2019\u00e9quipe et managers projets).<\/p>\n","protected":false},"author":4,"featured_media":0,"parent":1223,"menu_order":1,"comment_status":"closed","ping_status":"closed","template":"partials\/template-formation.php","meta":{"ngg_post_thumbnail":0,"footnotes":""},"class_list":["post-313701","page","type-page","status-publish","hentry","cycle_formation-si-lead"],"yoast_head":"<!-- This site is optimized with the Yoast SEO plugin v24.9 - https:\/\/yoast.com\/wordpress\/plugins\/seo\/ -->\n<title>D\u00e9couvrez le dispositif de formation des managers informatiques \u00ab SI LEAD \u00bb - Formations professionnelles de l&#039;EN3S<\/title>\n<meta name=\"description\" content=\"l\u2019Institut 4.10 et l\u2019EN3S pr\u00e9sentent une nouvelle offre de formation \u00e0 destination des managers informatiques et des Syst\u00e8mes d\u2019Information (managers d\u2019\u00e9quipe et managers projets).\" \/>\n<meta name=\"robots\" content=\"index, follow, max-snippet:-1, max-image-preview:large, max-video-preview:-1\" \/>\n<link rel=\"canonical\" href=\"https:\/\/en3s.fr\/formation-professionnelle\/formations-professionnelles\/formations-de-branches-et-reseaux\/decouvrez-le-dispositif-de-formation-des-managers-informatiques-si-lead\/\" \/>\n<meta property=\"og:locale\" content=\"fr_FR\" \/>\n<meta property=\"og:type\" content=\"article\" \/>\n<meta property=\"og:title\" content=\"D\u00e9couvrez le dispositif de formation des managers informatiques \u00ab SI LEAD \u00bb - Formations professionnelles de l&#039;EN3S\" \/>\n<meta property=\"og:description\" content=\"l\u2019Institut 4.10 et l\u2019EN3S pr\u00e9sentent une nouvelle offre de formation \u00e0 destination des managers informatiques et des Syst\u00e8mes d\u2019Information (managers d\u2019\u00e9quipe et managers projets).\" \/>\n<meta property=\"og:url\" content=\"https:\/\/en3s.fr\/formation-professionnelle\/formations-professionnelles\/formations-de-branches-et-reseaux\/decouvrez-le-dispositif-de-formation-des-managers-informatiques-si-lead\/\" \/>\n<meta property=\"og:site_name\" content=\"Formations professionnelles de l&#039;EN3S\" \/>\n<meta property=\"article:modified_time\" content=\"2025-09-02T13:53:13+00:00\" \/>\n<meta property=\"og:image\" content=\"https:\/\/en3s.fr\/formation-professionnelle\/wp-content\/uploads\/sites\/3\/2023\/06\/logo-i4.10.png\" \/>\n\t<meta property=\"og:image:width\" content=\"70\" \/>\n\t<meta property=\"og:image:height\" content=\"71\" \/>\n\t<meta property=\"og:image:type\" content=\"image\/png\" \/>\n<meta name=\"twitter:card\" content=\"summary_large_image\" \/>\n<meta name=\"twitter:label1\" content=\"Dur\u00e9e de lecture estim\u00e9e\" \/>\n\t<meta name=\"twitter:data1\" content=\"1 minute\" \/>\n<script type=\"application\/ld+json\" class=\"yoast-schema-graph\">{\"@context\":\"https:\/\/schema.org\",\"@graph\":[{\"@type\":\"WebPage\",\"@id\":\"https:\/\/en3s.fr\/formation-professionnelle\/formations-professionnelles\/formations-de-branches-et-reseaux\/decouvrez-le-dispositif-de-formation-des-managers-informatiques-si-lead\/\",\"url\":\"https:\/\/en3s.fr\/formation-professionnelle\/formations-professionnelles\/formations-de-branches-et-reseaux\/decouvrez-le-dispositif-de-formation-des-managers-informatiques-si-lead\/\",\"name\":\"D\u00e9couvrez le dispositif de formation des managers informatiques \u00ab SI LEAD \u00bb - Formations professionnelles de l&#039;EN3S\",\"isPartOf\":{\"@id\":\"https:\/\/en3s.fr\/formation-professionnelle\/#website\"},\"primaryImageOfPage\":{\"@id\":\"https:\/\/en3s.fr\/formation-professionnelle\/formations-professionnelles\/formations-de-branches-et-reseaux\/decouvrez-le-dispositif-de-formation-des-managers-informatiques-si-lead\/#primaryimage\"},\"image\":{\"@id\":\"https:\/\/en3s.fr\/formation-professionnelle\/formations-professionnelles\/formations-de-branches-et-reseaux\/decouvrez-le-dispositif-de-formation-des-managers-informatiques-si-lead\/#primaryimage\"},\"thumbnailUrl\":\"https:\/\/en3s.fr\/formation-professionnelle\/wp-content\/uploads\/sites\/3\/2023\/06\/logo-i4.10.png\",\"datePublished\":\"2023-06-29T09:16:11+00:00\",\"dateModified\":\"2025-09-02T13:53:13+00:00\",\"description\":\"l\u2019Institut 4.10 et l\u2019EN3S pr\u00e9sentent une nouvelle offre de formation \u00e0 destination des managers informatiques et des Syst\u00e8mes d\u2019Information (managers d\u2019\u00e9quipe et managers projets).\",\"breadcrumb\":{\"@id\":\"https:\/\/en3s.fr\/formation-professionnelle\/formations-professionnelles\/formations-de-branches-et-reseaux\/decouvrez-le-dispositif-de-formation-des-managers-informatiques-si-lead\/#breadcrumb\"},\"inLanguage\":\"fr-FR\",\"potentialAction\":[{\"@type\":\"ReadAction\",\"target\":[\"https:\/\/en3s.fr\/formation-professionnelle\/formations-professionnelles\/formations-de-branches-et-reseaux\/decouvrez-le-dispositif-de-formation-des-managers-informatiques-si-lead\/\"]}]},{\"@type\":\"ImageObject\",\"inLanguage\":\"fr-FR\",\"@id\":\"https:\/\/en3s.fr\/formation-professionnelle\/formations-professionnelles\/formations-de-branches-et-reseaux\/decouvrez-le-dispositif-de-formation-des-managers-informatiques-si-lead\/#primaryimage\",\"url\":\"https:\/\/en3s.fr\/formation-professionnelle\/wp-content\/uploads\/sites\/3\/2023\/06\/logo-i4.10.png\",\"contentUrl\":\"https:\/\/en3s.fr\/formation-professionnelle\/wp-content\/uploads\/sites\/3\/2023\/06\/logo-i4.10.png\",\"width\":70,\"height\":71},{\"@type\":\"BreadcrumbList\",\"@id\":\"https:\/\/en3s.fr\/formation-professionnelle\/formations-professionnelles\/formations-de-branches-et-reseaux\/decouvrez-le-dispositif-de-formation-des-managers-informatiques-si-lead\/#breadcrumb\",\"itemListElement\":[{\"@type\":\"ListItem\",\"position\":1,\"name\":\"Accueil\",\"item\":\"https:\/\/en3s.fr\/formation-professionnelle\/\"},{\"@type\":\"ListItem\",\"position\":2,\"name\":\"Formations professionnelles\",\"item\":\"https:\/\/en3s.fr\/formation-professionnelle\/formations-professionnelles\/\"},{\"@type\":\"ListItem\",\"position\":3,\"name\":\"Formations de branches et r\u00e9seaux\",\"item\":\"https:\/\/en3s.fr\/formation-professionnelle\/formations-professionnelles\/formations-de-branches-et-reseaux\/\"},{\"@type\":\"ListItem\",\"position\":4,\"name\":\"D\u00e9couvrez le dispositif de formation des managers informatiques \u00ab SI LEAD \u00bb\"}]},{\"@type\":\"WebSite\",\"@id\":\"https:\/\/en3s.fr\/formation-professionnelle\/#website\",\"url\":\"https:\/\/en3s.fr\/formation-professionnelle\/\",\"name\":\"Formations professionnelles de l&#039;EN3S\",\"description\":\"Site des formations professionnelles de l&#039;EN3S\",\"potentialAction\":[{\"@type\":\"SearchAction\",\"target\":{\"@type\":\"EntryPoint\",\"urlTemplate\":\"https:\/\/en3s.fr\/formation-professionnelle\/?s={search_term_string}\"},\"query-input\":{\"@type\":\"PropertyValueSpecification\",\"valueRequired\":true,\"valueName\":\"search_term_string\"}}],\"inLanguage\":\"fr-FR\"}]}<\/script>\n<!-- \/ Yoast SEO plugin. -->","yoast_head_json":{"title":"D\u00e9couvrez le dispositif de formation des managers informatiques \u00ab SI LEAD \u00bb - Formations professionnelles de l&#039;EN3S","description":"l\u2019Institut 4.10 et l\u2019EN3S pr\u00e9sentent une nouvelle offre de formation \u00e0 destination des managers informatiques et des Syst\u00e8mes d\u2019Information (managers d\u2019\u00e9quipe et managers projets).","robots":{"index":"index","follow":"follow","max-snippet":"max-snippet:-1","max-image-preview":"max-image-preview:large","max-video-preview":"max-video-preview:-1"},"canonical":"https:\/\/en3s.fr\/formation-professionnelle\/formations-professionnelles\/formations-de-branches-et-reseaux\/decouvrez-le-dispositif-de-formation-des-managers-informatiques-si-lead\/","og_locale":"fr_FR","og_type":"article","og_title":"D\u00e9couvrez le dispositif de formation des managers informatiques \u00ab SI LEAD \u00bb - Formations professionnelles de l&#039;EN3S","og_description":"l\u2019Institut 4.10 et l\u2019EN3S pr\u00e9sentent une nouvelle offre de formation \u00e0 destination des managers informatiques et des Syst\u00e8mes d\u2019Information (managers d\u2019\u00e9quipe et managers projets).","og_url":"https:\/\/en3s.fr\/formation-professionnelle\/formations-professionnelles\/formations-de-branches-et-reseaux\/decouvrez-le-dispositif-de-formation-des-managers-informatiques-si-lead\/","og_site_name":"Formations professionnelles de l&#039;EN3S","article_modified_time":"2025-09-02T13:53:13+00:00","og_image":[{"width":70,"height":71,"url":"https:\/\/en3s.fr\/formation-professionnelle\/wp-content\/uploads\/sites\/3\/2023\/06\/logo-i4.10.png","type":"image\/png"}],"twitter_card":"summary_large_image","twitter_misc":{"Dur\u00e9e de lecture estim\u00e9e":"1 minute"},"schema":{"@context":"https:\/\/schema.org","@graph":[{"@type":"WebPage","@id":"https:\/\/en3s.fr\/formation-professionnelle\/formations-professionnelles\/formations-de-branches-et-reseaux\/decouvrez-le-dispositif-de-formation-des-managers-informatiques-si-lead\/","url":"https:\/\/en3s.fr\/formation-professionnelle\/formations-professionnelles\/formations-de-branches-et-reseaux\/decouvrez-le-dispositif-de-formation-des-managers-informatiques-si-lead\/","name":"D\u00e9couvrez le dispositif de formation des managers informatiques \u00ab SI LEAD \u00bb - Formations professionnelles de l&#039;EN3S","isPartOf":{"@id":"https:\/\/en3s.fr\/formation-professionnelle\/#website"},"primaryImageOfPage":{"@id":"https:\/\/en3s.fr\/formation-professionnelle\/formations-professionnelles\/formations-de-branches-et-reseaux\/decouvrez-le-dispositif-de-formation-des-managers-informatiques-si-lead\/#primaryimage"},"image":{"@id":"https:\/\/en3s.fr\/formation-professionnelle\/formations-professionnelles\/formations-de-branches-et-reseaux\/decouvrez-le-dispositif-de-formation-des-managers-informatiques-si-lead\/#primaryimage"},"thumbnailUrl":"https:\/\/en3s.fr\/formation-professionnelle\/wp-content\/uploads\/sites\/3\/2023\/06\/logo-i4.10.png","datePublished":"2023-06-29T09:16:11+00:00","dateModified":"2025-09-02T13:53:13+00:00","description":"l\u2019Institut 4.10 et l\u2019EN3S pr\u00e9sentent une nouvelle offre de formation \u00e0 destination des managers informatiques et des Syst\u00e8mes d\u2019Information (managers d\u2019\u00e9quipe et managers projets).","breadcrumb":{"@id":"https:\/\/en3s.fr\/formation-professionnelle\/formations-professionnelles\/formations-de-branches-et-reseaux\/decouvrez-le-dispositif-de-formation-des-managers-informatiques-si-lead\/#breadcrumb"},"inLanguage":"fr-FR","potentialAction":[{"@type":"ReadAction","target":["https:\/\/en3s.fr\/formation-professionnelle\/formations-professionnelles\/formations-de-branches-et-reseaux\/decouvrez-le-dispositif-de-formation-des-managers-informatiques-si-lead\/"]}]},{"@type":"ImageObject","inLanguage":"fr-FR","@id":"https:\/\/en3s.fr\/formation-professionnelle\/formations-professionnelles\/formations-de-branches-et-reseaux\/decouvrez-le-dispositif-de-formation-des-managers-informatiques-si-lead\/#primaryimage","url":"https:\/\/en3s.fr\/formation-professionnelle\/wp-content\/uploads\/sites\/3\/2023\/06\/logo-i4.10.png","contentUrl":"https:\/\/en3s.fr\/formation-professionnelle\/wp-content\/uploads\/sites\/3\/2023\/06\/logo-i4.10.png","width":70,"height":71},{"@type":"BreadcrumbList","@id":"https:\/\/en3s.fr\/formation-professionnelle\/formations-professionnelles\/formations-de-branches-et-reseaux\/decouvrez-le-dispositif-de-formation-des-managers-informatiques-si-lead\/#breadcrumb","itemListElement":[{"@type":"ListItem","position":1,"name":"Accueil","item":"https:\/\/en3s.fr\/formation-professionnelle\/"},{"@type":"ListItem","position":2,"name":"Formations professionnelles","item":"https:\/\/en3s.fr\/formation-professionnelle\/formations-professionnelles\/"},{"@type":"ListItem","position":3,"name":"Formations de branches et r\u00e9seaux","item":"https:\/\/en3s.fr\/formation-professionnelle\/formations-professionnelles\/formations-de-branches-et-reseaux\/"},{"@type":"ListItem","position":4,"name":"D\u00e9couvrez le dispositif de formation des managers informatiques \u00ab SI LEAD \u00bb"}]},{"@type":"WebSite","@id":"https:\/\/en3s.fr\/formation-professionnelle\/#website","url":"https:\/\/en3s.fr\/formation-professionnelle\/","name":"Formations professionnelles de l&#039;EN3S","description":"Site des formations professionnelles de l&#039;EN3S","potentialAction":[{"@type":"SearchAction","target":{"@type":"EntryPoint","urlTemplate":"https:\/\/en3s.fr\/formation-professionnelle\/?s={search_term_string}"},"query-input":{"@type":"PropertyValueSpecification","valueRequired":true,"valueName":"search_term_string"}}],"inLanguage":"fr-FR"}]}},"_links":{"self":[{"href":"https:\/\/en3s.fr\/formation-professionnelle\/wp-json\/wp\/v2\/pages\/313701","targetHints":{"allow":["GET"]}}],"collection":[{"href":"https:\/\/en3s.fr\/formation-professionnelle\/wp-json\/wp\/v2\/pages"}],"about":[{"href":"https:\/\/en3s.fr\/formation-professionnelle\/wp-json\/wp\/v2\/types\/page"}],"author":[{"embeddable":true,"href":"https:\/\/en3s.fr\/formation-professionnelle\/wp-json\/wp\/v2\/users\/4"}],"replies":[{"embeddable":true,"href":"https:\/\/en3s.fr\/formation-professionnelle\/wp-json\/wp\/v2\/comments?post=313701"}],"version-history":[{"count":2,"href":"https:\/\/en3s.fr\/formation-professionnelle\/wp-json\/wp\/v2\/pages\/313701\/revisions"}],"predecessor-version":[{"id":316169,"href":"https:\/\/en3s.fr\/formation-professionnelle\/wp-json\/wp\/v2\/pages\/313701\/revisions\/316169"}],"up":[{"embeddable":true,"href":"https:\/\/en3s.fr\/formation-professionnelle\/wp-json\/wp\/v2\/pages\/1223"}],"wp:attachment":[{"href":"https:\/\/en3s.fr\/formation-professionnelle\/wp-json\/wp\/v2\/media?parent=313701"}],"curies":[{"name":"wp","href":"https:\/\/api.w.org\/{rel}","templated":true}]}}