{"id":313927,"date":"2023-09-26T16:56:19","date_gmt":"2023-09-26T14:56:19","guid":{"rendered":"https:\/\/en3s.fr\/formation-professionnelle\/?page_id=313927"},"modified":"2025-10-24T14:15:12","modified_gmt":"2025-10-24T12:15:12","slug":"developper-et-piloter-des-communautes-de-pairs","status":"publish","type":"page","link":"https:\/\/en3s.fr\/formation-professionnelle\/formations-professionnelles\/formations-courtes\/developper-et-piloter-des-communautes-de-pairs\/","title":{"rendered":"D\u00e9velopper et piloter des communaut\u00e9s de pairs"},"content":{"rendered":"<p>F\u00e9d\u00e9rer, animer et faire grandir les communaut\u00e9s de managers ( au service de la performance )<\/p>\n","protected":false},"excerpt":{"rendered":"<p>F\u00e9d\u00e9rer, animer et faire grandir les communaut\u00e9s de managers ( au service de la performance ) <\/p>\n","protected":false},"author":4,"featured_media":0,"parent":425,"menu_order":0,"comment_status":"closed","ping_status":"closed","template":"partials\/template-formation.php","meta":{"ngg_post_thumbnail":0,"footnotes":""},"class_list":["post-313927","page","type-page","status-publish","hentry"],"yoast_head":"<!-- This site is optimized with the Yoast SEO plugin v24.9 - https:\/\/yoast.com\/wordpress\/plugins\/seo\/ -->\n<title>D\u00e9velopper et piloter des communaut\u00e9s de pairs - Formations professionnelles de l&#039;EN3S<\/title>\n<meta name=\"description\" content=\"F\u00e9d\u00e9rer, animer et faire grandir les communaut\u00e9s de managers ( au service de la performance )\" \/>\n<meta name=\"robots\" content=\"index, follow, max-snippet:-1, max-image-preview:large, max-video-preview:-1\" \/>\n<link rel=\"canonical\" href=\"https:\/\/en3s.fr\/formation-professionnelle\/formations-professionnelles\/formations-courtes\/developper-et-piloter-des-communautes-de-pairs\/\" \/>\n<meta property=\"og:locale\" content=\"fr_FR\" \/>\n<meta property=\"og:type\" content=\"article\" \/>\n<meta property=\"og:title\" content=\"D\u00e9velopper et piloter des communaut\u00e9s de pairs - Formations professionnelles de l&#039;EN3S\" \/>\n<meta property=\"og:description\" content=\"F\u00e9d\u00e9rer, animer et faire grandir les communaut\u00e9s de managers ( au service de la performance )\" \/>\n<meta property=\"og:url\" content=\"https:\/\/en3s.fr\/formation-professionnelle\/formations-professionnelles\/formations-courtes\/developper-et-piloter-des-communautes-de-pairs\/\" \/>\n<meta property=\"og:site_name\" content=\"Formations professionnelles de l&#039;EN3S\" \/>\n<meta property=\"article:modified_time\" content=\"2025-10-24T12:15:12+00:00\" \/>\n<meta name=\"twitter:card\" content=\"summary_large_image\" \/>\n<meta name=\"twitter:label1\" content=\"Dur\u00e9e de lecture estim\u00e9e\" \/>\n\t<meta name=\"twitter:data1\" content=\"1 minute\" \/>\n<script type=\"application\/ld+json\" class=\"yoast-schema-graph\">{\"@context\":\"https:\/\/schema.org\",\"@graph\":[{\"@type\":\"WebPage\",\"@id\":\"https:\/\/en3s.fr\/formation-professionnelle\/formations-professionnelles\/formations-courtes\/developper-et-piloter-des-communautes-de-pairs\/\",\"url\":\"https:\/\/en3s.fr\/formation-professionnelle\/formations-professionnelles\/formations-courtes\/developper-et-piloter-des-communautes-de-pairs\/\",\"name\":\"D\u00e9velopper et piloter des communaut\u00e9s de pairs - Formations professionnelles de l&#039;EN3S\",\"isPartOf\":{\"@id\":\"https:\/\/en3s.fr\/formation-professionnelle\/#website\"},\"datePublished\":\"2023-09-26T14:56:19+00:00\",\"dateModified\":\"2025-10-24T12:15:12+00:00\",\"description\":\"F\u00e9d\u00e9rer, animer et faire grandir les communaut\u00e9s de managers ( au service de la performance )\",\"breadcrumb\":{\"@id\":\"https:\/\/en3s.fr\/formation-professionnelle\/formations-professionnelles\/formations-courtes\/developper-et-piloter-des-communautes-de-pairs\/#breadcrumb\"},\"inLanguage\":\"fr-FR\",\"potentialAction\":[{\"@type\":\"ReadAction\",\"target\":[\"https:\/\/en3s.fr\/formation-professionnelle\/formations-professionnelles\/formations-courtes\/developper-et-piloter-des-communautes-de-pairs\/\"]}]},{\"@type\":\"BreadcrumbList\",\"@id\":\"https:\/\/en3s.fr\/formation-professionnelle\/formations-professionnelles\/formations-courtes\/developper-et-piloter-des-communautes-de-pairs\/#breadcrumb\",\"itemListElement\":[{\"@type\":\"ListItem\",\"position\":1,\"name\":\"Accueil\",\"item\":\"https:\/\/en3s.fr\/formation-professionnelle\/\"},{\"@type\":\"ListItem\",\"position\":2,\"name\":\"Formations professionnelles\",\"item\":\"https:\/\/en3s.fr\/formation-professionnelle\/formations-professionnelles\/\"},{\"@type\":\"ListItem\",\"position\":3,\"name\":\"Formations courtes\",\"item\":\"https:\/\/en3s.fr\/formation-professionnelle\/formations-professionnelles\/formations-courtes\/\"},{\"@type\":\"ListItem\",\"position\":4,\"name\":\"D\u00e9velopper et piloter des communaut\u00e9s de pairs\"}]},{\"@type\":\"WebSite\",\"@id\":\"https:\/\/en3s.fr\/formation-professionnelle\/#website\",\"url\":\"https:\/\/en3s.fr\/formation-professionnelle\/\",\"name\":\"Formations professionnelles de l&#039;EN3S\",\"description\":\"Site des formations professionnelles de l&#039;EN3S\",\"potentialAction\":[{\"@type\":\"SearchAction\",\"target\":{\"@type\":\"EntryPoint\",\"urlTemplate\":\"https:\/\/en3s.fr\/formation-professionnelle\/?s={search_term_string}\"},\"query-input\":{\"@type\":\"PropertyValueSpecification\",\"valueRequired\":true,\"valueName\":\"search_term_string\"}}],\"inLanguage\":\"fr-FR\"}]}<\/script>\n<!-- \/ Yoast SEO plugin. -->","yoast_head_json":{"title":"D\u00e9velopper et piloter des communaut\u00e9s de pairs - Formations professionnelles de l&#039;EN3S","description":"F\u00e9d\u00e9rer, animer et faire grandir les communaut\u00e9s de managers ( au service de la performance )","robots":{"index":"index","follow":"follow","max-snippet":"max-snippet:-1","max-image-preview":"max-image-preview:large","max-video-preview":"max-video-preview:-1"},"canonical":"https:\/\/en3s.fr\/formation-professionnelle\/formations-professionnelles\/formations-courtes\/developper-et-piloter-des-communautes-de-pairs\/","og_locale":"fr_FR","og_type":"article","og_title":"D\u00e9velopper et piloter des communaut\u00e9s de pairs - Formations professionnelles de l&#039;EN3S","og_description":"F\u00e9d\u00e9rer, animer et faire grandir les communaut\u00e9s de managers ( au service de la performance )","og_url":"https:\/\/en3s.fr\/formation-professionnelle\/formations-professionnelles\/formations-courtes\/developper-et-piloter-des-communautes-de-pairs\/","og_site_name":"Formations professionnelles de l&#039;EN3S","article_modified_time":"2025-10-24T12:15:12+00:00","twitter_card":"summary_large_image","twitter_misc":{"Dur\u00e9e de lecture estim\u00e9e":"1 minute"},"schema":{"@context":"https:\/\/schema.org","@graph":[{"@type":"WebPage","@id":"https:\/\/en3s.fr\/formation-professionnelle\/formations-professionnelles\/formations-courtes\/developper-et-piloter-des-communautes-de-pairs\/","url":"https:\/\/en3s.fr\/formation-professionnelle\/formations-professionnelles\/formations-courtes\/developper-et-piloter-des-communautes-de-pairs\/","name":"D\u00e9velopper et piloter des communaut\u00e9s de pairs - Formations professionnelles de l&#039;EN3S","isPartOf":{"@id":"https:\/\/en3s.fr\/formation-professionnelle\/#website"},"datePublished":"2023-09-26T14:56:19+00:00","dateModified":"2025-10-24T12:15:12+00:00","description":"F\u00e9d\u00e9rer, animer et faire grandir les communaut\u00e9s de managers ( au service de la performance )","breadcrumb":{"@id":"https:\/\/en3s.fr\/formation-professionnelle\/formations-professionnelles\/formations-courtes\/developper-et-piloter-des-communautes-de-pairs\/#breadcrumb"},"inLanguage":"fr-FR","potentialAction":[{"@type":"ReadAction","target":["https:\/\/en3s.fr\/formation-professionnelle\/formations-professionnelles\/formations-courtes\/developper-et-piloter-des-communautes-de-pairs\/"]}]},{"@type":"BreadcrumbList","@id":"https:\/\/en3s.fr\/formation-professionnelle\/formations-professionnelles\/formations-courtes\/developper-et-piloter-des-communautes-de-pairs\/#breadcrumb","itemListElement":[{"@type":"ListItem","position":1,"name":"Accueil","item":"https:\/\/en3s.fr\/formation-professionnelle\/"},{"@type":"ListItem","position":2,"name":"Formations professionnelles","item":"https:\/\/en3s.fr\/formation-professionnelle\/formations-professionnelles\/"},{"@type":"ListItem","position":3,"name":"Formations courtes","item":"https:\/\/en3s.fr\/formation-professionnelle\/formations-professionnelles\/formations-courtes\/"},{"@type":"ListItem","position":4,"name":"D\u00e9velopper et piloter des communaut\u00e9s de pairs"}]},{"@type":"WebSite","@id":"https:\/\/en3s.fr\/formation-professionnelle\/#website","url":"https:\/\/en3s.fr\/formation-professionnelle\/","name":"Formations professionnelles de l&#039;EN3S","description":"Site des formations professionnelles de l&#039;EN3S","potentialAction":[{"@type":"SearchAction","target":{"@type":"EntryPoint","urlTemplate":"https:\/\/en3s.fr\/formation-professionnelle\/?s={search_term_string}"},"query-input":{"@type":"PropertyValueSpecification","valueRequired":true,"valueName":"search_term_string"}}],"inLanguage":"fr-FR"}]}},"_links":{"self":[{"href":"https:\/\/en3s.fr\/formation-professionnelle\/wp-json\/wp\/v2\/pages\/313927","targetHints":{"allow":["GET"]}}],"collection":[{"href":"https:\/\/en3s.fr\/formation-professionnelle\/wp-json\/wp\/v2\/pages"}],"about":[{"href":"https:\/\/en3s.fr\/formation-professionnelle\/wp-json\/wp\/v2\/types\/page"}],"author":[{"embeddable":true,"href":"https:\/\/en3s.fr\/formation-professionnelle\/wp-json\/wp\/v2\/users\/4"}],"replies":[{"embeddable":true,"href":"https:\/\/en3s.fr\/formation-professionnelle\/wp-json\/wp\/v2\/comments?post=313927"}],"version-history":[{"count":4,"href":"https:\/\/en3s.fr\/formation-professionnelle\/wp-json\/wp\/v2\/pages\/313927\/revisions"}],"predecessor-version":[{"id":316553,"href":"https:\/\/en3s.fr\/formation-professionnelle\/wp-json\/wp\/v2\/pages\/313927\/revisions\/316553"}],"up":[{"embeddable":true,"href":"https:\/\/en3s.fr\/formation-professionnelle\/wp-json\/wp\/v2\/pages\/425"}],"wp:attachment":[{"href":"https:\/\/en3s.fr\/formation-professionnelle\/wp-json\/wp\/v2\/media?parent=313927"}],"curies":[{"name":"wp","href":"https:\/\/api.w.org\/{rel}","templated":true}]}}