{"id":314478,"date":"2024-01-30T16:01:39","date_gmt":"2024-01-30T15:01:39","guid":{"rendered":"https:\/\/en3s.fr\/formation-professionnelle\/?page_id=314478"},"modified":"2026-01-05T10:22:32","modified_gmt":"2026-01-05T09:22:32","slug":"ateliers-acteurs-de-la-transition-ecologique","status":"publish","type":"page","link":"https:\/\/en3s.fr\/formation-professionnelle\/formations-professionnelles\/formations-courtes\/ateliers-acteurs-de-la-transition-ecologique\/","title":{"rendered":"Ateliers # &#8211; Acteurs de la Transition Ecologique"},"content":{"rendered":"<p>\u00ab Sensibilisation aux enjeux \u00e9cologiques \u00bb et \u00ab Les leviers acc\u00e9l\u00e9rateurs de la transition \u00e9cologique \u00bb<\/p>\n","protected":false},"excerpt":{"rendered":"<p>Sensibilisation aux enjeux \u00e9cologiques et les leviers acc\u00e9l\u00e9rateurs de la transition \u00e9cologique<\/p>\n","protected":false},"author":4,"featured_media":0,"parent":425,"menu_order":0,"comment_status":"closed","ping_status":"closed","template":"partials\/template-formation.php","meta":{"ngg_post_thumbnail":0,"footnotes":""},"class_list":["post-314478","page","type-page","status-publish","hentry"],"yoast_head":"<!-- This site is optimized with the Yoast SEO plugin v24.9 - https:\/\/yoast.com\/wordpress\/plugins\/seo\/ -->\n<title>Ateliers # - Acteurs de la Transition Ecologique - Formations professionnelles de l&#039;EN3S<\/title>\n<meta name=\"description\" content=\"Sensibilisation aux enjeux \u00e9cologiques et les leviers acc\u00e9l\u00e9rateurs de la transition \u00e9cologique\" \/>\n<meta name=\"robots\" content=\"index, follow, max-snippet:-1, max-image-preview:large, max-video-preview:-1\" \/>\n<link rel=\"canonical\" href=\"https:\/\/en3s.fr\/formation-professionnelle\/formations-professionnelles\/formations-courtes\/ateliers-acteurs-de-la-transition-ecologique\/\" \/>\n<meta property=\"og:locale\" content=\"fr_FR\" \/>\n<meta property=\"og:type\" content=\"article\" \/>\n<meta property=\"og:title\" content=\"Ateliers # - Acteurs de la Transition Ecologique - Formations professionnelles de l&#039;EN3S\" \/>\n<meta property=\"og:description\" content=\"Sensibilisation aux enjeux \u00e9cologiques et les leviers acc\u00e9l\u00e9rateurs de la transition \u00e9cologique\" \/>\n<meta property=\"og:url\" content=\"https:\/\/en3s.fr\/formation-professionnelle\/formations-professionnelles\/formations-courtes\/ateliers-acteurs-de-la-transition-ecologique\/\" \/>\n<meta property=\"og:site_name\" content=\"Formations professionnelles de l&#039;EN3S\" \/>\n<meta property=\"article:modified_time\" content=\"2026-01-05T09:22:32+00:00\" \/>\n<meta name=\"twitter:card\" content=\"summary_large_image\" \/>\n<meta name=\"twitter:label1\" content=\"Dur\u00e9e de lecture estim\u00e9e\" \/>\n\t<meta name=\"twitter:data1\" content=\"1 minute\" \/>\n<script type=\"application\/ld+json\" class=\"yoast-schema-graph\">{\"@context\":\"https:\/\/schema.org\",\"@graph\":[{\"@type\":\"WebPage\",\"@id\":\"https:\/\/en3s.fr\/formation-professionnelle\/formations-professionnelles\/formations-courtes\/ateliers-acteurs-de-la-transition-ecologique\/\",\"url\":\"https:\/\/en3s.fr\/formation-professionnelle\/formations-professionnelles\/formations-courtes\/ateliers-acteurs-de-la-transition-ecologique\/\",\"name\":\"Ateliers # - Acteurs de la Transition Ecologique - Formations professionnelles de l&#039;EN3S\",\"isPartOf\":{\"@id\":\"https:\/\/en3s.fr\/formation-professionnelle\/#website\"},\"datePublished\":\"2024-01-30T15:01:39+00:00\",\"dateModified\":\"2026-01-05T09:22:32+00:00\",\"description\":\"Sensibilisation aux enjeux \u00e9cologiques et les leviers acc\u00e9l\u00e9rateurs de la transition \u00e9cologique\",\"breadcrumb\":{\"@id\":\"https:\/\/en3s.fr\/formation-professionnelle\/formations-professionnelles\/formations-courtes\/ateliers-acteurs-de-la-transition-ecologique\/#breadcrumb\"},\"inLanguage\":\"fr-FR\",\"potentialAction\":[{\"@type\":\"ReadAction\",\"target\":[\"https:\/\/en3s.fr\/formation-professionnelle\/formations-professionnelles\/formations-courtes\/ateliers-acteurs-de-la-transition-ecologique\/\"]}]},{\"@type\":\"BreadcrumbList\",\"@id\":\"https:\/\/en3s.fr\/formation-professionnelle\/formations-professionnelles\/formations-courtes\/ateliers-acteurs-de-la-transition-ecologique\/#breadcrumb\",\"itemListElement\":[{\"@type\":\"ListItem\",\"position\":1,\"name\":\"Accueil\",\"item\":\"https:\/\/en3s.fr\/formation-professionnelle\/\"},{\"@type\":\"ListItem\",\"position\":2,\"name\":\"Formations professionnelles\",\"item\":\"https:\/\/en3s.fr\/formation-professionnelle\/formations-professionnelles\/\"},{\"@type\":\"ListItem\",\"position\":3,\"name\":\"Formations courtes\",\"item\":\"https:\/\/en3s.fr\/formation-professionnelle\/formations-professionnelles\/formations-courtes\/\"},{\"@type\":\"ListItem\",\"position\":4,\"name\":\"Ateliers # &#8211; Acteurs de la Transition Ecologique\"}]},{\"@type\":\"WebSite\",\"@id\":\"https:\/\/en3s.fr\/formation-professionnelle\/#website\",\"url\":\"https:\/\/en3s.fr\/formation-professionnelle\/\",\"name\":\"Formations professionnelles de l&#039;EN3S\",\"description\":\"Site des formations professionnelles de l&#039;EN3S\",\"potentialAction\":[{\"@type\":\"SearchAction\",\"target\":{\"@type\":\"EntryPoint\",\"urlTemplate\":\"https:\/\/en3s.fr\/formation-professionnelle\/?s={search_term_string}\"},\"query-input\":{\"@type\":\"PropertyValueSpecification\",\"valueRequired\":true,\"valueName\":\"search_term_string\"}}],\"inLanguage\":\"fr-FR\"}]}<\/script>\n<!-- \/ Yoast SEO plugin. -->","yoast_head_json":{"title":"Ateliers # - Acteurs de la Transition Ecologique - Formations professionnelles de l&#039;EN3S","description":"Sensibilisation aux enjeux \u00e9cologiques et les leviers acc\u00e9l\u00e9rateurs de la transition \u00e9cologique","robots":{"index":"index","follow":"follow","max-snippet":"max-snippet:-1","max-image-preview":"max-image-preview:large","max-video-preview":"max-video-preview:-1"},"canonical":"https:\/\/en3s.fr\/formation-professionnelle\/formations-professionnelles\/formations-courtes\/ateliers-acteurs-de-la-transition-ecologique\/","og_locale":"fr_FR","og_type":"article","og_title":"Ateliers # - Acteurs de la Transition Ecologique - Formations professionnelles de l&#039;EN3S","og_description":"Sensibilisation aux enjeux \u00e9cologiques et les leviers acc\u00e9l\u00e9rateurs de la transition \u00e9cologique","og_url":"https:\/\/en3s.fr\/formation-professionnelle\/formations-professionnelles\/formations-courtes\/ateliers-acteurs-de-la-transition-ecologique\/","og_site_name":"Formations professionnelles de l&#039;EN3S","article_modified_time":"2026-01-05T09:22:32+00:00","twitter_card":"summary_large_image","twitter_misc":{"Dur\u00e9e de lecture estim\u00e9e":"1 minute"},"schema":{"@context":"https:\/\/schema.org","@graph":[{"@type":"WebPage","@id":"https:\/\/en3s.fr\/formation-professionnelle\/formations-professionnelles\/formations-courtes\/ateliers-acteurs-de-la-transition-ecologique\/","url":"https:\/\/en3s.fr\/formation-professionnelle\/formations-professionnelles\/formations-courtes\/ateliers-acteurs-de-la-transition-ecologique\/","name":"Ateliers # - Acteurs de la Transition Ecologique - Formations professionnelles de l&#039;EN3S","isPartOf":{"@id":"https:\/\/en3s.fr\/formation-professionnelle\/#website"},"datePublished":"2024-01-30T15:01:39+00:00","dateModified":"2026-01-05T09:22:32+00:00","description":"Sensibilisation aux enjeux \u00e9cologiques et les leviers acc\u00e9l\u00e9rateurs de la transition \u00e9cologique","breadcrumb":{"@id":"https:\/\/en3s.fr\/formation-professionnelle\/formations-professionnelles\/formations-courtes\/ateliers-acteurs-de-la-transition-ecologique\/#breadcrumb"},"inLanguage":"fr-FR","potentialAction":[{"@type":"ReadAction","target":["https:\/\/en3s.fr\/formation-professionnelle\/formations-professionnelles\/formations-courtes\/ateliers-acteurs-de-la-transition-ecologique\/"]}]},{"@type":"BreadcrumbList","@id":"https:\/\/en3s.fr\/formation-professionnelle\/formations-professionnelles\/formations-courtes\/ateliers-acteurs-de-la-transition-ecologique\/#breadcrumb","itemListElement":[{"@type":"ListItem","position":1,"name":"Accueil","item":"https:\/\/en3s.fr\/formation-professionnelle\/"},{"@type":"ListItem","position":2,"name":"Formations professionnelles","item":"https:\/\/en3s.fr\/formation-professionnelle\/formations-professionnelles\/"},{"@type":"ListItem","position":3,"name":"Formations courtes","item":"https:\/\/en3s.fr\/formation-professionnelle\/formations-professionnelles\/formations-courtes\/"},{"@type":"ListItem","position":4,"name":"Ateliers # &#8211; Acteurs de la Transition Ecologique"}]},{"@type":"WebSite","@id":"https:\/\/en3s.fr\/formation-professionnelle\/#website","url":"https:\/\/en3s.fr\/formation-professionnelle\/","name":"Formations professionnelles de l&#039;EN3S","description":"Site des formations professionnelles de l&#039;EN3S","potentialAction":[{"@type":"SearchAction","target":{"@type":"EntryPoint","urlTemplate":"https:\/\/en3s.fr\/formation-professionnelle\/?s={search_term_string}"},"query-input":{"@type":"PropertyValueSpecification","valueRequired":true,"valueName":"search_term_string"}}],"inLanguage":"fr-FR"}]}},"_links":{"self":[{"href":"https:\/\/en3s.fr\/formation-professionnelle\/wp-json\/wp\/v2\/pages\/314478","targetHints":{"allow":["GET"]}}],"collection":[{"href":"https:\/\/en3s.fr\/formation-professionnelle\/wp-json\/wp\/v2\/pages"}],"about":[{"href":"https:\/\/en3s.fr\/formation-professionnelle\/wp-json\/wp\/v2\/types\/page"}],"author":[{"embeddable":true,"href":"https:\/\/en3s.fr\/formation-professionnelle\/wp-json\/wp\/v2\/users\/4"}],"replies":[{"embeddable":true,"href":"https:\/\/en3s.fr\/formation-professionnelle\/wp-json\/wp\/v2\/comments?post=314478"}],"version-history":[{"count":13,"href":"https:\/\/en3s.fr\/formation-professionnelle\/wp-json\/wp\/v2\/pages\/314478\/revisions"}],"predecessor-version":[{"id":316761,"href":"https:\/\/en3s.fr\/formation-professionnelle\/wp-json\/wp\/v2\/pages\/314478\/revisions\/316761"}],"up":[{"embeddable":true,"href":"https:\/\/en3s.fr\/formation-professionnelle\/wp-json\/wp\/v2\/pages\/425"}],"wp:attachment":[{"href":"https:\/\/en3s.fr\/formation-professionnelle\/wp-json\/wp\/v2\/media?parent=314478"}],"curies":[{"name":"wp","href":"https:\/\/api.w.org\/{rel}","templated":true}]}}