{"id":314748,"date":"2024-06-06T17:00:12","date_gmt":"2024-06-06T15:00:12","guid":{"rendered":"https:\/\/en3s.fr\/formation-professionnelle\/?page_id=314748"},"modified":"2026-02-17T09:48:36","modified_gmt":"2026-02-17T08:48:36","slug":"solidarites-intergenerationnelles-et-protection-sociale","status":"publish","type":"page","link":"https:\/\/en3s.fr\/formation-professionnelle\/formations-professionnelles\/conferences-journees-dactualite\/solidarites-intergenerationnelles-et-protection-sociale\/","title":{"rendered":"Solidarit\u00e9s interg\u00e9n\u00e9rationnelles et protection sociale ?"},"content":{"rendered":"","protected":false},"excerpt":{"rendered":"<p>Les journ\u00e9es du cycle Actualit\u00e9 de la protection sociale permettent de s&rsquo;informer sur les r\u00e9formes et pr\u00e9visions dans le champ de la protection sociale. APS<\/p>\n","protected":false},"author":4,"featured_media":0,"parent":1215,"menu_order":5,"comment_status":"closed","ping_status":"closed","template":"partials\/template-formation.php","meta":{"ngg_post_thumbnail":0,"footnotes":""},"class_list":["post-314748","page","type-page","status-publish","hentry","cycle_formation-cycle-actualite-de-la-protection-sociale"],"yoast_head":"<!-- This site is optimized with the Yoast SEO plugin v24.9 - https:\/\/yoast.com\/wordpress\/plugins\/seo\/ -->\n<title>Solidarit\u00e9s interg\u00e9n\u00e9rationnelles et protection sociale ? - Formations professionnelles de l&#039;EN3S<\/title>\n<meta name=\"description\" content=\"Les journ\u00e9es du cycle Actualit\u00e9 de la protection sociale permettent de s&#039;informer sur les r\u00e9formes et pr\u00e9visions dans le champ de la protection sociale. APS\" \/>\n<meta name=\"robots\" content=\"index, follow, max-snippet:-1, max-image-preview:large, max-video-preview:-1\" \/>\n<link rel=\"canonical\" href=\"https:\/\/en3s.fr\/formation-professionnelle\/formations-professionnelles\/conferences-journees-dactualite\/solidarites-intergenerationnelles-et-protection-sociale\/\" \/>\n<meta property=\"og:locale\" content=\"fr_FR\" \/>\n<meta property=\"og:type\" content=\"article\" \/>\n<meta property=\"og:title\" content=\"Solidarit\u00e9s interg\u00e9n\u00e9rationnelles et protection sociale ? - Formations professionnelles de l&#039;EN3S\" \/>\n<meta property=\"og:description\" content=\"Les journ\u00e9es du cycle Actualit\u00e9 de la protection sociale permettent de s&#039;informer sur les r\u00e9formes et pr\u00e9visions dans le champ de la protection sociale. APS\" \/>\n<meta property=\"og:url\" content=\"https:\/\/en3s.fr\/formation-professionnelle\/formations-professionnelles\/conferences-journees-dactualite\/solidarites-intergenerationnelles-et-protection-sociale\/\" \/>\n<meta property=\"og:site_name\" content=\"Formations professionnelles de l&#039;EN3S\" \/>\n<meta property=\"article:modified_time\" content=\"2026-02-17T08:48:36+00:00\" \/>\n<meta name=\"twitter:card\" content=\"summary_large_image\" \/>\n<script type=\"application\/ld+json\" class=\"yoast-schema-graph\">{\"@context\":\"https:\/\/schema.org\",\"@graph\":[{\"@type\":\"WebPage\",\"@id\":\"https:\/\/en3s.fr\/formation-professionnelle\/formations-professionnelles\/conferences-journees-dactualite\/solidarites-intergenerationnelles-et-protection-sociale\/\",\"url\":\"https:\/\/en3s.fr\/formation-professionnelle\/formations-professionnelles\/conferences-journees-dactualite\/solidarites-intergenerationnelles-et-protection-sociale\/\",\"name\":\"Solidarit\u00e9s interg\u00e9n\u00e9rationnelles et protection sociale ? - Formations professionnelles de l&#039;EN3S\",\"isPartOf\":{\"@id\":\"https:\/\/en3s.fr\/formation-professionnelle\/#website\"},\"datePublished\":\"2024-06-06T15:00:12+00:00\",\"dateModified\":\"2026-02-17T08:48:36+00:00\",\"description\":\"Les journ\u00e9es du cycle Actualit\u00e9 de la protection sociale permettent de s'informer sur les r\u00e9formes et pr\u00e9visions dans le champ de la protection sociale. APS\",\"breadcrumb\":{\"@id\":\"https:\/\/en3s.fr\/formation-professionnelle\/formations-professionnelles\/conferences-journees-dactualite\/solidarites-intergenerationnelles-et-protection-sociale\/#breadcrumb\"},\"inLanguage\":\"fr-FR\",\"potentialAction\":[{\"@type\":\"ReadAction\",\"target\":[\"https:\/\/en3s.fr\/formation-professionnelle\/formations-professionnelles\/conferences-journees-dactualite\/solidarites-intergenerationnelles-et-protection-sociale\/\"]}]},{\"@type\":\"BreadcrumbList\",\"@id\":\"https:\/\/en3s.fr\/formation-professionnelle\/formations-professionnelles\/conferences-journees-dactualite\/solidarites-intergenerationnelles-et-protection-sociale\/#breadcrumb\",\"itemListElement\":[{\"@type\":\"ListItem\",\"position\":1,\"name\":\"Accueil\",\"item\":\"https:\/\/en3s.fr\/formation-professionnelle\/\"},{\"@type\":\"ListItem\",\"position\":2,\"name\":\"Formations professionnelles\",\"item\":\"https:\/\/en3s.fr\/formation-professionnelle\/formations-professionnelles\/\"},{\"@type\":\"ListItem\",\"position\":3,\"name\":\"Conf\u00e9rences, journ\u00e9es d&rsquo;actualit\u00e9\",\"item\":\"https:\/\/en3s.fr\/formation-professionnelle\/formations-professionnelles\/conferences-journees-dactualite\/\"},{\"@type\":\"ListItem\",\"position\":4,\"name\":\"Solidarit\u00e9s interg\u00e9n\u00e9rationnelles et protection sociale ?\"}]},{\"@type\":\"WebSite\",\"@id\":\"https:\/\/en3s.fr\/formation-professionnelle\/#website\",\"url\":\"https:\/\/en3s.fr\/formation-professionnelle\/\",\"name\":\"Formations professionnelles de l&#039;EN3S\",\"description\":\"Site des formations professionnelles de l&#039;EN3S\",\"potentialAction\":[{\"@type\":\"SearchAction\",\"target\":{\"@type\":\"EntryPoint\",\"urlTemplate\":\"https:\/\/en3s.fr\/formation-professionnelle\/?s={search_term_string}\"},\"query-input\":{\"@type\":\"PropertyValueSpecification\",\"valueRequired\":true,\"valueName\":\"search_term_string\"}}],\"inLanguage\":\"fr-FR\"}]}<\/script>\n<!-- \/ Yoast SEO plugin. -->","yoast_head_json":{"title":"Solidarit\u00e9s interg\u00e9n\u00e9rationnelles et protection sociale ? - Formations professionnelles de l&#039;EN3S","description":"Les journ\u00e9es du cycle Actualit\u00e9 de la protection sociale permettent de s'informer sur les r\u00e9formes et pr\u00e9visions dans le champ de la protection sociale. APS","robots":{"index":"index","follow":"follow","max-snippet":"max-snippet:-1","max-image-preview":"max-image-preview:large","max-video-preview":"max-video-preview:-1"},"canonical":"https:\/\/en3s.fr\/formation-professionnelle\/formations-professionnelles\/conferences-journees-dactualite\/solidarites-intergenerationnelles-et-protection-sociale\/","og_locale":"fr_FR","og_type":"article","og_title":"Solidarit\u00e9s interg\u00e9n\u00e9rationnelles et protection sociale ? - Formations professionnelles de l&#039;EN3S","og_description":"Les journ\u00e9es du cycle Actualit\u00e9 de la protection sociale permettent de s'informer sur les r\u00e9formes et pr\u00e9visions dans le champ de la protection sociale. APS","og_url":"https:\/\/en3s.fr\/formation-professionnelle\/formations-professionnelles\/conferences-journees-dactualite\/solidarites-intergenerationnelles-et-protection-sociale\/","og_site_name":"Formations professionnelles de l&#039;EN3S","article_modified_time":"2026-02-17T08:48:36+00:00","twitter_card":"summary_large_image","schema":{"@context":"https:\/\/schema.org","@graph":[{"@type":"WebPage","@id":"https:\/\/en3s.fr\/formation-professionnelle\/formations-professionnelles\/conferences-journees-dactualite\/solidarites-intergenerationnelles-et-protection-sociale\/","url":"https:\/\/en3s.fr\/formation-professionnelle\/formations-professionnelles\/conferences-journees-dactualite\/solidarites-intergenerationnelles-et-protection-sociale\/","name":"Solidarit\u00e9s interg\u00e9n\u00e9rationnelles et protection sociale ? - Formations professionnelles de l&#039;EN3S","isPartOf":{"@id":"https:\/\/en3s.fr\/formation-professionnelle\/#website"},"datePublished":"2024-06-06T15:00:12+00:00","dateModified":"2026-02-17T08:48:36+00:00","description":"Les journ\u00e9es du cycle Actualit\u00e9 de la protection sociale permettent de s'informer sur les r\u00e9formes et pr\u00e9visions dans le champ de la protection sociale. APS","breadcrumb":{"@id":"https:\/\/en3s.fr\/formation-professionnelle\/formations-professionnelles\/conferences-journees-dactualite\/solidarites-intergenerationnelles-et-protection-sociale\/#breadcrumb"},"inLanguage":"fr-FR","potentialAction":[{"@type":"ReadAction","target":["https:\/\/en3s.fr\/formation-professionnelle\/formations-professionnelles\/conferences-journees-dactualite\/solidarites-intergenerationnelles-et-protection-sociale\/"]}]},{"@type":"BreadcrumbList","@id":"https:\/\/en3s.fr\/formation-professionnelle\/formations-professionnelles\/conferences-journees-dactualite\/solidarites-intergenerationnelles-et-protection-sociale\/#breadcrumb","itemListElement":[{"@type":"ListItem","position":1,"name":"Accueil","item":"https:\/\/en3s.fr\/formation-professionnelle\/"},{"@type":"ListItem","position":2,"name":"Formations professionnelles","item":"https:\/\/en3s.fr\/formation-professionnelle\/formations-professionnelles\/"},{"@type":"ListItem","position":3,"name":"Conf\u00e9rences, journ\u00e9es d&rsquo;actualit\u00e9","item":"https:\/\/en3s.fr\/formation-professionnelle\/formations-professionnelles\/conferences-journees-dactualite\/"},{"@type":"ListItem","position":4,"name":"Solidarit\u00e9s interg\u00e9n\u00e9rationnelles et protection sociale ?"}]},{"@type":"WebSite","@id":"https:\/\/en3s.fr\/formation-professionnelle\/#website","url":"https:\/\/en3s.fr\/formation-professionnelle\/","name":"Formations professionnelles de l&#039;EN3S","description":"Site des formations professionnelles de l&#039;EN3S","potentialAction":[{"@type":"SearchAction","target":{"@type":"EntryPoint","urlTemplate":"https:\/\/en3s.fr\/formation-professionnelle\/?s={search_term_string}"},"query-input":{"@type":"PropertyValueSpecification","valueRequired":true,"valueName":"search_term_string"}}],"inLanguage":"fr-FR"}]}},"_links":{"self":[{"href":"https:\/\/en3s.fr\/formation-professionnelle\/wp-json\/wp\/v2\/pages\/314748","targetHints":{"allow":["GET"]}}],"collection":[{"href":"https:\/\/en3s.fr\/formation-professionnelle\/wp-json\/wp\/v2\/pages"}],"about":[{"href":"https:\/\/en3s.fr\/formation-professionnelle\/wp-json\/wp\/v2\/types\/page"}],"author":[{"embeddable":true,"href":"https:\/\/en3s.fr\/formation-professionnelle\/wp-json\/wp\/v2\/users\/4"}],"replies":[{"embeddable":true,"href":"https:\/\/en3s.fr\/formation-professionnelle\/wp-json\/wp\/v2\/comments?post=314748"}],"version-history":[{"count":14,"href":"https:\/\/en3s.fr\/formation-professionnelle\/wp-json\/wp\/v2\/pages\/314748\/revisions"}],"predecessor-version":[{"id":317103,"href":"https:\/\/en3s.fr\/formation-professionnelle\/wp-json\/wp\/v2\/pages\/314748\/revisions\/317103"}],"up":[{"embeddable":true,"href":"https:\/\/en3s.fr\/formation-professionnelle\/wp-json\/wp\/v2\/pages\/1215"}],"wp:attachment":[{"href":"https:\/\/en3s.fr\/formation-professionnelle\/wp-json\/wp\/v2\/media?parent=314748"}],"curies":[{"name":"wp","href":"https:\/\/api.w.org\/{rel}","templated":true}]}}