{"id":315020,"date":"2024-09-23T16:45:38","date_gmt":"2024-09-23T14:45:38","guid":{"rendered":"https:\/\/en3s.fr\/formation-professionnelle\/?page_id=315020"},"modified":"2024-09-23T16:48:03","modified_gmt":"2024-09-23T14:48:03","slug":"plateforme-agora","status":"publish","type":"page","link":"https:\/\/en3s.fr\/formation-professionnelle\/formez-vos-equipes\/plateforme-agora\/","title":{"rendered":"Plateforme AGORA"},"content":{"rendered":"<p>Dans le prolongement des communications sur la plateforme d\u2019\u00e9changes de donn\u00e9es AGORA, nous avons le plaisir de vous informer que l\u2019En3s et l\u2019Institut 4.10, dans le cadre de leur mission de subrogation avec Uniformation, sont pr\u00eats \u00e0 recueillir les donn\u00e9es de vos stagiaires conform\u00e9ment \u00e0 la loi du 8 ao\u00fbt 2016 relative au travail, \u00e0 la modernisation du dialogue social et \u00e0 la s\u00e9curisation des parcours professionnels et au d\u00e9cret du 4 mai 2017 relatif \u00e0 l\u2019alimentation de la plateforme AGORA.<\/p>\n","protected":false},"excerpt":{"rendered":"<p>Plateforme d&rsquo;\u00e9changes de donn\u00e9es AGORA<\/p>\n","protected":false},"author":4,"featured_media":0,"parent":408,"menu_order":0,"comment_status":"closed","ping_status":"closed","template":"","meta":{"ngg_post_thumbnail":0,"footnotes":""},"class_list":["post-315020","page","type-page","status-publish","hentry"],"yoast_head":"<!-- This site is optimized with the Yoast SEO plugin v24.9 - https:\/\/yoast.com\/wordpress\/plugins\/seo\/ -->\n<title>Plateforme AGORA - Formations professionnelles de l&#039;EN3S<\/title>\n<meta name=\"description\" content=\"Plateforme d&#039;\u00e9changes de donn\u00e9es AGORA\" \/>\n<meta name=\"robots\" content=\"index, follow, max-snippet:-1, max-image-preview:large, max-video-preview:-1\" \/>\n<link rel=\"canonical\" href=\"https:\/\/en3s.fr\/formation-professionnelle\/formez-vos-equipes\/plateforme-agora\/\" \/>\n<meta property=\"og:locale\" content=\"fr_FR\" \/>\n<meta property=\"og:type\" content=\"article\" \/>\n<meta property=\"og:title\" content=\"Plateforme AGORA - Formations professionnelles de l&#039;EN3S\" \/>\n<meta property=\"og:description\" content=\"Plateforme d&#039;\u00e9changes de donn\u00e9es AGORA\" \/>\n<meta property=\"og:url\" content=\"https:\/\/en3s.fr\/formation-professionnelle\/formez-vos-equipes\/plateforme-agora\/\" \/>\n<meta property=\"og:site_name\" content=\"Formations professionnelles de l&#039;EN3S\" \/>\n<meta property=\"article:modified_time\" content=\"2024-09-23T14:48:03+00:00\" \/>\n<meta name=\"twitter:card\" content=\"summary_large_image\" \/>\n<meta name=\"twitter:label1\" content=\"Dur\u00e9e de lecture estim\u00e9e\" \/>\n\t<meta name=\"twitter:data1\" content=\"1 minute\" \/>\n<script type=\"application\/ld+json\" class=\"yoast-schema-graph\">{\"@context\":\"https:\/\/schema.org\",\"@graph\":[{\"@type\":\"WebPage\",\"@id\":\"https:\/\/en3s.fr\/formation-professionnelle\/formez-vos-equipes\/plateforme-agora\/\",\"url\":\"https:\/\/en3s.fr\/formation-professionnelle\/formez-vos-equipes\/plateforme-agora\/\",\"name\":\"Plateforme AGORA - Formations professionnelles de l&#039;EN3S\",\"isPartOf\":{\"@id\":\"https:\/\/en3s.fr\/formation-professionnelle\/#website\"},\"datePublished\":\"2024-09-23T14:45:38+00:00\",\"dateModified\":\"2024-09-23T14:48:03+00:00\",\"description\":\"Plateforme d'\u00e9changes de donn\u00e9es AGORA\",\"breadcrumb\":{\"@id\":\"https:\/\/en3s.fr\/formation-professionnelle\/formez-vos-equipes\/plateforme-agora\/#breadcrumb\"},\"inLanguage\":\"fr-FR\",\"potentialAction\":[{\"@type\":\"ReadAction\",\"target\":[\"https:\/\/en3s.fr\/formation-professionnelle\/formez-vos-equipes\/plateforme-agora\/\"]}]},{\"@type\":\"BreadcrumbList\",\"@id\":\"https:\/\/en3s.fr\/formation-professionnelle\/formez-vos-equipes\/plateforme-agora\/#breadcrumb\",\"itemListElement\":[{\"@type\":\"ListItem\",\"position\":1,\"name\":\"Accueil\",\"item\":\"https:\/\/en3s.fr\/formation-professionnelle\/\"},{\"@type\":\"ListItem\",\"position\":2,\"name\":\"Formez vos \u00e9quipes\",\"item\":\"https:\/\/en3s.fr\/formation-professionnelle\/formez-vos-equipes\/\"},{\"@type\":\"ListItem\",\"position\":3,\"name\":\"Plateforme AGORA\"}]},{\"@type\":\"WebSite\",\"@id\":\"https:\/\/en3s.fr\/formation-professionnelle\/#website\",\"url\":\"https:\/\/en3s.fr\/formation-professionnelle\/\",\"name\":\"Formations professionnelles de l&#039;EN3S\",\"description\":\"Site des formations professionnelles de l&#039;EN3S\",\"potentialAction\":[{\"@type\":\"SearchAction\",\"target\":{\"@type\":\"EntryPoint\",\"urlTemplate\":\"https:\/\/en3s.fr\/formation-professionnelle\/?s={search_term_string}\"},\"query-input\":{\"@type\":\"PropertyValueSpecification\",\"valueRequired\":true,\"valueName\":\"search_term_string\"}}],\"inLanguage\":\"fr-FR\"}]}<\/script>\n<!-- \/ Yoast SEO plugin. -->","yoast_head_json":{"title":"Plateforme AGORA - Formations professionnelles de l&#039;EN3S","description":"Plateforme d'\u00e9changes de donn\u00e9es AGORA","robots":{"index":"index","follow":"follow","max-snippet":"max-snippet:-1","max-image-preview":"max-image-preview:large","max-video-preview":"max-video-preview:-1"},"canonical":"https:\/\/en3s.fr\/formation-professionnelle\/formez-vos-equipes\/plateforme-agora\/","og_locale":"fr_FR","og_type":"article","og_title":"Plateforme AGORA - Formations professionnelles de l&#039;EN3S","og_description":"Plateforme d'\u00e9changes de donn\u00e9es AGORA","og_url":"https:\/\/en3s.fr\/formation-professionnelle\/formez-vos-equipes\/plateforme-agora\/","og_site_name":"Formations professionnelles de l&#039;EN3S","article_modified_time":"2024-09-23T14:48:03+00:00","twitter_card":"summary_large_image","twitter_misc":{"Dur\u00e9e de lecture estim\u00e9e":"1 minute"},"schema":{"@context":"https:\/\/schema.org","@graph":[{"@type":"WebPage","@id":"https:\/\/en3s.fr\/formation-professionnelle\/formez-vos-equipes\/plateforme-agora\/","url":"https:\/\/en3s.fr\/formation-professionnelle\/formez-vos-equipes\/plateforme-agora\/","name":"Plateforme AGORA - Formations professionnelles de l&#039;EN3S","isPartOf":{"@id":"https:\/\/en3s.fr\/formation-professionnelle\/#website"},"datePublished":"2024-09-23T14:45:38+00:00","dateModified":"2024-09-23T14:48:03+00:00","description":"Plateforme d'\u00e9changes de donn\u00e9es AGORA","breadcrumb":{"@id":"https:\/\/en3s.fr\/formation-professionnelle\/formez-vos-equipes\/plateforme-agora\/#breadcrumb"},"inLanguage":"fr-FR","potentialAction":[{"@type":"ReadAction","target":["https:\/\/en3s.fr\/formation-professionnelle\/formez-vos-equipes\/plateforme-agora\/"]}]},{"@type":"BreadcrumbList","@id":"https:\/\/en3s.fr\/formation-professionnelle\/formez-vos-equipes\/plateforme-agora\/#breadcrumb","itemListElement":[{"@type":"ListItem","position":1,"name":"Accueil","item":"https:\/\/en3s.fr\/formation-professionnelle\/"},{"@type":"ListItem","position":2,"name":"Formez vos \u00e9quipes","item":"https:\/\/en3s.fr\/formation-professionnelle\/formez-vos-equipes\/"},{"@type":"ListItem","position":3,"name":"Plateforme AGORA"}]},{"@type":"WebSite","@id":"https:\/\/en3s.fr\/formation-professionnelle\/#website","url":"https:\/\/en3s.fr\/formation-professionnelle\/","name":"Formations professionnelles de l&#039;EN3S","description":"Site des formations professionnelles de l&#039;EN3S","potentialAction":[{"@type":"SearchAction","target":{"@type":"EntryPoint","urlTemplate":"https:\/\/en3s.fr\/formation-professionnelle\/?s={search_term_string}"},"query-input":{"@type":"PropertyValueSpecification","valueRequired":true,"valueName":"search_term_string"}}],"inLanguage":"fr-FR"}]}},"_links":{"self":[{"href":"https:\/\/en3s.fr\/formation-professionnelle\/wp-json\/wp\/v2\/pages\/315020","targetHints":{"allow":["GET"]}}],"collection":[{"href":"https:\/\/en3s.fr\/formation-professionnelle\/wp-json\/wp\/v2\/pages"}],"about":[{"href":"https:\/\/en3s.fr\/formation-professionnelle\/wp-json\/wp\/v2\/types\/page"}],"author":[{"embeddable":true,"href":"https:\/\/en3s.fr\/formation-professionnelle\/wp-json\/wp\/v2\/users\/4"}],"replies":[{"embeddable":true,"href":"https:\/\/en3s.fr\/formation-professionnelle\/wp-json\/wp\/v2\/comments?post=315020"}],"version-history":[{"count":0,"href":"https:\/\/en3s.fr\/formation-professionnelle\/wp-json\/wp\/v2\/pages\/315020\/revisions"}],"up":[{"embeddable":true,"href":"https:\/\/en3s.fr\/formation-professionnelle\/wp-json\/wp\/v2\/pages\/408"}],"wp:attachment":[{"href":"https:\/\/en3s.fr\/formation-professionnelle\/wp-json\/wp\/v2\/media?parent=315020"}],"curies":[{"name":"wp","href":"https:\/\/api.w.org\/{rel}","templated":true}]}}