{"id":315535,"date":"2025-01-10T11:09:25","date_gmt":"2025-01-10T10:09:25","guid":{"rendered":"https:\/\/en3s.fr\/formation-professionnelle\/?page_id=315535"},"modified":"2025-03-04T14:10:35","modified_gmt":"2025-03-04T13:10:35","slug":"managers-rh-transformez-votre-equipe-en-organisation-apprenante","status":"publish","type":"page","link":"https:\/\/en3s.fr\/formation-professionnelle\/formations-professionnelles\/conferences-journees-dactualite\/managers-rh-transformez-votre-equipe-en-organisation-apprenante\/","title":{"rendered":"Managers, RH : Transformez votre \u00e9quipe en organisation apprenante"},"content":{"rendered":"<p>Une journ\u00e9e d&rsquo;\u00e9tude entre managers et professionnels RH des organismes de Protection sociale<img loading=\"lazy\" decoding=\"async\" class=\"wp-image-313733 alignright\" src=\"https:\/\/en3s.fr\/formation-professionnelle\/wp-content\/uploads\/sites\/3\/2023\/06\/logo-en3s.jpg\" alt=\"\" width=\"85\" height=\"66\" srcset=\"https:\/\/en3s.fr\/formation-professionnelle\/wp-content\/uploads\/sites\/3\/2023\/06\/logo-en3s.jpg 600w, https:\/\/en3s.fr\/formation-professionnelle\/wp-content\/uploads\/sites\/3\/2023\/06\/logo-en3s-275x215.jpg 275w, https:\/\/en3s.fr\/formation-professionnelle\/wp-content\/uploads\/sites\/3\/2023\/06\/logo-en3s-500x390.jpg 500w, https:\/\/en3s.fr\/formation-professionnelle\/wp-content\/uploads\/sites\/3\/2023\/06\/logo-en3s-230x179.jpg 230w\" sizes=\"auto, (max-width: 85px) 100vw, 85px\" \/><img loading=\"lazy\" decoding=\"async\" class=\"wp-image-314911 alignright\" src=\"https:\/\/en3s.fr\/formation-professionnelle\/wp-content\/uploads\/sites\/3\/2024\/07\/logo-ucanss.png\" alt=\"\" width=\"144\" height=\"49\" srcset=\"https:\/\/en3s.fr\/formation-professionnelle\/wp-content\/uploads\/sites\/3\/2024\/07\/logo-ucanss.png 338w, https:\/\/en3s.fr\/formation-professionnelle\/wp-content\/uploads\/sites\/3\/2024\/07\/logo-ucanss-275x94.png 275w, https:\/\/en3s.fr\/formation-professionnelle\/wp-content\/uploads\/sites\/3\/2024\/07\/logo-ucanss-230x78.png 230w\" sizes=\"auto, (max-width: 144px) 100vw, 144px\" \/><\/p>\n","protected":false},"excerpt":{"rendered":"<p>Un s\u00e9minaire d&rsquo;\u00e9changes entre managers et professionnels RH des organismes de Protection sociale<\/p>\n","protected":false},"author":4,"featured_media":0,"parent":1215,"menu_order":0,"comment_status":"closed","ping_status":"closed","template":"partials\/template-formation.php","meta":{"ngg_post_thumbnail":0,"footnotes":""},"class_list":["post-315535","page","type-page","status-publish","hentry"],"yoast_head":"<!-- This site is optimized with the Yoast SEO plugin v24.9 - https:\/\/yoast.com\/wordpress\/plugins\/seo\/ -->\n<title>Managers, RH : Transformez votre \u00e9quipe en organisation apprenante - Formations professionnelles de l&#039;EN3S<\/title>\n<meta name=\"description\" content=\"Un s\u00e9minaire d&#039;\u00e9changes entre managers et professionnels RH des organismes de Protection sociale\" \/>\n<meta name=\"robots\" content=\"index, follow, max-snippet:-1, max-image-preview:large, max-video-preview:-1\" \/>\n<link rel=\"canonical\" href=\"https:\/\/en3s.fr\/formation-professionnelle\/formations-professionnelles\/conferences-journees-dactualite\/managers-rh-transformez-votre-equipe-en-organisation-apprenante\/\" \/>\n<meta property=\"og:locale\" content=\"fr_FR\" \/>\n<meta property=\"og:type\" content=\"article\" \/>\n<meta property=\"og:title\" content=\"Managers, RH : Transformez votre \u00e9quipe en organisation apprenante - Formations professionnelles de l&#039;EN3S\" \/>\n<meta property=\"og:description\" content=\"Un s\u00e9minaire d&#039;\u00e9changes entre managers et professionnels RH des organismes de Protection sociale\" \/>\n<meta property=\"og:url\" content=\"https:\/\/en3s.fr\/formation-professionnelle\/formations-professionnelles\/conferences-journees-dactualite\/managers-rh-transformez-votre-equipe-en-organisation-apprenante\/\" \/>\n<meta property=\"og:site_name\" content=\"Formations professionnelles de l&#039;EN3S\" \/>\n<meta property=\"article:modified_time\" content=\"2025-03-04T13:10:35+00:00\" \/>\n<meta property=\"og:image\" content=\"https:\/\/en3s.fr\/formation-professionnelle\/wp-content\/uploads\/sites\/3\/2023\/06\/logo-en3s.jpg\" \/>\n\t<meta property=\"og:image:width\" content=\"600\" \/>\n\t<meta property=\"og:image:height\" content=\"468\" \/>\n\t<meta property=\"og:image:type\" content=\"image\/jpeg\" \/>\n<meta name=\"twitter:card\" content=\"summary_large_image\" \/>\n<meta name=\"twitter:label1\" content=\"Dur\u00e9e de lecture estim\u00e9e\" \/>\n\t<meta name=\"twitter:data1\" content=\"1 minute\" \/>\n<script type=\"application\/ld+json\" class=\"yoast-schema-graph\">{\"@context\":\"https:\/\/schema.org\",\"@graph\":[{\"@type\":\"WebPage\",\"@id\":\"https:\/\/en3s.fr\/formation-professionnelle\/formations-professionnelles\/conferences-journees-dactualite\/managers-rh-transformez-votre-equipe-en-organisation-apprenante\/\",\"url\":\"https:\/\/en3s.fr\/formation-professionnelle\/formations-professionnelles\/conferences-journees-dactualite\/managers-rh-transformez-votre-equipe-en-organisation-apprenante\/\",\"name\":\"Managers, RH : Transformez votre \u00e9quipe en organisation apprenante - Formations professionnelles de l&#039;EN3S\",\"isPartOf\":{\"@id\":\"https:\/\/en3s.fr\/formation-professionnelle\/#website\"},\"primaryImageOfPage\":{\"@id\":\"https:\/\/en3s.fr\/formation-professionnelle\/formations-professionnelles\/conferences-journees-dactualite\/managers-rh-transformez-votre-equipe-en-organisation-apprenante\/#primaryimage\"},\"image\":{\"@id\":\"https:\/\/en3s.fr\/formation-professionnelle\/formations-professionnelles\/conferences-journees-dactualite\/managers-rh-transformez-votre-equipe-en-organisation-apprenante\/#primaryimage\"},\"thumbnailUrl\":\"https:\/\/en3s.fr\/formation-professionnelle\/wp-content\/uploads\/sites\/3\/2023\/06\/logo-en3s.jpg\",\"datePublished\":\"2025-01-10T10:09:25+00:00\",\"dateModified\":\"2025-03-04T13:10:35+00:00\",\"description\":\"Un s\u00e9minaire d'\u00e9changes entre managers et professionnels RH des organismes de Protection sociale\",\"breadcrumb\":{\"@id\":\"https:\/\/en3s.fr\/formation-professionnelle\/formations-professionnelles\/conferences-journees-dactualite\/managers-rh-transformez-votre-equipe-en-organisation-apprenante\/#breadcrumb\"},\"inLanguage\":\"fr-FR\",\"potentialAction\":[{\"@type\":\"ReadAction\",\"target\":[\"https:\/\/en3s.fr\/formation-professionnelle\/formations-professionnelles\/conferences-journees-dactualite\/managers-rh-transformez-votre-equipe-en-organisation-apprenante\/\"]}]},{\"@type\":\"ImageObject\",\"inLanguage\":\"fr-FR\",\"@id\":\"https:\/\/en3s.fr\/formation-professionnelle\/formations-professionnelles\/conferences-journees-dactualite\/managers-rh-transformez-votre-equipe-en-organisation-apprenante\/#primaryimage\",\"url\":\"https:\/\/en3s.fr\/formation-professionnelle\/wp-content\/uploads\/sites\/3\/2023\/06\/logo-en3s.jpg\",\"contentUrl\":\"https:\/\/en3s.fr\/formation-professionnelle\/wp-content\/uploads\/sites\/3\/2023\/06\/logo-en3s.jpg\",\"width\":600,\"height\":468},{\"@type\":\"BreadcrumbList\",\"@id\":\"https:\/\/en3s.fr\/formation-professionnelle\/formations-professionnelles\/conferences-journees-dactualite\/managers-rh-transformez-votre-equipe-en-organisation-apprenante\/#breadcrumb\",\"itemListElement\":[{\"@type\":\"ListItem\",\"position\":1,\"name\":\"Accueil\",\"item\":\"https:\/\/en3s.fr\/formation-professionnelle\/\"},{\"@type\":\"ListItem\",\"position\":2,\"name\":\"Formations professionnelles\",\"item\":\"https:\/\/en3s.fr\/formation-professionnelle\/formations-professionnelles\/\"},{\"@type\":\"ListItem\",\"position\":3,\"name\":\"Conf\u00e9rences, journ\u00e9es d&rsquo;actualit\u00e9\",\"item\":\"https:\/\/en3s.fr\/formation-professionnelle\/formations-professionnelles\/conferences-journees-dactualite\/\"},{\"@type\":\"ListItem\",\"position\":4,\"name\":\"Managers, RH : Transformez votre \u00e9quipe en organisation apprenante\"}]},{\"@type\":\"WebSite\",\"@id\":\"https:\/\/en3s.fr\/formation-professionnelle\/#website\",\"url\":\"https:\/\/en3s.fr\/formation-professionnelle\/\",\"name\":\"Formations professionnelles de l&#039;EN3S\",\"description\":\"Site des formations professionnelles de l&#039;EN3S\",\"potentialAction\":[{\"@type\":\"SearchAction\",\"target\":{\"@type\":\"EntryPoint\",\"urlTemplate\":\"https:\/\/en3s.fr\/formation-professionnelle\/?s={search_term_string}\"},\"query-input\":{\"@type\":\"PropertyValueSpecification\",\"valueRequired\":true,\"valueName\":\"search_term_string\"}}],\"inLanguage\":\"fr-FR\"}]}<\/script>\n<!-- \/ Yoast SEO plugin. -->","yoast_head_json":{"title":"Managers, RH : Transformez votre \u00e9quipe en organisation apprenante - Formations professionnelles de l&#039;EN3S","description":"Un s\u00e9minaire d'\u00e9changes entre managers et professionnels RH des organismes de Protection sociale","robots":{"index":"index","follow":"follow","max-snippet":"max-snippet:-1","max-image-preview":"max-image-preview:large","max-video-preview":"max-video-preview:-1"},"canonical":"https:\/\/en3s.fr\/formation-professionnelle\/formations-professionnelles\/conferences-journees-dactualite\/managers-rh-transformez-votre-equipe-en-organisation-apprenante\/","og_locale":"fr_FR","og_type":"article","og_title":"Managers, RH : Transformez votre \u00e9quipe en organisation apprenante - Formations professionnelles de l&#039;EN3S","og_description":"Un s\u00e9minaire d'\u00e9changes entre managers et professionnels RH des organismes de Protection sociale","og_url":"https:\/\/en3s.fr\/formation-professionnelle\/formations-professionnelles\/conferences-journees-dactualite\/managers-rh-transformez-votre-equipe-en-organisation-apprenante\/","og_site_name":"Formations professionnelles de l&#039;EN3S","article_modified_time":"2025-03-04T13:10:35+00:00","og_image":[{"width":600,"height":468,"url":"https:\/\/en3s.fr\/formation-professionnelle\/wp-content\/uploads\/sites\/3\/2023\/06\/logo-en3s.jpg","type":"image\/jpeg"}],"twitter_card":"summary_large_image","twitter_misc":{"Dur\u00e9e de lecture estim\u00e9e":"1 minute"},"schema":{"@context":"https:\/\/schema.org","@graph":[{"@type":"WebPage","@id":"https:\/\/en3s.fr\/formation-professionnelle\/formations-professionnelles\/conferences-journees-dactualite\/managers-rh-transformez-votre-equipe-en-organisation-apprenante\/","url":"https:\/\/en3s.fr\/formation-professionnelle\/formations-professionnelles\/conferences-journees-dactualite\/managers-rh-transformez-votre-equipe-en-organisation-apprenante\/","name":"Managers, RH : Transformez votre \u00e9quipe en organisation apprenante - Formations professionnelles de l&#039;EN3S","isPartOf":{"@id":"https:\/\/en3s.fr\/formation-professionnelle\/#website"},"primaryImageOfPage":{"@id":"https:\/\/en3s.fr\/formation-professionnelle\/formations-professionnelles\/conferences-journees-dactualite\/managers-rh-transformez-votre-equipe-en-organisation-apprenante\/#primaryimage"},"image":{"@id":"https:\/\/en3s.fr\/formation-professionnelle\/formations-professionnelles\/conferences-journees-dactualite\/managers-rh-transformez-votre-equipe-en-organisation-apprenante\/#primaryimage"},"thumbnailUrl":"https:\/\/en3s.fr\/formation-professionnelle\/wp-content\/uploads\/sites\/3\/2023\/06\/logo-en3s.jpg","datePublished":"2025-01-10T10:09:25+00:00","dateModified":"2025-03-04T13:10:35+00:00","description":"Un s\u00e9minaire d'\u00e9changes entre managers et professionnels RH des organismes de Protection sociale","breadcrumb":{"@id":"https:\/\/en3s.fr\/formation-professionnelle\/formations-professionnelles\/conferences-journees-dactualite\/managers-rh-transformez-votre-equipe-en-organisation-apprenante\/#breadcrumb"},"inLanguage":"fr-FR","potentialAction":[{"@type":"ReadAction","target":["https:\/\/en3s.fr\/formation-professionnelle\/formations-professionnelles\/conferences-journees-dactualite\/managers-rh-transformez-votre-equipe-en-organisation-apprenante\/"]}]},{"@type":"ImageObject","inLanguage":"fr-FR","@id":"https:\/\/en3s.fr\/formation-professionnelle\/formations-professionnelles\/conferences-journees-dactualite\/managers-rh-transformez-votre-equipe-en-organisation-apprenante\/#primaryimage","url":"https:\/\/en3s.fr\/formation-professionnelle\/wp-content\/uploads\/sites\/3\/2023\/06\/logo-en3s.jpg","contentUrl":"https:\/\/en3s.fr\/formation-professionnelle\/wp-content\/uploads\/sites\/3\/2023\/06\/logo-en3s.jpg","width":600,"height":468},{"@type":"BreadcrumbList","@id":"https:\/\/en3s.fr\/formation-professionnelle\/formations-professionnelles\/conferences-journees-dactualite\/managers-rh-transformez-votre-equipe-en-organisation-apprenante\/#breadcrumb","itemListElement":[{"@type":"ListItem","position":1,"name":"Accueil","item":"https:\/\/en3s.fr\/formation-professionnelle\/"},{"@type":"ListItem","position":2,"name":"Formations professionnelles","item":"https:\/\/en3s.fr\/formation-professionnelle\/formations-professionnelles\/"},{"@type":"ListItem","position":3,"name":"Conf\u00e9rences, journ\u00e9es d&rsquo;actualit\u00e9","item":"https:\/\/en3s.fr\/formation-professionnelle\/formations-professionnelles\/conferences-journees-dactualite\/"},{"@type":"ListItem","position":4,"name":"Managers, RH : Transformez votre \u00e9quipe en organisation apprenante"}]},{"@type":"WebSite","@id":"https:\/\/en3s.fr\/formation-professionnelle\/#website","url":"https:\/\/en3s.fr\/formation-professionnelle\/","name":"Formations professionnelles de l&#039;EN3S","description":"Site des formations professionnelles de l&#039;EN3S","potentialAction":[{"@type":"SearchAction","target":{"@type":"EntryPoint","urlTemplate":"https:\/\/en3s.fr\/formation-professionnelle\/?s={search_term_string}"},"query-input":{"@type":"PropertyValueSpecification","valueRequired":true,"valueName":"search_term_string"}}],"inLanguage":"fr-FR"}]}},"_links":{"self":[{"href":"https:\/\/en3s.fr\/formation-professionnelle\/wp-json\/wp\/v2\/pages\/315535","targetHints":{"allow":["GET"]}}],"collection":[{"href":"https:\/\/en3s.fr\/formation-professionnelle\/wp-json\/wp\/v2\/pages"}],"about":[{"href":"https:\/\/en3s.fr\/formation-professionnelle\/wp-json\/wp\/v2\/types\/page"}],"author":[{"embeddable":true,"href":"https:\/\/en3s.fr\/formation-professionnelle\/wp-json\/wp\/v2\/users\/4"}],"replies":[{"embeddable":true,"href":"https:\/\/en3s.fr\/formation-professionnelle\/wp-json\/wp\/v2\/comments?post=315535"}],"version-history":[{"count":0,"href":"https:\/\/en3s.fr\/formation-professionnelle\/wp-json\/wp\/v2\/pages\/315535\/revisions"}],"up":[{"embeddable":true,"href":"https:\/\/en3s.fr\/formation-professionnelle\/wp-json\/wp\/v2\/pages\/1215"}],"wp:attachment":[{"href":"https:\/\/en3s.fr\/formation-professionnelle\/wp-json\/wp\/v2\/media?parent=315535"}],"curies":[{"name":"wp","href":"https:\/\/api.w.org\/{rel}","templated":true}]}}