{"id":315787,"date":"2025-03-31T10:28:37","date_gmt":"2025-03-31T08:28:37","guid":{"rendered":"https:\/\/en3s.fr\/formation-professionnelle\/?page_id=315787"},"modified":"2026-01-05T13:48:17","modified_gmt":"2026-01-05T12:48:17","slug":"module-add-developper-sa-posture-dagent-de-direction-dans-lecosysteme-des-smp-sms","status":"publish","type":"page","link":"https:\/\/en3s.fr\/formation-professionnelle\/formations-professionnelles\/formations-de-branches-et-reseaux\/module-add-developper-sa-posture-dagent-de-direction-dans-lecosysteme-des-smp-sms\/","title":{"rendered":"Module ADD &#8211; D\u00e9velopper sa posture d\u2019agent de Direction dans l\u2019\u00e9cosyst\u00e8me des SMP-SMS"},"content":{"rendered":"","protected":false},"excerpt":{"rendered":"<p>Formation Syst\u00e8me de Ma\u00eetrise Socle de la branche Maladie SMS<\/p>\n","protected":false},"author":4,"featured_media":0,"parent":1223,"menu_order":0,"comment_status":"closed","ping_status":"closed","template":"partials\/template-formation.php","meta":{"ngg_post_thumbnail":0,"footnotes":""},"class_list":["post-315787","page","type-page","status-publish","hentry","cycle_formation-formation-systeme-de-maitrise-socle-de-la-branche-maladie-sms"],"yoast_head":"<!-- This site is optimized with the Yoast SEO plugin v24.9 - https:\/\/yoast.com\/wordpress\/plugins\/seo\/ -->\n<title>Module ADD - D\u00e9velopper sa posture d\u2019agent de Direction dans l\u2019\u00e9cosyst\u00e8me des SMP-SMS - Formations professionnelles de l&#039;EN3S<\/title>\n<meta name=\"description\" content=\"Formation Syst\u00e8me de Ma\u00eetrise Socle de la branche Maladie SMS\" \/>\n<meta name=\"robots\" content=\"index, follow, max-snippet:-1, max-image-preview:large, max-video-preview:-1\" \/>\n<link rel=\"canonical\" href=\"https:\/\/en3s.fr\/formation-professionnelle\/formations-professionnelles\/formations-de-branches-et-reseaux\/module-add-developper-sa-posture-dagent-de-direction-dans-lecosysteme-des-smp-sms\/\" \/>\n<meta property=\"og:locale\" content=\"fr_FR\" \/>\n<meta property=\"og:type\" content=\"article\" \/>\n<meta property=\"og:title\" content=\"Module ADD - D\u00e9velopper sa posture d\u2019agent de Direction dans l\u2019\u00e9cosyst\u00e8me des SMP-SMS - Formations professionnelles de l&#039;EN3S\" \/>\n<meta property=\"og:description\" content=\"Formation Syst\u00e8me de Ma\u00eetrise Socle de la branche Maladie SMS\" \/>\n<meta property=\"og:url\" content=\"https:\/\/en3s.fr\/formation-professionnelle\/formations-professionnelles\/formations-de-branches-et-reseaux\/module-add-developper-sa-posture-dagent-de-direction-dans-lecosysteme-des-smp-sms\/\" \/>\n<meta property=\"og:site_name\" content=\"Formations professionnelles de l&#039;EN3S\" \/>\n<meta property=\"article:modified_time\" content=\"2026-01-05T12:48:17+00:00\" \/>\n<meta name=\"twitter:card\" content=\"summary_large_image\" \/>\n<script type=\"application\/ld+json\" class=\"yoast-schema-graph\">{\"@context\":\"https:\/\/schema.org\",\"@graph\":[{\"@type\":\"WebPage\",\"@id\":\"https:\/\/en3s.fr\/formation-professionnelle\/formations-professionnelles\/formations-de-branches-et-reseaux\/module-add-developper-sa-posture-dagent-de-direction-dans-lecosysteme-des-smp-sms\/\",\"url\":\"https:\/\/en3s.fr\/formation-professionnelle\/formations-professionnelles\/formations-de-branches-et-reseaux\/module-add-developper-sa-posture-dagent-de-direction-dans-lecosysteme-des-smp-sms\/\",\"name\":\"Module ADD - D\u00e9velopper sa posture d\u2019agent de Direction dans l\u2019\u00e9cosyst\u00e8me des SMP-SMS - Formations professionnelles de l&#039;EN3S\",\"isPartOf\":{\"@id\":\"https:\/\/en3s.fr\/formation-professionnelle\/#website\"},\"datePublished\":\"2025-03-31T08:28:37+00:00\",\"dateModified\":\"2026-01-05T12:48:17+00:00\",\"description\":\"Formation Syst\u00e8me de Ma\u00eetrise Socle de la branche Maladie SMS\",\"breadcrumb\":{\"@id\":\"https:\/\/en3s.fr\/formation-professionnelle\/formations-professionnelles\/formations-de-branches-et-reseaux\/module-add-developper-sa-posture-dagent-de-direction-dans-lecosysteme-des-smp-sms\/#breadcrumb\"},\"inLanguage\":\"fr-FR\",\"potentialAction\":[{\"@type\":\"ReadAction\",\"target\":[\"https:\/\/en3s.fr\/formation-professionnelle\/formations-professionnelles\/formations-de-branches-et-reseaux\/module-add-developper-sa-posture-dagent-de-direction-dans-lecosysteme-des-smp-sms\/\"]}]},{\"@type\":\"BreadcrumbList\",\"@id\":\"https:\/\/en3s.fr\/formation-professionnelle\/formations-professionnelles\/formations-de-branches-et-reseaux\/module-add-developper-sa-posture-dagent-de-direction-dans-lecosysteme-des-smp-sms\/#breadcrumb\",\"itemListElement\":[{\"@type\":\"ListItem\",\"position\":1,\"name\":\"Accueil\",\"item\":\"https:\/\/en3s.fr\/formation-professionnelle\/\"},{\"@type\":\"ListItem\",\"position\":2,\"name\":\"Formations professionnelles\",\"item\":\"https:\/\/en3s.fr\/formation-professionnelle\/formations-professionnelles\/\"},{\"@type\":\"ListItem\",\"position\":3,\"name\":\"Formations de branches et r\u00e9seaux\",\"item\":\"https:\/\/en3s.fr\/formation-professionnelle\/formations-professionnelles\/formations-de-branches-et-reseaux\/\"},{\"@type\":\"ListItem\",\"position\":4,\"name\":\"Module ADD &#8211; D\u00e9velopper sa posture d\u2019agent de Direction dans l\u2019\u00e9cosyst\u00e8me des SMP-SMS\"}]},{\"@type\":\"WebSite\",\"@id\":\"https:\/\/en3s.fr\/formation-professionnelle\/#website\",\"url\":\"https:\/\/en3s.fr\/formation-professionnelle\/\",\"name\":\"Formations professionnelles de l&#039;EN3S\",\"description\":\"Site des formations professionnelles de l&#039;EN3S\",\"potentialAction\":[{\"@type\":\"SearchAction\",\"target\":{\"@type\":\"EntryPoint\",\"urlTemplate\":\"https:\/\/en3s.fr\/formation-professionnelle\/?s={search_term_string}\"},\"query-input\":{\"@type\":\"PropertyValueSpecification\",\"valueRequired\":true,\"valueName\":\"search_term_string\"}}],\"inLanguage\":\"fr-FR\"}]}<\/script>\n<!-- \/ Yoast SEO plugin. -->","yoast_head_json":{"title":"Module ADD - D\u00e9velopper sa posture d\u2019agent de Direction dans l\u2019\u00e9cosyst\u00e8me des SMP-SMS - Formations professionnelles de l&#039;EN3S","description":"Formation Syst\u00e8me de Ma\u00eetrise Socle de la branche Maladie SMS","robots":{"index":"index","follow":"follow","max-snippet":"max-snippet:-1","max-image-preview":"max-image-preview:large","max-video-preview":"max-video-preview:-1"},"canonical":"https:\/\/en3s.fr\/formation-professionnelle\/formations-professionnelles\/formations-de-branches-et-reseaux\/module-add-developper-sa-posture-dagent-de-direction-dans-lecosysteme-des-smp-sms\/","og_locale":"fr_FR","og_type":"article","og_title":"Module ADD - D\u00e9velopper sa posture d\u2019agent de Direction dans l\u2019\u00e9cosyst\u00e8me des SMP-SMS - Formations professionnelles de l&#039;EN3S","og_description":"Formation Syst\u00e8me de Ma\u00eetrise Socle de la branche Maladie SMS","og_url":"https:\/\/en3s.fr\/formation-professionnelle\/formations-professionnelles\/formations-de-branches-et-reseaux\/module-add-developper-sa-posture-dagent-de-direction-dans-lecosysteme-des-smp-sms\/","og_site_name":"Formations professionnelles de l&#039;EN3S","article_modified_time":"2026-01-05T12:48:17+00:00","twitter_card":"summary_large_image","schema":{"@context":"https:\/\/schema.org","@graph":[{"@type":"WebPage","@id":"https:\/\/en3s.fr\/formation-professionnelle\/formations-professionnelles\/formations-de-branches-et-reseaux\/module-add-developper-sa-posture-dagent-de-direction-dans-lecosysteme-des-smp-sms\/","url":"https:\/\/en3s.fr\/formation-professionnelle\/formations-professionnelles\/formations-de-branches-et-reseaux\/module-add-developper-sa-posture-dagent-de-direction-dans-lecosysteme-des-smp-sms\/","name":"Module ADD - D\u00e9velopper sa posture d\u2019agent de Direction dans l\u2019\u00e9cosyst\u00e8me des SMP-SMS - Formations professionnelles de l&#039;EN3S","isPartOf":{"@id":"https:\/\/en3s.fr\/formation-professionnelle\/#website"},"datePublished":"2025-03-31T08:28:37+00:00","dateModified":"2026-01-05T12:48:17+00:00","description":"Formation Syst\u00e8me de Ma\u00eetrise Socle de la branche Maladie SMS","breadcrumb":{"@id":"https:\/\/en3s.fr\/formation-professionnelle\/formations-professionnelles\/formations-de-branches-et-reseaux\/module-add-developper-sa-posture-dagent-de-direction-dans-lecosysteme-des-smp-sms\/#breadcrumb"},"inLanguage":"fr-FR","potentialAction":[{"@type":"ReadAction","target":["https:\/\/en3s.fr\/formation-professionnelle\/formations-professionnelles\/formations-de-branches-et-reseaux\/module-add-developper-sa-posture-dagent-de-direction-dans-lecosysteme-des-smp-sms\/"]}]},{"@type":"BreadcrumbList","@id":"https:\/\/en3s.fr\/formation-professionnelle\/formations-professionnelles\/formations-de-branches-et-reseaux\/module-add-developper-sa-posture-dagent-de-direction-dans-lecosysteme-des-smp-sms\/#breadcrumb","itemListElement":[{"@type":"ListItem","position":1,"name":"Accueil","item":"https:\/\/en3s.fr\/formation-professionnelle\/"},{"@type":"ListItem","position":2,"name":"Formations professionnelles","item":"https:\/\/en3s.fr\/formation-professionnelle\/formations-professionnelles\/"},{"@type":"ListItem","position":3,"name":"Formations de branches et r\u00e9seaux","item":"https:\/\/en3s.fr\/formation-professionnelle\/formations-professionnelles\/formations-de-branches-et-reseaux\/"},{"@type":"ListItem","position":4,"name":"Module ADD &#8211; D\u00e9velopper sa posture d\u2019agent de Direction dans l\u2019\u00e9cosyst\u00e8me des SMP-SMS"}]},{"@type":"WebSite","@id":"https:\/\/en3s.fr\/formation-professionnelle\/#website","url":"https:\/\/en3s.fr\/formation-professionnelle\/","name":"Formations professionnelles de l&#039;EN3S","description":"Site des formations professionnelles de l&#039;EN3S","potentialAction":[{"@type":"SearchAction","target":{"@type":"EntryPoint","urlTemplate":"https:\/\/en3s.fr\/formation-professionnelle\/?s={search_term_string}"},"query-input":{"@type":"PropertyValueSpecification","valueRequired":true,"valueName":"search_term_string"}}],"inLanguage":"fr-FR"}]}},"_links":{"self":[{"href":"https:\/\/en3s.fr\/formation-professionnelle\/wp-json\/wp\/v2\/pages\/315787","targetHints":{"allow":["GET"]}}],"collection":[{"href":"https:\/\/en3s.fr\/formation-professionnelle\/wp-json\/wp\/v2\/pages"}],"about":[{"href":"https:\/\/en3s.fr\/formation-professionnelle\/wp-json\/wp\/v2\/types\/page"}],"author":[{"embeddable":true,"href":"https:\/\/en3s.fr\/formation-professionnelle\/wp-json\/wp\/v2\/users\/4"}],"replies":[{"embeddable":true,"href":"https:\/\/en3s.fr\/formation-professionnelle\/wp-json\/wp\/v2\/comments?post=315787"}],"version-history":[{"count":1,"href":"https:\/\/en3s.fr\/formation-professionnelle\/wp-json\/wp\/v2\/pages\/315787\/revisions"}],"predecessor-version":[{"id":316762,"href":"https:\/\/en3s.fr\/formation-professionnelle\/wp-json\/wp\/v2\/pages\/315787\/revisions\/316762"}],"up":[{"embeddable":true,"href":"https:\/\/en3s.fr\/formation-professionnelle\/wp-json\/wp\/v2\/pages\/1223"}],"wp:attachment":[{"href":"https:\/\/en3s.fr\/formation-professionnelle\/wp-json\/wp\/v2\/media?parent=315787"}],"curies":[{"name":"wp","href":"https:\/\/api.w.org\/{rel}","templated":true}]}}