{"id":315790,"date":"2025-03-31T17:55:34","date_gmt":"2025-03-31T15:55:34","guid":{"rendered":"https:\/\/en3s.fr\/formation-professionnelle\/?page_id=315790"},"modified":"2026-04-02T14:59:34","modified_gmt":"2026-04-02T12:59:34","slug":"2eme-rencontre-pharmaciens-conseils-pharmaciens-inspecteurs-ars","status":"publish","type":"page","link":"https:\/\/en3s.fr\/formation-professionnelle\/formations-professionnelles\/conferences-journees-dactualite\/2eme-rencontre-pharmaciens-conseils-pharmaciens-inspecteurs-ars\/","title":{"rendered":"2\u00e8me rencontre Pharmaciens Conseils \u2013 Pharmaciens inspecteurs ARS"},"content":{"rendered":"<p>Se conna\u00eetre davantage pour mieux travailler ensemble&nbsp;<br \/>\n<img loading=\"lazy\" decoding=\"async\" class=\"wp-image-315907 alignright\" src=\"https:\/\/en3s.fr\/formation-professionnelle\/wp-content\/uploads\/sites\/3\/2025\/06\/cropped-fav-icon_plan-de-travail-1.png\" alt=\"LOGO EN3S\" width=\"93\" height=\"93\" srcset=\"https:\/\/en3s.fr\/formation-professionnelle\/wp-content\/uploads\/sites\/3\/2025\/06\/cropped-fav-icon_plan-de-travail-1.png 512w, https:\/\/en3s.fr\/formation-professionnelle\/wp-content\/uploads\/sites\/3\/2025\/06\/cropped-fav-icon_plan-de-travail-1-275x275.png 275w, https:\/\/en3s.fr\/formation-professionnelle\/wp-content\/uploads\/sites\/3\/2025\/06\/cropped-fav-icon_plan-de-travail-1-390x390.png 390w, https:\/\/en3s.fr\/formation-professionnelle\/wp-content\/uploads\/sites\/3\/2025\/06\/cropped-fav-icon_plan-de-travail-1-230x230.png 230w, https:\/\/en3s.fr\/formation-professionnelle\/wp-content\/uploads\/sites\/3\/2025\/06\/cropped-fav-icon_plan-de-travail-1-270x270.png 270w, https:\/\/en3s.fr\/formation-professionnelle\/wp-content\/uploads\/sites\/3\/2025\/06\/cropped-fav-icon_plan-de-travail-1-192x192.png 192w, https:\/\/en3s.fr\/formation-professionnelle\/wp-content\/uploads\/sites\/3\/2025\/06\/cropped-fav-icon_plan-de-travail-1-180x180.png 180w, https:\/\/en3s.fr\/formation-professionnelle\/wp-content\/uploads\/sites\/3\/2025\/06\/cropped-fav-icon_plan-de-travail-1-32x32.png 32w\" sizes=\"auto, (max-width: 93px) 100vw, 93px\" \/><img loading=\"lazy\" decoding=\"async\" class=\"wp-image-312310 alignright\" src=\"https:\/\/en3s.fr\/formation-professionnelle\/wp-content\/uploads\/sites\/3\/2022\/09\/logo-ehesp.jpg\" alt=\"\" width=\"100\" height=\"100\"><\/p>\n<p>&nbsp;<\/p>\n","protected":false},"excerpt":{"rendered":"<p>L\u2019EN3S et L\u2019EHESP organisent les 1\u00e8res rencontres Pharmaciens Conseils \u2013 Pharmaciens inspecteurs ARS<\/p>\n","protected":false},"author":4,"featured_media":0,"parent":1215,"menu_order":0,"comment_status":"closed","ping_status":"closed","template":"partials\/template-formation.php","meta":{"ngg_post_thumbnail":0,"footnotes":""},"class_list":["post-315790","page","type-page","status-publish","hentry"],"yoast_head":"<!-- This site is optimized with the Yoast SEO plugin v24.9 - https:\/\/yoast.com\/wordpress\/plugins\/seo\/ -->\n<title>2\u00e8me rencontre Pharmaciens Conseils \u2013 Pharmaciens inspecteurs ARS - Formations professionnelles de l&#039;EN3S<\/title>\n<meta name=\"description\" content=\"L\u2019EN3S et L\u2019EHESP organisent les 1\u00e8res rencontres Pharmaciens Conseils \u2013 Pharmaciens inspecteurs ARS\" \/>\n<meta name=\"robots\" content=\"index, follow, max-snippet:-1, max-image-preview:large, max-video-preview:-1\" \/>\n<link rel=\"canonical\" href=\"https:\/\/en3s.fr\/formation-professionnelle\/formations-professionnelles\/conferences-journees-dactualite\/2eme-rencontre-pharmaciens-conseils-pharmaciens-inspecteurs-ars\/\" \/>\n<meta property=\"og:locale\" content=\"fr_FR\" \/>\n<meta property=\"og:type\" content=\"article\" \/>\n<meta property=\"og:title\" content=\"2\u00e8me rencontre Pharmaciens Conseils \u2013 Pharmaciens inspecteurs ARS - Formations professionnelles de l&#039;EN3S\" \/>\n<meta property=\"og:description\" content=\"L\u2019EN3S et L\u2019EHESP organisent les 1\u00e8res rencontres Pharmaciens Conseils \u2013 Pharmaciens inspecteurs ARS\" \/>\n<meta property=\"og:url\" content=\"https:\/\/en3s.fr\/formation-professionnelle\/formations-professionnelles\/conferences-journees-dactualite\/2eme-rencontre-pharmaciens-conseils-pharmaciens-inspecteurs-ars\/\" \/>\n<meta property=\"og:site_name\" content=\"Formations professionnelles de l&#039;EN3S\" \/>\n<meta property=\"article:modified_time\" content=\"2026-04-02T12:59:34+00:00\" \/>\n<meta property=\"og:image\" content=\"https:\/\/en3s.fr\/formation-professionnelle\/wp-content\/uploads\/sites\/3\/2025\/06\/cropped-fav-icon_plan-de-travail-1.png\" \/>\n\t<meta property=\"og:image:width\" content=\"512\" \/>\n\t<meta property=\"og:image:height\" content=\"512\" \/>\n\t<meta property=\"og:image:type\" content=\"image\/png\" \/>\n<meta name=\"twitter:card\" content=\"summary_large_image\" \/>\n<meta name=\"twitter:label1\" content=\"Dur\u00e9e de lecture estim\u00e9e\" \/>\n\t<meta name=\"twitter:data1\" content=\"1 minute\" \/>\n<script type=\"application\/ld+json\" class=\"yoast-schema-graph\">{\"@context\":\"https:\/\/schema.org\",\"@graph\":[{\"@type\":\"WebPage\",\"@id\":\"https:\/\/en3s.fr\/formation-professionnelle\/formations-professionnelles\/conferences-journees-dactualite\/2eme-rencontre-pharmaciens-conseils-pharmaciens-inspecteurs-ars\/\",\"url\":\"https:\/\/en3s.fr\/formation-professionnelle\/formations-professionnelles\/conferences-journees-dactualite\/2eme-rencontre-pharmaciens-conseils-pharmaciens-inspecteurs-ars\/\",\"name\":\"2\u00e8me rencontre Pharmaciens Conseils \u2013 Pharmaciens inspecteurs ARS - Formations professionnelles de l&#039;EN3S\",\"isPartOf\":{\"@id\":\"https:\/\/en3s.fr\/formation-professionnelle\/#website\"},\"primaryImageOfPage\":{\"@id\":\"https:\/\/en3s.fr\/formation-professionnelle\/formations-professionnelles\/conferences-journees-dactualite\/2eme-rencontre-pharmaciens-conseils-pharmaciens-inspecteurs-ars\/#primaryimage\"},\"image\":{\"@id\":\"https:\/\/en3s.fr\/formation-professionnelle\/formations-professionnelles\/conferences-journees-dactualite\/2eme-rencontre-pharmaciens-conseils-pharmaciens-inspecteurs-ars\/#primaryimage\"},\"thumbnailUrl\":\"https:\/\/en3s.fr\/formation-professionnelle\/wp-content\/uploads\/sites\/3\/2025\/06\/cropped-fav-icon_plan-de-travail-1.png\",\"datePublished\":\"2025-03-31T15:55:34+00:00\",\"dateModified\":\"2026-04-02T12:59:34+00:00\",\"description\":\"L\u2019EN3S et L\u2019EHESP organisent les 1\u00e8res rencontres Pharmaciens Conseils \u2013 Pharmaciens inspecteurs ARS\",\"breadcrumb\":{\"@id\":\"https:\/\/en3s.fr\/formation-professionnelle\/formations-professionnelles\/conferences-journees-dactualite\/2eme-rencontre-pharmaciens-conseils-pharmaciens-inspecteurs-ars\/#breadcrumb\"},\"inLanguage\":\"fr-FR\",\"potentialAction\":[{\"@type\":\"ReadAction\",\"target\":[\"https:\/\/en3s.fr\/formation-professionnelle\/formations-professionnelles\/conferences-journees-dactualite\/2eme-rencontre-pharmaciens-conseils-pharmaciens-inspecteurs-ars\/\"]}]},{\"@type\":\"ImageObject\",\"inLanguage\":\"fr-FR\",\"@id\":\"https:\/\/en3s.fr\/formation-professionnelle\/formations-professionnelles\/conferences-journees-dactualite\/2eme-rencontre-pharmaciens-conseils-pharmaciens-inspecteurs-ars\/#primaryimage\",\"url\":\"https:\/\/en3s.fr\/formation-professionnelle\/wp-content\/uploads\/sites\/3\/2025\/06\/cropped-fav-icon_plan-de-travail-1.png\",\"contentUrl\":\"https:\/\/en3s.fr\/formation-professionnelle\/wp-content\/uploads\/sites\/3\/2025\/06\/cropped-fav-icon_plan-de-travail-1.png\",\"width\":512,\"height\":512,\"caption\":\"LOGO EN3S\"},{\"@type\":\"BreadcrumbList\",\"@id\":\"https:\/\/en3s.fr\/formation-professionnelle\/formations-professionnelles\/conferences-journees-dactualite\/2eme-rencontre-pharmaciens-conseils-pharmaciens-inspecteurs-ars\/#breadcrumb\",\"itemListElement\":[{\"@type\":\"ListItem\",\"position\":1,\"name\":\"Accueil\",\"item\":\"https:\/\/en3s.fr\/formation-professionnelle\/\"},{\"@type\":\"ListItem\",\"position\":2,\"name\":\"Formations professionnelles\",\"item\":\"https:\/\/en3s.fr\/formation-professionnelle\/formations-professionnelles\/\"},{\"@type\":\"ListItem\",\"position\":3,\"name\":\"Conf\u00e9rences, journ\u00e9es d&rsquo;actualit\u00e9\",\"item\":\"https:\/\/en3s.fr\/formation-professionnelle\/formations-professionnelles\/conferences-journees-dactualite\/\"},{\"@type\":\"ListItem\",\"position\":4,\"name\":\"2\u00e8me rencontre Pharmaciens Conseils \u2013 Pharmaciens inspecteurs ARS\"}]},{\"@type\":\"WebSite\",\"@id\":\"https:\/\/en3s.fr\/formation-professionnelle\/#website\",\"url\":\"https:\/\/en3s.fr\/formation-professionnelle\/\",\"name\":\"Formations professionnelles de l&#039;EN3S\",\"description\":\"Site des formations professionnelles de l&#039;EN3S\",\"potentialAction\":[{\"@type\":\"SearchAction\",\"target\":{\"@type\":\"EntryPoint\",\"urlTemplate\":\"https:\/\/en3s.fr\/formation-professionnelle\/?s={search_term_string}\"},\"query-input\":{\"@type\":\"PropertyValueSpecification\",\"valueRequired\":true,\"valueName\":\"search_term_string\"}}],\"inLanguage\":\"fr-FR\"}]}<\/script>\n<!-- \/ Yoast SEO plugin. -->","yoast_head_json":{"title":"2\u00e8me rencontre Pharmaciens Conseils \u2013 Pharmaciens inspecteurs ARS - Formations professionnelles de l&#039;EN3S","description":"L\u2019EN3S et L\u2019EHESP organisent les 1\u00e8res rencontres Pharmaciens Conseils \u2013 Pharmaciens inspecteurs ARS","robots":{"index":"index","follow":"follow","max-snippet":"max-snippet:-1","max-image-preview":"max-image-preview:large","max-video-preview":"max-video-preview:-1"},"canonical":"https:\/\/en3s.fr\/formation-professionnelle\/formations-professionnelles\/conferences-journees-dactualite\/2eme-rencontre-pharmaciens-conseils-pharmaciens-inspecteurs-ars\/","og_locale":"fr_FR","og_type":"article","og_title":"2\u00e8me rencontre Pharmaciens Conseils \u2013 Pharmaciens inspecteurs ARS - Formations professionnelles de l&#039;EN3S","og_description":"L\u2019EN3S et L\u2019EHESP organisent les 1\u00e8res rencontres Pharmaciens Conseils \u2013 Pharmaciens inspecteurs ARS","og_url":"https:\/\/en3s.fr\/formation-professionnelle\/formations-professionnelles\/conferences-journees-dactualite\/2eme-rencontre-pharmaciens-conseils-pharmaciens-inspecteurs-ars\/","og_site_name":"Formations professionnelles de l&#039;EN3S","article_modified_time":"2026-04-02T12:59:34+00:00","og_image":[{"width":512,"height":512,"url":"https:\/\/en3s.fr\/formation-professionnelle\/wp-content\/uploads\/sites\/3\/2025\/06\/cropped-fav-icon_plan-de-travail-1.png","type":"image\/png"}],"twitter_card":"summary_large_image","twitter_misc":{"Dur\u00e9e de lecture estim\u00e9e":"1 minute"},"schema":{"@context":"https:\/\/schema.org","@graph":[{"@type":"WebPage","@id":"https:\/\/en3s.fr\/formation-professionnelle\/formations-professionnelles\/conferences-journees-dactualite\/2eme-rencontre-pharmaciens-conseils-pharmaciens-inspecteurs-ars\/","url":"https:\/\/en3s.fr\/formation-professionnelle\/formations-professionnelles\/conferences-journees-dactualite\/2eme-rencontre-pharmaciens-conseils-pharmaciens-inspecteurs-ars\/","name":"2\u00e8me rencontre Pharmaciens Conseils \u2013 Pharmaciens inspecteurs ARS - Formations professionnelles de l&#039;EN3S","isPartOf":{"@id":"https:\/\/en3s.fr\/formation-professionnelle\/#website"},"primaryImageOfPage":{"@id":"https:\/\/en3s.fr\/formation-professionnelle\/formations-professionnelles\/conferences-journees-dactualite\/2eme-rencontre-pharmaciens-conseils-pharmaciens-inspecteurs-ars\/#primaryimage"},"image":{"@id":"https:\/\/en3s.fr\/formation-professionnelle\/formations-professionnelles\/conferences-journees-dactualite\/2eme-rencontre-pharmaciens-conseils-pharmaciens-inspecteurs-ars\/#primaryimage"},"thumbnailUrl":"https:\/\/en3s.fr\/formation-professionnelle\/wp-content\/uploads\/sites\/3\/2025\/06\/cropped-fav-icon_plan-de-travail-1.png","datePublished":"2025-03-31T15:55:34+00:00","dateModified":"2026-04-02T12:59:34+00:00","description":"L\u2019EN3S et L\u2019EHESP organisent les 1\u00e8res rencontres Pharmaciens Conseils \u2013 Pharmaciens inspecteurs ARS","breadcrumb":{"@id":"https:\/\/en3s.fr\/formation-professionnelle\/formations-professionnelles\/conferences-journees-dactualite\/2eme-rencontre-pharmaciens-conseils-pharmaciens-inspecteurs-ars\/#breadcrumb"},"inLanguage":"fr-FR","potentialAction":[{"@type":"ReadAction","target":["https:\/\/en3s.fr\/formation-professionnelle\/formations-professionnelles\/conferences-journees-dactualite\/2eme-rencontre-pharmaciens-conseils-pharmaciens-inspecteurs-ars\/"]}]},{"@type":"ImageObject","inLanguage":"fr-FR","@id":"https:\/\/en3s.fr\/formation-professionnelle\/formations-professionnelles\/conferences-journees-dactualite\/2eme-rencontre-pharmaciens-conseils-pharmaciens-inspecteurs-ars\/#primaryimage","url":"https:\/\/en3s.fr\/formation-professionnelle\/wp-content\/uploads\/sites\/3\/2025\/06\/cropped-fav-icon_plan-de-travail-1.png","contentUrl":"https:\/\/en3s.fr\/formation-professionnelle\/wp-content\/uploads\/sites\/3\/2025\/06\/cropped-fav-icon_plan-de-travail-1.png","width":512,"height":512,"caption":"LOGO EN3S"},{"@type":"BreadcrumbList","@id":"https:\/\/en3s.fr\/formation-professionnelle\/formations-professionnelles\/conferences-journees-dactualite\/2eme-rencontre-pharmaciens-conseils-pharmaciens-inspecteurs-ars\/#breadcrumb","itemListElement":[{"@type":"ListItem","position":1,"name":"Accueil","item":"https:\/\/en3s.fr\/formation-professionnelle\/"},{"@type":"ListItem","position":2,"name":"Formations professionnelles","item":"https:\/\/en3s.fr\/formation-professionnelle\/formations-professionnelles\/"},{"@type":"ListItem","position":3,"name":"Conf\u00e9rences, journ\u00e9es d&rsquo;actualit\u00e9","item":"https:\/\/en3s.fr\/formation-professionnelle\/formations-professionnelles\/conferences-journees-dactualite\/"},{"@type":"ListItem","position":4,"name":"2\u00e8me rencontre Pharmaciens Conseils \u2013 Pharmaciens inspecteurs ARS"}]},{"@type":"WebSite","@id":"https:\/\/en3s.fr\/formation-professionnelle\/#website","url":"https:\/\/en3s.fr\/formation-professionnelle\/","name":"Formations professionnelles de l&#039;EN3S","description":"Site des formations professionnelles de l&#039;EN3S","potentialAction":[{"@type":"SearchAction","target":{"@type":"EntryPoint","urlTemplate":"https:\/\/en3s.fr\/formation-professionnelle\/?s={search_term_string}"},"query-input":{"@type":"PropertyValueSpecification","valueRequired":true,"valueName":"search_term_string"}}],"inLanguage":"fr-FR"}]}},"_links":{"self":[{"href":"https:\/\/en3s.fr\/formation-professionnelle\/wp-json\/wp\/v2\/pages\/315790","targetHints":{"allow":["GET"]}}],"collection":[{"href":"https:\/\/en3s.fr\/formation-professionnelle\/wp-json\/wp\/v2\/pages"}],"about":[{"href":"https:\/\/en3s.fr\/formation-professionnelle\/wp-json\/wp\/v2\/types\/page"}],"author":[{"embeddable":true,"href":"https:\/\/en3s.fr\/formation-professionnelle\/wp-json\/wp\/v2\/users\/4"}],"replies":[{"embeddable":true,"href":"https:\/\/en3s.fr\/formation-professionnelle\/wp-json\/wp\/v2\/comments?post=315790"}],"version-history":[{"count":12,"href":"https:\/\/en3s.fr\/formation-professionnelle\/wp-json\/wp\/v2\/pages\/315790\/revisions"}],"predecessor-version":[{"id":317261,"href":"https:\/\/en3s.fr\/formation-professionnelle\/wp-json\/wp\/v2\/pages\/315790\/revisions\/317261"}],"up":[{"embeddable":true,"href":"https:\/\/en3s.fr\/formation-professionnelle\/wp-json\/wp\/v2\/pages\/1215"}],"wp:attachment":[{"href":"https:\/\/en3s.fr\/formation-professionnelle\/wp-json\/wp\/v2\/media?parent=315790"}],"curies":[{"name":"wp","href":"https:\/\/api.w.org\/{rel}","templated":true}]}}