{"id":315937,"date":"2025-06-13T13:10:10","date_gmt":"2025-06-13T11:10:10","guid":{"rendered":"https:\/\/en3s.fr\/formation-professionnelle\/?page_id=315937"},"modified":"2026-02-03T15:46:45","modified_gmt":"2026-02-03T14:46:45","slug":"de-capm-a-laction-construire-une-culture-manageriale-strategique","status":"publish","type":"page","link":"https:\/\/en3s.fr\/formation-professionnelle\/formations-professionnelles\/conferences-journees-dactualite\/de-capm-a-laction-construire-une-culture-manageriale-strategique\/","title":{"rendered":"De Cap\u2019m \u00e0 l\u2019action : construire une culture manag\u00e9riale strat\u00e9gique"},"content":{"rendered":"<p>Une journ\u00e9e r\u00e9gionale pour renforcer votre impact strat\u00e9gique et collectif<img loading=\"lazy\" decoding=\"async\" class=\"wp-image-315906 alignright\" src=\"https:\/\/en3s.fr\/formation-professionnelle\/wp-content\/uploads\/sites\/3\/2025\/06\/fav-icon_plan-de-travail-1.png\" alt=\"LOGO EN3S\" width=\"69\" height=\"69\" srcset=\"https:\/\/en3s.fr\/formation-professionnelle\/wp-content\/uploads\/sites\/3\/2025\/06\/fav-icon_plan-de-travail-1.png 2048w, https:\/\/en3s.fr\/formation-professionnelle\/wp-content\/uploads\/sites\/3\/2025\/06\/fav-icon_plan-de-travail-1-768x768.png 768w, https:\/\/en3s.fr\/formation-professionnelle\/wp-content\/uploads\/sites\/3\/2025\/06\/fav-icon_plan-de-travail-1-1536x1536.png 1536w, https:\/\/en3s.fr\/formation-professionnelle\/wp-content\/uploads\/sites\/3\/2025\/06\/fav-icon_plan-de-travail-1-275x275.png 275w, https:\/\/en3s.fr\/formation-professionnelle\/wp-content\/uploads\/sites\/3\/2025\/06\/fav-icon_plan-de-travail-1-390x390.png 390w, https:\/\/en3s.fr\/formation-professionnelle\/wp-content\/uploads\/sites\/3\/2025\/06\/fav-icon_plan-de-travail-1-230x230.png 230w\" sizes=\"auto, (max-width: 69px) 100vw, 69px\" \/><img loading=\"lazy\" decoding=\"async\" class=\"wp-image-314911 alignright\" src=\"https:\/\/en3s.fr\/formation-professionnelle\/wp-content\/uploads\/sites\/3\/2024\/07\/logo-ucanss.png\" alt=\"\" width=\"112\" height=\"38\" srcset=\"https:\/\/en3s.fr\/formation-professionnelle\/wp-content\/uploads\/sites\/3\/2024\/07\/logo-ucanss.png 338w, https:\/\/en3s.fr\/formation-professionnelle\/wp-content\/uploads\/sites\/3\/2024\/07\/logo-ucanss-275x94.png 275w, https:\/\/en3s.fr\/formation-professionnelle\/wp-content\/uploads\/sites\/3\/2024\/07\/logo-ucanss-230x78.png 230w\" sizes=\"auto, (max-width: 112px) 100vw, 112px\" \/><\/p>\n","protected":false},"excerpt":{"rendered":"<p>Une journ\u00e9e r\u00e9gionale pour renforcer votre impact strat\u00e9gique et collectif<\/p>\n","protected":false},"author":4,"featured_media":0,"parent":1215,"menu_order":0,"comment_status":"closed","ping_status":"closed","template":"partials\/template-formation.php","meta":{"ngg_post_thumbnail":0,"footnotes":""},"class_list":["post-315937","page","type-page","status-publish","hentry"],"yoast_head":"<!-- This site is optimized with the Yoast SEO plugin v24.9 - https:\/\/yoast.com\/wordpress\/plugins\/seo\/ -->\n<title>De Cap\u2019m \u00e0 l\u2019action : construire une culture manag\u00e9riale strat\u00e9gique - Formations professionnelles de l&#039;EN3S<\/title>\n<meta name=\"description\" content=\"Une journ\u00e9e r\u00e9gionale pour renforcer votre impact strat\u00e9gique et collectif\" \/>\n<meta name=\"robots\" content=\"index, follow, max-snippet:-1, max-image-preview:large, max-video-preview:-1\" \/>\n<link rel=\"canonical\" href=\"https:\/\/en3s.fr\/formation-professionnelle\/formations-professionnelles\/conferences-journees-dactualite\/de-capm-a-laction-construire-une-culture-manageriale-strategique\/\" \/>\n<meta property=\"og:locale\" content=\"fr_FR\" \/>\n<meta property=\"og:type\" content=\"article\" \/>\n<meta property=\"og:title\" content=\"De Cap\u2019m \u00e0 l\u2019action : construire une culture manag\u00e9riale strat\u00e9gique - Formations professionnelles de l&#039;EN3S\" \/>\n<meta property=\"og:description\" content=\"Une journ\u00e9e r\u00e9gionale pour renforcer votre impact strat\u00e9gique et collectif\" \/>\n<meta property=\"og:url\" content=\"https:\/\/en3s.fr\/formation-professionnelle\/formations-professionnelles\/conferences-journees-dactualite\/de-capm-a-laction-construire-une-culture-manageriale-strategique\/\" \/>\n<meta property=\"og:site_name\" content=\"Formations professionnelles de l&#039;EN3S\" \/>\n<meta property=\"article:modified_time\" content=\"2026-02-03T14:46:45+00:00\" \/>\n<meta property=\"og:image\" content=\"https:\/\/en3s.fr\/formation-professionnelle\/wp-content\/uploads\/sites\/3\/2025\/06\/fav-icon_plan-de-travail-1.png\" \/>\n\t<meta property=\"og:image:width\" content=\"2048\" \/>\n\t<meta property=\"og:image:height\" content=\"2048\" \/>\n\t<meta property=\"og:image:type\" content=\"image\/png\" \/>\n<meta name=\"twitter:card\" content=\"summary_large_image\" \/>\n<meta name=\"twitter:label1\" content=\"Dur\u00e9e de lecture estim\u00e9e\" \/>\n\t<meta name=\"twitter:data1\" content=\"1 minute\" \/>\n<script type=\"application\/ld+json\" class=\"yoast-schema-graph\">{\"@context\":\"https:\/\/schema.org\",\"@graph\":[{\"@type\":\"WebPage\",\"@id\":\"https:\/\/en3s.fr\/formation-professionnelle\/formations-professionnelles\/conferences-journees-dactualite\/de-capm-a-laction-construire-une-culture-manageriale-strategique\/\",\"url\":\"https:\/\/en3s.fr\/formation-professionnelle\/formations-professionnelles\/conferences-journees-dactualite\/de-capm-a-laction-construire-une-culture-manageriale-strategique\/\",\"name\":\"De Cap\u2019m \u00e0 l\u2019action : construire une culture manag\u00e9riale strat\u00e9gique - Formations professionnelles de l&#039;EN3S\",\"isPartOf\":{\"@id\":\"https:\/\/en3s.fr\/formation-professionnelle\/#website\"},\"primaryImageOfPage\":{\"@id\":\"https:\/\/en3s.fr\/formation-professionnelle\/formations-professionnelles\/conferences-journees-dactualite\/de-capm-a-laction-construire-une-culture-manageriale-strategique\/#primaryimage\"},\"image\":{\"@id\":\"https:\/\/en3s.fr\/formation-professionnelle\/formations-professionnelles\/conferences-journees-dactualite\/de-capm-a-laction-construire-une-culture-manageriale-strategique\/#primaryimage\"},\"thumbnailUrl\":\"https:\/\/en3s.fr\/formation-professionnelle\/wp-content\/uploads\/sites\/3\/2025\/06\/fav-icon_plan-de-travail-1.png\",\"datePublished\":\"2025-06-13T11:10:10+00:00\",\"dateModified\":\"2026-02-03T14:46:45+00:00\",\"description\":\"Une journ\u00e9e r\u00e9gionale pour renforcer votre impact strat\u00e9gique et collectif\",\"breadcrumb\":{\"@id\":\"https:\/\/en3s.fr\/formation-professionnelle\/formations-professionnelles\/conferences-journees-dactualite\/de-capm-a-laction-construire-une-culture-manageriale-strategique\/#breadcrumb\"},\"inLanguage\":\"fr-FR\",\"potentialAction\":[{\"@type\":\"ReadAction\",\"target\":[\"https:\/\/en3s.fr\/formation-professionnelle\/formations-professionnelles\/conferences-journees-dactualite\/de-capm-a-laction-construire-une-culture-manageriale-strategique\/\"]}]},{\"@type\":\"ImageObject\",\"inLanguage\":\"fr-FR\",\"@id\":\"https:\/\/en3s.fr\/formation-professionnelle\/formations-professionnelles\/conferences-journees-dactualite\/de-capm-a-laction-construire-une-culture-manageriale-strategique\/#primaryimage\",\"url\":\"https:\/\/en3s.fr\/formation-professionnelle\/wp-content\/uploads\/sites\/3\/2025\/06\/fav-icon_plan-de-travail-1.png\",\"contentUrl\":\"https:\/\/en3s.fr\/formation-professionnelle\/wp-content\/uploads\/sites\/3\/2025\/06\/fav-icon_plan-de-travail-1.png\",\"width\":2048,\"height\":2048,\"caption\":\"LOGO EN3S\"},{\"@type\":\"BreadcrumbList\",\"@id\":\"https:\/\/en3s.fr\/formation-professionnelle\/formations-professionnelles\/conferences-journees-dactualite\/de-capm-a-laction-construire-une-culture-manageriale-strategique\/#breadcrumb\",\"itemListElement\":[{\"@type\":\"ListItem\",\"position\":1,\"name\":\"Accueil\",\"item\":\"https:\/\/en3s.fr\/formation-professionnelle\/\"},{\"@type\":\"ListItem\",\"position\":2,\"name\":\"Formations professionnelles\",\"item\":\"https:\/\/en3s.fr\/formation-professionnelle\/formations-professionnelles\/\"},{\"@type\":\"ListItem\",\"position\":3,\"name\":\"Conf\u00e9rences, journ\u00e9es d&rsquo;actualit\u00e9\",\"item\":\"https:\/\/en3s.fr\/formation-professionnelle\/formations-professionnelles\/conferences-journees-dactualite\/\"},{\"@type\":\"ListItem\",\"position\":4,\"name\":\"De Cap\u2019m \u00e0 l\u2019action : construire une culture manag\u00e9riale strat\u00e9gique\"}]},{\"@type\":\"WebSite\",\"@id\":\"https:\/\/en3s.fr\/formation-professionnelle\/#website\",\"url\":\"https:\/\/en3s.fr\/formation-professionnelle\/\",\"name\":\"Formations professionnelles de l&#039;EN3S\",\"description\":\"Site des formations professionnelles de l&#039;EN3S\",\"potentialAction\":[{\"@type\":\"SearchAction\",\"target\":{\"@type\":\"EntryPoint\",\"urlTemplate\":\"https:\/\/en3s.fr\/formation-professionnelle\/?s={search_term_string}\"},\"query-input\":{\"@type\":\"PropertyValueSpecification\",\"valueRequired\":true,\"valueName\":\"search_term_string\"}}],\"inLanguage\":\"fr-FR\"}]}<\/script>\n<!-- \/ Yoast SEO plugin. -->","yoast_head_json":{"title":"De Cap\u2019m \u00e0 l\u2019action : construire une culture manag\u00e9riale strat\u00e9gique - Formations professionnelles de l&#039;EN3S","description":"Une journ\u00e9e r\u00e9gionale pour renforcer votre impact strat\u00e9gique et collectif","robots":{"index":"index","follow":"follow","max-snippet":"max-snippet:-1","max-image-preview":"max-image-preview:large","max-video-preview":"max-video-preview:-1"},"canonical":"https:\/\/en3s.fr\/formation-professionnelle\/formations-professionnelles\/conferences-journees-dactualite\/de-capm-a-laction-construire-une-culture-manageriale-strategique\/","og_locale":"fr_FR","og_type":"article","og_title":"De Cap\u2019m \u00e0 l\u2019action : construire une culture manag\u00e9riale strat\u00e9gique - Formations professionnelles de l&#039;EN3S","og_description":"Une journ\u00e9e r\u00e9gionale pour renforcer votre impact strat\u00e9gique et collectif","og_url":"https:\/\/en3s.fr\/formation-professionnelle\/formations-professionnelles\/conferences-journees-dactualite\/de-capm-a-laction-construire-une-culture-manageriale-strategique\/","og_site_name":"Formations professionnelles de l&#039;EN3S","article_modified_time":"2026-02-03T14:46:45+00:00","og_image":[{"width":2048,"height":2048,"url":"https:\/\/en3s.fr\/formation-professionnelle\/wp-content\/uploads\/sites\/3\/2025\/06\/fav-icon_plan-de-travail-1.png","type":"image\/png"}],"twitter_card":"summary_large_image","twitter_misc":{"Dur\u00e9e de lecture estim\u00e9e":"1 minute"},"schema":{"@context":"https:\/\/schema.org","@graph":[{"@type":"WebPage","@id":"https:\/\/en3s.fr\/formation-professionnelle\/formations-professionnelles\/conferences-journees-dactualite\/de-capm-a-laction-construire-une-culture-manageriale-strategique\/","url":"https:\/\/en3s.fr\/formation-professionnelle\/formations-professionnelles\/conferences-journees-dactualite\/de-capm-a-laction-construire-une-culture-manageriale-strategique\/","name":"De Cap\u2019m \u00e0 l\u2019action : construire une culture manag\u00e9riale strat\u00e9gique - Formations professionnelles de l&#039;EN3S","isPartOf":{"@id":"https:\/\/en3s.fr\/formation-professionnelle\/#website"},"primaryImageOfPage":{"@id":"https:\/\/en3s.fr\/formation-professionnelle\/formations-professionnelles\/conferences-journees-dactualite\/de-capm-a-laction-construire-une-culture-manageriale-strategique\/#primaryimage"},"image":{"@id":"https:\/\/en3s.fr\/formation-professionnelle\/formations-professionnelles\/conferences-journees-dactualite\/de-capm-a-laction-construire-une-culture-manageriale-strategique\/#primaryimage"},"thumbnailUrl":"https:\/\/en3s.fr\/formation-professionnelle\/wp-content\/uploads\/sites\/3\/2025\/06\/fav-icon_plan-de-travail-1.png","datePublished":"2025-06-13T11:10:10+00:00","dateModified":"2026-02-03T14:46:45+00:00","description":"Une journ\u00e9e r\u00e9gionale pour renforcer votre impact strat\u00e9gique et collectif","breadcrumb":{"@id":"https:\/\/en3s.fr\/formation-professionnelle\/formations-professionnelles\/conferences-journees-dactualite\/de-capm-a-laction-construire-une-culture-manageriale-strategique\/#breadcrumb"},"inLanguage":"fr-FR","potentialAction":[{"@type":"ReadAction","target":["https:\/\/en3s.fr\/formation-professionnelle\/formations-professionnelles\/conferences-journees-dactualite\/de-capm-a-laction-construire-une-culture-manageriale-strategique\/"]}]},{"@type":"ImageObject","inLanguage":"fr-FR","@id":"https:\/\/en3s.fr\/formation-professionnelle\/formations-professionnelles\/conferences-journees-dactualite\/de-capm-a-laction-construire-une-culture-manageriale-strategique\/#primaryimage","url":"https:\/\/en3s.fr\/formation-professionnelle\/wp-content\/uploads\/sites\/3\/2025\/06\/fav-icon_plan-de-travail-1.png","contentUrl":"https:\/\/en3s.fr\/formation-professionnelle\/wp-content\/uploads\/sites\/3\/2025\/06\/fav-icon_plan-de-travail-1.png","width":2048,"height":2048,"caption":"LOGO EN3S"},{"@type":"BreadcrumbList","@id":"https:\/\/en3s.fr\/formation-professionnelle\/formations-professionnelles\/conferences-journees-dactualite\/de-capm-a-laction-construire-une-culture-manageriale-strategique\/#breadcrumb","itemListElement":[{"@type":"ListItem","position":1,"name":"Accueil","item":"https:\/\/en3s.fr\/formation-professionnelle\/"},{"@type":"ListItem","position":2,"name":"Formations professionnelles","item":"https:\/\/en3s.fr\/formation-professionnelle\/formations-professionnelles\/"},{"@type":"ListItem","position":3,"name":"Conf\u00e9rences, journ\u00e9es d&rsquo;actualit\u00e9","item":"https:\/\/en3s.fr\/formation-professionnelle\/formations-professionnelles\/conferences-journees-dactualite\/"},{"@type":"ListItem","position":4,"name":"De Cap\u2019m \u00e0 l\u2019action : construire une culture manag\u00e9riale strat\u00e9gique"}]},{"@type":"WebSite","@id":"https:\/\/en3s.fr\/formation-professionnelle\/#website","url":"https:\/\/en3s.fr\/formation-professionnelle\/","name":"Formations professionnelles de l&#039;EN3S","description":"Site des formations professionnelles de l&#039;EN3S","potentialAction":[{"@type":"SearchAction","target":{"@type":"EntryPoint","urlTemplate":"https:\/\/en3s.fr\/formation-professionnelle\/?s={search_term_string}"},"query-input":{"@type":"PropertyValueSpecification","valueRequired":true,"valueName":"search_term_string"}}],"inLanguage":"fr-FR"}]}},"_links":{"self":[{"href":"https:\/\/en3s.fr\/formation-professionnelle\/wp-json\/wp\/v2\/pages\/315937","targetHints":{"allow":["GET"]}}],"collection":[{"href":"https:\/\/en3s.fr\/formation-professionnelle\/wp-json\/wp\/v2\/pages"}],"about":[{"href":"https:\/\/en3s.fr\/formation-professionnelle\/wp-json\/wp\/v2\/types\/page"}],"author":[{"embeddable":true,"href":"https:\/\/en3s.fr\/formation-professionnelle\/wp-json\/wp\/v2\/users\/4"}],"replies":[{"embeddable":true,"href":"https:\/\/en3s.fr\/formation-professionnelle\/wp-json\/wp\/v2\/comments?post=315937"}],"version-history":[{"count":42,"href":"https:\/\/en3s.fr\/formation-professionnelle\/wp-json\/wp\/v2\/pages\/315937\/revisions"}],"predecessor-version":[{"id":316949,"href":"https:\/\/en3s.fr\/formation-professionnelle\/wp-json\/wp\/v2\/pages\/315937\/revisions\/316949"}],"up":[{"embeddable":true,"href":"https:\/\/en3s.fr\/formation-professionnelle\/wp-json\/wp\/v2\/pages\/1215"}],"wp:attachment":[{"href":"https:\/\/en3s.fr\/formation-professionnelle\/wp-json\/wp\/v2\/media?parent=315937"}],"curies":[{"name":"wp","href":"https:\/\/api.w.org\/{rel}","templated":true}]}}