{"id":316173,"date":"2025-09-04T14:43:31","date_gmt":"2025-09-04T12:43:31","guid":{"rendered":"https:\/\/en3s.fr\/formation-professionnelle\/?page_id=316173"},"modified":"2025-11-06T15:47:37","modified_gmt":"2025-11-06T14:47:37","slug":"voyage-apprenant-en-finlande","status":"publish","type":"page","link":"https:\/\/en3s.fr\/formation-professionnelle\/formations-professionnelles\/formations-courtes\/voyage-apprenant-en-finlande\/","title":{"rendered":"Voyage apprenant en Finlande"},"content":{"rendered":"<h4><strong><em>Soutenabilit\u00e9, \u00e9quit\u00e9 et efficience du syst\u00e8me de s\u00e9curit\u00e9 sociale finlandais face aux d\u00e9fis d\u00e9mographiques et aux enjeux de territorialisation.<\/em><\/strong><\/h4>\n<p>Ce voyage apprenant vise \u00e0 donner un aper\u00e7u du syst\u00e8me de protection sociale finlandais, moins connu que ses voisins scandinaves, et pourtant terrain d\u2019analyse particuli\u00e8rement pertinent pour appr\u00e9hender les processus de r\u00e9formes de la protection sociale, pens\u00e9es et organis\u00e9es sur le long terme.<br \/>\nLe voyage apprenant permettra \u00e9galement de mieux comprendre in situ les dynamiques \u00e0 l\u2019\u0153uvre de territorialisation des politiques, services et r\u00e9seaux sanitaires, sociaux et m\u00e9dico-sociaux et comment la Finlande y r\u00e9pond tout en s\u2019attachant \u00e0 pr\u00e9server la soutenabilit\u00e9 financi\u00e8re, l\u2019\u00e9quit\u00e9 et l\u2019efficience de son syst\u00e8me de protection sociale.<\/p>\n<p><strong><a class=\"button\" href=\"http:\/\/inscriptions.en3s.fr\/formulaire-multi-inscription.php?scenario=1&amp;id=89586\">S&rsquo;inscrire au voyage<\/a><\/strong><\/p>\n","protected":false},"excerpt":{"rendered":"<p>Soutenabilit\u00e9, \u00e9quit\u00e9 et efficience du syst\u00e8me de s\u00e9curit\u00e9 sociale finlandais face aux d\u00e9fis d\u00e9mographiques et aux enjeux de territorialisation. Ce voyage apprenant vise \u00e0 donner un aper\u00e7u du syst\u00e8me de protection sociale finlandais, moins connu que ses voisins scandinaves, et pourtant terrain d\u2019analyse particuli\u00e8rement pertinent pour appr\u00e9hender les processus de r\u00e9formes de la protection sociale, [&hellip;]<\/p>\n","protected":false},"author":59,"featured_media":0,"parent":425,"menu_order":0,"comment_status":"closed","ping_status":"closed","template":"partials\/template-formation.php","meta":{"ngg_post_thumbnail":0,"footnotes":""},"class_list":["post-316173","page","type-page","status-publish","hentry"],"yoast_head":"<!-- This site is optimized with the Yoast SEO plugin v24.9 - https:\/\/yoast.com\/wordpress\/plugins\/seo\/ -->\n<title>Voyage apprenant en Finlande - Formations professionnelles de l&#039;EN3S<\/title>\n<meta name=\"description\" content=\"Soutenabilit\u00e9, \u00e9quit\u00e9 et efficience du syst\u00e8me de s\u00e9curit\u00e9 sociale finlandais face aux d\u00e9fis d\u00e9mographiques et aux enjeux de territorialisation. Ce voyage\" \/>\n<meta name=\"robots\" content=\"index, follow, max-snippet:-1, max-image-preview:large, max-video-preview:-1\" \/>\n<link rel=\"canonical\" href=\"https:\/\/en3s.fr\/formation-professionnelle\/formations-professionnelles\/formations-courtes\/voyage-apprenant-en-finlande\/\" \/>\n<meta property=\"og:locale\" content=\"fr_FR\" \/>\n<meta property=\"og:type\" content=\"article\" \/>\n<meta property=\"og:title\" content=\"Voyage apprenant en Finlande - Formations professionnelles de l&#039;EN3S\" \/>\n<meta property=\"og:description\" content=\"Soutenabilit\u00e9, \u00e9quit\u00e9 et efficience du syst\u00e8me de s\u00e9curit\u00e9 sociale finlandais face aux d\u00e9fis d\u00e9mographiques et aux enjeux de territorialisation. Ce voyage\" \/>\n<meta property=\"og:url\" content=\"https:\/\/en3s.fr\/formation-professionnelle\/formations-professionnelles\/formations-courtes\/voyage-apprenant-en-finlande\/\" \/>\n<meta property=\"og:site_name\" content=\"Formations professionnelles de l&#039;EN3S\" \/>\n<meta property=\"article:modified_time\" content=\"2025-11-06T14:47:37+00:00\" \/>\n<meta name=\"twitter:card\" content=\"summary_large_image\" \/>\n<meta name=\"twitter:label1\" content=\"Dur\u00e9e de lecture estim\u00e9e\" \/>\n\t<meta name=\"twitter:data1\" content=\"1 minute\" \/>\n<script type=\"application\/ld+json\" class=\"yoast-schema-graph\">{\"@context\":\"https:\/\/schema.org\",\"@graph\":[{\"@type\":\"WebPage\",\"@id\":\"https:\/\/en3s.fr\/formation-professionnelle\/formations-professionnelles\/formations-courtes\/voyage-apprenant-en-finlande\/\",\"url\":\"https:\/\/en3s.fr\/formation-professionnelle\/formations-professionnelles\/formations-courtes\/voyage-apprenant-en-finlande\/\",\"name\":\"Voyage apprenant en Finlande - Formations professionnelles de l&#039;EN3S\",\"isPartOf\":{\"@id\":\"https:\/\/en3s.fr\/formation-professionnelle\/#website\"},\"datePublished\":\"2025-09-04T12:43:31+00:00\",\"dateModified\":\"2025-11-06T14:47:37+00:00\",\"description\":\"Soutenabilit\u00e9, \u00e9quit\u00e9 et efficience du syst\u00e8me de s\u00e9curit\u00e9 sociale finlandais face aux d\u00e9fis d\u00e9mographiques et aux enjeux de territorialisation. Ce voyage\",\"breadcrumb\":{\"@id\":\"https:\/\/en3s.fr\/formation-professionnelle\/formations-professionnelles\/formations-courtes\/voyage-apprenant-en-finlande\/#breadcrumb\"},\"inLanguage\":\"fr-FR\",\"potentialAction\":[{\"@type\":\"ReadAction\",\"target\":[\"https:\/\/en3s.fr\/formation-professionnelle\/formations-professionnelles\/formations-courtes\/voyage-apprenant-en-finlande\/\"]}]},{\"@type\":\"BreadcrumbList\",\"@id\":\"https:\/\/en3s.fr\/formation-professionnelle\/formations-professionnelles\/formations-courtes\/voyage-apprenant-en-finlande\/#breadcrumb\",\"itemListElement\":[{\"@type\":\"ListItem\",\"position\":1,\"name\":\"Accueil\",\"item\":\"https:\/\/en3s.fr\/formation-professionnelle\/\"},{\"@type\":\"ListItem\",\"position\":2,\"name\":\"Formations professionnelles\",\"item\":\"https:\/\/en3s.fr\/formation-professionnelle\/formations-professionnelles\/\"},{\"@type\":\"ListItem\",\"position\":3,\"name\":\"Formations courtes\",\"item\":\"https:\/\/en3s.fr\/formation-professionnelle\/formations-professionnelles\/formations-courtes\/\"},{\"@type\":\"ListItem\",\"position\":4,\"name\":\"Voyage apprenant en Finlande\"}]},{\"@type\":\"WebSite\",\"@id\":\"https:\/\/en3s.fr\/formation-professionnelle\/#website\",\"url\":\"https:\/\/en3s.fr\/formation-professionnelle\/\",\"name\":\"Formations professionnelles de l&#039;EN3S\",\"description\":\"Site des formations professionnelles de l&#039;EN3S\",\"potentialAction\":[{\"@type\":\"SearchAction\",\"target\":{\"@type\":\"EntryPoint\",\"urlTemplate\":\"https:\/\/en3s.fr\/formation-professionnelle\/?s={search_term_string}\"},\"query-input\":{\"@type\":\"PropertyValueSpecification\",\"valueRequired\":true,\"valueName\":\"search_term_string\"}}],\"inLanguage\":\"fr-FR\"}]}<\/script>\n<!-- \/ Yoast SEO plugin. -->","yoast_head_json":{"title":"Voyage apprenant en Finlande - Formations professionnelles de l&#039;EN3S","description":"Soutenabilit\u00e9, \u00e9quit\u00e9 et efficience du syst\u00e8me de s\u00e9curit\u00e9 sociale finlandais face aux d\u00e9fis d\u00e9mographiques et aux enjeux de territorialisation. Ce voyage","robots":{"index":"index","follow":"follow","max-snippet":"max-snippet:-1","max-image-preview":"max-image-preview:large","max-video-preview":"max-video-preview:-1"},"canonical":"https:\/\/en3s.fr\/formation-professionnelle\/formations-professionnelles\/formations-courtes\/voyage-apprenant-en-finlande\/","og_locale":"fr_FR","og_type":"article","og_title":"Voyage apprenant en Finlande - Formations professionnelles de l&#039;EN3S","og_description":"Soutenabilit\u00e9, \u00e9quit\u00e9 et efficience du syst\u00e8me de s\u00e9curit\u00e9 sociale finlandais face aux d\u00e9fis d\u00e9mographiques et aux enjeux de territorialisation. Ce voyage","og_url":"https:\/\/en3s.fr\/formation-professionnelle\/formations-professionnelles\/formations-courtes\/voyage-apprenant-en-finlande\/","og_site_name":"Formations professionnelles de l&#039;EN3S","article_modified_time":"2025-11-06T14:47:37+00:00","twitter_card":"summary_large_image","twitter_misc":{"Dur\u00e9e de lecture estim\u00e9e":"1 minute"},"schema":{"@context":"https:\/\/schema.org","@graph":[{"@type":"WebPage","@id":"https:\/\/en3s.fr\/formation-professionnelle\/formations-professionnelles\/formations-courtes\/voyage-apprenant-en-finlande\/","url":"https:\/\/en3s.fr\/formation-professionnelle\/formations-professionnelles\/formations-courtes\/voyage-apprenant-en-finlande\/","name":"Voyage apprenant en Finlande - Formations professionnelles de l&#039;EN3S","isPartOf":{"@id":"https:\/\/en3s.fr\/formation-professionnelle\/#website"},"datePublished":"2025-09-04T12:43:31+00:00","dateModified":"2025-11-06T14:47:37+00:00","description":"Soutenabilit\u00e9, \u00e9quit\u00e9 et efficience du syst\u00e8me de s\u00e9curit\u00e9 sociale finlandais face aux d\u00e9fis d\u00e9mographiques et aux enjeux de territorialisation. Ce voyage","breadcrumb":{"@id":"https:\/\/en3s.fr\/formation-professionnelle\/formations-professionnelles\/formations-courtes\/voyage-apprenant-en-finlande\/#breadcrumb"},"inLanguage":"fr-FR","potentialAction":[{"@type":"ReadAction","target":["https:\/\/en3s.fr\/formation-professionnelle\/formations-professionnelles\/formations-courtes\/voyage-apprenant-en-finlande\/"]}]},{"@type":"BreadcrumbList","@id":"https:\/\/en3s.fr\/formation-professionnelle\/formations-professionnelles\/formations-courtes\/voyage-apprenant-en-finlande\/#breadcrumb","itemListElement":[{"@type":"ListItem","position":1,"name":"Accueil","item":"https:\/\/en3s.fr\/formation-professionnelle\/"},{"@type":"ListItem","position":2,"name":"Formations professionnelles","item":"https:\/\/en3s.fr\/formation-professionnelle\/formations-professionnelles\/"},{"@type":"ListItem","position":3,"name":"Formations courtes","item":"https:\/\/en3s.fr\/formation-professionnelle\/formations-professionnelles\/formations-courtes\/"},{"@type":"ListItem","position":4,"name":"Voyage apprenant en Finlande"}]},{"@type":"WebSite","@id":"https:\/\/en3s.fr\/formation-professionnelle\/#website","url":"https:\/\/en3s.fr\/formation-professionnelle\/","name":"Formations professionnelles de l&#039;EN3S","description":"Site des formations professionnelles de l&#039;EN3S","potentialAction":[{"@type":"SearchAction","target":{"@type":"EntryPoint","urlTemplate":"https:\/\/en3s.fr\/formation-professionnelle\/?s={search_term_string}"},"query-input":{"@type":"PropertyValueSpecification","valueRequired":true,"valueName":"search_term_string"}}],"inLanguage":"fr-FR"}]}},"_links":{"self":[{"href":"https:\/\/en3s.fr\/formation-professionnelle\/wp-json\/wp\/v2\/pages\/316173","targetHints":{"allow":["GET"]}}],"collection":[{"href":"https:\/\/en3s.fr\/formation-professionnelle\/wp-json\/wp\/v2\/pages"}],"about":[{"href":"https:\/\/en3s.fr\/formation-professionnelle\/wp-json\/wp\/v2\/types\/page"}],"author":[{"embeddable":true,"href":"https:\/\/en3s.fr\/formation-professionnelle\/wp-json\/wp\/v2\/users\/59"}],"replies":[{"embeddable":true,"href":"https:\/\/en3s.fr\/formation-professionnelle\/wp-json\/wp\/v2\/comments?post=316173"}],"version-history":[{"count":2,"href":"https:\/\/en3s.fr\/formation-professionnelle\/wp-json\/wp\/v2\/pages\/316173\/revisions"}],"predecessor-version":[{"id":316584,"href":"https:\/\/en3s.fr\/formation-professionnelle\/wp-json\/wp\/v2\/pages\/316173\/revisions\/316584"}],"up":[{"embeddable":true,"href":"https:\/\/en3s.fr\/formation-professionnelle\/wp-json\/wp\/v2\/pages\/425"}],"wp:attachment":[{"href":"https:\/\/en3s.fr\/formation-professionnelle\/wp-json\/wp\/v2\/media?parent=316173"}],"curies":[{"name":"wp","href":"https:\/\/api.w.org\/{rel}","templated":true}]}}