{"id":316175,"date":"2025-09-04T14:48:21","date_gmt":"2025-09-04T12:48:21","guid":{"rendered":"https:\/\/en3s.fr\/formation-professionnelle\/?page_id=316175"},"modified":"2025-09-09T15:25:17","modified_gmt":"2025-09-09T13:25:17","slug":"lignes-directrices-de-laiss-en-matiere-de-qualite-des-services","status":"publish","type":"page","link":"https:\/\/en3s.fr\/formation-professionnelle\/formations-professionnelles\/formations-courtes\/lignes-directrices-de-laiss-en-matiere-de-qualite-des-services\/","title":{"rendered":"Lignes directrices de l\u2019AISS en mati\u00e8re de Qualit\u00e9 des services"},"content":{"rendered":"<p>&nbsp;<\/p>\n<p><strong><a href=\"https:\/\/en3s.fr\/formation-professionnelle\/wp-content\/uploads\/sites\/3\/2019\/01\/logo-aiss.jpg\"><img loading=\"lazy\" decoding=\"async\" class=\"alignleft wp-image-2700\" src=\"https:\/\/en3s.fr\/formation-professionnelle\/wp-content\/uploads\/sites\/3\/2019\/01\/logo-aiss.jpg\" alt=\"\" width=\"184\" height=\"92\" srcset=\"https:\/\/en3s.fr\/formation-professionnelle\/wp-content\/uploads\/sites\/3\/2019\/01\/logo-aiss.jpg 400w, https:\/\/en3s.fr\/formation-professionnelle\/wp-content\/uploads\/sites\/3\/2019\/01\/logo-aiss-275x138.jpg 275w, https:\/\/en3s.fr\/formation-professionnelle\/wp-content\/uploads\/sites\/3\/2019\/01\/logo-aiss-230x115.jpg 230w\" sizes=\"auto, (max-width: 184px) 100vw, 184px\" \/><\/a><\/strong><\/p>\n<p><strong>Dans le domaine de l\u2019administration de la s\u00e9curit\u00e9 sociale, la qualit\u00e9 des services renvoie aux aspects qualitatifs des prestations et services fournis par une institution de s\u00e9curit\u00e9 sociale. Elle refl\u00e8te la capacit\u00e9 de l\u2019institution \u00e0 r\u00e9pondre aux besoins multiples et complexes des participants compte tenu de ses ressources humaines, financi\u00e8res et en technologies de l\u2019information et de la communication (TIC), ainsi que du soutien fourni par ses partenaires (les organisations associ\u00e9es).<\/strong><\/p>\n<p>&nbsp;<\/p>\n<p>Les Lignes directrices de l\u2019AISS en mati\u00e8re de qualit\u00e9 des services ont pour vocation d\u2019aider les institutions de S\u00e9curit\u00e9 sociale \u00e0 am\u00e9liorer l\u2019efficience de la prestation des services<\/p>\n<p>&nbsp;<\/p>\n","protected":false},"excerpt":{"rendered":"<p>&nbsp; Dans le domaine de l\u2019administration de la s\u00e9curit\u00e9 sociale, la qualit\u00e9 des services renvoie aux aspects qualitatifs des prestations et services fournis par une institution de s\u00e9curit\u00e9 sociale. Elle refl\u00e8te la capacit\u00e9 de l\u2019institution \u00e0 r\u00e9pondre aux besoins multiples et complexes des participants compte tenu de ses ressources humaines, financi\u00e8res et en technologies de [&hellip;]<\/p>\n","protected":false},"author":59,"featured_media":0,"parent":425,"menu_order":0,"comment_status":"closed","ping_status":"closed","template":"partials\/template-formation.php","meta":{"ngg_post_thumbnail":0,"footnotes":""},"class_list":["post-316175","page","type-page","status-publish","hentry"],"yoast_head":"<!-- This site is optimized with the Yoast SEO plugin v24.9 - https:\/\/yoast.com\/wordpress\/plugins\/seo\/ -->\n<title>Lignes directrices de l\u2019AISS en mati\u00e8re de Qualit\u00e9 des services - Formations professionnelles de l&#039;EN3S<\/title>\n<meta name=\"description\" content=\"&nbsp; Dans le domaine de l\u2019administration de la s\u00e9curit\u00e9 sociale, la qualit\u00e9 des services renvoie aux aspects qualitatifs des prestations et services\" \/>\n<meta name=\"robots\" content=\"index, follow, max-snippet:-1, max-image-preview:large, max-video-preview:-1\" \/>\n<link rel=\"canonical\" href=\"https:\/\/en3s.fr\/formation-professionnelle\/formations-professionnelles\/formations-courtes\/lignes-directrices-de-laiss-en-matiere-de-qualite-des-services\/\" \/>\n<meta property=\"og:locale\" content=\"fr_FR\" \/>\n<meta property=\"og:type\" content=\"article\" \/>\n<meta property=\"og:title\" content=\"Lignes directrices de l\u2019AISS en mati\u00e8re de Qualit\u00e9 des services - Formations professionnelles de l&#039;EN3S\" \/>\n<meta property=\"og:description\" content=\"&nbsp; Dans le domaine de l\u2019administration de la s\u00e9curit\u00e9 sociale, la qualit\u00e9 des services renvoie aux aspects qualitatifs des prestations et services\" \/>\n<meta property=\"og:url\" content=\"https:\/\/en3s.fr\/formation-professionnelle\/formations-professionnelles\/formations-courtes\/lignes-directrices-de-laiss-en-matiere-de-qualite-des-services\/\" \/>\n<meta property=\"og:site_name\" content=\"Formations professionnelles de l&#039;EN3S\" \/>\n<meta property=\"article:modified_time\" content=\"2025-09-09T13:25:17+00:00\" \/>\n<meta property=\"og:image\" content=\"https:\/\/en3s.fr\/formation-professionnelle\/wp-content\/uploads\/sites\/3\/2019\/01\/logo-aiss.jpg\" \/>\n\t<meta property=\"og:image:width\" content=\"400\" \/>\n\t<meta property=\"og:image:height\" content=\"200\" \/>\n\t<meta property=\"og:image:type\" content=\"image\/jpeg\" \/>\n<meta name=\"twitter:card\" content=\"summary_large_image\" \/>\n<meta name=\"twitter:label1\" content=\"Dur\u00e9e de lecture estim\u00e9e\" \/>\n\t<meta name=\"twitter:data1\" content=\"1 minute\" \/>\n<script type=\"application\/ld+json\" class=\"yoast-schema-graph\">{\"@context\":\"https:\/\/schema.org\",\"@graph\":[{\"@type\":\"WebPage\",\"@id\":\"https:\/\/en3s.fr\/formation-professionnelle\/formations-professionnelles\/formations-courtes\/lignes-directrices-de-laiss-en-matiere-de-qualite-des-services\/\",\"url\":\"https:\/\/en3s.fr\/formation-professionnelle\/formations-professionnelles\/formations-courtes\/lignes-directrices-de-laiss-en-matiere-de-qualite-des-services\/\",\"name\":\"Lignes directrices de l\u2019AISS en mati\u00e8re de Qualit\u00e9 des services - Formations professionnelles de l&#039;EN3S\",\"isPartOf\":{\"@id\":\"https:\/\/en3s.fr\/formation-professionnelle\/#website\"},\"primaryImageOfPage\":{\"@id\":\"https:\/\/en3s.fr\/formation-professionnelle\/formations-professionnelles\/formations-courtes\/lignes-directrices-de-laiss-en-matiere-de-qualite-des-services\/#primaryimage\"},\"image\":{\"@id\":\"https:\/\/en3s.fr\/formation-professionnelle\/formations-professionnelles\/formations-courtes\/lignes-directrices-de-laiss-en-matiere-de-qualite-des-services\/#primaryimage\"},\"thumbnailUrl\":\"https:\/\/en3s.fr\/formation-professionnelle\/wp-content\/uploads\/sites\/3\/2019\/01\/logo-aiss.jpg\",\"datePublished\":\"2025-09-04T12:48:21+00:00\",\"dateModified\":\"2025-09-09T13:25:17+00:00\",\"description\":\"&nbsp; Dans le domaine de l\u2019administration de la s\u00e9curit\u00e9 sociale, la qualit\u00e9 des services renvoie aux aspects qualitatifs des prestations et services\",\"breadcrumb\":{\"@id\":\"https:\/\/en3s.fr\/formation-professionnelle\/formations-professionnelles\/formations-courtes\/lignes-directrices-de-laiss-en-matiere-de-qualite-des-services\/#breadcrumb\"},\"inLanguage\":\"fr-FR\",\"potentialAction\":[{\"@type\":\"ReadAction\",\"target\":[\"https:\/\/en3s.fr\/formation-professionnelle\/formations-professionnelles\/formations-courtes\/lignes-directrices-de-laiss-en-matiere-de-qualite-des-services\/\"]}]},{\"@type\":\"ImageObject\",\"inLanguage\":\"fr-FR\",\"@id\":\"https:\/\/en3s.fr\/formation-professionnelle\/formations-professionnelles\/formations-courtes\/lignes-directrices-de-laiss-en-matiere-de-qualite-des-services\/#primaryimage\",\"url\":\"https:\/\/en3s.fr\/formation-professionnelle\/wp-content\/uploads\/sites\/3\/2019\/01\/logo-aiss.jpg\",\"contentUrl\":\"https:\/\/en3s.fr\/formation-professionnelle\/wp-content\/uploads\/sites\/3\/2019\/01\/logo-aiss.jpg\"},{\"@type\":\"BreadcrumbList\",\"@id\":\"https:\/\/en3s.fr\/formation-professionnelle\/formations-professionnelles\/formations-courtes\/lignes-directrices-de-laiss-en-matiere-de-qualite-des-services\/#breadcrumb\",\"itemListElement\":[{\"@type\":\"ListItem\",\"position\":1,\"name\":\"Accueil\",\"item\":\"https:\/\/en3s.fr\/formation-professionnelle\/\"},{\"@type\":\"ListItem\",\"position\":2,\"name\":\"Formations professionnelles\",\"item\":\"https:\/\/en3s.fr\/formation-professionnelle\/formations-professionnelles\/\"},{\"@type\":\"ListItem\",\"position\":3,\"name\":\"Formations courtes\",\"item\":\"https:\/\/en3s.fr\/formation-professionnelle\/formations-professionnelles\/formations-courtes\/\"},{\"@type\":\"ListItem\",\"position\":4,\"name\":\"Lignes directrices de l\u2019AISS en mati\u00e8re de Qualit\u00e9 des services\"}]},{\"@type\":\"WebSite\",\"@id\":\"https:\/\/en3s.fr\/formation-professionnelle\/#website\",\"url\":\"https:\/\/en3s.fr\/formation-professionnelle\/\",\"name\":\"Formations professionnelles de l&#039;EN3S\",\"description\":\"Site des formations professionnelles de l&#039;EN3S\",\"potentialAction\":[{\"@type\":\"SearchAction\",\"target\":{\"@type\":\"EntryPoint\",\"urlTemplate\":\"https:\/\/en3s.fr\/formation-professionnelle\/?s={search_term_string}\"},\"query-input\":{\"@type\":\"PropertyValueSpecification\",\"valueRequired\":true,\"valueName\":\"search_term_string\"}}],\"inLanguage\":\"fr-FR\"}]}<\/script>\n<!-- \/ Yoast SEO plugin. -->","yoast_head_json":{"title":"Lignes directrices de l\u2019AISS en mati\u00e8re de Qualit\u00e9 des services - Formations professionnelles de l&#039;EN3S","description":"&nbsp; Dans le domaine de l\u2019administration de la s\u00e9curit\u00e9 sociale, la qualit\u00e9 des services renvoie aux aspects qualitatifs des prestations et services","robots":{"index":"index","follow":"follow","max-snippet":"max-snippet:-1","max-image-preview":"max-image-preview:large","max-video-preview":"max-video-preview:-1"},"canonical":"https:\/\/en3s.fr\/formation-professionnelle\/formations-professionnelles\/formations-courtes\/lignes-directrices-de-laiss-en-matiere-de-qualite-des-services\/","og_locale":"fr_FR","og_type":"article","og_title":"Lignes directrices de l\u2019AISS en mati\u00e8re de Qualit\u00e9 des services - Formations professionnelles de l&#039;EN3S","og_description":"&nbsp; Dans le domaine de l\u2019administration de la s\u00e9curit\u00e9 sociale, la qualit\u00e9 des services renvoie aux aspects qualitatifs des prestations et services","og_url":"https:\/\/en3s.fr\/formation-professionnelle\/formations-professionnelles\/formations-courtes\/lignes-directrices-de-laiss-en-matiere-de-qualite-des-services\/","og_site_name":"Formations professionnelles de l&#039;EN3S","article_modified_time":"2025-09-09T13:25:17+00:00","og_image":[{"width":400,"height":200,"url":"https:\/\/en3s.fr\/formation-professionnelle\/wp-content\/uploads\/sites\/3\/2019\/01\/logo-aiss.jpg","type":"image\/jpeg"}],"twitter_card":"summary_large_image","twitter_misc":{"Dur\u00e9e de lecture estim\u00e9e":"1 minute"},"schema":{"@context":"https:\/\/schema.org","@graph":[{"@type":"WebPage","@id":"https:\/\/en3s.fr\/formation-professionnelle\/formations-professionnelles\/formations-courtes\/lignes-directrices-de-laiss-en-matiere-de-qualite-des-services\/","url":"https:\/\/en3s.fr\/formation-professionnelle\/formations-professionnelles\/formations-courtes\/lignes-directrices-de-laiss-en-matiere-de-qualite-des-services\/","name":"Lignes directrices de l\u2019AISS en mati\u00e8re de Qualit\u00e9 des services - Formations professionnelles de l&#039;EN3S","isPartOf":{"@id":"https:\/\/en3s.fr\/formation-professionnelle\/#website"},"primaryImageOfPage":{"@id":"https:\/\/en3s.fr\/formation-professionnelle\/formations-professionnelles\/formations-courtes\/lignes-directrices-de-laiss-en-matiere-de-qualite-des-services\/#primaryimage"},"image":{"@id":"https:\/\/en3s.fr\/formation-professionnelle\/formations-professionnelles\/formations-courtes\/lignes-directrices-de-laiss-en-matiere-de-qualite-des-services\/#primaryimage"},"thumbnailUrl":"https:\/\/en3s.fr\/formation-professionnelle\/wp-content\/uploads\/sites\/3\/2019\/01\/logo-aiss.jpg","datePublished":"2025-09-04T12:48:21+00:00","dateModified":"2025-09-09T13:25:17+00:00","description":"&nbsp; Dans le domaine de l\u2019administration de la s\u00e9curit\u00e9 sociale, la qualit\u00e9 des services renvoie aux aspects qualitatifs des prestations et services","breadcrumb":{"@id":"https:\/\/en3s.fr\/formation-professionnelle\/formations-professionnelles\/formations-courtes\/lignes-directrices-de-laiss-en-matiere-de-qualite-des-services\/#breadcrumb"},"inLanguage":"fr-FR","potentialAction":[{"@type":"ReadAction","target":["https:\/\/en3s.fr\/formation-professionnelle\/formations-professionnelles\/formations-courtes\/lignes-directrices-de-laiss-en-matiere-de-qualite-des-services\/"]}]},{"@type":"ImageObject","inLanguage":"fr-FR","@id":"https:\/\/en3s.fr\/formation-professionnelle\/formations-professionnelles\/formations-courtes\/lignes-directrices-de-laiss-en-matiere-de-qualite-des-services\/#primaryimage","url":"https:\/\/en3s.fr\/formation-professionnelle\/wp-content\/uploads\/sites\/3\/2019\/01\/logo-aiss.jpg","contentUrl":"https:\/\/en3s.fr\/formation-professionnelle\/wp-content\/uploads\/sites\/3\/2019\/01\/logo-aiss.jpg"},{"@type":"BreadcrumbList","@id":"https:\/\/en3s.fr\/formation-professionnelle\/formations-professionnelles\/formations-courtes\/lignes-directrices-de-laiss-en-matiere-de-qualite-des-services\/#breadcrumb","itemListElement":[{"@type":"ListItem","position":1,"name":"Accueil","item":"https:\/\/en3s.fr\/formation-professionnelle\/"},{"@type":"ListItem","position":2,"name":"Formations professionnelles","item":"https:\/\/en3s.fr\/formation-professionnelle\/formations-professionnelles\/"},{"@type":"ListItem","position":3,"name":"Formations courtes","item":"https:\/\/en3s.fr\/formation-professionnelle\/formations-professionnelles\/formations-courtes\/"},{"@type":"ListItem","position":4,"name":"Lignes directrices de l\u2019AISS en mati\u00e8re de Qualit\u00e9 des services"}]},{"@type":"WebSite","@id":"https:\/\/en3s.fr\/formation-professionnelle\/#website","url":"https:\/\/en3s.fr\/formation-professionnelle\/","name":"Formations professionnelles de l&#039;EN3S","description":"Site des formations professionnelles de l&#039;EN3S","potentialAction":[{"@type":"SearchAction","target":{"@type":"EntryPoint","urlTemplate":"https:\/\/en3s.fr\/formation-professionnelle\/?s={search_term_string}"},"query-input":{"@type":"PropertyValueSpecification","valueRequired":true,"valueName":"search_term_string"}}],"inLanguage":"fr-FR"}]}},"_links":{"self":[{"href":"https:\/\/en3s.fr\/formation-professionnelle\/wp-json\/wp\/v2\/pages\/316175","targetHints":{"allow":["GET"]}}],"collection":[{"href":"https:\/\/en3s.fr\/formation-professionnelle\/wp-json\/wp\/v2\/pages"}],"about":[{"href":"https:\/\/en3s.fr\/formation-professionnelle\/wp-json\/wp\/v2\/types\/page"}],"author":[{"embeddable":true,"href":"https:\/\/en3s.fr\/formation-professionnelle\/wp-json\/wp\/v2\/users\/59"}],"replies":[{"embeddable":true,"href":"https:\/\/en3s.fr\/formation-professionnelle\/wp-json\/wp\/v2\/comments?post=316175"}],"version-history":[{"count":2,"href":"https:\/\/en3s.fr\/formation-professionnelle\/wp-json\/wp\/v2\/pages\/316175\/revisions"}],"predecessor-version":[{"id":316196,"href":"https:\/\/en3s.fr\/formation-professionnelle\/wp-json\/wp\/v2\/pages\/316175\/revisions\/316196"}],"up":[{"embeddable":true,"href":"https:\/\/en3s.fr\/formation-professionnelle\/wp-json\/wp\/v2\/pages\/425"}],"wp:attachment":[{"href":"https:\/\/en3s.fr\/formation-professionnelle\/wp-json\/wp\/v2\/media?parent=316175"}],"curies":[{"name":"wp","href":"https:\/\/api.w.org\/{rel}","templated":true}]}}