{"id":316177,"date":"2025-09-04T14:50:48","date_gmt":"2025-09-04T12:50:48","guid":{"rendered":"https:\/\/en3s.fr\/formation-professionnelle\/?page_id=316177"},"modified":"2025-09-04T14:52:03","modified_gmt":"2025-09-04T12:52:03","slug":"lignes-directrices-de-laiss-en-matiere-de-technologies-de-linformation-et-de-la-communication","status":"publish","type":"page","link":"https:\/\/en3s.fr\/formation-professionnelle\/formations-professionnelles\/formations-courtes\/lignes-directrices-de-laiss-en-matiere-de-technologies-de-linformation-et-de-la-communication\/","title":{"rendered":"Lignes directrices de l\u2019AISS en mati\u00e8re de technologies de l&rsquo;information et de la communication"},"content":{"rendered":"<p><strong><a href=\"https:\/\/en3s.fr\/formation-professionnelle\/wp-content\/uploads\/sites\/3\/2019\/01\/logo-aiss.jpg\"><img loading=\"lazy\" decoding=\"async\" class=\"alignleft wp-image-2700\" src=\"https:\/\/en3s.fr\/formation-professionnelle\/wp-content\/uploads\/sites\/3\/2019\/01\/logo-aiss.jpg\" alt=\"\" width=\"200\" height=\"100\" srcset=\"https:\/\/en3s.fr\/formation-professionnelle\/wp-content\/uploads\/sites\/3\/2019\/01\/logo-aiss.jpg 400w, https:\/\/en3s.fr\/formation-professionnelle\/wp-content\/uploads\/sites\/3\/2019\/01\/logo-aiss-275x138.jpg 275w, https:\/\/en3s.fr\/formation-professionnelle\/wp-content\/uploads\/sites\/3\/2019\/01\/logo-aiss-230x115.jpg 230w\" sizes=\"auto, (max-width: 200px) 100vw, 200px\" \/><\/a><\/strong><\/p>\n<p><strong>Les Technologies de l\u2019Information et de la Communication (TIC) sont devenues un levier indispensable dans le d\u00e9ploiement des programmes des institutions en charge de la s\u00e9curit\u00e9 sociale. Leur utilisation a permis non seulement d\u2019automatiser certains processus, mais aussi d\u2019en d\u00e9ployer de nouveaux. Elles ont facilit\u00e9 la transformation des op\u00e9rations et des services, am\u00e9liorant la relation des Institutions de s\u00e9curit\u00e9 sociale avec leurs usagers, par des offres plus performantes et de qualit\u00e9. <\/strong><\/p>\n<p>Au travers des lignes directrices de l\u2019AISS, les approches strat\u00e9giques seront \u00e9tudi\u00e9es pour une optimisation des TIC au service de la performance du service rendu en mati\u00e8re de s\u00e9curit\u00e9 sociale.<\/p>\n","protected":false},"excerpt":{"rendered":"<p>Les Technologies de l\u2019Information et de la Communication (TIC) sont devenues un levier indispensable dans le d\u00e9ploiement des programmes des institutions en charge de la s\u00e9curit\u00e9 sociale. Leur utilisation a permis non seulement d\u2019automatiser certains processus, mais aussi d\u2019en d\u00e9ployer de nouveaux. Elles ont facilit\u00e9 la transformation des op\u00e9rations et des services, am\u00e9liorant la relation [&hellip;]<\/p>\n","protected":false},"author":59,"featured_media":0,"parent":425,"menu_order":0,"comment_status":"closed","ping_status":"closed","template":"partials\/template-formation.php","meta":{"ngg_post_thumbnail":0,"footnotes":""},"class_list":["post-316177","page","type-page","status-publish","hentry"],"yoast_head":"<!-- This site is optimized with the Yoast SEO plugin v24.9 - https:\/\/yoast.com\/wordpress\/plugins\/seo\/ -->\n<title>Lignes directrices de l\u2019AISS en mati\u00e8re de technologies de l&#039;information et de la communication - Formations professionnelles de l&#039;EN3S<\/title>\n<meta name=\"description\" content=\"Les Technologies de l\u2019Information et de la Communication (TIC) sont devenues un levier indispensable dans le d\u00e9ploiement des programmes des institutions\" \/>\n<meta name=\"robots\" content=\"index, follow, max-snippet:-1, max-image-preview:large, max-video-preview:-1\" \/>\n<link rel=\"canonical\" href=\"https:\/\/en3s.fr\/formation-professionnelle\/formations-professionnelles\/formations-courtes\/lignes-directrices-de-laiss-en-matiere-de-technologies-de-linformation-et-de-la-communication\/\" \/>\n<meta property=\"og:locale\" content=\"fr_FR\" \/>\n<meta property=\"og:type\" content=\"article\" \/>\n<meta property=\"og:title\" content=\"Lignes directrices de l\u2019AISS en mati\u00e8re de technologies de l&#039;information et de la communication - Formations professionnelles de l&#039;EN3S\" \/>\n<meta property=\"og:description\" content=\"Les Technologies de l\u2019Information et de la Communication (TIC) sont devenues un levier indispensable dans le d\u00e9ploiement des programmes des institutions\" \/>\n<meta property=\"og:url\" content=\"https:\/\/en3s.fr\/formation-professionnelle\/formations-professionnelles\/formations-courtes\/lignes-directrices-de-laiss-en-matiere-de-technologies-de-linformation-et-de-la-communication\/\" \/>\n<meta property=\"og:site_name\" content=\"Formations professionnelles de l&#039;EN3S\" \/>\n<meta property=\"article:modified_time\" content=\"2025-09-04T12:52:03+00:00\" \/>\n<meta property=\"og:image\" content=\"https:\/\/en3s.fr\/formation-professionnelle\/wp-content\/uploads\/sites\/3\/2019\/01\/logo-aiss.jpg\" \/>\n\t<meta property=\"og:image:width\" content=\"400\" \/>\n\t<meta property=\"og:image:height\" content=\"200\" \/>\n\t<meta property=\"og:image:type\" content=\"image\/jpeg\" \/>\n<meta name=\"twitter:card\" content=\"summary_large_image\" \/>\n<meta name=\"twitter:label1\" content=\"Dur\u00e9e de lecture estim\u00e9e\" \/>\n\t<meta name=\"twitter:data1\" content=\"1 minute\" \/>\n<script type=\"application\/ld+json\" class=\"yoast-schema-graph\">{\"@context\":\"https:\/\/schema.org\",\"@graph\":[{\"@type\":\"WebPage\",\"@id\":\"https:\/\/en3s.fr\/formation-professionnelle\/formations-professionnelles\/formations-courtes\/lignes-directrices-de-laiss-en-matiere-de-technologies-de-linformation-et-de-la-communication\/\",\"url\":\"https:\/\/en3s.fr\/formation-professionnelle\/formations-professionnelles\/formations-courtes\/lignes-directrices-de-laiss-en-matiere-de-technologies-de-linformation-et-de-la-communication\/\",\"name\":\"Lignes directrices de l\u2019AISS en mati\u00e8re de technologies de l'information et de la communication - Formations professionnelles de l&#039;EN3S\",\"isPartOf\":{\"@id\":\"https:\/\/en3s.fr\/formation-professionnelle\/#website\"},\"primaryImageOfPage\":{\"@id\":\"https:\/\/en3s.fr\/formation-professionnelle\/formations-professionnelles\/formations-courtes\/lignes-directrices-de-laiss-en-matiere-de-technologies-de-linformation-et-de-la-communication\/#primaryimage\"},\"image\":{\"@id\":\"https:\/\/en3s.fr\/formation-professionnelle\/formations-professionnelles\/formations-courtes\/lignes-directrices-de-laiss-en-matiere-de-technologies-de-linformation-et-de-la-communication\/#primaryimage\"},\"thumbnailUrl\":\"https:\/\/en3s.fr\/formation-professionnelle\/wp-content\/uploads\/sites\/3\/2019\/01\/logo-aiss.jpg\",\"datePublished\":\"2025-09-04T12:50:48+00:00\",\"dateModified\":\"2025-09-04T12:52:03+00:00\",\"description\":\"Les Technologies de l\u2019Information et de la Communication (TIC) sont devenues un levier indispensable dans le d\u00e9ploiement des programmes des institutions\",\"breadcrumb\":{\"@id\":\"https:\/\/en3s.fr\/formation-professionnelle\/formations-professionnelles\/formations-courtes\/lignes-directrices-de-laiss-en-matiere-de-technologies-de-linformation-et-de-la-communication\/#breadcrumb\"},\"inLanguage\":\"fr-FR\",\"potentialAction\":[{\"@type\":\"ReadAction\",\"target\":[\"https:\/\/en3s.fr\/formation-professionnelle\/formations-professionnelles\/formations-courtes\/lignes-directrices-de-laiss-en-matiere-de-technologies-de-linformation-et-de-la-communication\/\"]}]},{\"@type\":\"ImageObject\",\"inLanguage\":\"fr-FR\",\"@id\":\"https:\/\/en3s.fr\/formation-professionnelle\/formations-professionnelles\/formations-courtes\/lignes-directrices-de-laiss-en-matiere-de-technologies-de-linformation-et-de-la-communication\/#primaryimage\",\"url\":\"https:\/\/en3s.fr\/formation-professionnelle\/wp-content\/uploads\/sites\/3\/2019\/01\/logo-aiss.jpg\",\"contentUrl\":\"https:\/\/en3s.fr\/formation-professionnelle\/wp-content\/uploads\/sites\/3\/2019\/01\/logo-aiss.jpg\"},{\"@type\":\"BreadcrumbList\",\"@id\":\"https:\/\/en3s.fr\/formation-professionnelle\/formations-professionnelles\/formations-courtes\/lignes-directrices-de-laiss-en-matiere-de-technologies-de-linformation-et-de-la-communication\/#breadcrumb\",\"itemListElement\":[{\"@type\":\"ListItem\",\"position\":1,\"name\":\"Accueil\",\"item\":\"https:\/\/en3s.fr\/formation-professionnelle\/\"},{\"@type\":\"ListItem\",\"position\":2,\"name\":\"Formations professionnelles\",\"item\":\"https:\/\/en3s.fr\/formation-professionnelle\/formations-professionnelles\/\"},{\"@type\":\"ListItem\",\"position\":3,\"name\":\"Formations courtes\",\"item\":\"https:\/\/en3s.fr\/formation-professionnelle\/formations-professionnelles\/formations-courtes\/\"},{\"@type\":\"ListItem\",\"position\":4,\"name\":\"Lignes directrices de l\u2019AISS en mati\u00e8re de technologies de l&rsquo;information et de la communication\"}]},{\"@type\":\"WebSite\",\"@id\":\"https:\/\/en3s.fr\/formation-professionnelle\/#website\",\"url\":\"https:\/\/en3s.fr\/formation-professionnelle\/\",\"name\":\"Formations professionnelles de l&#039;EN3S\",\"description\":\"Site des formations professionnelles de l&#039;EN3S\",\"potentialAction\":[{\"@type\":\"SearchAction\",\"target\":{\"@type\":\"EntryPoint\",\"urlTemplate\":\"https:\/\/en3s.fr\/formation-professionnelle\/?s={search_term_string}\"},\"query-input\":{\"@type\":\"PropertyValueSpecification\",\"valueRequired\":true,\"valueName\":\"search_term_string\"}}],\"inLanguage\":\"fr-FR\"}]}<\/script>\n<!-- \/ Yoast SEO plugin. -->","yoast_head_json":{"title":"Lignes directrices de l\u2019AISS en mati\u00e8re de technologies de l'information et de la communication - Formations professionnelles de l&#039;EN3S","description":"Les Technologies de l\u2019Information et de la Communication (TIC) sont devenues un levier indispensable dans le d\u00e9ploiement des programmes des institutions","robots":{"index":"index","follow":"follow","max-snippet":"max-snippet:-1","max-image-preview":"max-image-preview:large","max-video-preview":"max-video-preview:-1"},"canonical":"https:\/\/en3s.fr\/formation-professionnelle\/formations-professionnelles\/formations-courtes\/lignes-directrices-de-laiss-en-matiere-de-technologies-de-linformation-et-de-la-communication\/","og_locale":"fr_FR","og_type":"article","og_title":"Lignes directrices de l\u2019AISS en mati\u00e8re de technologies de l'information et de la communication - Formations professionnelles de l&#039;EN3S","og_description":"Les Technologies de l\u2019Information et de la Communication (TIC) sont devenues un levier indispensable dans le d\u00e9ploiement des programmes des institutions","og_url":"https:\/\/en3s.fr\/formation-professionnelle\/formations-professionnelles\/formations-courtes\/lignes-directrices-de-laiss-en-matiere-de-technologies-de-linformation-et-de-la-communication\/","og_site_name":"Formations professionnelles de l&#039;EN3S","article_modified_time":"2025-09-04T12:52:03+00:00","og_image":[{"width":400,"height":200,"url":"https:\/\/en3s.fr\/formation-professionnelle\/wp-content\/uploads\/sites\/3\/2019\/01\/logo-aiss.jpg","type":"image\/jpeg"}],"twitter_card":"summary_large_image","twitter_misc":{"Dur\u00e9e de lecture estim\u00e9e":"1 minute"},"schema":{"@context":"https:\/\/schema.org","@graph":[{"@type":"WebPage","@id":"https:\/\/en3s.fr\/formation-professionnelle\/formations-professionnelles\/formations-courtes\/lignes-directrices-de-laiss-en-matiere-de-technologies-de-linformation-et-de-la-communication\/","url":"https:\/\/en3s.fr\/formation-professionnelle\/formations-professionnelles\/formations-courtes\/lignes-directrices-de-laiss-en-matiere-de-technologies-de-linformation-et-de-la-communication\/","name":"Lignes directrices de l\u2019AISS en mati\u00e8re de technologies de l'information et de la communication - Formations professionnelles de l&#039;EN3S","isPartOf":{"@id":"https:\/\/en3s.fr\/formation-professionnelle\/#website"},"primaryImageOfPage":{"@id":"https:\/\/en3s.fr\/formation-professionnelle\/formations-professionnelles\/formations-courtes\/lignes-directrices-de-laiss-en-matiere-de-technologies-de-linformation-et-de-la-communication\/#primaryimage"},"image":{"@id":"https:\/\/en3s.fr\/formation-professionnelle\/formations-professionnelles\/formations-courtes\/lignes-directrices-de-laiss-en-matiere-de-technologies-de-linformation-et-de-la-communication\/#primaryimage"},"thumbnailUrl":"https:\/\/en3s.fr\/formation-professionnelle\/wp-content\/uploads\/sites\/3\/2019\/01\/logo-aiss.jpg","datePublished":"2025-09-04T12:50:48+00:00","dateModified":"2025-09-04T12:52:03+00:00","description":"Les Technologies de l\u2019Information et de la Communication (TIC) sont devenues un levier indispensable dans le d\u00e9ploiement des programmes des institutions","breadcrumb":{"@id":"https:\/\/en3s.fr\/formation-professionnelle\/formations-professionnelles\/formations-courtes\/lignes-directrices-de-laiss-en-matiere-de-technologies-de-linformation-et-de-la-communication\/#breadcrumb"},"inLanguage":"fr-FR","potentialAction":[{"@type":"ReadAction","target":["https:\/\/en3s.fr\/formation-professionnelle\/formations-professionnelles\/formations-courtes\/lignes-directrices-de-laiss-en-matiere-de-technologies-de-linformation-et-de-la-communication\/"]}]},{"@type":"ImageObject","inLanguage":"fr-FR","@id":"https:\/\/en3s.fr\/formation-professionnelle\/formations-professionnelles\/formations-courtes\/lignes-directrices-de-laiss-en-matiere-de-technologies-de-linformation-et-de-la-communication\/#primaryimage","url":"https:\/\/en3s.fr\/formation-professionnelle\/wp-content\/uploads\/sites\/3\/2019\/01\/logo-aiss.jpg","contentUrl":"https:\/\/en3s.fr\/formation-professionnelle\/wp-content\/uploads\/sites\/3\/2019\/01\/logo-aiss.jpg"},{"@type":"BreadcrumbList","@id":"https:\/\/en3s.fr\/formation-professionnelle\/formations-professionnelles\/formations-courtes\/lignes-directrices-de-laiss-en-matiere-de-technologies-de-linformation-et-de-la-communication\/#breadcrumb","itemListElement":[{"@type":"ListItem","position":1,"name":"Accueil","item":"https:\/\/en3s.fr\/formation-professionnelle\/"},{"@type":"ListItem","position":2,"name":"Formations professionnelles","item":"https:\/\/en3s.fr\/formation-professionnelle\/formations-professionnelles\/"},{"@type":"ListItem","position":3,"name":"Formations courtes","item":"https:\/\/en3s.fr\/formation-professionnelle\/formations-professionnelles\/formations-courtes\/"},{"@type":"ListItem","position":4,"name":"Lignes directrices de l\u2019AISS en mati\u00e8re de technologies de l&rsquo;information et de la communication"}]},{"@type":"WebSite","@id":"https:\/\/en3s.fr\/formation-professionnelle\/#website","url":"https:\/\/en3s.fr\/formation-professionnelle\/","name":"Formations professionnelles de l&#039;EN3S","description":"Site des formations professionnelles de l&#039;EN3S","potentialAction":[{"@type":"SearchAction","target":{"@type":"EntryPoint","urlTemplate":"https:\/\/en3s.fr\/formation-professionnelle\/?s={search_term_string}"},"query-input":{"@type":"PropertyValueSpecification","valueRequired":true,"valueName":"search_term_string"}}],"inLanguage":"fr-FR"}]}},"_links":{"self":[{"href":"https:\/\/en3s.fr\/formation-professionnelle\/wp-json\/wp\/v2\/pages\/316177","targetHints":{"allow":["GET"]}}],"collection":[{"href":"https:\/\/en3s.fr\/formation-professionnelle\/wp-json\/wp\/v2\/pages"}],"about":[{"href":"https:\/\/en3s.fr\/formation-professionnelle\/wp-json\/wp\/v2\/types\/page"}],"author":[{"embeddable":true,"href":"https:\/\/en3s.fr\/formation-professionnelle\/wp-json\/wp\/v2\/users\/59"}],"replies":[{"embeddable":true,"href":"https:\/\/en3s.fr\/formation-professionnelle\/wp-json\/wp\/v2\/comments?post=316177"}],"version-history":[{"count":2,"href":"https:\/\/en3s.fr\/formation-professionnelle\/wp-json\/wp\/v2\/pages\/316177\/revisions"}],"predecessor-version":[{"id":316179,"href":"https:\/\/en3s.fr\/formation-professionnelle\/wp-json\/wp\/v2\/pages\/316177\/revisions\/316179"}],"up":[{"embeddable":true,"href":"https:\/\/en3s.fr\/formation-professionnelle\/wp-json\/wp\/v2\/pages\/425"}],"wp:attachment":[{"href":"https:\/\/en3s.fr\/formation-professionnelle\/wp-json\/wp\/v2\/media?parent=316177"}],"curies":[{"name":"wp","href":"https:\/\/api.w.org\/{rel}","templated":true}]}}