{"id":316182,"date":"2025-09-04T14:59:28","date_gmt":"2025-09-04T12:59:28","guid":{"rendered":"https:\/\/en3s.fr\/formation-professionnelle\/?page_id=316182"},"modified":"2025-09-04T14:59:28","modified_gmt":"2025-09-04T12:59:28","slug":"la-protection-sociale-universelle-une-realite-pour-tous","status":"publish","type":"page","link":"https:\/\/en3s.fr\/formation-professionnelle\/formations-professionnelles\/formations-courtes\/la-protection-sociale-universelle-une-realite-pour-tous\/","title":{"rendered":"La protection sociale universelle : une r\u00e9alit\u00e9 pour tous"},"content":{"rendered":"<p>&nbsp;<\/p>\n<p><strong>Ce cours est une introduction \u00e0 la protection sociale. Il couvre plusieurs questions, notamment le droit humain \u00e0 la s\u00e9curit\u00e9 sociale, le besoin de protection sociale tout au long de la vie, le processus de mise en place de syst\u00e8mes de protection sociale universelle et le r\u00f4le cl\u00e9 de la protection sociale pour faire face aux principaux enjeux mondiaux.<\/strong><\/p>\n<p>Ce MOOC permet aux apprenants de comprendre les concepts cl\u00e9s de la protection sociale et les forces et faiblesses des diff\u00e9rentes approches en la mati\u00e8re. Il fournit \u00e9galement aux participants un aper\u00e7u critique des options politiques et des strat\u00e9gies de protection sociale dans le contexte du travail d\u00e9cent et du d\u00e9veloppement socio\u00e9conomique.<\/p>\n<p>&nbsp;<\/p>\n","protected":false},"excerpt":{"rendered":"<p>&nbsp; Ce cours est une introduction \u00e0 la protection sociale. Il couvre plusieurs questions, notamment le droit humain \u00e0 la s\u00e9curit\u00e9 sociale, le besoin de protection sociale tout au long de la vie, le processus de mise en place de syst\u00e8mes de protection sociale universelle et le r\u00f4le cl\u00e9 de la protection sociale pour faire [&hellip;]<\/p>\n","protected":false},"author":59,"featured_media":0,"parent":425,"menu_order":0,"comment_status":"closed","ping_status":"closed","template":"partials\/template-formation.php","meta":{"ngg_post_thumbnail":0,"footnotes":""},"class_list":["post-316182","page","type-page","status-publish","hentry"],"yoast_head":"<!-- This site is optimized with the Yoast SEO plugin v24.9 - https:\/\/yoast.com\/wordpress\/plugins\/seo\/ -->\n<title>La protection sociale universelle : une r\u00e9alit\u00e9 pour tous - Formations professionnelles de l&#039;EN3S<\/title>\n<meta name=\"description\" content=\"&nbsp; Ce cours est une introduction \u00e0 la protection sociale. Il couvre plusieurs questions, notamment le droit humain \u00e0 la s\u00e9curit\u00e9 sociale, le besoin de\" \/>\n<meta name=\"robots\" content=\"index, follow, max-snippet:-1, max-image-preview:large, max-video-preview:-1\" \/>\n<link rel=\"canonical\" href=\"https:\/\/en3s.fr\/formation-professionnelle\/formations-professionnelles\/formations-courtes\/la-protection-sociale-universelle-une-realite-pour-tous\/\" \/>\n<meta property=\"og:locale\" content=\"fr_FR\" \/>\n<meta property=\"og:type\" content=\"article\" \/>\n<meta property=\"og:title\" content=\"La protection sociale universelle : une r\u00e9alit\u00e9 pour tous - Formations professionnelles de l&#039;EN3S\" \/>\n<meta property=\"og:description\" content=\"&nbsp; Ce cours est une introduction \u00e0 la protection sociale. Il couvre plusieurs questions, notamment le droit humain \u00e0 la s\u00e9curit\u00e9 sociale, le besoin de\" \/>\n<meta property=\"og:url\" content=\"https:\/\/en3s.fr\/formation-professionnelle\/formations-professionnelles\/formations-courtes\/la-protection-sociale-universelle-une-realite-pour-tous\/\" \/>\n<meta property=\"og:site_name\" content=\"Formations professionnelles de l&#039;EN3S\" \/>\n<meta name=\"twitter:card\" content=\"summary_large_image\" \/>\n<meta name=\"twitter:label1\" content=\"Dur\u00e9e de lecture estim\u00e9e\" \/>\n\t<meta name=\"twitter:data1\" content=\"1 minute\" \/>\n<script type=\"application\/ld+json\" class=\"yoast-schema-graph\">{\"@context\":\"https:\/\/schema.org\",\"@graph\":[{\"@type\":\"WebPage\",\"@id\":\"https:\/\/en3s.fr\/formation-professionnelle\/formations-professionnelles\/formations-courtes\/la-protection-sociale-universelle-une-realite-pour-tous\/\",\"url\":\"https:\/\/en3s.fr\/formation-professionnelle\/formations-professionnelles\/formations-courtes\/la-protection-sociale-universelle-une-realite-pour-tous\/\",\"name\":\"La protection sociale universelle : une r\u00e9alit\u00e9 pour tous - Formations professionnelles de l&#039;EN3S\",\"isPartOf\":{\"@id\":\"https:\/\/en3s.fr\/formation-professionnelle\/#website\"},\"datePublished\":\"2025-09-04T12:59:28+00:00\",\"description\":\"&nbsp; Ce cours est une introduction \u00e0 la protection sociale. Il couvre plusieurs questions, notamment le droit humain \u00e0 la s\u00e9curit\u00e9 sociale, le besoin de\",\"breadcrumb\":{\"@id\":\"https:\/\/en3s.fr\/formation-professionnelle\/formations-professionnelles\/formations-courtes\/la-protection-sociale-universelle-une-realite-pour-tous\/#breadcrumb\"},\"inLanguage\":\"fr-FR\",\"potentialAction\":[{\"@type\":\"ReadAction\",\"target\":[\"https:\/\/en3s.fr\/formation-professionnelle\/formations-professionnelles\/formations-courtes\/la-protection-sociale-universelle-une-realite-pour-tous\/\"]}]},{\"@type\":\"BreadcrumbList\",\"@id\":\"https:\/\/en3s.fr\/formation-professionnelle\/formations-professionnelles\/formations-courtes\/la-protection-sociale-universelle-une-realite-pour-tous\/#breadcrumb\",\"itemListElement\":[{\"@type\":\"ListItem\",\"position\":1,\"name\":\"Accueil\",\"item\":\"https:\/\/en3s.fr\/formation-professionnelle\/\"},{\"@type\":\"ListItem\",\"position\":2,\"name\":\"Formations professionnelles\",\"item\":\"https:\/\/en3s.fr\/formation-professionnelle\/formations-professionnelles\/\"},{\"@type\":\"ListItem\",\"position\":3,\"name\":\"Formations courtes\",\"item\":\"https:\/\/en3s.fr\/formation-professionnelle\/formations-professionnelles\/formations-courtes\/\"},{\"@type\":\"ListItem\",\"position\":4,\"name\":\"La protection sociale universelle : une r\u00e9alit\u00e9 pour tous\"}]},{\"@type\":\"WebSite\",\"@id\":\"https:\/\/en3s.fr\/formation-professionnelle\/#website\",\"url\":\"https:\/\/en3s.fr\/formation-professionnelle\/\",\"name\":\"Formations professionnelles de l&#039;EN3S\",\"description\":\"Site des formations professionnelles de l&#039;EN3S\",\"potentialAction\":[{\"@type\":\"SearchAction\",\"target\":{\"@type\":\"EntryPoint\",\"urlTemplate\":\"https:\/\/en3s.fr\/formation-professionnelle\/?s={search_term_string}\"},\"query-input\":{\"@type\":\"PropertyValueSpecification\",\"valueRequired\":true,\"valueName\":\"search_term_string\"}}],\"inLanguage\":\"fr-FR\"}]}<\/script>\n<!-- \/ Yoast SEO plugin. -->","yoast_head_json":{"title":"La protection sociale universelle : une r\u00e9alit\u00e9 pour tous - Formations professionnelles de l&#039;EN3S","description":"&nbsp; Ce cours est une introduction \u00e0 la protection sociale. Il couvre plusieurs questions, notamment le droit humain \u00e0 la s\u00e9curit\u00e9 sociale, le besoin de","robots":{"index":"index","follow":"follow","max-snippet":"max-snippet:-1","max-image-preview":"max-image-preview:large","max-video-preview":"max-video-preview:-1"},"canonical":"https:\/\/en3s.fr\/formation-professionnelle\/formations-professionnelles\/formations-courtes\/la-protection-sociale-universelle-une-realite-pour-tous\/","og_locale":"fr_FR","og_type":"article","og_title":"La protection sociale universelle : une r\u00e9alit\u00e9 pour tous - Formations professionnelles de l&#039;EN3S","og_description":"&nbsp; Ce cours est une introduction \u00e0 la protection sociale. Il couvre plusieurs questions, notamment le droit humain \u00e0 la s\u00e9curit\u00e9 sociale, le besoin de","og_url":"https:\/\/en3s.fr\/formation-professionnelle\/formations-professionnelles\/formations-courtes\/la-protection-sociale-universelle-une-realite-pour-tous\/","og_site_name":"Formations professionnelles de l&#039;EN3S","twitter_card":"summary_large_image","twitter_misc":{"Dur\u00e9e de lecture estim\u00e9e":"1 minute"},"schema":{"@context":"https:\/\/schema.org","@graph":[{"@type":"WebPage","@id":"https:\/\/en3s.fr\/formation-professionnelle\/formations-professionnelles\/formations-courtes\/la-protection-sociale-universelle-une-realite-pour-tous\/","url":"https:\/\/en3s.fr\/formation-professionnelle\/formations-professionnelles\/formations-courtes\/la-protection-sociale-universelle-une-realite-pour-tous\/","name":"La protection sociale universelle : une r\u00e9alit\u00e9 pour tous - Formations professionnelles de l&#039;EN3S","isPartOf":{"@id":"https:\/\/en3s.fr\/formation-professionnelle\/#website"},"datePublished":"2025-09-04T12:59:28+00:00","description":"&nbsp; Ce cours est une introduction \u00e0 la protection sociale. Il couvre plusieurs questions, notamment le droit humain \u00e0 la s\u00e9curit\u00e9 sociale, le besoin de","breadcrumb":{"@id":"https:\/\/en3s.fr\/formation-professionnelle\/formations-professionnelles\/formations-courtes\/la-protection-sociale-universelle-une-realite-pour-tous\/#breadcrumb"},"inLanguage":"fr-FR","potentialAction":[{"@type":"ReadAction","target":["https:\/\/en3s.fr\/formation-professionnelle\/formations-professionnelles\/formations-courtes\/la-protection-sociale-universelle-une-realite-pour-tous\/"]}]},{"@type":"BreadcrumbList","@id":"https:\/\/en3s.fr\/formation-professionnelle\/formations-professionnelles\/formations-courtes\/la-protection-sociale-universelle-une-realite-pour-tous\/#breadcrumb","itemListElement":[{"@type":"ListItem","position":1,"name":"Accueil","item":"https:\/\/en3s.fr\/formation-professionnelle\/"},{"@type":"ListItem","position":2,"name":"Formations professionnelles","item":"https:\/\/en3s.fr\/formation-professionnelle\/formations-professionnelles\/"},{"@type":"ListItem","position":3,"name":"Formations courtes","item":"https:\/\/en3s.fr\/formation-professionnelle\/formations-professionnelles\/formations-courtes\/"},{"@type":"ListItem","position":4,"name":"La protection sociale universelle : une r\u00e9alit\u00e9 pour tous"}]},{"@type":"WebSite","@id":"https:\/\/en3s.fr\/formation-professionnelle\/#website","url":"https:\/\/en3s.fr\/formation-professionnelle\/","name":"Formations professionnelles de l&#039;EN3S","description":"Site des formations professionnelles de l&#039;EN3S","potentialAction":[{"@type":"SearchAction","target":{"@type":"EntryPoint","urlTemplate":"https:\/\/en3s.fr\/formation-professionnelle\/?s={search_term_string}"},"query-input":{"@type":"PropertyValueSpecification","valueRequired":true,"valueName":"search_term_string"}}],"inLanguage":"fr-FR"}]}},"_links":{"self":[{"href":"https:\/\/en3s.fr\/formation-professionnelle\/wp-json\/wp\/v2\/pages\/316182","targetHints":{"allow":["GET"]}}],"collection":[{"href":"https:\/\/en3s.fr\/formation-professionnelle\/wp-json\/wp\/v2\/pages"}],"about":[{"href":"https:\/\/en3s.fr\/formation-professionnelle\/wp-json\/wp\/v2\/types\/page"}],"author":[{"embeddable":true,"href":"https:\/\/en3s.fr\/formation-professionnelle\/wp-json\/wp\/v2\/users\/59"}],"replies":[{"embeddable":true,"href":"https:\/\/en3s.fr\/formation-professionnelle\/wp-json\/wp\/v2\/comments?post=316182"}],"version-history":[{"count":1,"href":"https:\/\/en3s.fr\/formation-professionnelle\/wp-json\/wp\/v2\/pages\/316182\/revisions"}],"predecessor-version":[{"id":316183,"href":"https:\/\/en3s.fr\/formation-professionnelle\/wp-json\/wp\/v2\/pages\/316182\/revisions\/316183"}],"up":[{"embeddable":true,"href":"https:\/\/en3s.fr\/formation-professionnelle\/wp-json\/wp\/v2\/pages\/425"}],"wp:attachment":[{"href":"https:\/\/en3s.fr\/formation-professionnelle\/wp-json\/wp\/v2\/media?parent=316182"}],"curies":[{"name":"wp","href":"https:\/\/api.w.org\/{rel}","templated":true}]}}