{"id":316367,"date":"2025-10-09T12:50:32","date_gmt":"2025-10-09T10:50:32","guid":{"rendered":"https:\/\/en3s.fr\/formation-professionnelle\/?page_id=316367"},"modified":"2026-03-30T09:05:41","modified_gmt":"2026-03-30T07:05:41","slug":"connaitre-la-mediation-interne-et-savoir-la-prescrire","status":"publish","type":"page","link":"https:\/\/en3s.fr\/formation-professionnelle\/formations-professionnelles\/formations-courtes\/connaitre-la-mediation-interne-et-savoir-la-prescrire\/","title":{"rendered":"Connaitre la m\u00e9diation interne et savoir la prescrire"},"content":{"rendered":"<p>Conna\u00eetre et activer un processus de m\u00e9diation en pr\u00e9vention ou en r\u00e9solution d\u2019une situation conflictuelle<\/p>\n","protected":false},"excerpt":{"rendered":"<p>Conna\u00eetre et activer un processus de m\u00e9diation en pr\u00e9vention ou en r\u00e9solution d\u2019une situation conflictuelle<\/p>\n","protected":false},"author":4,"featured_media":0,"parent":425,"menu_order":0,"comment_status":"closed","ping_status":"closed","template":"partials\/template-formation.php","meta":{"ngg_post_thumbnail":0,"footnotes":""},"class_list":["post-316367","page","type-page","status-publish","hentry"],"yoast_head":"<!-- This site is optimized with the Yoast SEO plugin v24.9 - https:\/\/yoast.com\/wordpress\/plugins\/seo\/ -->\n<title>Connaitre la m\u00e9diation interne et savoir la prescrire - Formations professionnelles de l&#039;EN3S<\/title>\n<meta name=\"description\" content=\"Conna\u00eetre et activer un processus de m\u00e9diation en pr\u00e9vention ou en r\u00e9solution d\u2019une situation conflictuelle\" \/>\n<meta name=\"robots\" content=\"index, follow, max-snippet:-1, max-image-preview:large, max-video-preview:-1\" \/>\n<link rel=\"canonical\" href=\"https:\/\/en3s.fr\/formation-professionnelle\/formations-professionnelles\/formations-courtes\/connaitre-la-mediation-interne-et-savoir-la-prescrire\/\" \/>\n<meta property=\"og:locale\" content=\"fr_FR\" \/>\n<meta property=\"og:type\" content=\"article\" \/>\n<meta property=\"og:title\" content=\"Connaitre la m\u00e9diation interne et savoir la prescrire - Formations professionnelles de l&#039;EN3S\" \/>\n<meta property=\"og:description\" content=\"Conna\u00eetre et activer un processus de m\u00e9diation en pr\u00e9vention ou en r\u00e9solution d\u2019une situation conflictuelle\" \/>\n<meta property=\"og:url\" content=\"https:\/\/en3s.fr\/formation-professionnelle\/formations-professionnelles\/formations-courtes\/connaitre-la-mediation-interne-et-savoir-la-prescrire\/\" \/>\n<meta property=\"og:site_name\" content=\"Formations professionnelles de l&#039;EN3S\" \/>\n<meta property=\"article:modified_time\" content=\"2026-03-30T07:05:41+00:00\" \/>\n<meta name=\"twitter:card\" content=\"summary_large_image\" \/>\n<meta name=\"twitter:label1\" content=\"Dur\u00e9e de lecture estim\u00e9e\" \/>\n\t<meta name=\"twitter:data1\" content=\"1 minute\" \/>\n<script type=\"application\/ld+json\" class=\"yoast-schema-graph\">{\"@context\":\"https:\/\/schema.org\",\"@graph\":[{\"@type\":\"WebPage\",\"@id\":\"https:\/\/en3s.fr\/formation-professionnelle\/formations-professionnelles\/formations-courtes\/connaitre-la-mediation-interne-et-savoir-la-prescrire\/\",\"url\":\"https:\/\/en3s.fr\/formation-professionnelle\/formations-professionnelles\/formations-courtes\/connaitre-la-mediation-interne-et-savoir-la-prescrire\/\",\"name\":\"Connaitre la m\u00e9diation interne et savoir la prescrire - Formations professionnelles de l&#039;EN3S\",\"isPartOf\":{\"@id\":\"https:\/\/en3s.fr\/formation-professionnelle\/#website\"},\"datePublished\":\"2025-10-09T10:50:32+00:00\",\"dateModified\":\"2026-03-30T07:05:41+00:00\",\"description\":\"Conna\u00eetre et activer un processus de m\u00e9diation en pr\u00e9vention ou en r\u00e9solution d\u2019une situation conflictuelle\",\"breadcrumb\":{\"@id\":\"https:\/\/en3s.fr\/formation-professionnelle\/formations-professionnelles\/formations-courtes\/connaitre-la-mediation-interne-et-savoir-la-prescrire\/#breadcrumb\"},\"inLanguage\":\"fr-FR\",\"potentialAction\":[{\"@type\":\"ReadAction\",\"target\":[\"https:\/\/en3s.fr\/formation-professionnelle\/formations-professionnelles\/formations-courtes\/connaitre-la-mediation-interne-et-savoir-la-prescrire\/\"]}]},{\"@type\":\"BreadcrumbList\",\"@id\":\"https:\/\/en3s.fr\/formation-professionnelle\/formations-professionnelles\/formations-courtes\/connaitre-la-mediation-interne-et-savoir-la-prescrire\/#breadcrumb\",\"itemListElement\":[{\"@type\":\"ListItem\",\"position\":1,\"name\":\"Accueil\",\"item\":\"https:\/\/en3s.fr\/formation-professionnelle\/\"},{\"@type\":\"ListItem\",\"position\":2,\"name\":\"Formations professionnelles\",\"item\":\"https:\/\/en3s.fr\/formation-professionnelle\/formations-professionnelles\/\"},{\"@type\":\"ListItem\",\"position\":3,\"name\":\"Formations courtes\",\"item\":\"https:\/\/en3s.fr\/formation-professionnelle\/formations-professionnelles\/formations-courtes\/\"},{\"@type\":\"ListItem\",\"position\":4,\"name\":\"Connaitre la m\u00e9diation interne et savoir la prescrire\"}]},{\"@type\":\"WebSite\",\"@id\":\"https:\/\/en3s.fr\/formation-professionnelle\/#website\",\"url\":\"https:\/\/en3s.fr\/formation-professionnelle\/\",\"name\":\"Formations professionnelles de l&#039;EN3S\",\"description\":\"Site des formations professionnelles de l&#039;EN3S\",\"potentialAction\":[{\"@type\":\"SearchAction\",\"target\":{\"@type\":\"EntryPoint\",\"urlTemplate\":\"https:\/\/en3s.fr\/formation-professionnelle\/?s={search_term_string}\"},\"query-input\":{\"@type\":\"PropertyValueSpecification\",\"valueRequired\":true,\"valueName\":\"search_term_string\"}}],\"inLanguage\":\"fr-FR\"}]}<\/script>\n<!-- \/ Yoast SEO plugin. -->","yoast_head_json":{"title":"Connaitre la m\u00e9diation interne et savoir la prescrire - Formations professionnelles de l&#039;EN3S","description":"Conna\u00eetre et activer un processus de m\u00e9diation en pr\u00e9vention ou en r\u00e9solution d\u2019une situation conflictuelle","robots":{"index":"index","follow":"follow","max-snippet":"max-snippet:-1","max-image-preview":"max-image-preview:large","max-video-preview":"max-video-preview:-1"},"canonical":"https:\/\/en3s.fr\/formation-professionnelle\/formations-professionnelles\/formations-courtes\/connaitre-la-mediation-interne-et-savoir-la-prescrire\/","og_locale":"fr_FR","og_type":"article","og_title":"Connaitre la m\u00e9diation interne et savoir la prescrire - Formations professionnelles de l&#039;EN3S","og_description":"Conna\u00eetre et activer un processus de m\u00e9diation en pr\u00e9vention ou en r\u00e9solution d\u2019une situation conflictuelle","og_url":"https:\/\/en3s.fr\/formation-professionnelle\/formations-professionnelles\/formations-courtes\/connaitre-la-mediation-interne-et-savoir-la-prescrire\/","og_site_name":"Formations professionnelles de l&#039;EN3S","article_modified_time":"2026-03-30T07:05:41+00:00","twitter_card":"summary_large_image","twitter_misc":{"Dur\u00e9e de lecture estim\u00e9e":"1 minute"},"schema":{"@context":"https:\/\/schema.org","@graph":[{"@type":"WebPage","@id":"https:\/\/en3s.fr\/formation-professionnelle\/formations-professionnelles\/formations-courtes\/connaitre-la-mediation-interne-et-savoir-la-prescrire\/","url":"https:\/\/en3s.fr\/formation-professionnelle\/formations-professionnelles\/formations-courtes\/connaitre-la-mediation-interne-et-savoir-la-prescrire\/","name":"Connaitre la m\u00e9diation interne et savoir la prescrire - Formations professionnelles de l&#039;EN3S","isPartOf":{"@id":"https:\/\/en3s.fr\/formation-professionnelle\/#website"},"datePublished":"2025-10-09T10:50:32+00:00","dateModified":"2026-03-30T07:05:41+00:00","description":"Conna\u00eetre et activer un processus de m\u00e9diation en pr\u00e9vention ou en r\u00e9solution d\u2019une situation conflictuelle","breadcrumb":{"@id":"https:\/\/en3s.fr\/formation-professionnelle\/formations-professionnelles\/formations-courtes\/connaitre-la-mediation-interne-et-savoir-la-prescrire\/#breadcrumb"},"inLanguage":"fr-FR","potentialAction":[{"@type":"ReadAction","target":["https:\/\/en3s.fr\/formation-professionnelle\/formations-professionnelles\/formations-courtes\/connaitre-la-mediation-interne-et-savoir-la-prescrire\/"]}]},{"@type":"BreadcrumbList","@id":"https:\/\/en3s.fr\/formation-professionnelle\/formations-professionnelles\/formations-courtes\/connaitre-la-mediation-interne-et-savoir-la-prescrire\/#breadcrumb","itemListElement":[{"@type":"ListItem","position":1,"name":"Accueil","item":"https:\/\/en3s.fr\/formation-professionnelle\/"},{"@type":"ListItem","position":2,"name":"Formations professionnelles","item":"https:\/\/en3s.fr\/formation-professionnelle\/formations-professionnelles\/"},{"@type":"ListItem","position":3,"name":"Formations courtes","item":"https:\/\/en3s.fr\/formation-professionnelle\/formations-professionnelles\/formations-courtes\/"},{"@type":"ListItem","position":4,"name":"Connaitre la m\u00e9diation interne et savoir la prescrire"}]},{"@type":"WebSite","@id":"https:\/\/en3s.fr\/formation-professionnelle\/#website","url":"https:\/\/en3s.fr\/formation-professionnelle\/","name":"Formations professionnelles de l&#039;EN3S","description":"Site des formations professionnelles de l&#039;EN3S","potentialAction":[{"@type":"SearchAction","target":{"@type":"EntryPoint","urlTemplate":"https:\/\/en3s.fr\/formation-professionnelle\/?s={search_term_string}"},"query-input":{"@type":"PropertyValueSpecification","valueRequired":true,"valueName":"search_term_string"}}],"inLanguage":"fr-FR"}]}},"_links":{"self":[{"href":"https:\/\/en3s.fr\/formation-professionnelle\/wp-json\/wp\/v2\/pages\/316367","targetHints":{"allow":["GET"]}}],"collection":[{"href":"https:\/\/en3s.fr\/formation-professionnelle\/wp-json\/wp\/v2\/pages"}],"about":[{"href":"https:\/\/en3s.fr\/formation-professionnelle\/wp-json\/wp\/v2\/types\/page"}],"author":[{"embeddable":true,"href":"https:\/\/en3s.fr\/formation-professionnelle\/wp-json\/wp\/v2\/users\/4"}],"replies":[{"embeddable":true,"href":"https:\/\/en3s.fr\/formation-professionnelle\/wp-json\/wp\/v2\/comments?post=316367"}],"version-history":[{"count":19,"href":"https:\/\/en3s.fr\/formation-professionnelle\/wp-json\/wp\/v2\/pages\/316367\/revisions"}],"predecessor-version":[{"id":317241,"href":"https:\/\/en3s.fr\/formation-professionnelle\/wp-json\/wp\/v2\/pages\/316367\/revisions\/317241"}],"up":[{"embeddable":true,"href":"https:\/\/en3s.fr\/formation-professionnelle\/wp-json\/wp\/v2\/pages\/425"}],"wp:attachment":[{"href":"https:\/\/en3s.fr\/formation-professionnelle\/wp-json\/wp\/v2\/media?parent=316367"}],"curies":[{"name":"wp","href":"https:\/\/api.w.org\/{rel}","templated":true}]}}