{"id":316897,"date":"2026-01-23T14:10:22","date_gmt":"2026-01-23T13:10:22","guid":{"rendered":"https:\/\/en3s.fr\/formation-professionnelle\/?page_id=316897"},"modified":"2026-02-12T15:32:06","modified_gmt":"2026-02-12T14:32:06","slug":"du-enjeux-contemporains-de-la-sante","status":"publish","type":"page","link":"https:\/\/en3s.fr\/formation-professionnelle\/formations-professionnelles\/cycles-de-formation\/du-enjeux-contemporains-de-la-sante\/","title":{"rendered":"DU \u2013 Enjeux contemporains de la sant\u00e9"},"content":{"rendered":"<p>&nbsp;<\/p>\n<p>Permettre aux Praticiens-Conseils (M\u00e9decins-Conseils, Chirurgiens-Dentistes Conseils, Pharmaciens-Conseils) ainsi que des ISM (Infirmiers du Service M\u00e9dical) et ce, sur la base du volontariat, de b\u00e9n\u00e9ficier d\u2019un module suppl\u00e9mentaire \u00e0 leur Formation Initiale, leur permettant de valider un Dipl\u00f4me Universitaire intitul\u00e9 \u00ab Enjeux Contemporains de la Sant\u00e9 \u00bb. Ce DU \u00e9tant port\u00e9 de fa\u00e7on concomitante avec l\u2019universit\u00e9 de Saint-Etienne.<\/p>\n<p><strong>Un Dipl\u00f4me Universitaire en partenariat avec l&rsquo;Universit\u00e9 de Droit de Saint-Etienne et la Cnam.<\/strong><\/p>\n<p>&nbsp;<\/p>\n<p><strong><a class=\"button\" href=\"https:\/\/inscription-fipci.en3s.fr\/\">S&rsquo;inscrire au Dipl\u00f4me Universitaire<\/a><\/strong><\/p>\n<p>\n<div style=\"text-align:center;\"><iframe loading=\"lazy\" src=\"\/\/v.calameo.com\/?bkcode=0043105048da4350f3270&mode=mini\" width=\"480\" height=\"300\" frameborder=\"0\" scrolling=\"no\" allowtransparency allowfullscreen style=\"margin:0 auto;\"><\/iframe><\/div>\n<\/p>\n","protected":false},"excerpt":{"rendered":"<p>&nbsp; Permettre aux Praticiens-Conseils (M\u00e9decins-Conseils, Chirurgiens-Dentistes Conseils, Pharmaciens-Conseils) ainsi que des ISM (Infirmiers du Service M\u00e9dical) et ce, sur la base du volontariat, de b\u00e9n\u00e9ficier d\u2019un module suppl\u00e9mentaire \u00e0 leur Formation Initiale, leur permettant de valider un Dipl\u00f4me Universitaire intitul\u00e9 \u00ab Enjeux Contemporains de la Sant\u00e9 \u00bb. Ce DU \u00e9tant port\u00e9 de fa\u00e7on concomitante avec [&hellip;]<\/p>\n","protected":false},"author":59,"featured_media":0,"parent":1467,"menu_order":0,"comment_status":"closed","ping_status":"closed","template":"partials\/template-formation.php","meta":{"ngg_post_thumbnail":0,"footnotes":""},"class_list":["post-316897","page","type-page","status-publish","hentry"],"yoast_head":"<!-- This site is optimized with the Yoast SEO plugin v24.9 - https:\/\/yoast.com\/wordpress\/plugins\/seo\/ -->\n<title>DU \u2013 Enjeux contemporains de la sant\u00e9 - Formations professionnelles de l&#039;EN3S<\/title>\n<meta name=\"description\" content=\"&nbsp; Permettre aux Praticiens-Conseils (M\u00e9decins-Conseils, Chirurgiens-Dentistes Conseils, Pharmaciens-Conseils) ainsi que des ISM (Infirmiers du\" \/>\n<meta name=\"robots\" content=\"index, follow, max-snippet:-1, max-image-preview:large, max-video-preview:-1\" \/>\n<link rel=\"canonical\" href=\"https:\/\/en3s.fr\/formation-professionnelle\/formations-professionnelles\/cycles-de-formation\/du-enjeux-contemporains-de-la-sante\/\" \/>\n<meta property=\"og:locale\" content=\"fr_FR\" \/>\n<meta property=\"og:type\" content=\"article\" \/>\n<meta property=\"og:title\" content=\"DU \u2013 Enjeux contemporains de la sant\u00e9 - Formations professionnelles de l&#039;EN3S\" \/>\n<meta property=\"og:description\" content=\"&nbsp; Permettre aux Praticiens-Conseils (M\u00e9decins-Conseils, Chirurgiens-Dentistes Conseils, Pharmaciens-Conseils) ainsi que des ISM (Infirmiers du\" \/>\n<meta property=\"og:url\" content=\"https:\/\/en3s.fr\/formation-professionnelle\/formations-professionnelles\/cycles-de-formation\/du-enjeux-contemporains-de-la-sante\/\" \/>\n<meta property=\"og:site_name\" content=\"Formations professionnelles de l&#039;EN3S\" \/>\n<meta property=\"article:modified_time\" content=\"2026-02-12T14:32:06+00:00\" \/>\n<meta name=\"twitter:card\" content=\"summary_large_image\" \/>\n<meta name=\"twitter:label1\" content=\"Dur\u00e9e de lecture estim\u00e9e\" \/>\n\t<meta name=\"twitter:data1\" content=\"1 minute\" \/>\n<script type=\"application\/ld+json\" class=\"yoast-schema-graph\">{\"@context\":\"https:\/\/schema.org\",\"@graph\":[{\"@type\":\"WebPage\",\"@id\":\"https:\/\/en3s.fr\/formation-professionnelle\/formations-professionnelles\/cycles-de-formation\/du-enjeux-contemporains-de-la-sante\/\",\"url\":\"https:\/\/en3s.fr\/formation-professionnelle\/formations-professionnelles\/cycles-de-formation\/du-enjeux-contemporains-de-la-sante\/\",\"name\":\"DU \u2013 Enjeux contemporains de la sant\u00e9 - Formations professionnelles de l&#039;EN3S\",\"isPartOf\":{\"@id\":\"https:\/\/en3s.fr\/formation-professionnelle\/#website\"},\"datePublished\":\"2026-01-23T13:10:22+00:00\",\"dateModified\":\"2026-02-12T14:32:06+00:00\",\"description\":\"&nbsp; Permettre aux Praticiens-Conseils (M\u00e9decins-Conseils, Chirurgiens-Dentistes Conseils, Pharmaciens-Conseils) ainsi que des ISM (Infirmiers du\",\"breadcrumb\":{\"@id\":\"https:\/\/en3s.fr\/formation-professionnelle\/formations-professionnelles\/cycles-de-formation\/du-enjeux-contemporains-de-la-sante\/#breadcrumb\"},\"inLanguage\":\"fr-FR\",\"potentialAction\":[{\"@type\":\"ReadAction\",\"target\":[\"https:\/\/en3s.fr\/formation-professionnelle\/formations-professionnelles\/cycles-de-formation\/du-enjeux-contemporains-de-la-sante\/\"]}]},{\"@type\":\"BreadcrumbList\",\"@id\":\"https:\/\/en3s.fr\/formation-professionnelle\/formations-professionnelles\/cycles-de-formation\/du-enjeux-contemporains-de-la-sante\/#breadcrumb\",\"itemListElement\":[{\"@type\":\"ListItem\",\"position\":1,\"name\":\"Accueil\",\"item\":\"https:\/\/en3s.fr\/formation-professionnelle\/\"},{\"@type\":\"ListItem\",\"position\":2,\"name\":\"Formations professionnelles\",\"item\":\"https:\/\/en3s.fr\/formation-professionnelle\/formations-professionnelles\/\"},{\"@type\":\"ListItem\",\"position\":3,\"name\":\"Cycles de formation\",\"item\":\"https:\/\/en3s.fr\/formation-professionnelle\/formations-professionnelles\/cycles-de-formation\/\"},{\"@type\":\"ListItem\",\"position\":4,\"name\":\"DU \u2013 Enjeux contemporains de la sant\u00e9\"}]},{\"@type\":\"WebSite\",\"@id\":\"https:\/\/en3s.fr\/formation-professionnelle\/#website\",\"url\":\"https:\/\/en3s.fr\/formation-professionnelle\/\",\"name\":\"Formations professionnelles de l&#039;EN3S\",\"description\":\"Site des formations professionnelles de l&#039;EN3S\",\"potentialAction\":[{\"@type\":\"SearchAction\",\"target\":{\"@type\":\"EntryPoint\",\"urlTemplate\":\"https:\/\/en3s.fr\/formation-professionnelle\/?s={search_term_string}\"},\"query-input\":{\"@type\":\"PropertyValueSpecification\",\"valueRequired\":true,\"valueName\":\"search_term_string\"}}],\"inLanguage\":\"fr-FR\"}]}<\/script>\n<!-- \/ Yoast SEO plugin. -->","yoast_head_json":{"title":"DU \u2013 Enjeux contemporains de la sant\u00e9 - Formations professionnelles de l&#039;EN3S","description":"&nbsp; Permettre aux Praticiens-Conseils (M\u00e9decins-Conseils, Chirurgiens-Dentistes Conseils, Pharmaciens-Conseils) ainsi que des ISM (Infirmiers du","robots":{"index":"index","follow":"follow","max-snippet":"max-snippet:-1","max-image-preview":"max-image-preview:large","max-video-preview":"max-video-preview:-1"},"canonical":"https:\/\/en3s.fr\/formation-professionnelle\/formations-professionnelles\/cycles-de-formation\/du-enjeux-contemporains-de-la-sante\/","og_locale":"fr_FR","og_type":"article","og_title":"DU \u2013 Enjeux contemporains de la sant\u00e9 - Formations professionnelles de l&#039;EN3S","og_description":"&nbsp; Permettre aux Praticiens-Conseils (M\u00e9decins-Conseils, Chirurgiens-Dentistes Conseils, Pharmaciens-Conseils) ainsi que des ISM (Infirmiers du","og_url":"https:\/\/en3s.fr\/formation-professionnelle\/formations-professionnelles\/cycles-de-formation\/du-enjeux-contemporains-de-la-sante\/","og_site_name":"Formations professionnelles de l&#039;EN3S","article_modified_time":"2026-02-12T14:32:06+00:00","twitter_card":"summary_large_image","twitter_misc":{"Dur\u00e9e de lecture estim\u00e9e":"1 minute"},"schema":{"@context":"https:\/\/schema.org","@graph":[{"@type":"WebPage","@id":"https:\/\/en3s.fr\/formation-professionnelle\/formations-professionnelles\/cycles-de-formation\/du-enjeux-contemporains-de-la-sante\/","url":"https:\/\/en3s.fr\/formation-professionnelle\/formations-professionnelles\/cycles-de-formation\/du-enjeux-contemporains-de-la-sante\/","name":"DU \u2013 Enjeux contemporains de la sant\u00e9 - Formations professionnelles de l&#039;EN3S","isPartOf":{"@id":"https:\/\/en3s.fr\/formation-professionnelle\/#website"},"datePublished":"2026-01-23T13:10:22+00:00","dateModified":"2026-02-12T14:32:06+00:00","description":"&nbsp; Permettre aux Praticiens-Conseils (M\u00e9decins-Conseils, Chirurgiens-Dentistes Conseils, Pharmaciens-Conseils) ainsi que des ISM (Infirmiers du","breadcrumb":{"@id":"https:\/\/en3s.fr\/formation-professionnelle\/formations-professionnelles\/cycles-de-formation\/du-enjeux-contemporains-de-la-sante\/#breadcrumb"},"inLanguage":"fr-FR","potentialAction":[{"@type":"ReadAction","target":["https:\/\/en3s.fr\/formation-professionnelle\/formations-professionnelles\/cycles-de-formation\/du-enjeux-contemporains-de-la-sante\/"]}]},{"@type":"BreadcrumbList","@id":"https:\/\/en3s.fr\/formation-professionnelle\/formations-professionnelles\/cycles-de-formation\/du-enjeux-contemporains-de-la-sante\/#breadcrumb","itemListElement":[{"@type":"ListItem","position":1,"name":"Accueil","item":"https:\/\/en3s.fr\/formation-professionnelle\/"},{"@type":"ListItem","position":2,"name":"Formations professionnelles","item":"https:\/\/en3s.fr\/formation-professionnelle\/formations-professionnelles\/"},{"@type":"ListItem","position":3,"name":"Cycles de formation","item":"https:\/\/en3s.fr\/formation-professionnelle\/formations-professionnelles\/cycles-de-formation\/"},{"@type":"ListItem","position":4,"name":"DU \u2013 Enjeux contemporains de la sant\u00e9"}]},{"@type":"WebSite","@id":"https:\/\/en3s.fr\/formation-professionnelle\/#website","url":"https:\/\/en3s.fr\/formation-professionnelle\/","name":"Formations professionnelles de l&#039;EN3S","description":"Site des formations professionnelles de l&#039;EN3S","potentialAction":[{"@type":"SearchAction","target":{"@type":"EntryPoint","urlTemplate":"https:\/\/en3s.fr\/formation-professionnelle\/?s={search_term_string}"},"query-input":{"@type":"PropertyValueSpecification","valueRequired":true,"valueName":"search_term_string"}}],"inLanguage":"fr-FR"}]}},"_links":{"self":[{"href":"https:\/\/en3s.fr\/formation-professionnelle\/wp-json\/wp\/v2\/pages\/316897","targetHints":{"allow":["GET"]}}],"collection":[{"href":"https:\/\/en3s.fr\/formation-professionnelle\/wp-json\/wp\/v2\/pages"}],"about":[{"href":"https:\/\/en3s.fr\/formation-professionnelle\/wp-json\/wp\/v2\/types\/page"}],"author":[{"embeddable":true,"href":"https:\/\/en3s.fr\/formation-professionnelle\/wp-json\/wp\/v2\/users\/59"}],"replies":[{"embeddable":true,"href":"https:\/\/en3s.fr\/formation-professionnelle\/wp-json\/wp\/v2\/comments?post=316897"}],"version-history":[{"count":7,"href":"https:\/\/en3s.fr\/formation-professionnelle\/wp-json\/wp\/v2\/pages\/316897\/revisions"}],"predecessor-version":[{"id":317008,"href":"https:\/\/en3s.fr\/formation-professionnelle\/wp-json\/wp\/v2\/pages\/316897\/revisions\/317008"}],"up":[{"embeddable":true,"href":"https:\/\/en3s.fr\/formation-professionnelle\/wp-json\/wp\/v2\/pages\/1467"}],"wp:attachment":[{"href":"https:\/\/en3s.fr\/formation-professionnelle\/wp-json\/wp\/v2\/media?parent=316897"}],"curies":[{"name":"wp","href":"https:\/\/api.w.org\/{rel}","templated":true}]}}