{"id":317160,"date":"2026-02-25T09:10:00","date_gmt":"2026-02-25T08:10:00","guid":{"rendered":"https:\/\/en3s.fr\/formation-professionnelle\/?page_id=317160"},"modified":"2026-02-25T09:26:39","modified_gmt":"2026-02-25T08:26:39","slug":"webinaire-ethique-et-management-en-travail-social","status":"publish","type":"page","link":"https:\/\/en3s.fr\/formation-professionnelle\/formations-professionnelles\/formations-courtes\/webinaire-ethique-et-management-en-travail-social\/","title":{"rendered":"Webinaire &#8211; Ethique et management en travail social"},"content":{"rendered":"<p>&nbsp;<\/p>\n<p>L\u2019\u00c9cole de service social (ESS) Cramif et l\u2019EN3S unissent leurs forces pour proposer une formation innovante et r\u00e9solument ancr\u00e9e dans les r\u00e9alit\u00e9s du terrain. C\u2019est dans ce cadre que l\u2019EN3S et la CRAMIF vous proposent un dispositif pens\u00e9 pour les managers strat\u00e9giques et cadres dirigeants, afin de renforcer leur compr\u00e9hension fine des enjeux op\u00e9rationnels, humains et soci\u00e9taux du secteur de l\u2019intervention sociale.<\/p>\n<p>Ce partenariat in\u00e9dit vise \u00e0 permettre de mieux concilier vision strat\u00e9gique, contraintes organisationnelles et connaissance concr\u00e8te du quotidien des professionnels engag\u00e9s aupr\u00e8s des publics vuln\u00e9rables.<\/p>\n<p>Dans le cadre de leur partenariat, l\u2019EN3S et la CRAMIF proposent la formation \u00ab&nbsp;<a href=\"https:\/\/en3s.fr\/formation-professionnelle\/formations-professionnelles\/formations-courtes\/ethique-et-management-en-travail-social\/\">Ethique et management en travail social<\/a>&nbsp;\u00bb sp\u00e9cifiquement pens\u00e9e pour les agents de direction et managers pilotant des services accueillant ou accompagnant des travailleurs sociaux. Une immersion conceptuelle et pratique, con\u00e7ue pour \u00e9clairer les tensions, affiner la posture manag\u00e9riale et renforcer un leadership respectueux, incarn\u00e9 et align\u00e9 avec les valeurs du travail social.<\/p>\n<p>&nbsp;<\/p>\n<p><strong>Le webinaire se tiendra le 29 juin 2026, de 14h \u00e0 14h45.<\/strong><\/p>\n<p><strong><a class=\"button\" href=\"https:\/\/events.teams.microsoft.com\/event\/e2600cc2-967b-49bf-99f7-30387713908e@4d40a70f-b750-4c80-b995-23be13a281bc\/registration\">S&rsquo;inscrire au webinaire<\/a><\/strong><\/p>\n<p>&nbsp;<\/p>\n","protected":false},"excerpt":{"rendered":"<p>&nbsp; L\u2019\u00c9cole de service social (ESS) Cramif et l\u2019EN3S unissent leurs forces pour proposer une formation innovante et r\u00e9solument ancr\u00e9e dans les r\u00e9alit\u00e9s du terrain. C\u2019est dans ce cadre que l\u2019EN3S et la CRAMIF vous proposent un dispositif pens\u00e9 pour les managers strat\u00e9giques et cadres dirigeants, afin de renforcer leur compr\u00e9hension fine des enjeux op\u00e9rationnels, [&hellip;]<\/p>\n","protected":false},"author":59,"featured_media":0,"parent":425,"menu_order":0,"comment_status":"closed","ping_status":"closed","template":"partials\/template-formation.php","meta":{"ngg_post_thumbnail":0,"footnotes":""},"class_list":["post-317160","page","type-page","status-publish","hentry"],"yoast_head":"<!-- This site is optimized with the Yoast SEO plugin v24.9 - https:\/\/yoast.com\/wordpress\/plugins\/seo\/ -->\n<title>Webinaire - Ethique et management en travail social - Formations professionnelles de l&#039;EN3S<\/title>\n<meta name=\"description\" content=\"&nbsp; L\u2019\u00c9cole de service social (ESS) Cramif et l\u2019EN3S unissent leurs forces pour proposer une formation innovante et r\u00e9solument ancr\u00e9e dans les r\u00e9alit\u00e9s\" \/>\n<meta name=\"robots\" content=\"index, follow, max-snippet:-1, max-image-preview:large, max-video-preview:-1\" \/>\n<link rel=\"canonical\" href=\"https:\/\/en3s.fr\/formation-professionnelle\/formations-professionnelles\/formations-courtes\/webinaire-ethique-et-management-en-travail-social\/\" \/>\n<meta property=\"og:locale\" content=\"fr_FR\" \/>\n<meta property=\"og:type\" content=\"article\" \/>\n<meta property=\"og:title\" content=\"Webinaire - Ethique et management en travail social - Formations professionnelles de l&#039;EN3S\" \/>\n<meta property=\"og:description\" content=\"&nbsp; L\u2019\u00c9cole de service social (ESS) Cramif et l\u2019EN3S unissent leurs forces pour proposer une formation innovante et r\u00e9solument ancr\u00e9e dans les r\u00e9alit\u00e9s\" \/>\n<meta property=\"og:url\" content=\"https:\/\/en3s.fr\/formation-professionnelle\/formations-professionnelles\/formations-courtes\/webinaire-ethique-et-management-en-travail-social\/\" \/>\n<meta property=\"og:site_name\" content=\"Formations professionnelles de l&#039;EN3S\" \/>\n<meta property=\"article:modified_time\" content=\"2026-02-25T08:26:39+00:00\" \/>\n<meta name=\"twitter:card\" content=\"summary_large_image\" \/>\n<meta name=\"twitter:label1\" content=\"Dur\u00e9e de lecture estim\u00e9e\" \/>\n\t<meta name=\"twitter:data1\" content=\"1 minute\" \/>\n<script type=\"application\/ld+json\" class=\"yoast-schema-graph\">{\"@context\":\"https:\/\/schema.org\",\"@graph\":[{\"@type\":\"WebPage\",\"@id\":\"https:\/\/en3s.fr\/formation-professionnelle\/formations-professionnelles\/formations-courtes\/webinaire-ethique-et-management-en-travail-social\/\",\"url\":\"https:\/\/en3s.fr\/formation-professionnelle\/formations-professionnelles\/formations-courtes\/webinaire-ethique-et-management-en-travail-social\/\",\"name\":\"Webinaire - Ethique et management en travail social - Formations professionnelles de l&#039;EN3S\",\"isPartOf\":{\"@id\":\"https:\/\/en3s.fr\/formation-professionnelle\/#website\"},\"datePublished\":\"2026-02-25T08:10:00+00:00\",\"dateModified\":\"2026-02-25T08:26:39+00:00\",\"description\":\"&nbsp; L\u2019\u00c9cole de service social (ESS) Cramif et l\u2019EN3S unissent leurs forces pour proposer une formation innovante et r\u00e9solument ancr\u00e9e dans les r\u00e9alit\u00e9s\",\"breadcrumb\":{\"@id\":\"https:\/\/en3s.fr\/formation-professionnelle\/formations-professionnelles\/formations-courtes\/webinaire-ethique-et-management-en-travail-social\/#breadcrumb\"},\"inLanguage\":\"fr-FR\",\"potentialAction\":[{\"@type\":\"ReadAction\",\"target\":[\"https:\/\/en3s.fr\/formation-professionnelle\/formations-professionnelles\/formations-courtes\/webinaire-ethique-et-management-en-travail-social\/\"]}]},{\"@type\":\"BreadcrumbList\",\"@id\":\"https:\/\/en3s.fr\/formation-professionnelle\/formations-professionnelles\/formations-courtes\/webinaire-ethique-et-management-en-travail-social\/#breadcrumb\",\"itemListElement\":[{\"@type\":\"ListItem\",\"position\":1,\"name\":\"Accueil\",\"item\":\"https:\/\/en3s.fr\/formation-professionnelle\/\"},{\"@type\":\"ListItem\",\"position\":2,\"name\":\"Formations professionnelles\",\"item\":\"https:\/\/en3s.fr\/formation-professionnelle\/formations-professionnelles\/\"},{\"@type\":\"ListItem\",\"position\":3,\"name\":\"Formations courtes\",\"item\":\"https:\/\/en3s.fr\/formation-professionnelle\/formations-professionnelles\/formations-courtes\/\"},{\"@type\":\"ListItem\",\"position\":4,\"name\":\"Webinaire &#8211; Ethique et management en travail social\"}]},{\"@type\":\"WebSite\",\"@id\":\"https:\/\/en3s.fr\/formation-professionnelle\/#website\",\"url\":\"https:\/\/en3s.fr\/formation-professionnelle\/\",\"name\":\"Formations professionnelles de l&#039;EN3S\",\"description\":\"Site des formations professionnelles de l&#039;EN3S\",\"potentialAction\":[{\"@type\":\"SearchAction\",\"target\":{\"@type\":\"EntryPoint\",\"urlTemplate\":\"https:\/\/en3s.fr\/formation-professionnelle\/?s={search_term_string}\"},\"query-input\":{\"@type\":\"PropertyValueSpecification\",\"valueRequired\":true,\"valueName\":\"search_term_string\"}}],\"inLanguage\":\"fr-FR\"}]}<\/script>\n<!-- \/ Yoast SEO plugin. -->","yoast_head_json":{"title":"Webinaire - Ethique et management en travail social - Formations professionnelles de l&#039;EN3S","description":"&nbsp; L\u2019\u00c9cole de service social (ESS) Cramif et l\u2019EN3S unissent leurs forces pour proposer une formation innovante et r\u00e9solument ancr\u00e9e dans les r\u00e9alit\u00e9s","robots":{"index":"index","follow":"follow","max-snippet":"max-snippet:-1","max-image-preview":"max-image-preview:large","max-video-preview":"max-video-preview:-1"},"canonical":"https:\/\/en3s.fr\/formation-professionnelle\/formations-professionnelles\/formations-courtes\/webinaire-ethique-et-management-en-travail-social\/","og_locale":"fr_FR","og_type":"article","og_title":"Webinaire - Ethique et management en travail social - Formations professionnelles de l&#039;EN3S","og_description":"&nbsp; L\u2019\u00c9cole de service social (ESS) Cramif et l\u2019EN3S unissent leurs forces pour proposer une formation innovante et r\u00e9solument ancr\u00e9e dans les r\u00e9alit\u00e9s","og_url":"https:\/\/en3s.fr\/formation-professionnelle\/formations-professionnelles\/formations-courtes\/webinaire-ethique-et-management-en-travail-social\/","og_site_name":"Formations professionnelles de l&#039;EN3S","article_modified_time":"2026-02-25T08:26:39+00:00","twitter_card":"summary_large_image","twitter_misc":{"Dur\u00e9e de lecture estim\u00e9e":"1 minute"},"schema":{"@context":"https:\/\/schema.org","@graph":[{"@type":"WebPage","@id":"https:\/\/en3s.fr\/formation-professionnelle\/formations-professionnelles\/formations-courtes\/webinaire-ethique-et-management-en-travail-social\/","url":"https:\/\/en3s.fr\/formation-professionnelle\/formations-professionnelles\/formations-courtes\/webinaire-ethique-et-management-en-travail-social\/","name":"Webinaire - Ethique et management en travail social - Formations professionnelles de l&#039;EN3S","isPartOf":{"@id":"https:\/\/en3s.fr\/formation-professionnelle\/#website"},"datePublished":"2026-02-25T08:10:00+00:00","dateModified":"2026-02-25T08:26:39+00:00","description":"&nbsp; L\u2019\u00c9cole de service social (ESS) Cramif et l\u2019EN3S unissent leurs forces pour proposer une formation innovante et r\u00e9solument ancr\u00e9e dans les r\u00e9alit\u00e9s","breadcrumb":{"@id":"https:\/\/en3s.fr\/formation-professionnelle\/formations-professionnelles\/formations-courtes\/webinaire-ethique-et-management-en-travail-social\/#breadcrumb"},"inLanguage":"fr-FR","potentialAction":[{"@type":"ReadAction","target":["https:\/\/en3s.fr\/formation-professionnelle\/formations-professionnelles\/formations-courtes\/webinaire-ethique-et-management-en-travail-social\/"]}]},{"@type":"BreadcrumbList","@id":"https:\/\/en3s.fr\/formation-professionnelle\/formations-professionnelles\/formations-courtes\/webinaire-ethique-et-management-en-travail-social\/#breadcrumb","itemListElement":[{"@type":"ListItem","position":1,"name":"Accueil","item":"https:\/\/en3s.fr\/formation-professionnelle\/"},{"@type":"ListItem","position":2,"name":"Formations professionnelles","item":"https:\/\/en3s.fr\/formation-professionnelle\/formations-professionnelles\/"},{"@type":"ListItem","position":3,"name":"Formations courtes","item":"https:\/\/en3s.fr\/formation-professionnelle\/formations-professionnelles\/formations-courtes\/"},{"@type":"ListItem","position":4,"name":"Webinaire &#8211; Ethique et management en travail social"}]},{"@type":"WebSite","@id":"https:\/\/en3s.fr\/formation-professionnelle\/#website","url":"https:\/\/en3s.fr\/formation-professionnelle\/","name":"Formations professionnelles de l&#039;EN3S","description":"Site des formations professionnelles de l&#039;EN3S","potentialAction":[{"@type":"SearchAction","target":{"@type":"EntryPoint","urlTemplate":"https:\/\/en3s.fr\/formation-professionnelle\/?s={search_term_string}"},"query-input":{"@type":"PropertyValueSpecification","valueRequired":true,"valueName":"search_term_string"}}],"inLanguage":"fr-FR"}]}},"_links":{"self":[{"href":"https:\/\/en3s.fr\/formation-professionnelle\/wp-json\/wp\/v2\/pages\/317160","targetHints":{"allow":["GET"]}}],"collection":[{"href":"https:\/\/en3s.fr\/formation-professionnelle\/wp-json\/wp\/v2\/pages"}],"about":[{"href":"https:\/\/en3s.fr\/formation-professionnelle\/wp-json\/wp\/v2\/types\/page"}],"author":[{"embeddable":true,"href":"https:\/\/en3s.fr\/formation-professionnelle\/wp-json\/wp\/v2\/users\/59"}],"replies":[{"embeddable":true,"href":"https:\/\/en3s.fr\/formation-professionnelle\/wp-json\/wp\/v2\/comments?post=317160"}],"version-history":[{"count":5,"href":"https:\/\/en3s.fr\/formation-professionnelle\/wp-json\/wp\/v2\/pages\/317160\/revisions"}],"predecessor-version":[{"id":317165,"href":"https:\/\/en3s.fr\/formation-professionnelle\/wp-json\/wp\/v2\/pages\/317160\/revisions\/317165"}],"up":[{"embeddable":true,"href":"https:\/\/en3s.fr\/formation-professionnelle\/wp-json\/wp\/v2\/pages\/425"}],"wp:attachment":[{"href":"https:\/\/en3s.fr\/formation-professionnelle\/wp-json\/wp\/v2\/media?parent=317160"}],"curies":[{"name":"wp","href":"https:\/\/api.w.org\/{rel}","templated":true}]}}