{"id":413,"date":"2018-06-29T15:01:11","date_gmt":"2018-06-29T13:01:11","guid":{"rendered":"https:\/\/en3s.fr\/formation-professionnelle\/?page_id=413"},"modified":"2024-12-20T13:12:31","modified_gmt":"2024-12-20T12:12:31","slug":"notre-expertise","status":"publish","type":"page","link":"https:\/\/en3s.fr\/formation-professionnelle\/qui-sommes-nous\/notre-expertise\/","title":{"rendered":"Notre expertise"},"content":{"rendered":"<p>&nbsp;<\/p>\n<p>Forte d\u2019une exp\u00e9rience de plus de 40 ans au service des cadres et agents de direction de la protection sociale, la direction de la formation continue et le d\u00e9partement des relations internationales de l&rsquo;EN3S vous accompagnent dans tous vos projets de formation.<\/p>\n<p>Que ce soit pour votre plan de formation, la r\u00e9alisation d\u2019un intra, d\u2019une journ\u00e9e d\u2019\u00e9tude ou d\u2019un accompagnement de vos \u00e9quipes, l\u2019EN3S met \u00e0 disposition une \u00e9quipe d\u2019experts en protection sociale, gestion et pilotage, management ou accompagnement des parcours professionnels.<\/p>\n<h2>Choisir l\u2019EN3S vous offre l\u2019opportunit\u00e9 unique en France:<\/h2>\n<ul>\n<li>Un <strong>lieu privil\u00e9gi\u00e9 de partage<\/strong> inter-branches et inter-r\u00e9gimes<\/li>\n<li>Une expertise pour <strong>am\u00e9liorer sa performance<\/strong> au quotidien<\/li>\n<li>Une offre con\u00e7ue \u00e0 partir de l\u2019<strong>\u00e9coute client<\/strong> qui r\u00e9pond <strong>aux transformations des organismes<\/strong><\/li>\n<li>Des interventions d\u2019<strong>institutionnels experts<\/strong> dans leur domaine et de <strong>professionnels provenant d\u2019univers vari\u00e9s<\/strong><\/li>\n<li>Des formations intras, sur mesure, <strong>pour toute la ligne manag\u00e9riale<\/strong><\/li>\n<li>Des <strong>m\u00e9thodes p\u00e9dagogiques innovantes<\/strong><\/li>\n<li>Une synergie avec l\u2019<strong>offre de l\u2019Institut 4.10<\/strong>.<\/li>\n<li>Une <strong>ouverture vers l\u2019ensemble des cadres sup\u00e9rieurs du service public<\/strong> : Agences r\u00e9gionales de sant\u00e9, France Travail&#8230;<\/li>\n<li>Acc\u00e9der \u00e0 des formations adapt\u00e9es aux enjeux de la protection sociale en phase avec le <strong>r\u00e9f\u00e9rentiel Leadders<\/strong><\/li>\n<li>Choisir entre<strong> plusieurs m\u00e9thodes d\u2019apprentissage<\/strong> : en pr\u00e9sentiel, \u00e0 distance ou en formation mixte<\/li>\n<li>\u00catre au plus pr\u00e8s des<strong> \u00e9volutions<\/strong> r\u00e9glementaires et des m\u00e9tiers des organismes<\/li>\n<li>\u00catre accompagn\u00e9 dans les grandes \u00e9tapes de votre <strong>parcours professionnel<\/strong> : de la prise de fonction \u00e0 l\u2019optimisation de vos pratiques professionnelles<\/li>\n<\/ul>\n<h2>L\u2019offre de formation professionnelle de l\u2019EN3S en chiffres :<\/h2>\n<p style=\"text-align: center\"><span class=\"chiffres-cles\">2<\/span> lieux d&rsquo;accueil pour ses formations inter-r\u00e9gimes et interbranches : Paris et Saint-Etienne<\/p>\n<p style=\"text-align: center\"><span class=\"chiffres-cles\">99<\/span>&nbsp;formations inter adapt\u00e9es aux enjeux de la protection sociale<\/p>\n<p style=\"text-align: center\"><span class=\"chiffres-cles\">24<\/span> nouveaut\u00e9s propos\u00e9es en 2025<\/p>\n<p style=\"text-align: center\"><span class=\"chiffres-cles\">85 %<\/span> de nos formations sont d\u00e9clinables en intra<\/p>\n<p style=\"text-align: center\"><span class=\"chiffres-cles\">14<\/span>&nbsp;conf\u00e9rences et journ\u00e9es d&rsquo;actualit\u00e9 en moyenne chaque ann\u00e9e<\/p>\n<p style=\"text-align: center\"><span class=\"chiffres-cles\">170<\/span>&nbsp;formations en intra organis\u00e9es en moyenne chaque ann\u00e9e<\/p>\n<p style=\"text-align: center\"><span class=\"chiffres-cles\">28<\/span>&nbsp;formations sur-mesure de branches et r\u00e9seaux<\/p>\n<p style=\"text-align: center\"><span class=\"chiffres-cles\">12<\/span> cycles professionnalisants<\/p>\n<p style=\"text-align: center\"><span class=\"chiffres-cles\">10<\/span> webinars en acc\u00e8s libre<\/p>\n<h3 style=\"text-align: center\">Un engagement : renforcer les comp\u00e9tences des cadres et dirigeants de la protection sociale.<\/h3>\n<p style=\"text-align: center\"><span class=\"chiffres-cles\">8,3\/10 <\/span>note de satisfaction moyenne donn\u00e9e par les stagiaires en 2024<\/p>\n<p style=\"text-align: center\"><span class=\"chiffres-cles\">+ de 16 000 <\/span>stagiaires en 2024<\/p>\n<p style=\"text-align: center\"><span class=\"chiffres-cles\">+ de 500<\/span> intervenants mobilis\u00e9s en 2024<\/p>\n","protected":false},"excerpt":{"rendered":"<p>&nbsp; Forte d\u2019une exp\u00e9rience de plus de 40 ans au service des cadres et agents de direction de la protection sociale, la direction de la formation continue et le d\u00e9partement des relations internationales de l&rsquo;EN3S vous accompagnent dans tous vos projets de formation. Que ce soit pour votre plan de formation, la r\u00e9alisation d\u2019un intra, [&hellip;]<\/p>\n","protected":false},"author":11,"featured_media":0,"parent":404,"menu_order":0,"comment_status":"closed","ping_status":"closed","template":"","meta":{"ngg_post_thumbnail":0,"footnotes":""},"class_list":["post-413","page","type-page","status-publish","hentry"],"yoast_head":"<!-- This site is optimized with the Yoast SEO plugin v24.9 - https:\/\/yoast.com\/wordpress\/plugins\/seo\/ -->\n<title>Notre expertise - Formations professionnelles de l&#039;EN3S<\/title>\n<meta name=\"description\" content=\"&nbsp; Forte d\u2019une exp\u00e9rience de plus de 40 ans au service des cadres et agents de direction de la protection sociale, la direction de la formation\" \/>\n<meta name=\"robots\" content=\"index, follow, max-snippet:-1, max-image-preview:large, max-video-preview:-1\" \/>\n<link rel=\"canonical\" href=\"https:\/\/en3s.fr\/formation-professionnelle\/qui-sommes-nous\/notre-expertise\/\" \/>\n<meta property=\"og:locale\" content=\"fr_FR\" \/>\n<meta property=\"og:type\" content=\"article\" \/>\n<meta property=\"og:title\" content=\"Notre expertise - Formations professionnelles de l&#039;EN3S\" \/>\n<meta property=\"og:description\" content=\"&nbsp; Forte d\u2019une exp\u00e9rience de plus de 40 ans au service des cadres et agents de direction de la protection sociale, la direction de la formation\" \/>\n<meta property=\"og:url\" content=\"https:\/\/en3s.fr\/formation-professionnelle\/qui-sommes-nous\/notre-expertise\/\" \/>\n<meta property=\"og:site_name\" content=\"Formations professionnelles de l&#039;EN3S\" \/>\n<meta property=\"article:modified_time\" content=\"2024-12-20T12:12:31+00:00\" \/>\n<meta name=\"twitter:card\" content=\"summary_large_image\" \/>\n<meta name=\"twitter:label1\" content=\"Dur\u00e9e de lecture estim\u00e9e\" \/>\n\t<meta name=\"twitter:data1\" content=\"2 minutes\" \/>\n<script type=\"application\/ld+json\" class=\"yoast-schema-graph\">{\"@context\":\"https:\/\/schema.org\",\"@graph\":[{\"@type\":\"WebPage\",\"@id\":\"https:\/\/en3s.fr\/formation-professionnelle\/qui-sommes-nous\/notre-expertise\/\",\"url\":\"https:\/\/en3s.fr\/formation-professionnelle\/qui-sommes-nous\/notre-expertise\/\",\"name\":\"Notre expertise - Formations professionnelles de l&#039;EN3S\",\"isPartOf\":{\"@id\":\"https:\/\/en3s.fr\/formation-professionnelle\/#website\"},\"datePublished\":\"2018-06-29T13:01:11+00:00\",\"dateModified\":\"2024-12-20T12:12:31+00:00\",\"description\":\"&nbsp; Forte d\u2019une exp\u00e9rience de plus de 40 ans au service des cadres et agents de direction de la protection sociale, la direction de la formation\",\"breadcrumb\":{\"@id\":\"https:\/\/en3s.fr\/formation-professionnelle\/qui-sommes-nous\/notre-expertise\/#breadcrumb\"},\"inLanguage\":\"fr-FR\",\"potentialAction\":[{\"@type\":\"ReadAction\",\"target\":[\"https:\/\/en3s.fr\/formation-professionnelle\/qui-sommes-nous\/notre-expertise\/\"]}]},{\"@type\":\"BreadcrumbList\",\"@id\":\"https:\/\/en3s.fr\/formation-professionnelle\/qui-sommes-nous\/notre-expertise\/#breadcrumb\",\"itemListElement\":[{\"@type\":\"ListItem\",\"position\":1,\"name\":\"Accueil\",\"item\":\"https:\/\/en3s.fr\/formation-professionnelle\/\"},{\"@type\":\"ListItem\",\"position\":2,\"name\":\"Qui sommes-nous ?\",\"item\":\"https:\/\/en3s.fr\/formation-professionnelle\/qui-sommes-nous\/\"},{\"@type\":\"ListItem\",\"position\":3,\"name\":\"Notre expertise\"}]},{\"@type\":\"WebSite\",\"@id\":\"https:\/\/en3s.fr\/formation-professionnelle\/#website\",\"url\":\"https:\/\/en3s.fr\/formation-professionnelle\/\",\"name\":\"Formations professionnelles de l&#039;EN3S\",\"description\":\"Site des formations professionnelles de l&#039;EN3S\",\"potentialAction\":[{\"@type\":\"SearchAction\",\"target\":{\"@type\":\"EntryPoint\",\"urlTemplate\":\"https:\/\/en3s.fr\/formation-professionnelle\/?s={search_term_string}\"},\"query-input\":{\"@type\":\"PropertyValueSpecification\",\"valueRequired\":true,\"valueName\":\"search_term_string\"}}],\"inLanguage\":\"fr-FR\"}]}<\/script>\n<!-- \/ Yoast SEO plugin. -->","yoast_head_json":{"title":"Notre expertise - Formations professionnelles de l&#039;EN3S","description":"&nbsp; Forte d\u2019une exp\u00e9rience de plus de 40 ans au service des cadres et agents de direction de la protection sociale, la direction de la formation","robots":{"index":"index","follow":"follow","max-snippet":"max-snippet:-1","max-image-preview":"max-image-preview:large","max-video-preview":"max-video-preview:-1"},"canonical":"https:\/\/en3s.fr\/formation-professionnelle\/qui-sommes-nous\/notre-expertise\/","og_locale":"fr_FR","og_type":"article","og_title":"Notre expertise - Formations professionnelles de l&#039;EN3S","og_description":"&nbsp; Forte d\u2019une exp\u00e9rience de plus de 40 ans au service des cadres et agents de direction de la protection sociale, la direction de la formation","og_url":"https:\/\/en3s.fr\/formation-professionnelle\/qui-sommes-nous\/notre-expertise\/","og_site_name":"Formations professionnelles de l&#039;EN3S","article_modified_time":"2024-12-20T12:12:31+00:00","twitter_card":"summary_large_image","twitter_misc":{"Dur\u00e9e de lecture estim\u00e9e":"2 minutes"},"schema":{"@context":"https:\/\/schema.org","@graph":[{"@type":"WebPage","@id":"https:\/\/en3s.fr\/formation-professionnelle\/qui-sommes-nous\/notre-expertise\/","url":"https:\/\/en3s.fr\/formation-professionnelle\/qui-sommes-nous\/notre-expertise\/","name":"Notre expertise - Formations professionnelles de l&#039;EN3S","isPartOf":{"@id":"https:\/\/en3s.fr\/formation-professionnelle\/#website"},"datePublished":"2018-06-29T13:01:11+00:00","dateModified":"2024-12-20T12:12:31+00:00","description":"&nbsp; Forte d\u2019une exp\u00e9rience de plus de 40 ans au service des cadres et agents de direction de la protection sociale, la direction de la formation","breadcrumb":{"@id":"https:\/\/en3s.fr\/formation-professionnelle\/qui-sommes-nous\/notre-expertise\/#breadcrumb"},"inLanguage":"fr-FR","potentialAction":[{"@type":"ReadAction","target":["https:\/\/en3s.fr\/formation-professionnelle\/qui-sommes-nous\/notre-expertise\/"]}]},{"@type":"BreadcrumbList","@id":"https:\/\/en3s.fr\/formation-professionnelle\/qui-sommes-nous\/notre-expertise\/#breadcrumb","itemListElement":[{"@type":"ListItem","position":1,"name":"Accueil","item":"https:\/\/en3s.fr\/formation-professionnelle\/"},{"@type":"ListItem","position":2,"name":"Qui sommes-nous ?","item":"https:\/\/en3s.fr\/formation-professionnelle\/qui-sommes-nous\/"},{"@type":"ListItem","position":3,"name":"Notre expertise"}]},{"@type":"WebSite","@id":"https:\/\/en3s.fr\/formation-professionnelle\/#website","url":"https:\/\/en3s.fr\/formation-professionnelle\/","name":"Formations professionnelles de l&#039;EN3S","description":"Site des formations professionnelles de l&#039;EN3S","potentialAction":[{"@type":"SearchAction","target":{"@type":"EntryPoint","urlTemplate":"https:\/\/en3s.fr\/formation-professionnelle\/?s={search_term_string}"},"query-input":{"@type":"PropertyValueSpecification","valueRequired":true,"valueName":"search_term_string"}}],"inLanguage":"fr-FR"}]}},"_links":{"self":[{"href":"https:\/\/en3s.fr\/formation-professionnelle\/wp-json\/wp\/v2\/pages\/413","targetHints":{"allow":["GET"]}}],"collection":[{"href":"https:\/\/en3s.fr\/formation-professionnelle\/wp-json\/wp\/v2\/pages"}],"about":[{"href":"https:\/\/en3s.fr\/formation-professionnelle\/wp-json\/wp\/v2\/types\/page"}],"author":[{"embeddable":true,"href":"https:\/\/en3s.fr\/formation-professionnelle\/wp-json\/wp\/v2\/users\/11"}],"replies":[{"embeddable":true,"href":"https:\/\/en3s.fr\/formation-professionnelle\/wp-json\/wp\/v2\/comments?post=413"}],"version-history":[{"count":0,"href":"https:\/\/en3s.fr\/formation-professionnelle\/wp-json\/wp\/v2\/pages\/413\/revisions"}],"up":[{"embeddable":true,"href":"https:\/\/en3s.fr\/formation-professionnelle\/wp-json\/wp\/v2\/pages\/404"}],"wp:attachment":[{"href":"https:\/\/en3s.fr\/formation-professionnelle\/wp-json\/wp\/v2\/media?parent=413"}],"curies":[{"name":"wp","href":"https:\/\/api.w.org\/{rel}","templated":true}]}}