{"id":4980,"date":"2019-09-23T12:14:49","date_gmt":"2019-09-23T10:14:49","guid":{"rendered":"https:\/\/en3s.fr\/formation-professionnelle\/?page_id=4980"},"modified":"2025-09-12T14:34:56","modified_gmt":"2025-09-12T12:34:56","slug":"mooc-comprendre-les-enjeux-de-la-securite-sociale","status":"publish","type":"page","link":"https:\/\/en3s.fr\/formation-professionnelle\/formations-professionnelles\/formations-courtes\/mooc-comprendre-les-enjeux-de-la-securite-sociale\/","title":{"rendered":"MOOC Comprendre les enjeux de la S\u00e9curit\u00e9 sociale"},"content":{"rendered":"<p>Se former en autonomie et \u00e0 distance avec des experts des politiques sociales<\/p>\n","protected":false},"excerpt":{"rendered":"<p>\u00a0Se former en autonomie et \u00e0 distance avec des experts des politiques sociales pour comprendre les enjeux de la Protection sociale<\/p>\n","protected":false},"author":4,"featured_media":0,"parent":425,"menu_order":0,"comment_status":"closed","ping_status":"closed","template":"partials\/template-formation.php","meta":{"ngg_post_thumbnail":0,"footnotes":""},"class_list":["post-4980","page","type-page","status-publish","hentry","cycle_formation-formation-nos-ressources-en-ligne-fr"],"yoast_head":"<!-- This site is optimized with the Yoast SEO plugin v24.9 - https:\/\/yoast.com\/wordpress\/plugins\/seo\/ -->\n<title>MOOC Comprendre les enjeux de la S\u00e9curit\u00e9 sociale - Formations professionnelles de l&#039;EN3S<\/title>\n<meta name=\"description\" content=\"\u00a0Se former en autonomie et \u00e0 distance avec des experts des politiques sociales pour comprendre les enjeux de la Protection sociale\" \/>\n<meta name=\"robots\" content=\"index, follow, max-snippet:-1, max-image-preview:large, max-video-preview:-1\" \/>\n<link rel=\"canonical\" href=\"https:\/\/en3s.fr\/formation-professionnelle\/formations-professionnelles\/formations-courtes\/mooc-comprendre-les-enjeux-de-la-securite-sociale\/\" \/>\n<meta property=\"og:locale\" content=\"fr_FR\" \/>\n<meta property=\"og:type\" content=\"article\" \/>\n<meta property=\"og:title\" content=\"MOOC Comprendre les enjeux de la S\u00e9curit\u00e9 sociale - Formations professionnelles de l&#039;EN3S\" \/>\n<meta property=\"og:description\" content=\"\u00a0Se former en autonomie et \u00e0 distance avec des experts des politiques sociales pour comprendre les enjeux de la Protection sociale\" \/>\n<meta property=\"og:url\" content=\"https:\/\/en3s.fr\/formation-professionnelle\/formations-professionnelles\/formations-courtes\/mooc-comprendre-les-enjeux-de-la-securite-sociale\/\" \/>\n<meta property=\"og:site_name\" content=\"Formations professionnelles de l&#039;EN3S\" \/>\n<meta property=\"article:modified_time\" content=\"2025-09-12T12:34:56+00:00\" \/>\n<meta name=\"twitter:card\" content=\"summary_large_image\" \/>\n<meta name=\"twitter:label1\" content=\"Dur\u00e9e de lecture estim\u00e9e\" \/>\n\t<meta name=\"twitter:data1\" content=\"1 minute\" \/>\n<script type=\"application\/ld+json\" class=\"yoast-schema-graph\">{\"@context\":\"https:\/\/schema.org\",\"@graph\":[{\"@type\":\"WebPage\",\"@id\":\"https:\/\/en3s.fr\/formation-professionnelle\/formations-professionnelles\/formations-courtes\/mooc-comprendre-les-enjeux-de-la-securite-sociale\/\",\"url\":\"https:\/\/en3s.fr\/formation-professionnelle\/formations-professionnelles\/formations-courtes\/mooc-comprendre-les-enjeux-de-la-securite-sociale\/\",\"name\":\"MOOC Comprendre les enjeux de la S\u00e9curit\u00e9 sociale - Formations professionnelles de l&#039;EN3S\",\"isPartOf\":{\"@id\":\"https:\/\/en3s.fr\/formation-professionnelle\/#website\"},\"datePublished\":\"2019-09-23T10:14:49+00:00\",\"dateModified\":\"2025-09-12T12:34:56+00:00\",\"description\":\"\u00a0Se former en autonomie et \u00e0 distance avec des experts des politiques sociales pour comprendre les enjeux de la Protection sociale\",\"breadcrumb\":{\"@id\":\"https:\/\/en3s.fr\/formation-professionnelle\/formations-professionnelles\/formations-courtes\/mooc-comprendre-les-enjeux-de-la-securite-sociale\/#breadcrumb\"},\"inLanguage\":\"fr-FR\",\"potentialAction\":[{\"@type\":\"ReadAction\",\"target\":[\"https:\/\/en3s.fr\/formation-professionnelle\/formations-professionnelles\/formations-courtes\/mooc-comprendre-les-enjeux-de-la-securite-sociale\/\"]}]},{\"@type\":\"BreadcrumbList\",\"@id\":\"https:\/\/en3s.fr\/formation-professionnelle\/formations-professionnelles\/formations-courtes\/mooc-comprendre-les-enjeux-de-la-securite-sociale\/#breadcrumb\",\"itemListElement\":[{\"@type\":\"ListItem\",\"position\":1,\"name\":\"Accueil\",\"item\":\"https:\/\/en3s.fr\/formation-professionnelle\/\"},{\"@type\":\"ListItem\",\"position\":2,\"name\":\"Formations professionnelles\",\"item\":\"https:\/\/en3s.fr\/formation-professionnelle\/formations-professionnelles\/\"},{\"@type\":\"ListItem\",\"position\":3,\"name\":\"Formations courtes\",\"item\":\"https:\/\/en3s.fr\/formation-professionnelle\/formations-professionnelles\/formations-courtes\/\"},{\"@type\":\"ListItem\",\"position\":4,\"name\":\"MOOC Comprendre les enjeux de la S\u00e9curit\u00e9 sociale\"}]},{\"@type\":\"WebSite\",\"@id\":\"https:\/\/en3s.fr\/formation-professionnelle\/#website\",\"url\":\"https:\/\/en3s.fr\/formation-professionnelle\/\",\"name\":\"Formations professionnelles de l&#039;EN3S\",\"description\":\"Site des formations professionnelles de l&#039;EN3S\",\"potentialAction\":[{\"@type\":\"SearchAction\",\"target\":{\"@type\":\"EntryPoint\",\"urlTemplate\":\"https:\/\/en3s.fr\/formation-professionnelle\/?s={search_term_string}\"},\"query-input\":{\"@type\":\"PropertyValueSpecification\",\"valueRequired\":true,\"valueName\":\"search_term_string\"}}],\"inLanguage\":\"fr-FR\"}]}<\/script>\n<!-- \/ Yoast SEO plugin. -->","yoast_head_json":{"title":"MOOC Comprendre les enjeux de la S\u00e9curit\u00e9 sociale - Formations professionnelles de l&#039;EN3S","description":"\u00a0Se former en autonomie et \u00e0 distance avec des experts des politiques sociales pour comprendre les enjeux de la Protection sociale","robots":{"index":"index","follow":"follow","max-snippet":"max-snippet:-1","max-image-preview":"max-image-preview:large","max-video-preview":"max-video-preview:-1"},"canonical":"https:\/\/en3s.fr\/formation-professionnelle\/formations-professionnelles\/formations-courtes\/mooc-comprendre-les-enjeux-de-la-securite-sociale\/","og_locale":"fr_FR","og_type":"article","og_title":"MOOC Comprendre les enjeux de la S\u00e9curit\u00e9 sociale - Formations professionnelles de l&#039;EN3S","og_description":"\u00a0Se former en autonomie et \u00e0 distance avec des experts des politiques sociales pour comprendre les enjeux de la Protection sociale","og_url":"https:\/\/en3s.fr\/formation-professionnelle\/formations-professionnelles\/formations-courtes\/mooc-comprendre-les-enjeux-de-la-securite-sociale\/","og_site_name":"Formations professionnelles de l&#039;EN3S","article_modified_time":"2025-09-12T12:34:56+00:00","twitter_card":"summary_large_image","twitter_misc":{"Dur\u00e9e de lecture estim\u00e9e":"1 minute"},"schema":{"@context":"https:\/\/schema.org","@graph":[{"@type":"WebPage","@id":"https:\/\/en3s.fr\/formation-professionnelle\/formations-professionnelles\/formations-courtes\/mooc-comprendre-les-enjeux-de-la-securite-sociale\/","url":"https:\/\/en3s.fr\/formation-professionnelle\/formations-professionnelles\/formations-courtes\/mooc-comprendre-les-enjeux-de-la-securite-sociale\/","name":"MOOC Comprendre les enjeux de la S\u00e9curit\u00e9 sociale - Formations professionnelles de l&#039;EN3S","isPartOf":{"@id":"https:\/\/en3s.fr\/formation-professionnelle\/#website"},"datePublished":"2019-09-23T10:14:49+00:00","dateModified":"2025-09-12T12:34:56+00:00","description":"\u00a0Se former en autonomie et \u00e0 distance avec des experts des politiques sociales pour comprendre les enjeux de la Protection sociale","breadcrumb":{"@id":"https:\/\/en3s.fr\/formation-professionnelle\/formations-professionnelles\/formations-courtes\/mooc-comprendre-les-enjeux-de-la-securite-sociale\/#breadcrumb"},"inLanguage":"fr-FR","potentialAction":[{"@type":"ReadAction","target":["https:\/\/en3s.fr\/formation-professionnelle\/formations-professionnelles\/formations-courtes\/mooc-comprendre-les-enjeux-de-la-securite-sociale\/"]}]},{"@type":"BreadcrumbList","@id":"https:\/\/en3s.fr\/formation-professionnelle\/formations-professionnelles\/formations-courtes\/mooc-comprendre-les-enjeux-de-la-securite-sociale\/#breadcrumb","itemListElement":[{"@type":"ListItem","position":1,"name":"Accueil","item":"https:\/\/en3s.fr\/formation-professionnelle\/"},{"@type":"ListItem","position":2,"name":"Formations professionnelles","item":"https:\/\/en3s.fr\/formation-professionnelle\/formations-professionnelles\/"},{"@type":"ListItem","position":3,"name":"Formations courtes","item":"https:\/\/en3s.fr\/formation-professionnelle\/formations-professionnelles\/formations-courtes\/"},{"@type":"ListItem","position":4,"name":"MOOC Comprendre les enjeux de la S\u00e9curit\u00e9 sociale"}]},{"@type":"WebSite","@id":"https:\/\/en3s.fr\/formation-professionnelle\/#website","url":"https:\/\/en3s.fr\/formation-professionnelle\/","name":"Formations professionnelles de l&#039;EN3S","description":"Site des formations professionnelles de l&#039;EN3S","potentialAction":[{"@type":"SearchAction","target":{"@type":"EntryPoint","urlTemplate":"https:\/\/en3s.fr\/formation-professionnelle\/?s={search_term_string}"},"query-input":{"@type":"PropertyValueSpecification","valueRequired":true,"valueName":"search_term_string"}}],"inLanguage":"fr-FR"}]}},"_links":{"self":[{"href":"https:\/\/en3s.fr\/formation-professionnelle\/wp-json\/wp\/v2\/pages\/4980","targetHints":{"allow":["GET"]}}],"collection":[{"href":"https:\/\/en3s.fr\/formation-professionnelle\/wp-json\/wp\/v2\/pages"}],"about":[{"href":"https:\/\/en3s.fr\/formation-professionnelle\/wp-json\/wp\/v2\/types\/page"}],"author":[{"embeddable":true,"href":"https:\/\/en3s.fr\/formation-professionnelle\/wp-json\/wp\/v2\/users\/4"}],"replies":[{"embeddable":true,"href":"https:\/\/en3s.fr\/formation-professionnelle\/wp-json\/wp\/v2\/comments?post=4980"}],"version-history":[{"count":2,"href":"https:\/\/en3s.fr\/formation-professionnelle\/wp-json\/wp\/v2\/pages\/4980\/revisions"}],"predecessor-version":[{"id":316204,"href":"https:\/\/en3s.fr\/formation-professionnelle\/wp-json\/wp\/v2\/pages\/4980\/revisions\/316204"}],"up":[{"embeddable":true,"href":"https:\/\/en3s.fr\/formation-professionnelle\/wp-json\/wp\/v2\/pages\/425"}],"wp:attachment":[{"href":"https:\/\/en3s.fr\/formation-professionnelle\/wp-json\/wp\/v2\/media?parent=4980"}],"curies":[{"name":"wp","href":"https:\/\/api.w.org\/{rel}","templated":true}]}}