{"id":5358,"date":"2019-12-02T11:02:41","date_gmt":"2019-12-02T10:02:41","guid":{"rendered":"https:\/\/en3s.fr\/formation-professionnelle\/?page_id=5358"},"modified":"2025-05-16T13:14:22","modified_gmt":"2025-05-16T11:14:22","slug":"referentiel-leadders","status":"publish","type":"page","link":"https:\/\/en3s.fr\/formation-professionnelle\/formez-vos-equipes\/referentiel-leadders\/","title":{"rendered":"R\u00e9f\u00e9rentiel Leadders"},"content":{"rendered":"<p><a href=\"https:\/\/leadders.ucanss.fr\/\" target=\"_blank\" rel=\"noopener\"><img loading=\"lazy\" decoding=\"async\" class=\" wp-image-311231 aligncenter\" src=\"https:\/\/en3s.fr\/formation-professionnelle\/wp-content\/uploads\/sites\/3\/2021\/10\/leadders.png\" alt=\"\" width=\"421\" height=\"229\" srcset=\"https:\/\/en3s.fr\/formation-professionnelle\/wp-content\/uploads\/sites\/3\/2021\/10\/leadders.png 800w, https:\/\/en3s.fr\/formation-professionnelle\/wp-content\/uploads\/sites\/3\/2021\/10\/leadders-768x418.png 768w, https:\/\/en3s.fr\/formation-professionnelle\/wp-content\/uploads\/sites\/3\/2021\/10\/leadders-275x150.png 275w, https:\/\/en3s.fr\/formation-professionnelle\/wp-content\/uploads\/sites\/3\/2021\/10\/leadders-717x390.png 717w, https:\/\/en3s.fr\/formation-professionnelle\/wp-content\/uploads\/sites\/3\/2021\/10\/leadders-230x125.png 230w\" sizes=\"auto, (max-width: 421px) 100vw, 421px\" \/><\/a><\/p>\n<p>Toutes nos formations professionnelles sont en ad\u00e9quation avec les comp\u00e9tences attendues dans le nouveau r\u00e9f\u00e9rentiel LeADDers.<\/p>\n<p>En 2024, 3 dimensions du r\u00e9f\u00e9rentiel ont \u00e9t\u00e9 renforc\u00e9es dans la continuit\u00e9 des travaux de <a id=\"menur75n\" class=\"fui-Link ___1q1shib f2hkw1w f3rmtva f1ewtqcl fyind8e f1k6fduh f1w7gpdv fk6fouc fjoy568 figsok6 f1s184ao f1mk8lai fnbmjn9 f1o700av f13mvf36 f1cmlufx f9n3di6 f1ids18y f1tx3yz7 f1deo86v f1eh06m1 f1iescvh fhgqx19 f1olyrje f1p93eir f1nev41a f1h8hb77 f1lqvz6u f10aw75t fsle3fq f17ae5zn\" title=\"https:\/\/www.ucanss.fr\/capm\" href=\"https:\/\/www.ucanss.fr\/capm\" target=\"_blank\" rel=\"noreferrer noopener\" aria-label=\"Lien Cap'M\">Cap&rsquo;M<\/a> :<\/p>\n<ul>\n<li>La dimension \u00e9thique et inclusive&nbsp;<\/li>\n<li>La dimension innovation en encourageant l\u2019initiative et les pratiques de r\u00e9flexivit\u00e9<\/li>\n<li>La dimension formation impliquant le d\u00e9veloppement r\u00e9gulier des comp\u00e9tences. Cela vise notamment le dispositif d&rsquo;<a href=\"https:\/\/en3s.fr\/formation-professionnelle\/formez-vos-equipes\/incitation-a-formation-continue-de-quoi-parle-t-on\/\" target=\"_blank\" rel=\"noopener\">incitation \u00e0 la formation continue<\/a><\/li>\n<\/ul>\n<p><strong>Pour en savoir plus :<\/strong><br \/>\n\n<div style=\"text-align:center;\"><iframe loading=\"lazy\" src=\"\/\/v.calameo.com\/?bkcode=00431050450e838500d6b&mode=mini\" width=\"480\" height=\"300\" frameborder=\"0\" scrolling=\"no\" allowtransparency allowfullscreen style=\"margin:0 auto;\"><\/iframe><\/div>\n<\/p>\n<p>Ou rendez-vous sur le site : <a href=\"https:\/\/leadders.ucanss.fr\/\" target=\"_blank\" rel=\"noopener\">https:\/\/leadders.ucanss.fr\/<\/a><\/p>\n<p>&nbsp;<\/p>\n","protected":false},"excerpt":{"rendered":"<p>Toutes nos formations professionnelles sont en ad\u00e9quation avec les comp\u00e9tences attendues dans le nouveau r\u00e9f\u00e9rentiel LeADDers. En 2024, 3 dimensions du r\u00e9f\u00e9rentiel ont \u00e9t\u00e9 renforc\u00e9es dans la continuit\u00e9 des travaux de Cap&rsquo;M : La dimension \u00e9thique et inclusive&nbsp; La dimension innovation en encourageant l\u2019initiative et les pratiques de r\u00e9flexivit\u00e9 La dimension formation impliquant le d\u00e9veloppement [&hellip;]<\/p>\n","protected":false},"author":4,"featured_media":0,"parent":408,"menu_order":0,"comment_status":"closed","ping_status":"closed","template":"","meta":{"ngg_post_thumbnail":0,"footnotes":""},"class_list":["post-5358","page","type-page","status-publish","hentry"],"yoast_head":"<!-- This site is optimized with the Yoast SEO plugin v24.9 - https:\/\/yoast.com\/wordpress\/plugins\/seo\/ -->\n<title>R\u00e9f\u00e9rentiel Leadders - Formations professionnelles de l&#039;EN3S<\/title>\n<meta name=\"description\" content=\"Toutes nos formations professionnelles sont en ad\u00e9quation avec les comp\u00e9tences attendues dans le nouveau r\u00e9f\u00e9rentiel LeADDers. En 2024, 3 dimensions du\" \/>\n<meta name=\"robots\" content=\"index, follow, max-snippet:-1, max-image-preview:large, max-video-preview:-1\" \/>\n<link rel=\"canonical\" href=\"https:\/\/en3s.fr\/formation-professionnelle\/formez-vos-equipes\/referentiel-leadders\/\" \/>\n<meta property=\"og:locale\" content=\"fr_FR\" \/>\n<meta property=\"og:type\" content=\"article\" \/>\n<meta property=\"og:title\" content=\"R\u00e9f\u00e9rentiel Leadders - Formations professionnelles de l&#039;EN3S\" \/>\n<meta property=\"og:description\" content=\"Toutes nos formations professionnelles sont en ad\u00e9quation avec les comp\u00e9tences attendues dans le nouveau r\u00e9f\u00e9rentiel LeADDers. En 2024, 3 dimensions du\" \/>\n<meta property=\"og:url\" content=\"https:\/\/en3s.fr\/formation-professionnelle\/formez-vos-equipes\/referentiel-leadders\/\" \/>\n<meta property=\"og:site_name\" content=\"Formations professionnelles de l&#039;EN3S\" \/>\n<meta property=\"article:modified_time\" content=\"2025-05-16T11:14:22+00:00\" \/>\n<meta property=\"og:image\" content=\"https:\/\/en3s.fr\/formation-professionnelle\/wp-content\/uploads\/sites\/3\/2021\/10\/leadders.png\" \/>\n\t<meta property=\"og:image:width\" content=\"800\" \/>\n\t<meta property=\"og:image:height\" content=\"435\" \/>\n\t<meta property=\"og:image:type\" content=\"image\/png\" \/>\n<meta name=\"twitter:card\" content=\"summary_large_image\" \/>\n<meta name=\"twitter:label1\" content=\"Dur\u00e9e de lecture estim\u00e9e\" \/>\n\t<meta name=\"twitter:data1\" content=\"1 minute\" \/>\n<script type=\"application\/ld+json\" class=\"yoast-schema-graph\">{\"@context\":\"https:\/\/schema.org\",\"@graph\":[{\"@type\":\"WebPage\",\"@id\":\"https:\/\/en3s.fr\/formation-professionnelle\/formez-vos-equipes\/referentiel-leadders\/\",\"url\":\"https:\/\/en3s.fr\/formation-professionnelle\/formez-vos-equipes\/referentiel-leadders\/\",\"name\":\"R\u00e9f\u00e9rentiel Leadders - Formations professionnelles de l&#039;EN3S\",\"isPartOf\":{\"@id\":\"https:\/\/en3s.fr\/formation-professionnelle\/#website\"},\"primaryImageOfPage\":{\"@id\":\"https:\/\/en3s.fr\/formation-professionnelle\/formez-vos-equipes\/referentiel-leadders\/#primaryimage\"},\"image\":{\"@id\":\"https:\/\/en3s.fr\/formation-professionnelle\/formez-vos-equipes\/referentiel-leadders\/#primaryimage\"},\"thumbnailUrl\":\"https:\/\/en3s.fr\/formation-professionnelle\/wp-content\/uploads\/sites\/3\/2021\/10\/leadders.png\",\"datePublished\":\"2019-12-02T10:02:41+00:00\",\"dateModified\":\"2025-05-16T11:14:22+00:00\",\"description\":\"Toutes nos formations professionnelles sont en ad\u00e9quation avec les comp\u00e9tences attendues dans le nouveau r\u00e9f\u00e9rentiel LeADDers. En 2024, 3 dimensions du\",\"breadcrumb\":{\"@id\":\"https:\/\/en3s.fr\/formation-professionnelle\/formez-vos-equipes\/referentiel-leadders\/#breadcrumb\"},\"inLanguage\":\"fr-FR\",\"potentialAction\":[{\"@type\":\"ReadAction\",\"target\":[\"https:\/\/en3s.fr\/formation-professionnelle\/formez-vos-equipes\/referentiel-leadders\/\"]}]},{\"@type\":\"ImageObject\",\"inLanguage\":\"fr-FR\",\"@id\":\"https:\/\/en3s.fr\/formation-professionnelle\/formez-vos-equipes\/referentiel-leadders\/#primaryimage\",\"url\":\"https:\/\/en3s.fr\/formation-professionnelle\/wp-content\/uploads\/sites\/3\/2021\/10\/leadders.png\",\"contentUrl\":\"https:\/\/en3s.fr\/formation-professionnelle\/wp-content\/uploads\/sites\/3\/2021\/10\/leadders.png\",\"width\":800,\"height\":435},{\"@type\":\"BreadcrumbList\",\"@id\":\"https:\/\/en3s.fr\/formation-professionnelle\/formez-vos-equipes\/referentiel-leadders\/#breadcrumb\",\"itemListElement\":[{\"@type\":\"ListItem\",\"position\":1,\"name\":\"Accueil\",\"item\":\"https:\/\/en3s.fr\/formation-professionnelle\/\"},{\"@type\":\"ListItem\",\"position\":2,\"name\":\"Formez vos \u00e9quipes\",\"item\":\"https:\/\/en3s.fr\/formation-professionnelle\/formez-vos-equipes\/\"},{\"@type\":\"ListItem\",\"position\":3,\"name\":\"R\u00e9f\u00e9rentiel Leadders\"}]},{\"@type\":\"WebSite\",\"@id\":\"https:\/\/en3s.fr\/formation-professionnelle\/#website\",\"url\":\"https:\/\/en3s.fr\/formation-professionnelle\/\",\"name\":\"Formations professionnelles de l&#039;EN3S\",\"description\":\"Site des formations professionnelles de l&#039;EN3S\",\"potentialAction\":[{\"@type\":\"SearchAction\",\"target\":{\"@type\":\"EntryPoint\",\"urlTemplate\":\"https:\/\/en3s.fr\/formation-professionnelle\/?s={search_term_string}\"},\"query-input\":{\"@type\":\"PropertyValueSpecification\",\"valueRequired\":true,\"valueName\":\"search_term_string\"}}],\"inLanguage\":\"fr-FR\"}]}<\/script>\n<!-- \/ Yoast SEO plugin. -->","yoast_head_json":{"title":"R\u00e9f\u00e9rentiel Leadders - Formations professionnelles de l&#039;EN3S","description":"Toutes nos formations professionnelles sont en ad\u00e9quation avec les comp\u00e9tences attendues dans le nouveau r\u00e9f\u00e9rentiel LeADDers. En 2024, 3 dimensions du","robots":{"index":"index","follow":"follow","max-snippet":"max-snippet:-1","max-image-preview":"max-image-preview:large","max-video-preview":"max-video-preview:-1"},"canonical":"https:\/\/en3s.fr\/formation-professionnelle\/formez-vos-equipes\/referentiel-leadders\/","og_locale":"fr_FR","og_type":"article","og_title":"R\u00e9f\u00e9rentiel Leadders - Formations professionnelles de l&#039;EN3S","og_description":"Toutes nos formations professionnelles sont en ad\u00e9quation avec les comp\u00e9tences attendues dans le nouveau r\u00e9f\u00e9rentiel LeADDers. En 2024, 3 dimensions du","og_url":"https:\/\/en3s.fr\/formation-professionnelle\/formez-vos-equipes\/referentiel-leadders\/","og_site_name":"Formations professionnelles de l&#039;EN3S","article_modified_time":"2025-05-16T11:14:22+00:00","og_image":[{"width":800,"height":435,"url":"https:\/\/en3s.fr\/formation-professionnelle\/wp-content\/uploads\/sites\/3\/2021\/10\/leadders.png","type":"image\/png"}],"twitter_card":"summary_large_image","twitter_misc":{"Dur\u00e9e de lecture estim\u00e9e":"1 minute"},"schema":{"@context":"https:\/\/schema.org","@graph":[{"@type":"WebPage","@id":"https:\/\/en3s.fr\/formation-professionnelle\/formez-vos-equipes\/referentiel-leadders\/","url":"https:\/\/en3s.fr\/formation-professionnelle\/formez-vos-equipes\/referentiel-leadders\/","name":"R\u00e9f\u00e9rentiel Leadders - Formations professionnelles de l&#039;EN3S","isPartOf":{"@id":"https:\/\/en3s.fr\/formation-professionnelle\/#website"},"primaryImageOfPage":{"@id":"https:\/\/en3s.fr\/formation-professionnelle\/formez-vos-equipes\/referentiel-leadders\/#primaryimage"},"image":{"@id":"https:\/\/en3s.fr\/formation-professionnelle\/formez-vos-equipes\/referentiel-leadders\/#primaryimage"},"thumbnailUrl":"https:\/\/en3s.fr\/formation-professionnelle\/wp-content\/uploads\/sites\/3\/2021\/10\/leadders.png","datePublished":"2019-12-02T10:02:41+00:00","dateModified":"2025-05-16T11:14:22+00:00","description":"Toutes nos formations professionnelles sont en ad\u00e9quation avec les comp\u00e9tences attendues dans le nouveau r\u00e9f\u00e9rentiel LeADDers. En 2024, 3 dimensions du","breadcrumb":{"@id":"https:\/\/en3s.fr\/formation-professionnelle\/formez-vos-equipes\/referentiel-leadders\/#breadcrumb"},"inLanguage":"fr-FR","potentialAction":[{"@type":"ReadAction","target":["https:\/\/en3s.fr\/formation-professionnelle\/formez-vos-equipes\/referentiel-leadders\/"]}]},{"@type":"ImageObject","inLanguage":"fr-FR","@id":"https:\/\/en3s.fr\/formation-professionnelle\/formez-vos-equipes\/referentiel-leadders\/#primaryimage","url":"https:\/\/en3s.fr\/formation-professionnelle\/wp-content\/uploads\/sites\/3\/2021\/10\/leadders.png","contentUrl":"https:\/\/en3s.fr\/formation-professionnelle\/wp-content\/uploads\/sites\/3\/2021\/10\/leadders.png","width":800,"height":435},{"@type":"BreadcrumbList","@id":"https:\/\/en3s.fr\/formation-professionnelle\/formez-vos-equipes\/referentiel-leadders\/#breadcrumb","itemListElement":[{"@type":"ListItem","position":1,"name":"Accueil","item":"https:\/\/en3s.fr\/formation-professionnelle\/"},{"@type":"ListItem","position":2,"name":"Formez vos \u00e9quipes","item":"https:\/\/en3s.fr\/formation-professionnelle\/formez-vos-equipes\/"},{"@type":"ListItem","position":3,"name":"R\u00e9f\u00e9rentiel Leadders"}]},{"@type":"WebSite","@id":"https:\/\/en3s.fr\/formation-professionnelle\/#website","url":"https:\/\/en3s.fr\/formation-professionnelle\/","name":"Formations professionnelles de l&#039;EN3S","description":"Site des formations professionnelles de l&#039;EN3S","potentialAction":[{"@type":"SearchAction","target":{"@type":"EntryPoint","urlTemplate":"https:\/\/en3s.fr\/formation-professionnelle\/?s={search_term_string}"},"query-input":{"@type":"PropertyValueSpecification","valueRequired":true,"valueName":"search_term_string"}}],"inLanguage":"fr-FR"}]}},"_links":{"self":[{"href":"https:\/\/en3s.fr\/formation-professionnelle\/wp-json\/wp\/v2\/pages\/5358","targetHints":{"allow":["GET"]}}],"collection":[{"href":"https:\/\/en3s.fr\/formation-professionnelle\/wp-json\/wp\/v2\/pages"}],"about":[{"href":"https:\/\/en3s.fr\/formation-professionnelle\/wp-json\/wp\/v2\/types\/page"}],"author":[{"embeddable":true,"href":"https:\/\/en3s.fr\/formation-professionnelle\/wp-json\/wp\/v2\/users\/4"}],"replies":[{"embeddable":true,"href":"https:\/\/en3s.fr\/formation-professionnelle\/wp-json\/wp\/v2\/comments?post=5358"}],"version-history":[{"count":0,"href":"https:\/\/en3s.fr\/formation-professionnelle\/wp-json\/wp\/v2\/pages\/5358\/revisions"}],"up":[{"embeddable":true,"href":"https:\/\/en3s.fr\/formation-professionnelle\/wp-json\/wp\/v2\/pages\/408"}],"wp:attachment":[{"href":"https:\/\/en3s.fr\/formation-professionnelle\/wp-json\/wp\/v2\/media?parent=5358"}],"curies":[{"name":"wp","href":"https:\/\/api.w.org\/{rel}","templated":true}]}}