{"id":5605,"date":"2020-01-15T16:31:30","date_gmt":"2020-01-15T15:31:30","guid":{"rendered":"https:\/\/en3s.fr\/formation-professionnelle\/?page_id=5605"},"modified":"2023-03-15T15:02:59","modified_gmt":"2023-03-15T14:02:59","slug":"comment-venir","status":"publish","type":"page","link":"https:\/\/en3s.fr\/formation-professionnelle\/infos-pratiques\/comment-venir\/","title":{"rendered":"Comment venir ?"},"content":{"rendered":"<h2>L\u2019EN3S, deux sites pour vous accueillir<\/h2>\n<h3>Si\u00e8ge<\/h3>\n<p>\u00c9cole nationale sup\u00e9rieure de S\u00e9curit\u00e9 sociale<br \/>\n27 rue des Docteurs Charcot &#8211; CS 13132<br \/>\n42031 Saint-Etienne Cedex 2<\/p>\n<p>T\u00e9l : +33 (0)4-77-81-15-15<\/p>\n<p>Accueil du lundi au vendredi de 8h15 \u00e0 12h et de 13h15 \u00e0 16h30.<\/p>\n<h5><strong>Transports en commun<\/strong>&nbsp;:<\/h5>\n<p>Gares SNCF&nbsp;:<\/p>\n<ul>\n<li>Ch\u00e2teaucreux et Carnot (25 min en transports en commun)<\/li>\n<li>Bellevue (5 min \u00e0 pieds de l\u2019Ecole)<\/li>\n<\/ul>\n<p>Transports en commun&nbsp;:<\/p>\n<ul>\n<li>Ligne T1 (direction Solaure)&nbsp;: arr\u00eat place du Bicentenaire<\/li>\n<li>Ligne T3 (direction Bellevue)&nbsp;: arr\u00eat place du Bicentenaire<\/li>\n<\/ul>\n<h3>&nbsp;<\/h3>\n<h3>Site parisien<\/h3>\n<p>\u00c9cole nationale sup\u00e9rieure de S\u00e9curit\u00e9 sociale (site Boussingault)<br \/>\n53 bis, rue de Boussingault<br \/>\n75013 Paris<br \/>\nT\u00e9l : +33 (0)1 89 20 27 70 \/ +33 (0)6.85.83.91.68<\/p>\n<p><strong>Transports en commun<\/strong> : Cit\u00e9 Universitaire (RER B), Glaci\u00e8re (Ligne 6)<\/p>\n<p><img loading=\"lazy\" decoding=\"async\" width=\"2048\" height=\"1633\" class=\"size-full wp-image-310824 alignleft\" src=\"https:\/\/en3s.fr\/formation-professionnelle\/wp-content\/uploads\/sites\/3\/2021\/09\/plan-acces.jpg\" alt=\"\" srcset=\"https:\/\/en3s.fr\/formation-professionnelle\/wp-content\/uploads\/sites\/3\/2021\/09\/plan-acces.jpg 2048w, https:\/\/en3s.fr\/formation-professionnelle\/wp-content\/uploads\/sites\/3\/2021\/09\/plan-acces-768x612.jpg 768w, https:\/\/en3s.fr\/formation-professionnelle\/wp-content\/uploads\/sites\/3\/2021\/09\/plan-acces-275x219.jpg 275w, https:\/\/en3s.fr\/formation-professionnelle\/wp-content\/uploads\/sites\/3\/2021\/09\/plan-acces-489x390.jpg 489w, https:\/\/en3s.fr\/formation-professionnelle\/wp-content\/uploads\/sites\/3\/2021\/09\/plan-acces-230x183.jpg 230w\" sizes=\"auto, (max-width: 2048px) 100vw, 2048px\" \/><\/p>\n<p>&nbsp;<\/p>\n<p>&nbsp;<\/p>\n<p>Afin de pr\u00e9parer votre venue dans les meilleures conditions, <a href=\"https:\/\/en3s.fr\/restauration-et-hebergement\/\">retrouvez \u00e0 ce lien les informations pratique<\/a>s (h\u00f4tels, restaurants,&#8230;) \u00e0 proximit\u00e9 de nos deux sites.<\/p>\n<p>&nbsp;<\/p>\n<p><a class=\"button\" href=\"https:\/\/en3s.fr\/accessibilite-en-cas-de-handicap\/\" target=\"_blank\" rel=\"noopener noreferrer\">ACCESSIBILIT\u00c9 EN CAS DE HANDICAP<\/a><\/p>\n<p>&nbsp;<\/p>\n","protected":false},"excerpt":{"rendered":"<p>L\u2019EN3S, deux sites pour vous accueillir Si\u00e8ge \u00c9cole nationale sup\u00e9rieure de S\u00e9curit\u00e9 sociale 27 rue des Docteurs Charcot &#8211; CS 13132 42031 Saint-Etienne Cedex 2 T\u00e9l : +33 (0)4-77-81-15-15 Accueil du lundi au vendredi de 8h15 \u00e0 12h et de 13h15 \u00e0 16h30. Transports en commun&nbsp;: Gares SNCF&nbsp;: Ch\u00e2teaucreux et Carnot (25 min en transports [&hellip;]<\/p>\n","protected":false},"author":5,"featured_media":0,"parent":5598,"menu_order":0,"comment_status":"closed","ping_status":"closed","template":"","meta":{"ngg_post_thumbnail":0,"footnotes":""},"class_list":["post-5605","page","type-page","status-publish","hentry"],"yoast_head":"<!-- This site is optimized with the Yoast SEO plugin v24.9 - https:\/\/yoast.com\/wordpress\/plugins\/seo\/ -->\n<title>Comment venir ? - Formations professionnelles de l&#039;EN3S<\/title>\n<meta name=\"description\" content=\"L\u2019EN3S, deux sites pour vous accueillir Si\u00e8ge \u00c9cole nationale sup\u00e9rieure de S\u00e9curit\u00e9 sociale 27 rue des Docteurs Charcot - CS 13132 42031 Saint-Etienne\" \/>\n<meta name=\"robots\" content=\"index, follow, max-snippet:-1, max-image-preview:large, max-video-preview:-1\" \/>\n<link rel=\"canonical\" href=\"https:\/\/en3s.fr\/formation-professionnelle\/infos-pratiques\/comment-venir\/\" \/>\n<meta property=\"og:locale\" content=\"fr_FR\" \/>\n<meta property=\"og:type\" content=\"article\" \/>\n<meta property=\"og:title\" content=\"Comment venir ? - Formations professionnelles de l&#039;EN3S\" \/>\n<meta property=\"og:description\" content=\"L\u2019EN3S, deux sites pour vous accueillir Si\u00e8ge \u00c9cole nationale sup\u00e9rieure de S\u00e9curit\u00e9 sociale 27 rue des Docteurs Charcot - CS 13132 42031 Saint-Etienne\" \/>\n<meta property=\"og:url\" content=\"https:\/\/en3s.fr\/formation-professionnelle\/infos-pratiques\/comment-venir\/\" \/>\n<meta property=\"og:site_name\" content=\"Formations professionnelles de l&#039;EN3S\" \/>\n<meta property=\"article:modified_time\" content=\"2023-03-15T14:02:59+00:00\" \/>\n<meta property=\"og:image\" content=\"https:\/\/en3s.fr\/formation-professionnelle\/wp-content\/uploads\/sites\/3\/2021\/09\/plan-acces.jpg\" \/>\n<meta name=\"twitter:card\" content=\"summary_large_image\" \/>\n<meta name=\"twitter:label1\" content=\"Dur\u00e9e de lecture estim\u00e9e\" \/>\n\t<meta name=\"twitter:data1\" content=\"1 minute\" \/>\n<script type=\"application\/ld+json\" class=\"yoast-schema-graph\">{\"@context\":\"https:\/\/schema.org\",\"@graph\":[{\"@type\":\"WebPage\",\"@id\":\"https:\/\/en3s.fr\/formation-professionnelle\/infos-pratiques\/comment-venir\/\",\"url\":\"https:\/\/en3s.fr\/formation-professionnelle\/infos-pratiques\/comment-venir\/\",\"name\":\"Comment venir ? - Formations professionnelles de l&#039;EN3S\",\"isPartOf\":{\"@id\":\"https:\/\/en3s.fr\/formation-professionnelle\/#website\"},\"primaryImageOfPage\":{\"@id\":\"https:\/\/en3s.fr\/formation-professionnelle\/infos-pratiques\/comment-venir\/#primaryimage\"},\"image\":{\"@id\":\"https:\/\/en3s.fr\/formation-professionnelle\/infos-pratiques\/comment-venir\/#primaryimage\"},\"thumbnailUrl\":\"https:\/\/en3s.fr\/formation-professionnelle\/wp-content\/uploads\/sites\/3\/2021\/09\/plan-acces.jpg\",\"datePublished\":\"2020-01-15T15:31:30+00:00\",\"dateModified\":\"2023-03-15T14:02:59+00:00\",\"description\":\"L\u2019EN3S, deux sites pour vous accueillir Si\u00e8ge \u00c9cole nationale sup\u00e9rieure de S\u00e9curit\u00e9 sociale 27 rue des Docteurs Charcot - CS 13132 42031 Saint-Etienne\",\"breadcrumb\":{\"@id\":\"https:\/\/en3s.fr\/formation-professionnelle\/infos-pratiques\/comment-venir\/#breadcrumb\"},\"inLanguage\":\"fr-FR\",\"potentialAction\":[{\"@type\":\"ReadAction\",\"target\":[\"https:\/\/en3s.fr\/formation-professionnelle\/infos-pratiques\/comment-venir\/\"]}]},{\"@type\":\"ImageObject\",\"inLanguage\":\"fr-FR\",\"@id\":\"https:\/\/en3s.fr\/formation-professionnelle\/infos-pratiques\/comment-venir\/#primaryimage\",\"url\":\"https:\/\/en3s.fr\/formation-professionnelle\/wp-content\/uploads\/sites\/3\/2021\/09\/plan-acces.jpg\",\"contentUrl\":\"https:\/\/en3s.fr\/formation-professionnelle\/wp-content\/uploads\/sites\/3\/2021\/09\/plan-acces.jpg\",\"width\":2048,\"height\":1633},{\"@type\":\"BreadcrumbList\",\"@id\":\"https:\/\/en3s.fr\/formation-professionnelle\/infos-pratiques\/comment-venir\/#breadcrumb\",\"itemListElement\":[{\"@type\":\"ListItem\",\"position\":1,\"name\":\"Accueil\",\"item\":\"https:\/\/en3s.fr\/formation-professionnelle\/\"},{\"@type\":\"ListItem\",\"position\":2,\"name\":\"Infos pratiques\",\"item\":\"https:\/\/en3s.fr\/formation-professionnelle\/infos-pratiques\/\"},{\"@type\":\"ListItem\",\"position\":3,\"name\":\"Comment venir ?\"}]},{\"@type\":\"WebSite\",\"@id\":\"https:\/\/en3s.fr\/formation-professionnelle\/#website\",\"url\":\"https:\/\/en3s.fr\/formation-professionnelle\/\",\"name\":\"Formations professionnelles de l&#039;EN3S\",\"description\":\"Site des formations professionnelles de l&#039;EN3S\",\"potentialAction\":[{\"@type\":\"SearchAction\",\"target\":{\"@type\":\"EntryPoint\",\"urlTemplate\":\"https:\/\/en3s.fr\/formation-professionnelle\/?s={search_term_string}\"},\"query-input\":{\"@type\":\"PropertyValueSpecification\",\"valueRequired\":true,\"valueName\":\"search_term_string\"}}],\"inLanguage\":\"fr-FR\"}]}<\/script>\n<!-- \/ Yoast SEO plugin. -->","yoast_head_json":{"title":"Comment venir ? - Formations professionnelles de l&#039;EN3S","description":"L\u2019EN3S, deux sites pour vous accueillir Si\u00e8ge \u00c9cole nationale sup\u00e9rieure de S\u00e9curit\u00e9 sociale 27 rue des Docteurs Charcot - CS 13132 42031 Saint-Etienne","robots":{"index":"index","follow":"follow","max-snippet":"max-snippet:-1","max-image-preview":"max-image-preview:large","max-video-preview":"max-video-preview:-1"},"canonical":"https:\/\/en3s.fr\/formation-professionnelle\/infos-pratiques\/comment-venir\/","og_locale":"fr_FR","og_type":"article","og_title":"Comment venir ? - Formations professionnelles de l&#039;EN3S","og_description":"L\u2019EN3S, deux sites pour vous accueillir Si\u00e8ge \u00c9cole nationale sup\u00e9rieure de S\u00e9curit\u00e9 sociale 27 rue des Docteurs Charcot - CS 13132 42031 Saint-Etienne","og_url":"https:\/\/en3s.fr\/formation-professionnelle\/infos-pratiques\/comment-venir\/","og_site_name":"Formations professionnelles de l&#039;EN3S","article_modified_time":"2023-03-15T14:02:59+00:00","og_image":[{"url":"https:\/\/en3s.fr\/formation-professionnelle\/wp-content\/uploads\/sites\/3\/2021\/09\/plan-acces.jpg","type":"","width":"","height":""}],"twitter_card":"summary_large_image","twitter_misc":{"Dur\u00e9e de lecture estim\u00e9e":"1 minute"},"schema":{"@context":"https:\/\/schema.org","@graph":[{"@type":"WebPage","@id":"https:\/\/en3s.fr\/formation-professionnelle\/infos-pratiques\/comment-venir\/","url":"https:\/\/en3s.fr\/formation-professionnelle\/infos-pratiques\/comment-venir\/","name":"Comment venir ? - Formations professionnelles de l&#039;EN3S","isPartOf":{"@id":"https:\/\/en3s.fr\/formation-professionnelle\/#website"},"primaryImageOfPage":{"@id":"https:\/\/en3s.fr\/formation-professionnelle\/infos-pratiques\/comment-venir\/#primaryimage"},"image":{"@id":"https:\/\/en3s.fr\/formation-professionnelle\/infos-pratiques\/comment-venir\/#primaryimage"},"thumbnailUrl":"https:\/\/en3s.fr\/formation-professionnelle\/wp-content\/uploads\/sites\/3\/2021\/09\/plan-acces.jpg","datePublished":"2020-01-15T15:31:30+00:00","dateModified":"2023-03-15T14:02:59+00:00","description":"L\u2019EN3S, deux sites pour vous accueillir Si\u00e8ge \u00c9cole nationale sup\u00e9rieure de S\u00e9curit\u00e9 sociale 27 rue des Docteurs Charcot - CS 13132 42031 Saint-Etienne","breadcrumb":{"@id":"https:\/\/en3s.fr\/formation-professionnelle\/infos-pratiques\/comment-venir\/#breadcrumb"},"inLanguage":"fr-FR","potentialAction":[{"@type":"ReadAction","target":["https:\/\/en3s.fr\/formation-professionnelle\/infos-pratiques\/comment-venir\/"]}]},{"@type":"ImageObject","inLanguage":"fr-FR","@id":"https:\/\/en3s.fr\/formation-professionnelle\/infos-pratiques\/comment-venir\/#primaryimage","url":"https:\/\/en3s.fr\/formation-professionnelle\/wp-content\/uploads\/sites\/3\/2021\/09\/plan-acces.jpg","contentUrl":"https:\/\/en3s.fr\/formation-professionnelle\/wp-content\/uploads\/sites\/3\/2021\/09\/plan-acces.jpg","width":2048,"height":1633},{"@type":"BreadcrumbList","@id":"https:\/\/en3s.fr\/formation-professionnelle\/infos-pratiques\/comment-venir\/#breadcrumb","itemListElement":[{"@type":"ListItem","position":1,"name":"Accueil","item":"https:\/\/en3s.fr\/formation-professionnelle\/"},{"@type":"ListItem","position":2,"name":"Infos pratiques","item":"https:\/\/en3s.fr\/formation-professionnelle\/infos-pratiques\/"},{"@type":"ListItem","position":3,"name":"Comment venir ?"}]},{"@type":"WebSite","@id":"https:\/\/en3s.fr\/formation-professionnelle\/#website","url":"https:\/\/en3s.fr\/formation-professionnelle\/","name":"Formations professionnelles de l&#039;EN3S","description":"Site des formations professionnelles de l&#039;EN3S","potentialAction":[{"@type":"SearchAction","target":{"@type":"EntryPoint","urlTemplate":"https:\/\/en3s.fr\/formation-professionnelle\/?s={search_term_string}"},"query-input":{"@type":"PropertyValueSpecification","valueRequired":true,"valueName":"search_term_string"}}],"inLanguage":"fr-FR"}]}},"_links":{"self":[{"href":"https:\/\/en3s.fr\/formation-professionnelle\/wp-json\/wp\/v2\/pages\/5605","targetHints":{"allow":["GET"]}}],"collection":[{"href":"https:\/\/en3s.fr\/formation-professionnelle\/wp-json\/wp\/v2\/pages"}],"about":[{"href":"https:\/\/en3s.fr\/formation-professionnelle\/wp-json\/wp\/v2\/types\/page"}],"author":[{"embeddable":true,"href":"https:\/\/en3s.fr\/formation-professionnelle\/wp-json\/wp\/v2\/users\/5"}],"replies":[{"embeddable":true,"href":"https:\/\/en3s.fr\/formation-professionnelle\/wp-json\/wp\/v2\/comments?post=5605"}],"version-history":[{"count":0,"href":"https:\/\/en3s.fr\/formation-professionnelle\/wp-json\/wp\/v2\/pages\/5605\/revisions"}],"up":[{"embeddable":true,"href":"https:\/\/en3s.fr\/formation-professionnelle\/wp-json\/wp\/v2\/pages\/5598"}],"wp:attachment":[{"href":"https:\/\/en3s.fr\/formation-professionnelle\/wp-json\/wp\/v2\/media?parent=5605"}],"curies":[{"name":"wp","href":"https:\/\/api.w.org\/{rel}","templated":true}]}}