{"id":5836,"date":"2020-02-13T16:37:46","date_gmt":"2020-02-13T15:37:46","guid":{"rendered":"https:\/\/en3s.fr\/formation-professionnelle\/?page_id=5836"},"modified":"2025-11-27T13:28:45","modified_gmt":"2025-11-27T12:28:45","slug":"module-2-fondamentaux-des-etablissements-sanitaires-mecanismes-de-financement-et-allocation-des-ressources","status":"publish","type":"page","link":"https:\/\/en3s.fr\/formation-professionnelle\/formations-professionnelles\/formations-courtes\/module-2-fondamentaux-des-etablissements-sanitaires-mecanismes-de-financement-et-allocation-des-ressources\/","title":{"rendered":"Module 2 &#8211; Fondamentaux des \u00e9tablissements sanitaires : m\u00e9canismes de financement et allocation des ressources"},"content":{"rendered":"<p><img loading=\"lazy\" decoding=\"async\" class=\"wp-image-1179 alignright\" src=\"https:\/\/en3s.fr\/formation-professionnelle\/wp-content\/uploads\/sites\/3\/2018\/09\/logo_ehesp.jpg\" alt=\"\" width=\"66\" height=\"66\">Comprendre et accompagner les \u00e9tablissements de sant\u00e9 et m\u00e9dico-sociaux dans leur environnement<\/p>\n","protected":false},"excerpt":{"rendered":"<p>Appr\u00e9hender les diff\u00e9rentes modalit\u00e9s de financement sp\u00e9cifiques au secteur<\/p>\n","protected":false},"author":4,"featured_media":0,"parent":425,"menu_order":2,"comment_status":"closed","ping_status":"closed","template":"partials\/template-formation.php","meta":{"ngg_post_thumbnail":0,"footnotes":""},"class_list":["post-5836","page","type-page","status-publish","hentry","cycle_formation-comprendre-et-accompagner-les-etablissements-de-sante-et-medico-sociaux-dans-leur-environnement"],"yoast_head":"<!-- This site is optimized with the Yoast SEO plugin v24.9 - https:\/\/yoast.com\/wordpress\/plugins\/seo\/ -->\n<title>Module 2 - Fondamentaux des \u00e9tablissements sanitaires : m\u00e9canismes de financement et allocation des ressources - Formations professionnelles de l&#039;EN3S<\/title>\n<meta name=\"description\" content=\"Appr\u00e9hender les diff\u00e9rentes modalit\u00e9s de financement sp\u00e9cifiques au secteur\" \/>\n<meta name=\"robots\" content=\"index, follow, max-snippet:-1, max-image-preview:large, max-video-preview:-1\" \/>\n<link rel=\"canonical\" href=\"https:\/\/en3s.fr\/formation-professionnelle\/formations-professionnelles\/formations-courtes\/module-2-fondamentaux-des-etablissements-sanitaires-mecanismes-de-financement-et-allocation-des-ressources\/\" \/>\n<meta property=\"og:locale\" content=\"fr_FR\" \/>\n<meta property=\"og:type\" content=\"article\" \/>\n<meta property=\"og:title\" content=\"Module 2 - Fondamentaux des \u00e9tablissements sanitaires : m\u00e9canismes de financement et allocation des ressources - Formations professionnelles de l&#039;EN3S\" \/>\n<meta property=\"og:description\" content=\"Appr\u00e9hender les diff\u00e9rentes modalit\u00e9s de financement sp\u00e9cifiques au secteur\" \/>\n<meta property=\"og:url\" content=\"https:\/\/en3s.fr\/formation-professionnelle\/formations-professionnelles\/formations-courtes\/module-2-fondamentaux-des-etablissements-sanitaires-mecanismes-de-financement-et-allocation-des-ressources\/\" \/>\n<meta property=\"og:site_name\" content=\"Formations professionnelles de l&#039;EN3S\" \/>\n<meta property=\"article:modified_time\" content=\"2025-11-27T12:28:45+00:00\" \/>\n<meta property=\"og:image\" content=\"https:\/\/en3s.fr\/formation-professionnelle\/wp-content\/uploads\/sites\/3\/2018\/09\/logo_ehesp.jpg\" \/>\n\t<meta property=\"og:image:width\" content=\"203\" \/>\n\t<meta property=\"og:image:height\" content=\"203\" \/>\n\t<meta property=\"og:image:type\" content=\"image\/jpeg\" \/>\n<meta name=\"twitter:card\" content=\"summary_large_image\" \/>\n<meta name=\"twitter:label1\" content=\"Dur\u00e9e de lecture estim\u00e9e\" \/>\n\t<meta name=\"twitter:data1\" content=\"1 minute\" \/>\n<script type=\"application\/ld+json\" class=\"yoast-schema-graph\">{\"@context\":\"https:\/\/schema.org\",\"@graph\":[{\"@type\":\"WebPage\",\"@id\":\"https:\/\/en3s.fr\/formation-professionnelle\/formations-professionnelles\/formations-courtes\/module-2-fondamentaux-des-etablissements-sanitaires-mecanismes-de-financement-et-allocation-des-ressources\/\",\"url\":\"https:\/\/en3s.fr\/formation-professionnelle\/formations-professionnelles\/formations-courtes\/module-2-fondamentaux-des-etablissements-sanitaires-mecanismes-de-financement-et-allocation-des-ressources\/\",\"name\":\"Module 2 - Fondamentaux des \u00e9tablissements sanitaires : m\u00e9canismes de financement et allocation des ressources - Formations professionnelles de l&#039;EN3S\",\"isPartOf\":{\"@id\":\"https:\/\/en3s.fr\/formation-professionnelle\/#website\"},\"primaryImageOfPage\":{\"@id\":\"https:\/\/en3s.fr\/formation-professionnelle\/formations-professionnelles\/formations-courtes\/module-2-fondamentaux-des-etablissements-sanitaires-mecanismes-de-financement-et-allocation-des-ressources\/#primaryimage\"},\"image\":{\"@id\":\"https:\/\/en3s.fr\/formation-professionnelle\/formations-professionnelles\/formations-courtes\/module-2-fondamentaux-des-etablissements-sanitaires-mecanismes-de-financement-et-allocation-des-ressources\/#primaryimage\"},\"thumbnailUrl\":\"https:\/\/en3s.fr\/formation-professionnelle\/wp-content\/uploads\/sites\/3\/2018\/09\/logo_ehesp.jpg\",\"datePublished\":\"2020-02-13T15:37:46+00:00\",\"dateModified\":\"2025-11-27T12:28:45+00:00\",\"description\":\"Appr\u00e9hender les diff\u00e9rentes modalit\u00e9s de financement sp\u00e9cifiques au secteur\",\"breadcrumb\":{\"@id\":\"https:\/\/en3s.fr\/formation-professionnelle\/formations-professionnelles\/formations-courtes\/module-2-fondamentaux-des-etablissements-sanitaires-mecanismes-de-financement-et-allocation-des-ressources\/#breadcrumb\"},\"inLanguage\":\"fr-FR\",\"potentialAction\":[{\"@type\":\"ReadAction\",\"target\":[\"https:\/\/en3s.fr\/formation-professionnelle\/formations-professionnelles\/formations-courtes\/module-2-fondamentaux-des-etablissements-sanitaires-mecanismes-de-financement-et-allocation-des-ressources\/\"]}]},{\"@type\":\"ImageObject\",\"inLanguage\":\"fr-FR\",\"@id\":\"https:\/\/en3s.fr\/formation-professionnelle\/formations-professionnelles\/formations-courtes\/module-2-fondamentaux-des-etablissements-sanitaires-mecanismes-de-financement-et-allocation-des-ressources\/#primaryimage\",\"url\":\"https:\/\/en3s.fr\/formation-professionnelle\/wp-content\/uploads\/sites\/3\/2018\/09\/logo_ehesp.jpg\",\"contentUrl\":\"https:\/\/en3s.fr\/formation-professionnelle\/wp-content\/uploads\/sites\/3\/2018\/09\/logo_ehesp.jpg\",\"width\":203,\"height\":203},{\"@type\":\"BreadcrumbList\",\"@id\":\"https:\/\/en3s.fr\/formation-professionnelle\/formations-professionnelles\/formations-courtes\/module-2-fondamentaux-des-etablissements-sanitaires-mecanismes-de-financement-et-allocation-des-ressources\/#breadcrumb\",\"itemListElement\":[{\"@type\":\"ListItem\",\"position\":1,\"name\":\"Accueil\",\"item\":\"https:\/\/en3s.fr\/formation-professionnelle\/\"},{\"@type\":\"ListItem\",\"position\":2,\"name\":\"Formations professionnelles\",\"item\":\"https:\/\/en3s.fr\/formation-professionnelle\/formations-professionnelles\/\"},{\"@type\":\"ListItem\",\"position\":3,\"name\":\"Formations courtes\",\"item\":\"https:\/\/en3s.fr\/formation-professionnelle\/formations-professionnelles\/formations-courtes\/\"},{\"@type\":\"ListItem\",\"position\":4,\"name\":\"Module 2 &#8211; Fondamentaux des \u00e9tablissements sanitaires : m\u00e9canismes de financement et allocation des ressources\"}]},{\"@type\":\"WebSite\",\"@id\":\"https:\/\/en3s.fr\/formation-professionnelle\/#website\",\"url\":\"https:\/\/en3s.fr\/formation-professionnelle\/\",\"name\":\"Formations professionnelles de l&#039;EN3S\",\"description\":\"Site des formations professionnelles de l&#039;EN3S\",\"potentialAction\":[{\"@type\":\"SearchAction\",\"target\":{\"@type\":\"EntryPoint\",\"urlTemplate\":\"https:\/\/en3s.fr\/formation-professionnelle\/?s={search_term_string}\"},\"query-input\":{\"@type\":\"PropertyValueSpecification\",\"valueRequired\":true,\"valueName\":\"search_term_string\"}}],\"inLanguage\":\"fr-FR\"}]}<\/script>\n<!-- \/ Yoast SEO plugin. -->","yoast_head_json":{"title":"Module 2 - Fondamentaux des \u00e9tablissements sanitaires : m\u00e9canismes de financement et allocation des ressources - Formations professionnelles de l&#039;EN3S","description":"Appr\u00e9hender les diff\u00e9rentes modalit\u00e9s de financement sp\u00e9cifiques au secteur","robots":{"index":"index","follow":"follow","max-snippet":"max-snippet:-1","max-image-preview":"max-image-preview:large","max-video-preview":"max-video-preview:-1"},"canonical":"https:\/\/en3s.fr\/formation-professionnelle\/formations-professionnelles\/formations-courtes\/module-2-fondamentaux-des-etablissements-sanitaires-mecanismes-de-financement-et-allocation-des-ressources\/","og_locale":"fr_FR","og_type":"article","og_title":"Module 2 - Fondamentaux des \u00e9tablissements sanitaires : m\u00e9canismes de financement et allocation des ressources - Formations professionnelles de l&#039;EN3S","og_description":"Appr\u00e9hender les diff\u00e9rentes modalit\u00e9s de financement sp\u00e9cifiques au secteur","og_url":"https:\/\/en3s.fr\/formation-professionnelle\/formations-professionnelles\/formations-courtes\/module-2-fondamentaux-des-etablissements-sanitaires-mecanismes-de-financement-et-allocation-des-ressources\/","og_site_name":"Formations professionnelles de l&#039;EN3S","article_modified_time":"2025-11-27T12:28:45+00:00","og_image":[{"width":203,"height":203,"url":"https:\/\/en3s.fr\/formation-professionnelle\/wp-content\/uploads\/sites\/3\/2018\/09\/logo_ehesp.jpg","type":"image\/jpeg"}],"twitter_card":"summary_large_image","twitter_misc":{"Dur\u00e9e de lecture estim\u00e9e":"1 minute"},"schema":{"@context":"https:\/\/schema.org","@graph":[{"@type":"WebPage","@id":"https:\/\/en3s.fr\/formation-professionnelle\/formations-professionnelles\/formations-courtes\/module-2-fondamentaux-des-etablissements-sanitaires-mecanismes-de-financement-et-allocation-des-ressources\/","url":"https:\/\/en3s.fr\/formation-professionnelle\/formations-professionnelles\/formations-courtes\/module-2-fondamentaux-des-etablissements-sanitaires-mecanismes-de-financement-et-allocation-des-ressources\/","name":"Module 2 - Fondamentaux des \u00e9tablissements sanitaires : m\u00e9canismes de financement et allocation des ressources - Formations professionnelles de l&#039;EN3S","isPartOf":{"@id":"https:\/\/en3s.fr\/formation-professionnelle\/#website"},"primaryImageOfPage":{"@id":"https:\/\/en3s.fr\/formation-professionnelle\/formations-professionnelles\/formations-courtes\/module-2-fondamentaux-des-etablissements-sanitaires-mecanismes-de-financement-et-allocation-des-ressources\/#primaryimage"},"image":{"@id":"https:\/\/en3s.fr\/formation-professionnelle\/formations-professionnelles\/formations-courtes\/module-2-fondamentaux-des-etablissements-sanitaires-mecanismes-de-financement-et-allocation-des-ressources\/#primaryimage"},"thumbnailUrl":"https:\/\/en3s.fr\/formation-professionnelle\/wp-content\/uploads\/sites\/3\/2018\/09\/logo_ehesp.jpg","datePublished":"2020-02-13T15:37:46+00:00","dateModified":"2025-11-27T12:28:45+00:00","description":"Appr\u00e9hender les diff\u00e9rentes modalit\u00e9s de financement sp\u00e9cifiques au secteur","breadcrumb":{"@id":"https:\/\/en3s.fr\/formation-professionnelle\/formations-professionnelles\/formations-courtes\/module-2-fondamentaux-des-etablissements-sanitaires-mecanismes-de-financement-et-allocation-des-ressources\/#breadcrumb"},"inLanguage":"fr-FR","potentialAction":[{"@type":"ReadAction","target":["https:\/\/en3s.fr\/formation-professionnelle\/formations-professionnelles\/formations-courtes\/module-2-fondamentaux-des-etablissements-sanitaires-mecanismes-de-financement-et-allocation-des-ressources\/"]}]},{"@type":"ImageObject","inLanguage":"fr-FR","@id":"https:\/\/en3s.fr\/formation-professionnelle\/formations-professionnelles\/formations-courtes\/module-2-fondamentaux-des-etablissements-sanitaires-mecanismes-de-financement-et-allocation-des-ressources\/#primaryimage","url":"https:\/\/en3s.fr\/formation-professionnelle\/wp-content\/uploads\/sites\/3\/2018\/09\/logo_ehesp.jpg","contentUrl":"https:\/\/en3s.fr\/formation-professionnelle\/wp-content\/uploads\/sites\/3\/2018\/09\/logo_ehesp.jpg","width":203,"height":203},{"@type":"BreadcrumbList","@id":"https:\/\/en3s.fr\/formation-professionnelle\/formations-professionnelles\/formations-courtes\/module-2-fondamentaux-des-etablissements-sanitaires-mecanismes-de-financement-et-allocation-des-ressources\/#breadcrumb","itemListElement":[{"@type":"ListItem","position":1,"name":"Accueil","item":"https:\/\/en3s.fr\/formation-professionnelle\/"},{"@type":"ListItem","position":2,"name":"Formations professionnelles","item":"https:\/\/en3s.fr\/formation-professionnelle\/formations-professionnelles\/"},{"@type":"ListItem","position":3,"name":"Formations courtes","item":"https:\/\/en3s.fr\/formation-professionnelle\/formations-professionnelles\/formations-courtes\/"},{"@type":"ListItem","position":4,"name":"Module 2 &#8211; Fondamentaux des \u00e9tablissements sanitaires : m\u00e9canismes de financement et allocation des ressources"}]},{"@type":"WebSite","@id":"https:\/\/en3s.fr\/formation-professionnelle\/#website","url":"https:\/\/en3s.fr\/formation-professionnelle\/","name":"Formations professionnelles de l&#039;EN3S","description":"Site des formations professionnelles de l&#039;EN3S","potentialAction":[{"@type":"SearchAction","target":{"@type":"EntryPoint","urlTemplate":"https:\/\/en3s.fr\/formation-professionnelle\/?s={search_term_string}"},"query-input":{"@type":"PropertyValueSpecification","valueRequired":true,"valueName":"search_term_string"}}],"inLanguage":"fr-FR"}]}},"_links":{"self":[{"href":"https:\/\/en3s.fr\/formation-professionnelle\/wp-json\/wp\/v2\/pages\/5836","targetHints":{"allow":["GET"]}}],"collection":[{"href":"https:\/\/en3s.fr\/formation-professionnelle\/wp-json\/wp\/v2\/pages"}],"about":[{"href":"https:\/\/en3s.fr\/formation-professionnelle\/wp-json\/wp\/v2\/types\/page"}],"author":[{"embeddable":true,"href":"https:\/\/en3s.fr\/formation-professionnelle\/wp-json\/wp\/v2\/users\/4"}],"replies":[{"embeddable":true,"href":"https:\/\/en3s.fr\/formation-professionnelle\/wp-json\/wp\/v2\/comments?post=5836"}],"version-history":[{"count":2,"href":"https:\/\/en3s.fr\/formation-professionnelle\/wp-json\/wp\/v2\/pages\/5836\/revisions"}],"predecessor-version":[{"id":316643,"href":"https:\/\/en3s.fr\/formation-professionnelle\/wp-json\/wp\/v2\/pages\/5836\/revisions\/316643"}],"up":[{"embeddable":true,"href":"https:\/\/en3s.fr\/formation-professionnelle\/wp-json\/wp\/v2\/pages\/425"}],"wp:attachment":[{"href":"https:\/\/en3s.fr\/formation-professionnelle\/wp-json\/wp\/v2\/media?parent=5836"}],"curies":[{"name":"wp","href":"https:\/\/api.w.org\/{rel}","templated":true}]}}