{"id":5841,"date":"2020-02-13T16:38:06","date_gmt":"2020-02-13T15:38:06","guid":{"rendered":"https:\/\/en3s.fr\/formation-professionnelle\/?page_id=5841"},"modified":"2025-11-27T13:29:49","modified_gmt":"2025-11-27T12:29:49","slug":"module-3-perfectionnement-et-maitrise-des-outils-visuchir","status":"publish","type":"page","link":"https:\/\/en3s.fr\/formation-professionnelle\/formations-professionnelles\/formations-courtes\/module-3-perfectionnement-et-maitrise-des-outils-visuchir\/","title":{"rendered":"Module 3 &#8211; Perfectionnement et ma\u00eetrise des outils VISUCHIR"},"content":{"rendered":"<p>Comprendre et accompagner les \u00e9tablissements de sant\u00e9 et m\u00e9dico-sociaux dans leur environnement<\/p>\n","protected":false},"excerpt":{"rendered":"<p>Renforcer le dialogue de gestion entre l\u2019Assurance Maladie, les ARS et les \u00e9tablissements de sant\u00e9, en s\u2019appropriant la ma\u00eetrise de l\u2019outil Hospi-Diag et en b\u00e9n\u00e9ficiant d\u2019un accompagnement personnalis\u00e9 r\u00e9gional.<\/p>\n","protected":false},"author":4,"featured_media":0,"parent":425,"menu_order":3,"comment_status":"closed","ping_status":"closed","template":"partials\/template-formation.php","meta":{"ngg_post_thumbnail":0,"footnotes":""},"class_list":["post-5841","page","type-page","status-publish","hentry","cycle_formation-comprendre-et-accompagner-les-etablissements-de-sante-et-medico-sociaux-dans-leur-environnement"],"yoast_head":"<!-- This site is optimized with the Yoast SEO plugin v24.9 - https:\/\/yoast.com\/wordpress\/plugins\/seo\/ -->\n<title>Module 3 - Perfectionnement et ma\u00eetrise des outils VISUCHIR - Formations professionnelles de l&#039;EN3S<\/title>\n<meta name=\"description\" content=\"Renforcer le dialogue de gestion entre l\u2019Assurance Maladie, les ARS et les \u00e9tablissements de sant\u00e9, en s\u2019appropriant la ma\u00eetrise de l\u2019outil Hospi-Diag et en b\u00e9n\u00e9ficiant d\u2019un accompagnement personnalis\u00e9 r\u00e9gional.\" \/>\n<meta name=\"robots\" content=\"index, follow, max-snippet:-1, max-image-preview:large, max-video-preview:-1\" \/>\n<link rel=\"canonical\" href=\"https:\/\/en3s.fr\/formation-professionnelle\/formations-professionnelles\/formations-courtes\/module-3-perfectionnement-et-maitrise-des-outils-visuchir\/\" \/>\n<meta property=\"og:locale\" content=\"fr_FR\" \/>\n<meta property=\"og:type\" content=\"article\" \/>\n<meta property=\"og:title\" content=\"Module 3 - Perfectionnement et ma\u00eetrise des outils VISUCHIR - Formations professionnelles de l&#039;EN3S\" \/>\n<meta property=\"og:description\" content=\"Renforcer le dialogue de gestion entre l\u2019Assurance Maladie, les ARS et les \u00e9tablissements de sant\u00e9, en s\u2019appropriant la ma\u00eetrise de l\u2019outil Hospi-Diag et en b\u00e9n\u00e9ficiant d\u2019un accompagnement personnalis\u00e9 r\u00e9gional.\" \/>\n<meta property=\"og:url\" content=\"https:\/\/en3s.fr\/formation-professionnelle\/formations-professionnelles\/formations-courtes\/module-3-perfectionnement-et-maitrise-des-outils-visuchir\/\" \/>\n<meta property=\"og:site_name\" content=\"Formations professionnelles de l&#039;EN3S\" \/>\n<meta property=\"article:modified_time\" content=\"2025-11-27T12:29:49+00:00\" \/>\n<meta name=\"twitter:card\" content=\"summary_large_image\" \/>\n<meta name=\"twitter:label1\" content=\"Dur\u00e9e de lecture estim\u00e9e\" \/>\n\t<meta name=\"twitter:data1\" content=\"1 minute\" \/>\n<script type=\"application\/ld+json\" class=\"yoast-schema-graph\">{\"@context\":\"https:\/\/schema.org\",\"@graph\":[{\"@type\":\"WebPage\",\"@id\":\"https:\/\/en3s.fr\/formation-professionnelle\/formations-professionnelles\/formations-courtes\/module-3-perfectionnement-et-maitrise-des-outils-visuchir\/\",\"url\":\"https:\/\/en3s.fr\/formation-professionnelle\/formations-professionnelles\/formations-courtes\/module-3-perfectionnement-et-maitrise-des-outils-visuchir\/\",\"name\":\"Module 3 - Perfectionnement et ma\u00eetrise des outils VISUCHIR - Formations professionnelles de l&#039;EN3S\",\"isPartOf\":{\"@id\":\"https:\/\/en3s.fr\/formation-professionnelle\/#website\"},\"datePublished\":\"2020-02-13T15:38:06+00:00\",\"dateModified\":\"2025-11-27T12:29:49+00:00\",\"description\":\"Renforcer le dialogue de gestion entre l\u2019Assurance Maladie, les ARS et les \u00e9tablissements de sant\u00e9, en s\u2019appropriant la ma\u00eetrise de l\u2019outil Hospi-Diag et en b\u00e9n\u00e9ficiant d\u2019un accompagnement personnalis\u00e9 r\u00e9gional.\",\"breadcrumb\":{\"@id\":\"https:\/\/en3s.fr\/formation-professionnelle\/formations-professionnelles\/formations-courtes\/module-3-perfectionnement-et-maitrise-des-outils-visuchir\/#breadcrumb\"},\"inLanguage\":\"fr-FR\",\"potentialAction\":[{\"@type\":\"ReadAction\",\"target\":[\"https:\/\/en3s.fr\/formation-professionnelle\/formations-professionnelles\/formations-courtes\/module-3-perfectionnement-et-maitrise-des-outils-visuchir\/\"]}]},{\"@type\":\"BreadcrumbList\",\"@id\":\"https:\/\/en3s.fr\/formation-professionnelle\/formations-professionnelles\/formations-courtes\/module-3-perfectionnement-et-maitrise-des-outils-visuchir\/#breadcrumb\",\"itemListElement\":[{\"@type\":\"ListItem\",\"position\":1,\"name\":\"Accueil\",\"item\":\"https:\/\/en3s.fr\/formation-professionnelle\/\"},{\"@type\":\"ListItem\",\"position\":2,\"name\":\"Formations professionnelles\",\"item\":\"https:\/\/en3s.fr\/formation-professionnelle\/formations-professionnelles\/\"},{\"@type\":\"ListItem\",\"position\":3,\"name\":\"Formations courtes\",\"item\":\"https:\/\/en3s.fr\/formation-professionnelle\/formations-professionnelles\/formations-courtes\/\"},{\"@type\":\"ListItem\",\"position\":4,\"name\":\"Module 3 &#8211; Perfectionnement et ma\u00eetrise des outils VISUCHIR\"}]},{\"@type\":\"WebSite\",\"@id\":\"https:\/\/en3s.fr\/formation-professionnelle\/#website\",\"url\":\"https:\/\/en3s.fr\/formation-professionnelle\/\",\"name\":\"Formations professionnelles de l&#039;EN3S\",\"description\":\"Site des formations professionnelles de l&#039;EN3S\",\"potentialAction\":[{\"@type\":\"SearchAction\",\"target\":{\"@type\":\"EntryPoint\",\"urlTemplate\":\"https:\/\/en3s.fr\/formation-professionnelle\/?s={search_term_string}\"},\"query-input\":{\"@type\":\"PropertyValueSpecification\",\"valueRequired\":true,\"valueName\":\"search_term_string\"}}],\"inLanguage\":\"fr-FR\"}]}<\/script>\n<!-- \/ Yoast SEO plugin. -->","yoast_head_json":{"title":"Module 3 - Perfectionnement et ma\u00eetrise des outils VISUCHIR - Formations professionnelles de l&#039;EN3S","description":"Renforcer le dialogue de gestion entre l\u2019Assurance Maladie, les ARS et les \u00e9tablissements de sant\u00e9, en s\u2019appropriant la ma\u00eetrise de l\u2019outil Hospi-Diag et en b\u00e9n\u00e9ficiant d\u2019un accompagnement personnalis\u00e9 r\u00e9gional.","robots":{"index":"index","follow":"follow","max-snippet":"max-snippet:-1","max-image-preview":"max-image-preview:large","max-video-preview":"max-video-preview:-1"},"canonical":"https:\/\/en3s.fr\/formation-professionnelle\/formations-professionnelles\/formations-courtes\/module-3-perfectionnement-et-maitrise-des-outils-visuchir\/","og_locale":"fr_FR","og_type":"article","og_title":"Module 3 - Perfectionnement et ma\u00eetrise des outils VISUCHIR - Formations professionnelles de l&#039;EN3S","og_description":"Renforcer le dialogue de gestion entre l\u2019Assurance Maladie, les ARS et les \u00e9tablissements de sant\u00e9, en s\u2019appropriant la ma\u00eetrise de l\u2019outil Hospi-Diag et en b\u00e9n\u00e9ficiant d\u2019un accompagnement personnalis\u00e9 r\u00e9gional.","og_url":"https:\/\/en3s.fr\/formation-professionnelle\/formations-professionnelles\/formations-courtes\/module-3-perfectionnement-et-maitrise-des-outils-visuchir\/","og_site_name":"Formations professionnelles de l&#039;EN3S","article_modified_time":"2025-11-27T12:29:49+00:00","twitter_card":"summary_large_image","twitter_misc":{"Dur\u00e9e de lecture estim\u00e9e":"1 minute"},"schema":{"@context":"https:\/\/schema.org","@graph":[{"@type":"WebPage","@id":"https:\/\/en3s.fr\/formation-professionnelle\/formations-professionnelles\/formations-courtes\/module-3-perfectionnement-et-maitrise-des-outils-visuchir\/","url":"https:\/\/en3s.fr\/formation-professionnelle\/formations-professionnelles\/formations-courtes\/module-3-perfectionnement-et-maitrise-des-outils-visuchir\/","name":"Module 3 - Perfectionnement et ma\u00eetrise des outils VISUCHIR - Formations professionnelles de l&#039;EN3S","isPartOf":{"@id":"https:\/\/en3s.fr\/formation-professionnelle\/#website"},"datePublished":"2020-02-13T15:38:06+00:00","dateModified":"2025-11-27T12:29:49+00:00","description":"Renforcer le dialogue de gestion entre l\u2019Assurance Maladie, les ARS et les \u00e9tablissements de sant\u00e9, en s\u2019appropriant la ma\u00eetrise de l\u2019outil Hospi-Diag et en b\u00e9n\u00e9ficiant d\u2019un accompagnement personnalis\u00e9 r\u00e9gional.","breadcrumb":{"@id":"https:\/\/en3s.fr\/formation-professionnelle\/formations-professionnelles\/formations-courtes\/module-3-perfectionnement-et-maitrise-des-outils-visuchir\/#breadcrumb"},"inLanguage":"fr-FR","potentialAction":[{"@type":"ReadAction","target":["https:\/\/en3s.fr\/formation-professionnelle\/formations-professionnelles\/formations-courtes\/module-3-perfectionnement-et-maitrise-des-outils-visuchir\/"]}]},{"@type":"BreadcrumbList","@id":"https:\/\/en3s.fr\/formation-professionnelle\/formations-professionnelles\/formations-courtes\/module-3-perfectionnement-et-maitrise-des-outils-visuchir\/#breadcrumb","itemListElement":[{"@type":"ListItem","position":1,"name":"Accueil","item":"https:\/\/en3s.fr\/formation-professionnelle\/"},{"@type":"ListItem","position":2,"name":"Formations professionnelles","item":"https:\/\/en3s.fr\/formation-professionnelle\/formations-professionnelles\/"},{"@type":"ListItem","position":3,"name":"Formations courtes","item":"https:\/\/en3s.fr\/formation-professionnelle\/formations-professionnelles\/formations-courtes\/"},{"@type":"ListItem","position":4,"name":"Module 3 &#8211; Perfectionnement et ma\u00eetrise des outils VISUCHIR"}]},{"@type":"WebSite","@id":"https:\/\/en3s.fr\/formation-professionnelle\/#website","url":"https:\/\/en3s.fr\/formation-professionnelle\/","name":"Formations professionnelles de l&#039;EN3S","description":"Site des formations professionnelles de l&#039;EN3S","potentialAction":[{"@type":"SearchAction","target":{"@type":"EntryPoint","urlTemplate":"https:\/\/en3s.fr\/formation-professionnelle\/?s={search_term_string}"},"query-input":{"@type":"PropertyValueSpecification","valueRequired":true,"valueName":"search_term_string"}}],"inLanguage":"fr-FR"}]}},"_links":{"self":[{"href":"https:\/\/en3s.fr\/formation-professionnelle\/wp-json\/wp\/v2\/pages\/5841","targetHints":{"allow":["GET"]}}],"collection":[{"href":"https:\/\/en3s.fr\/formation-professionnelle\/wp-json\/wp\/v2\/pages"}],"about":[{"href":"https:\/\/en3s.fr\/formation-professionnelle\/wp-json\/wp\/v2\/types\/page"}],"author":[{"embeddable":true,"href":"https:\/\/en3s.fr\/formation-professionnelle\/wp-json\/wp\/v2\/users\/4"}],"replies":[{"embeddable":true,"href":"https:\/\/en3s.fr\/formation-professionnelle\/wp-json\/wp\/v2\/comments?post=5841"}],"version-history":[{"count":1,"href":"https:\/\/en3s.fr\/formation-professionnelle\/wp-json\/wp\/v2\/pages\/5841\/revisions"}],"predecessor-version":[{"id":316644,"href":"https:\/\/en3s.fr\/formation-professionnelle\/wp-json\/wp\/v2\/pages\/5841\/revisions\/316644"}],"up":[{"embeddable":true,"href":"https:\/\/en3s.fr\/formation-professionnelle\/wp-json\/wp\/v2\/pages\/425"}],"wp:attachment":[{"href":"https:\/\/en3s.fr\/formation-professionnelle\/wp-json\/wp\/v2\/media?parent=5841"}],"curies":[{"name":"wp","href":"https:\/\/api.w.org\/{rel}","templated":true}]}}