{"id":786,"date":"2018-08-10T14:27:11","date_gmt":"2018-08-10T12:27:11","guid":{"rendered":"https:\/\/en3s.fr\/formation-professionnelle\/?page_id=786"},"modified":"2026-01-23T16:07:24","modified_gmt":"2026-01-23T15:07:24","slug":"offre-de-financement","status":"publish","type":"page","link":"https:\/\/en3s.fr\/formation-professionnelle\/formez-vos-equipes\/offre-de-financement\/","title":{"rendered":"Offre de financement subrogation plan conventionnel Uniformation"},"content":{"rendered":"<h2><strong>Formations \u00e9ligibles \u00e0 la subrogation&nbsp;<\/strong><\/h2>\n<h5>Optimisez vos financements : passez commande au plus t\u00f4t pour vos intras et b\u00e9n\u00e9ficiez de la prise en charge OPCO<\/h5>\n<p>Pour 2026, nous avons propos\u00e9 des th\u00e9matiques interbranches vari\u00e9es et d\u2019actualit\u00e9 avec une prise en charge en inter comme en intra :<\/p>\n<ul>\n<li><a href=\"https:\/\/en3s.fr\/formation-professionnelle\/formations-professionnelles\/formations-courtes\/le-manager-ambassadeur-de-la-transition-ecologique\/\" target=\"_blank\" rel=\"noopener\">Le manager ambassadeur de la transition \u00e9cologique<\/a><\/li>\n<li><a href=\"https:\/\/en3s.fr\/formation-professionnelle\/formations-professionnelles\/formations-courtes\/management-et-intelligence-artificielle\/\" target=\"_blank\" rel=\"noopener\">Management et intelligence artificielle<\/a><\/li>\n<li><a href=\"https:\/\/en3s.fr\/formation-professionnelle\/formations-professionnelles\/formations-courtes\/prompter-avec-lintelligence-artificielle-generative-initiation\/\" target=\"_blank\" rel=\"noopener\">Prompter avec l&rsquo;Intelligence Artificielle G\u00e9n\u00e9rative &#8211; initiation<\/a><\/li>\n<li><a href=\"https:\/\/en3s.fr\/formation-professionnelle\/formations-professionnelles\/formations-courtes\/developper-sa-posture-de-facilitateur-initiation\/\" target=\"_blank\" rel=\"noopener\">D\u00e9velopper sa posture de facilitateur \u2013 initiation<\/a><\/li>\n<li><a href=\"https:\/\/en3s.fr\/formation-professionnelle\/formations-professionnelles\/formations-courtes\/sapproprier-la-dimension-rh-de-son-role-de-manager\/\" target=\"_blank\" rel=\"noopener\">S&rsquo;approprier la dimension RH de son r\u00f4le de manager<\/a><\/li>\n<li><a href=\"https:\/\/en3s.fr\/formation-professionnelle\/formations-professionnelles\/formations-courtes\/care-management-un-levier-de-motivation-des-equipes\/\" target=\"_blank\" rel=\"noopener\">Care management : un levier de motivation des \u00e9quipes<\/a><\/li>\n<li><a href=\"https:\/\/en3s.fr\/formation-professionnelle\/formations-professionnelles\/formations-courtes\/donner-et-recevoir-un-feedback-constructif\/\" target=\"_blank\" rel=\"noopener\">Donner et recevoir un feedback constructif<\/a><\/li>\n<li><a href=\"https:\/\/en3s.fr\/formation-professionnelle\/formations-professionnelles\/formations-courtes\/recruter-a-lheure-de-lia\/\" target=\"_blank\" rel=\"noopener\">Recruter \u00e0 l\u2019heure de l\u2019IA<\/a><\/li>\n<li><a href=\"https:\/\/en3s.fr\/formation-professionnelle\/formations-professionnelles\/formations-courtes\/sante-mentale-leadership-et-serenite-sessions-agents-de-direction-add\/\" target=\"_blank\" rel=\"noopener\">Sant\u00e9 mentale : leadership et s\u00e9r\u00e9nit\u00e9<\/a><\/li>\n<li><a href=\"https:\/\/en3s.fr\/formation-professionnelle\/formations-professionnelles\/formations-courtes\/optimiser-sa-communication\/\" target=\"_blank\" rel=\"noopener\">Optimiser sa communication<\/a><\/li>\n<li><a href=\"https:\/\/en3s.fr\/formation-professionnelle\/formations-professionnelles\/formations-courtes\/faites-vivre-vos-webinaires\/\" target=\"_blank\" rel=\"noopener\">Faites vivre vos webinaires<\/a><\/li>\n<li><a href=\"https:\/\/en3s.fr\/formation-professionnelle\/formations-professionnelles\/formations-courtes\/communication-sensible-et-medias\/\" target=\"_blank\" rel=\"noopener\">Communication sensible et m\u00e9dias<\/a><\/li>\n<li><a href=\"https:\/\/en3s.fr\/formation-professionnelle\/formations-professionnelles\/conferences-journees-dactualite\/de-capm-a-laction-construire-une-culture-manageriale-strategique\/\" target=\"_blank\" rel=\"noopener\">De Cap\u2019m \u00e0 l\u2019action : construire une culture manag\u00e9riale strat\u00e9gique<\/a><\/li>\n<\/ul>\n<p>Pour maximiser les avantages financiers offerts par les OPCO, il est essentiel de passer commande le plus t\u00f4t possible. Les enveloppes budg\u00e9taires s&rsquo;\u00e9puisant rapidement, en anticipant vos commandes, vous s\u00e9curisez les financements n\u00e9cessaires et anticipez les besoins en formation de vos \u00e9quipes.<\/p>\n<p><strong>D\u00e9couvrez ci-dessous la liste compl\u00e8te et contactez-nous pour vos demandes d\u2019intras<\/strong><\/p>\n<p style=\"text-align: center\"><a class=\"button\" href=\"https:\/\/en3s.fr\/formation-professionnelle\/wp-content\/uploads\/sites\/3\/2026\/01\/offre-formation-pro-2026-web.xlsx\" target=\"_blank\" rel=\"noopener\">Liste subrogation 2026<\/a><\/p>\n<p>La s\u00e9lection des formations \u00e9ligibles \u00e0 la subrogation est mise \u00e0 jour lors de <strong>4 commissions annuelles (mars, juin, octobre et d\u00e9cembre). Ce processus permet d&rsquo;actualiser les formations subrog\u00e9es en fonction des actualit\u00e9s de chaque branche.&nbsp;<\/strong><\/p>\n<p>Nous vous invitons donc \u00e0 consulter r\u00e9guli\u00e8rement cette page qui sera actualis\u00e9e apr\u00e8s chaque commission.<\/p>\n<h3>La subrogation, un dispositif qui dispense automatiquement les organismes de faire l\u2019avance de la part subventionn\u00e9e* des formations \u00e9ligibles<\/h3>\n<p><em>(*sous-r\u00e9serve de la pr\u00e9sence effective des participants, la bonne compl\u00e9tude de la feuille d\u2019\u00e9margement faisant foi).<\/em><\/p>\n<p>&nbsp;<\/p>\n<p><strong><em>Pour toutes questions relatives \u00e0 ce dispositif, n\u2019h\u00e9sitez pas \u00e0 <a href=\"https:\/\/en3s.fr\/formation-professionnelle\/contact\/\" target=\"_blank\" rel=\"noopener noreferrer\">contacter la formation continue de l&rsquo;EN3S.<\/a><\/em><\/strong><\/p>\n<p><a href=\"https:\/\/en3s.fr\/formation-professionnelle\/formations-professionnelles\/\" target=\"_blank\" rel=\"noopener noreferrer\"><strong>Consultez le catalogue complet de la formation continue sur notre site pour d\u00e9couvrir de nouvelles th\u00e9matiques et les nouvelles modalit\u00e9s au-del\u00e0 des formations subrog\u00e9es ci-dessus&nbsp;!<\/strong><\/a><\/p>\n<h3><strong>Le saviez-vous&nbsp;?<\/strong><\/h3>\n<p>D\u2019autres formations sont \u00e9ligibles \u00e0 la subrogation dans le cadre du plan compl\u00e9mentaire Ucanss, retrouvez ces informations en vous connectant sur le <a href=\"http:\/\/extranet.ucanss.fr\/portail\">site de l\u2019Ucanss<\/a>.<\/p>\n","protected":false},"excerpt":{"rendered":"<p>Formations \u00e9ligibles \u00e0 la subrogation&nbsp; Optimisez vos financements : passez commande au plus t\u00f4t pour vos intras et b\u00e9n\u00e9ficiez de la prise en charge OPCO Pour 2026, nous avons propos\u00e9 des th\u00e9matiques interbranches vari\u00e9es et d\u2019actualit\u00e9 avec une prise en charge en inter comme en intra : Le manager ambassadeur de la transition \u00e9cologique Management [&hellip;]<\/p>\n","protected":false},"author":11,"featured_media":0,"parent":408,"menu_order":40,"comment_status":"closed","ping_status":"closed","template":"","meta":{"ngg_post_thumbnail":0,"footnotes":""},"class_list":["post-786","page","type-page","status-publish","hentry"],"yoast_head":"<!-- This site is optimized with the Yoast SEO plugin v24.9 - https:\/\/yoast.com\/wordpress\/plugins\/seo\/ -->\n<title>Offre de financement subrogation plan conventionnel Uniformation - Formations professionnelles de l&#039;EN3S<\/title>\n<meta name=\"description\" content=\"Formations \u00e9ligibles \u00e0 la subrogation&nbsp; Optimisez vos financements : passez commande au plus t\u00f4t pour vos intras et b\u00e9n\u00e9ficiez de la prise en charge\" \/>\n<meta name=\"robots\" content=\"index, follow, max-snippet:-1, max-image-preview:large, max-video-preview:-1\" \/>\n<link rel=\"canonical\" href=\"https:\/\/en3s.fr\/formation-professionnelle\/formez-vos-equipes\/offre-de-financement\/\" \/>\n<meta property=\"og:locale\" content=\"fr_FR\" \/>\n<meta property=\"og:type\" content=\"article\" \/>\n<meta property=\"og:title\" content=\"Offre de financement subrogation plan conventionnel Uniformation - Formations professionnelles de l&#039;EN3S\" \/>\n<meta property=\"og:description\" content=\"Formations \u00e9ligibles \u00e0 la subrogation&nbsp; Optimisez vos financements : passez commande au plus t\u00f4t pour vos intras et b\u00e9n\u00e9ficiez de la prise en charge\" \/>\n<meta property=\"og:url\" content=\"https:\/\/en3s.fr\/formation-professionnelle\/formez-vos-equipes\/offre-de-financement\/\" \/>\n<meta property=\"og:site_name\" content=\"Formations professionnelles de l&#039;EN3S\" \/>\n<meta property=\"article:modified_time\" content=\"2026-01-23T15:07:24+00:00\" \/>\n<meta name=\"twitter:card\" content=\"summary_large_image\" \/>\n<meta name=\"twitter:label1\" content=\"Dur\u00e9e de lecture estim\u00e9e\" \/>\n\t<meta name=\"twitter:data1\" content=\"2 minutes\" \/>\n<script type=\"application\/ld+json\" class=\"yoast-schema-graph\">{\"@context\":\"https:\/\/schema.org\",\"@graph\":[{\"@type\":\"WebPage\",\"@id\":\"https:\/\/en3s.fr\/formation-professionnelle\/formez-vos-equipes\/offre-de-financement\/\",\"url\":\"https:\/\/en3s.fr\/formation-professionnelle\/formez-vos-equipes\/offre-de-financement\/\",\"name\":\"Offre de financement subrogation plan conventionnel Uniformation - Formations professionnelles de l&#039;EN3S\",\"isPartOf\":{\"@id\":\"https:\/\/en3s.fr\/formation-professionnelle\/#website\"},\"datePublished\":\"2018-08-10T12:27:11+00:00\",\"dateModified\":\"2026-01-23T15:07:24+00:00\",\"description\":\"Formations \u00e9ligibles \u00e0 la subrogation&nbsp; Optimisez vos financements : passez commande au plus t\u00f4t pour vos intras et b\u00e9n\u00e9ficiez de la prise en charge\",\"breadcrumb\":{\"@id\":\"https:\/\/en3s.fr\/formation-professionnelle\/formez-vos-equipes\/offre-de-financement\/#breadcrumb\"},\"inLanguage\":\"fr-FR\",\"potentialAction\":[{\"@type\":\"ReadAction\",\"target\":[\"https:\/\/en3s.fr\/formation-professionnelle\/formez-vos-equipes\/offre-de-financement\/\"]}]},{\"@type\":\"BreadcrumbList\",\"@id\":\"https:\/\/en3s.fr\/formation-professionnelle\/formez-vos-equipes\/offre-de-financement\/#breadcrumb\",\"itemListElement\":[{\"@type\":\"ListItem\",\"position\":1,\"name\":\"Accueil\",\"item\":\"https:\/\/en3s.fr\/formation-professionnelle\/\"},{\"@type\":\"ListItem\",\"position\":2,\"name\":\"Formez vos \u00e9quipes\",\"item\":\"https:\/\/en3s.fr\/formation-professionnelle\/formez-vos-equipes\/\"},{\"@type\":\"ListItem\",\"position\":3,\"name\":\"Offre de financement subrogation plan conventionnel Uniformation\"}]},{\"@type\":\"WebSite\",\"@id\":\"https:\/\/en3s.fr\/formation-professionnelle\/#website\",\"url\":\"https:\/\/en3s.fr\/formation-professionnelle\/\",\"name\":\"Formations professionnelles de l&#039;EN3S\",\"description\":\"Site des formations professionnelles de l&#039;EN3S\",\"potentialAction\":[{\"@type\":\"SearchAction\",\"target\":{\"@type\":\"EntryPoint\",\"urlTemplate\":\"https:\/\/en3s.fr\/formation-professionnelle\/?s={search_term_string}\"},\"query-input\":{\"@type\":\"PropertyValueSpecification\",\"valueRequired\":true,\"valueName\":\"search_term_string\"}}],\"inLanguage\":\"fr-FR\"}]}<\/script>\n<!-- \/ Yoast SEO plugin. -->","yoast_head_json":{"title":"Offre de financement subrogation plan conventionnel Uniformation - Formations professionnelles de l&#039;EN3S","description":"Formations \u00e9ligibles \u00e0 la subrogation&nbsp; Optimisez vos financements : passez commande au plus t\u00f4t pour vos intras et b\u00e9n\u00e9ficiez de la prise en charge","robots":{"index":"index","follow":"follow","max-snippet":"max-snippet:-1","max-image-preview":"max-image-preview:large","max-video-preview":"max-video-preview:-1"},"canonical":"https:\/\/en3s.fr\/formation-professionnelle\/formez-vos-equipes\/offre-de-financement\/","og_locale":"fr_FR","og_type":"article","og_title":"Offre de financement subrogation plan conventionnel Uniformation - Formations professionnelles de l&#039;EN3S","og_description":"Formations \u00e9ligibles \u00e0 la subrogation&nbsp; Optimisez vos financements : passez commande au plus t\u00f4t pour vos intras et b\u00e9n\u00e9ficiez de la prise en charge","og_url":"https:\/\/en3s.fr\/formation-professionnelle\/formez-vos-equipes\/offre-de-financement\/","og_site_name":"Formations professionnelles de l&#039;EN3S","article_modified_time":"2026-01-23T15:07:24+00:00","twitter_card":"summary_large_image","twitter_misc":{"Dur\u00e9e de lecture estim\u00e9e":"2 minutes"},"schema":{"@context":"https:\/\/schema.org","@graph":[{"@type":"WebPage","@id":"https:\/\/en3s.fr\/formation-professionnelle\/formez-vos-equipes\/offre-de-financement\/","url":"https:\/\/en3s.fr\/formation-professionnelle\/formez-vos-equipes\/offre-de-financement\/","name":"Offre de financement subrogation plan conventionnel Uniformation - Formations professionnelles de l&#039;EN3S","isPartOf":{"@id":"https:\/\/en3s.fr\/formation-professionnelle\/#website"},"datePublished":"2018-08-10T12:27:11+00:00","dateModified":"2026-01-23T15:07:24+00:00","description":"Formations \u00e9ligibles \u00e0 la subrogation&nbsp; Optimisez vos financements : passez commande au plus t\u00f4t pour vos intras et b\u00e9n\u00e9ficiez de la prise en charge","breadcrumb":{"@id":"https:\/\/en3s.fr\/formation-professionnelle\/formez-vos-equipes\/offre-de-financement\/#breadcrumb"},"inLanguage":"fr-FR","potentialAction":[{"@type":"ReadAction","target":["https:\/\/en3s.fr\/formation-professionnelle\/formez-vos-equipes\/offre-de-financement\/"]}]},{"@type":"BreadcrumbList","@id":"https:\/\/en3s.fr\/formation-professionnelle\/formez-vos-equipes\/offre-de-financement\/#breadcrumb","itemListElement":[{"@type":"ListItem","position":1,"name":"Accueil","item":"https:\/\/en3s.fr\/formation-professionnelle\/"},{"@type":"ListItem","position":2,"name":"Formez vos \u00e9quipes","item":"https:\/\/en3s.fr\/formation-professionnelle\/formez-vos-equipes\/"},{"@type":"ListItem","position":3,"name":"Offre de financement subrogation plan conventionnel Uniformation"}]},{"@type":"WebSite","@id":"https:\/\/en3s.fr\/formation-professionnelle\/#website","url":"https:\/\/en3s.fr\/formation-professionnelle\/","name":"Formations professionnelles de l&#039;EN3S","description":"Site des formations professionnelles de l&#039;EN3S","potentialAction":[{"@type":"SearchAction","target":{"@type":"EntryPoint","urlTemplate":"https:\/\/en3s.fr\/formation-professionnelle\/?s={search_term_string}"},"query-input":{"@type":"PropertyValueSpecification","valueRequired":true,"valueName":"search_term_string"}}],"inLanguage":"fr-FR"}]}},"_links":{"self":[{"href":"https:\/\/en3s.fr\/formation-professionnelle\/wp-json\/wp\/v2\/pages\/786","targetHints":{"allow":["GET"]}}],"collection":[{"href":"https:\/\/en3s.fr\/formation-professionnelle\/wp-json\/wp\/v2\/pages"}],"about":[{"href":"https:\/\/en3s.fr\/formation-professionnelle\/wp-json\/wp\/v2\/types\/page"}],"author":[{"embeddable":true,"href":"https:\/\/en3s.fr\/formation-professionnelle\/wp-json\/wp\/v2\/users\/11"}],"replies":[{"embeddable":true,"href":"https:\/\/en3s.fr\/formation-professionnelle\/wp-json\/wp\/v2\/comments?post=786"}],"version-history":[{"count":8,"href":"https:\/\/en3s.fr\/formation-professionnelle\/wp-json\/wp\/v2\/pages\/786\/revisions"}],"predecessor-version":[{"id":316099,"href":"https:\/\/en3s.fr\/formation-professionnelle\/wp-json\/wp\/v2\/pages\/786\/revisions\/316099"}],"up":[{"embeddable":true,"href":"https:\/\/en3s.fr\/formation-professionnelle\/wp-json\/wp\/v2\/pages\/408"}],"wp:attachment":[{"href":"https:\/\/en3s.fr\/formation-professionnelle\/wp-json\/wp\/v2\/media?parent=786"}],"curies":[{"name":"wp","href":"https:\/\/api.w.org\/{rel}","templated":true}]}}