{"id":852,"date":"2018-09-14T17:18:45","date_gmt":"2018-09-14T15:18:45","guid":{"rendered":"https:\/\/en3s.fr\/formation-professionnelle\/?page_id=852"},"modified":"2025-11-20T14:58:47","modified_gmt":"2025-11-20T13:58:47","slug":"conditions-generales-de-vente","status":"publish","type":"page","link":"https:\/\/en3s.fr\/formation-professionnelle\/infos-pratiques\/conditions-generales-de-vente\/","title":{"rendered":"Conditions G\u00e9n\u00e9rales de Vente"},"content":{"rendered":"<p>Le fait de passer commande implique l\u2019adh\u00e9sion enti\u00e8re et sans r\u00e9serve du client aux pr\u00e9sentes CGV et l\u2019autorisation de l\u2019employeur pour participer \u00e0 la formation. Toute condition contraire et notamment toute condition g\u00e9n\u00e9rale ou particuli\u00e8re oppos\u00e9e par le client ne peut, sauf acceptation formelle et \u00e9crite de l\u2019EN3S, s&rsquo;y pr\u00e9valoir. Le fait que l\u2019EN3S ne supplante pas \u00e0 un moment donn\u00e9 l\u2019une des pr\u00e9sentes CGV ne peut \u00eatre interpr\u00e9t\u00e9 comme valant renonciation \u00e0 s\u2019en pr\u00e9valoir ult\u00e9rieurement. Les pr\u00e9sentes CGV peuvent \u00eatre amen\u00e9es \u00e0 \u00e9voluer. La version applicable la plus \u00e0 jour est celle disponible sur le site de l\u2019EN3S \u00e0 la date de la commande. Le client se porte fort du respect des CGV par l\u2019ensemble de ses salari\u00e9s, pr\u00e9pos\u00e9s et agents. Le client reconna\u00eet \u00e9galement que, pr\u00e9alablement \u00e0 toute commande, il a b\u00e9n\u00e9fici\u00e9 des informations et conseils suffisants de la part de l\u2019EN3S, lui permettant de s\u2019assurer de l\u2019ad\u00e9quation de l\u2019offre de services \u00e0 ses besoins.<\/p>\n<p>Ces conditions s\u2019appliquent \u00e0 l\u2019ensemble des formations dispens\u00e9es par l\u2019EN3S, accessibles par inscriptions individuelles (\u00e0 l\u2019exception des formations sur dossier de candidature).<\/p>\n<p>Pour les formations dites \u00ab intras \u00bb, \u00ab sur mesure \u00bb et \u00ab branches et r\u00e9seaux \u00bb une convention sp\u00e9cifique avec l\u2019organisme demandeur compl\u00e8te ces CGV.<\/p>\n","protected":false},"excerpt":{"rendered":"<p>Conditions g\u00e9n\u00e9rales de vente des formations professionnelles de l&rsquo;EN3S<\/p>\n","protected":false},"author":17,"featured_media":0,"parent":5598,"menu_order":120,"comment_status":"closed","ping_status":"closed","template":"","meta":{"ngg_post_thumbnail":0,"footnotes":""},"class_list":["post-852","page","type-page","status-publish","hentry"],"yoast_head":"<!-- This site is optimized with the Yoast SEO plugin v24.9 - https:\/\/yoast.com\/wordpress\/plugins\/seo\/ -->\n<title>Conditions G\u00e9n\u00e9rales de Vente - Formations professionnelles de l&#039;EN3S<\/title>\n<meta name=\"description\" content=\"Conditions g\u00e9n\u00e9rales de vente des formations professionnelles de l&#039;EN3S\" \/>\n<meta name=\"robots\" content=\"index, follow, max-snippet:-1, max-image-preview:large, max-video-preview:-1\" \/>\n<link rel=\"canonical\" href=\"https:\/\/en3s.fr\/formation-professionnelle\/infos-pratiques\/conditions-generales-de-vente\/\" \/>\n<meta property=\"og:locale\" content=\"fr_FR\" \/>\n<meta property=\"og:type\" content=\"article\" \/>\n<meta property=\"og:title\" content=\"Conditions G\u00e9n\u00e9rales de Vente - Formations professionnelles de l&#039;EN3S\" \/>\n<meta property=\"og:description\" content=\"Conditions g\u00e9n\u00e9rales de vente des formations professionnelles de l&#039;EN3S\" \/>\n<meta property=\"og:url\" content=\"https:\/\/en3s.fr\/formation-professionnelle\/infos-pratiques\/conditions-generales-de-vente\/\" \/>\n<meta property=\"og:site_name\" content=\"Formations professionnelles de l&#039;EN3S\" \/>\n<meta property=\"article:modified_time\" content=\"2025-11-20T13:58:47+00:00\" \/>\n<meta name=\"twitter:card\" content=\"summary_large_image\" \/>\n<meta name=\"twitter:label1\" content=\"Dur\u00e9e de lecture estim\u00e9e\" \/>\n\t<meta name=\"twitter:data1\" content=\"2 minutes\" \/>\n<script type=\"application\/ld+json\" class=\"yoast-schema-graph\">{\"@context\":\"https:\/\/schema.org\",\"@graph\":[{\"@type\":\"WebPage\",\"@id\":\"https:\/\/en3s.fr\/formation-professionnelle\/infos-pratiques\/conditions-generales-de-vente\/\",\"url\":\"https:\/\/en3s.fr\/formation-professionnelle\/infos-pratiques\/conditions-generales-de-vente\/\",\"name\":\"Conditions G\u00e9n\u00e9rales de Vente - Formations professionnelles de l&#039;EN3S\",\"isPartOf\":{\"@id\":\"https:\/\/en3s.fr\/formation-professionnelle\/#website\"},\"datePublished\":\"2018-09-14T15:18:45+00:00\",\"dateModified\":\"2025-11-20T13:58:47+00:00\",\"description\":\"Conditions g\u00e9n\u00e9rales de vente des formations professionnelles de l'EN3S\",\"breadcrumb\":{\"@id\":\"https:\/\/en3s.fr\/formation-professionnelle\/infos-pratiques\/conditions-generales-de-vente\/#breadcrumb\"},\"inLanguage\":\"fr-FR\",\"potentialAction\":[{\"@type\":\"ReadAction\",\"target\":[\"https:\/\/en3s.fr\/formation-professionnelle\/infos-pratiques\/conditions-generales-de-vente\/\"]}]},{\"@type\":\"BreadcrumbList\",\"@id\":\"https:\/\/en3s.fr\/formation-professionnelle\/infos-pratiques\/conditions-generales-de-vente\/#breadcrumb\",\"itemListElement\":[{\"@type\":\"ListItem\",\"position\":1,\"name\":\"Accueil\",\"item\":\"https:\/\/en3s.fr\/formation-professionnelle\/\"},{\"@type\":\"ListItem\",\"position\":2,\"name\":\"Infos pratiques\",\"item\":\"https:\/\/en3s.fr\/formation-professionnelle\/infos-pratiques\/\"},{\"@type\":\"ListItem\",\"position\":3,\"name\":\"Conditions G\u00e9n\u00e9rales de Vente\"}]},{\"@type\":\"WebSite\",\"@id\":\"https:\/\/en3s.fr\/formation-professionnelle\/#website\",\"url\":\"https:\/\/en3s.fr\/formation-professionnelle\/\",\"name\":\"Formations professionnelles de l&#039;EN3S\",\"description\":\"Site des formations professionnelles de l&#039;EN3S\",\"potentialAction\":[{\"@type\":\"SearchAction\",\"target\":{\"@type\":\"EntryPoint\",\"urlTemplate\":\"https:\/\/en3s.fr\/formation-professionnelle\/?s={search_term_string}\"},\"query-input\":{\"@type\":\"PropertyValueSpecification\",\"valueRequired\":true,\"valueName\":\"search_term_string\"}}],\"inLanguage\":\"fr-FR\"}]}<\/script>\n<!-- \/ Yoast SEO plugin. -->","yoast_head_json":{"title":"Conditions G\u00e9n\u00e9rales de Vente - Formations professionnelles de l&#039;EN3S","description":"Conditions g\u00e9n\u00e9rales de vente des formations professionnelles de l'EN3S","robots":{"index":"index","follow":"follow","max-snippet":"max-snippet:-1","max-image-preview":"max-image-preview:large","max-video-preview":"max-video-preview:-1"},"canonical":"https:\/\/en3s.fr\/formation-professionnelle\/infos-pratiques\/conditions-generales-de-vente\/","og_locale":"fr_FR","og_type":"article","og_title":"Conditions G\u00e9n\u00e9rales de Vente - Formations professionnelles de l&#039;EN3S","og_description":"Conditions g\u00e9n\u00e9rales de vente des formations professionnelles de l'EN3S","og_url":"https:\/\/en3s.fr\/formation-professionnelle\/infos-pratiques\/conditions-generales-de-vente\/","og_site_name":"Formations professionnelles de l&#039;EN3S","article_modified_time":"2025-11-20T13:58:47+00:00","twitter_card":"summary_large_image","twitter_misc":{"Dur\u00e9e de lecture estim\u00e9e":"2 minutes"},"schema":{"@context":"https:\/\/schema.org","@graph":[{"@type":"WebPage","@id":"https:\/\/en3s.fr\/formation-professionnelle\/infos-pratiques\/conditions-generales-de-vente\/","url":"https:\/\/en3s.fr\/formation-professionnelle\/infos-pratiques\/conditions-generales-de-vente\/","name":"Conditions G\u00e9n\u00e9rales de Vente - Formations professionnelles de l&#039;EN3S","isPartOf":{"@id":"https:\/\/en3s.fr\/formation-professionnelle\/#website"},"datePublished":"2018-09-14T15:18:45+00:00","dateModified":"2025-11-20T13:58:47+00:00","description":"Conditions g\u00e9n\u00e9rales de vente des formations professionnelles de l'EN3S","breadcrumb":{"@id":"https:\/\/en3s.fr\/formation-professionnelle\/infos-pratiques\/conditions-generales-de-vente\/#breadcrumb"},"inLanguage":"fr-FR","potentialAction":[{"@type":"ReadAction","target":["https:\/\/en3s.fr\/formation-professionnelle\/infos-pratiques\/conditions-generales-de-vente\/"]}]},{"@type":"BreadcrumbList","@id":"https:\/\/en3s.fr\/formation-professionnelle\/infos-pratiques\/conditions-generales-de-vente\/#breadcrumb","itemListElement":[{"@type":"ListItem","position":1,"name":"Accueil","item":"https:\/\/en3s.fr\/formation-professionnelle\/"},{"@type":"ListItem","position":2,"name":"Infos pratiques","item":"https:\/\/en3s.fr\/formation-professionnelle\/infos-pratiques\/"},{"@type":"ListItem","position":3,"name":"Conditions G\u00e9n\u00e9rales de Vente"}]},{"@type":"WebSite","@id":"https:\/\/en3s.fr\/formation-professionnelle\/#website","url":"https:\/\/en3s.fr\/formation-professionnelle\/","name":"Formations professionnelles de l&#039;EN3S","description":"Site des formations professionnelles de l&#039;EN3S","potentialAction":[{"@type":"SearchAction","target":{"@type":"EntryPoint","urlTemplate":"https:\/\/en3s.fr\/formation-professionnelle\/?s={search_term_string}"},"query-input":{"@type":"PropertyValueSpecification","valueRequired":true,"valueName":"search_term_string"}}],"inLanguage":"fr-FR"}]}},"_links":{"self":[{"href":"https:\/\/en3s.fr\/formation-professionnelle\/wp-json\/wp\/v2\/pages\/852","targetHints":{"allow":["GET"]}}],"collection":[{"href":"https:\/\/en3s.fr\/formation-professionnelle\/wp-json\/wp\/v2\/pages"}],"about":[{"href":"https:\/\/en3s.fr\/formation-professionnelle\/wp-json\/wp\/v2\/types\/page"}],"author":[{"embeddable":true,"href":"https:\/\/en3s.fr\/formation-professionnelle\/wp-json\/wp\/v2\/users\/17"}],"replies":[{"embeddable":true,"href":"https:\/\/en3s.fr\/formation-professionnelle\/wp-json\/wp\/v2\/comments?post=852"}],"version-history":[{"count":8,"href":"https:\/\/en3s.fr\/formation-professionnelle\/wp-json\/wp\/v2\/pages\/852\/revisions"}],"predecessor-version":[{"id":316619,"href":"https:\/\/en3s.fr\/formation-professionnelle\/wp-json\/wp\/v2\/pages\/852\/revisions\/316619"}],"up":[{"embeddable":true,"href":"https:\/\/en3s.fr\/formation-professionnelle\/wp-json\/wp\/v2\/pages\/5598"}],"wp:attachment":[{"href":"https:\/\/en3s.fr\/formation-professionnelle\/wp-json\/wp\/v2\/media?parent=852"}],"curies":[{"name":"wp","href":"https:\/\/api.w.org\/{rel}","templated":true}]}}