{"id":2615,"date":"2018-11-05T09:41:07","date_gmt":"2018-11-05T08:41:07","guid":{"rendered":"https:\/\/en3s.fr\/secudoc\/?page_id=2615"},"modified":"2018-11-05T09:41:07","modified_gmt":"2018-11-05T08:41:07","slug":"semaine-europeenne-de-la-vaccination","status":"publish","type":"page","link":"https:\/\/en3s.fr\/secudoc\/produits-documentaires\/infographies\/semaine-europeenne-de-la-vaccination\/","title":{"rendered":"Semaine europ\u00e9enne de la vaccination"},"content":{"rendered":"<p><img loading=\"lazy\" decoding=\"async\" width=\"556\" height=\"2048\" class=\"alignnone size-full wp-image-2616\" src=\"https:\/\/en3s.fr\/secudoc\/wp-content\/uploads\/sites\/4\/2018\/11\/infog_vaccination_v1.jpg\" alt=\"\" srcset=\"https:\/\/en3s.fr\/secudoc\/wp-content\/uploads\/sites\/4\/2018\/11\/infog_vaccination_v1.jpg 556w, https:\/\/en3s.fr\/secudoc\/wp-content\/uploads\/sites\/4\/2018\/11\/infog_vaccination_v1-275x1013.jpg 275w, https:\/\/en3s.fr\/secudoc\/wp-content\/uploads\/sites\/4\/2018\/11\/infog_vaccination_v1-106x390.jpg 106w, https:\/\/en3s.fr\/secudoc\/wp-content\/uploads\/sites\/4\/2018\/11\/infog_vaccination_v1-230x847.jpg 230w\" sizes=\"auto, (max-width: 556px) 100vw, 556px\" \/><\/p>\n","protected":false},"excerpt":{"rendered":"","protected":false},"author":1,"featured_media":0,"parent":908,"menu_order":0,"comment_status":"closed","ping_status":"closed","template":"","meta":{"ngg_post_thumbnail":0,"footnotes":""},"class_list":["post-2615","page","type-page","status-publish","hentry"],"yoast_head":"<!-- This site is optimized with the Yoast SEO plugin v24.9 - https:\/\/yoast.com\/wordpress\/plugins\/seo\/ -->\n<title>Semaine europ\u00e9enne de la vaccination - S\u00e9cu Doc<\/title>\n<meta name=\"robots\" content=\"index, follow, max-snippet:-1, max-image-preview:large, max-video-preview:-1\" \/>\n<link rel=\"canonical\" href=\"https:\/\/en3s.fr\/secudoc\/produits-documentaires\/infographies\/semaine-europeenne-de-la-vaccination\/\" \/>\n<meta property=\"og:locale\" content=\"fr_FR\" \/>\n<meta property=\"og:type\" content=\"article\" \/>\n<meta property=\"og:title\" content=\"Semaine europ\u00e9enne de la vaccination - S\u00e9cu Doc\" \/>\n<meta property=\"og:url\" content=\"https:\/\/en3s.fr\/secudoc\/produits-documentaires\/infographies\/semaine-europeenne-de-la-vaccination\/\" \/>\n<meta property=\"og:site_name\" content=\"S\u00e9cu Doc\" \/>\n<meta property=\"og:image\" content=\"https:\/\/en3s.fr\/secudoc\/wp-content\/uploads\/sites\/4\/2018\/11\/infog_vaccination_v1.jpg\" \/>\n<meta name=\"twitter:card\" content=\"summary_large_image\" \/>\n<script type=\"application\/ld+json\" class=\"yoast-schema-graph\">{\"@context\":\"https:\/\/schema.org\",\"@graph\":[{\"@type\":\"WebPage\",\"@id\":\"https:\/\/en3s.fr\/secudoc\/produits-documentaires\/infographies\/semaine-europeenne-de-la-vaccination\/\",\"url\":\"https:\/\/en3s.fr\/secudoc\/produits-documentaires\/infographies\/semaine-europeenne-de-la-vaccination\/\",\"name\":\"Semaine europ\u00e9enne de la vaccination - S\u00e9cu Doc\",\"isPartOf\":{\"@id\":\"https:\/\/en3s.fr\/secudoc\/#website\"},\"primaryImageOfPage\":{\"@id\":\"https:\/\/en3s.fr\/secudoc\/produits-documentaires\/infographies\/semaine-europeenne-de-la-vaccination\/#primaryimage\"},\"image\":{\"@id\":\"https:\/\/en3s.fr\/secudoc\/produits-documentaires\/infographies\/semaine-europeenne-de-la-vaccination\/#primaryimage\"},\"thumbnailUrl\":\"https:\/\/en3s.fr\/secudoc\/wp-content\/uploads\/sites\/4\/2018\/11\/infog_vaccination_v1.jpg\",\"datePublished\":\"2018-11-05T08:41:07+00:00\",\"breadcrumb\":{\"@id\":\"https:\/\/en3s.fr\/secudoc\/produits-documentaires\/infographies\/semaine-europeenne-de-la-vaccination\/#breadcrumb\"},\"inLanguage\":\"fr-FR\",\"potentialAction\":[{\"@type\":\"ReadAction\",\"target\":[\"https:\/\/en3s.fr\/secudoc\/produits-documentaires\/infographies\/semaine-europeenne-de-la-vaccination\/\"]}]},{\"@type\":\"ImageObject\",\"inLanguage\":\"fr-FR\",\"@id\":\"https:\/\/en3s.fr\/secudoc\/produits-documentaires\/infographies\/semaine-europeenne-de-la-vaccination\/#primaryimage\",\"url\":\"https:\/\/en3s.fr\/secudoc\/wp-content\/uploads\/sites\/4\/2018\/11\/infog_vaccination_v1.jpg\",\"contentUrl\":\"https:\/\/en3s.fr\/secudoc\/wp-content\/uploads\/sites\/4\/2018\/11\/infog_vaccination_v1.jpg\",\"width\":556,\"height\":2048},{\"@type\":\"BreadcrumbList\",\"@id\":\"https:\/\/en3s.fr\/secudoc\/produits-documentaires\/infographies\/semaine-europeenne-de-la-vaccination\/#breadcrumb\",\"itemListElement\":[{\"@type\":\"ListItem\",\"position\":1,\"name\":\"Accueil\",\"item\":\"https:\/\/en3s.fr\/secudoc\/\"},{\"@type\":\"ListItem\",\"position\":2,\"name\":\"Produits documentaires\",\"item\":\"https:\/\/en3s.fr\/secudoc\/produits-documentaires\/\"},{\"@type\":\"ListItem\",\"position\":3,\"name\":\"Infographies\",\"item\":\"https:\/\/en3s.fr\/secudoc\/?page_id=908\"},{\"@type\":\"ListItem\",\"position\":4,\"name\":\"Semaine europ\u00e9enne de la vaccination\"}]},{\"@type\":\"WebSite\",\"@id\":\"https:\/\/en3s.fr\/secudoc\/#website\",\"url\":\"https:\/\/en3s.fr\/secudoc\/\",\"name\":\"S\u00e9cu Doc\",\"description\":\"Centre de ressources de la S\u00e9curit\u00e9 sociale\",\"potentialAction\":[{\"@type\":\"SearchAction\",\"target\":{\"@type\":\"EntryPoint\",\"urlTemplate\":\"https:\/\/en3s.fr\/secudoc\/?s={search_term_string}\"},\"query-input\":{\"@type\":\"PropertyValueSpecification\",\"valueRequired\":true,\"valueName\":\"search_term_string\"}}],\"inLanguage\":\"fr-FR\"}]}<\/script>\n<!-- \/ Yoast SEO plugin. -->","yoast_head_json":{"title":"Semaine europ\u00e9enne de la vaccination - S\u00e9cu Doc","robots":{"index":"index","follow":"follow","max-snippet":"max-snippet:-1","max-image-preview":"max-image-preview:large","max-video-preview":"max-video-preview:-1"},"canonical":"https:\/\/en3s.fr\/secudoc\/produits-documentaires\/infographies\/semaine-europeenne-de-la-vaccination\/","og_locale":"fr_FR","og_type":"article","og_title":"Semaine europ\u00e9enne de la vaccination - S\u00e9cu Doc","og_url":"https:\/\/en3s.fr\/secudoc\/produits-documentaires\/infographies\/semaine-europeenne-de-la-vaccination\/","og_site_name":"S\u00e9cu Doc","og_image":[{"url":"https:\/\/en3s.fr\/secudoc\/wp-content\/uploads\/sites\/4\/2018\/11\/infog_vaccination_v1.jpg","type":"","width":"","height":""}],"twitter_card":"summary_large_image","schema":{"@context":"https:\/\/schema.org","@graph":[{"@type":"WebPage","@id":"https:\/\/en3s.fr\/secudoc\/produits-documentaires\/infographies\/semaine-europeenne-de-la-vaccination\/","url":"https:\/\/en3s.fr\/secudoc\/produits-documentaires\/infographies\/semaine-europeenne-de-la-vaccination\/","name":"Semaine europ\u00e9enne de la vaccination - S\u00e9cu Doc","isPartOf":{"@id":"https:\/\/en3s.fr\/secudoc\/#website"},"primaryImageOfPage":{"@id":"https:\/\/en3s.fr\/secudoc\/produits-documentaires\/infographies\/semaine-europeenne-de-la-vaccination\/#primaryimage"},"image":{"@id":"https:\/\/en3s.fr\/secudoc\/produits-documentaires\/infographies\/semaine-europeenne-de-la-vaccination\/#primaryimage"},"thumbnailUrl":"https:\/\/en3s.fr\/secudoc\/wp-content\/uploads\/sites\/4\/2018\/11\/infog_vaccination_v1.jpg","datePublished":"2018-11-05T08:41:07+00:00","breadcrumb":{"@id":"https:\/\/en3s.fr\/secudoc\/produits-documentaires\/infographies\/semaine-europeenne-de-la-vaccination\/#breadcrumb"},"inLanguage":"fr-FR","potentialAction":[{"@type":"ReadAction","target":["https:\/\/en3s.fr\/secudoc\/produits-documentaires\/infographies\/semaine-europeenne-de-la-vaccination\/"]}]},{"@type":"ImageObject","inLanguage":"fr-FR","@id":"https:\/\/en3s.fr\/secudoc\/produits-documentaires\/infographies\/semaine-europeenne-de-la-vaccination\/#primaryimage","url":"https:\/\/en3s.fr\/secudoc\/wp-content\/uploads\/sites\/4\/2018\/11\/infog_vaccination_v1.jpg","contentUrl":"https:\/\/en3s.fr\/secudoc\/wp-content\/uploads\/sites\/4\/2018\/11\/infog_vaccination_v1.jpg","width":556,"height":2048},{"@type":"BreadcrumbList","@id":"https:\/\/en3s.fr\/secudoc\/produits-documentaires\/infographies\/semaine-europeenne-de-la-vaccination\/#breadcrumb","itemListElement":[{"@type":"ListItem","position":1,"name":"Accueil","item":"https:\/\/en3s.fr\/secudoc\/"},{"@type":"ListItem","position":2,"name":"Produits documentaires","item":"https:\/\/en3s.fr\/secudoc\/produits-documentaires\/"},{"@type":"ListItem","position":3,"name":"Infographies","item":"https:\/\/en3s.fr\/secudoc\/?page_id=908"},{"@type":"ListItem","position":4,"name":"Semaine europ\u00e9enne de la vaccination"}]},{"@type":"WebSite","@id":"https:\/\/en3s.fr\/secudoc\/#website","url":"https:\/\/en3s.fr\/secudoc\/","name":"S\u00e9cu Doc","description":"Centre de ressources de la S\u00e9curit\u00e9 sociale","potentialAction":[{"@type":"SearchAction","target":{"@type":"EntryPoint","urlTemplate":"https:\/\/en3s.fr\/secudoc\/?s={search_term_string}"},"query-input":{"@type":"PropertyValueSpecification","valueRequired":true,"valueName":"search_term_string"}}],"inLanguage":"fr-FR"}]}},"_links":{"self":[{"href":"https:\/\/en3s.fr\/secudoc\/wp-json\/wp\/v2\/pages\/2615","targetHints":{"allow":["GET"]}}],"collection":[{"href":"https:\/\/en3s.fr\/secudoc\/wp-json\/wp\/v2\/pages"}],"about":[{"href":"https:\/\/en3s.fr\/secudoc\/wp-json\/wp\/v2\/types\/page"}],"author":[{"embeddable":true,"href":"https:\/\/en3s.fr\/secudoc\/wp-json\/wp\/v2\/users\/1"}],"replies":[{"embeddable":true,"href":"https:\/\/en3s.fr\/secudoc\/wp-json\/wp\/v2\/comments?post=2615"}],"version-history":[{"count":0,"href":"https:\/\/en3s.fr\/secudoc\/wp-json\/wp\/v2\/pages\/2615\/revisions"}],"up":[{"embeddable":true,"href":"https:\/\/en3s.fr\/secudoc\/wp-json\/wp\/v2\/pages\/908"}],"wp:attachment":[{"href":"https:\/\/en3s.fr\/secudoc\/wp-json\/wp\/v2\/media?parent=2615"}],"curies":[{"name":"wp","href":"https:\/\/api.w.org\/{rel}","templated":true}]}}