{"id":3686,"date":"2020-03-31T12:27:24","date_gmt":"2020-03-31T10:27:24","guid":{"rendered":"https:\/\/en3s.fr\/secudoc\/?page_id=3686"},"modified":"2022-01-20T15:44:47","modified_gmt":"2022-01-20T14:44:47","slug":"3686-2","status":"publish","type":"page","link":"https:\/\/en3s.fr\/secudoc\/produits-documentaires\/publications-en3s\/3686-2\/","title":{"rendered":"PLACE ET R\u00d4LE DE L&rsquo;EHPAD DANS L&rsquo;OFFRE DE DEMAIN ?"},"content":{"rendered":"<h3><\/h3>\n<blockquote>\n<p style=\"text-align: left\"><a href=\"https:\/\/www.calameo.com\/read\/004310504c254b92a5ca9\" target=\"_blank\" rel=\"noopener noreferrer\"><em><img loading=\"lazy\" decoding=\"async\" class=\"alignleft wp-image-3895\" src=\"https:\/\/en3s.fr\/secudoc\/wp-content\/uploads\/sites\/4\/2020\/05\/12.jpg\" alt=\"\" width=\"300\" height=\"424\" srcset=\"https:\/\/en3s.fr\/secudoc\/wp-content\/uploads\/sites\/4\/2020\/05\/12.jpg 1004w, https:\/\/en3s.fr\/secudoc\/wp-content\/uploads\/sites\/4\/2020\/05\/12-768x1085.jpg 768w, https:\/\/en3s.fr\/secudoc\/wp-content\/uploads\/sites\/4\/2020\/05\/12-275x389.jpg 275w, https:\/\/en3s.fr\/secudoc\/wp-content\/uploads\/sites\/4\/2020\/05\/12-276x390.jpg 276w, https:\/\/en3s.fr\/secudoc\/wp-content\/uploads\/sites\/4\/2020\/05\/12-230x325.jpg 230w\" sizes=\"auto, (max-width: 300px) 100vw, 300px\" \/><\/em><\/a><\/p>\n<p style=\"text-align: left\"><em>La principale limite de l\u2019organisation actuelle r\u00e9side dans l\u2019inad\u00e9quation entre l\u2019offre et les besoins r\u00e9els des personnes \u00e2g\u00e9es. Le travail a \u00e9t\u00e9 dans un premier temps de faire le constat que la situation actuelle n\u2019est pas adapt\u00e9e avec les envies des personnes en perte d\u2019autonomie. Or, sans actions publiques ou politiques, la situation va s\u2019amplifier. La vision pour 2030 <\/em><em>se fonde sur l\u2019existant. Il s\u2019agit de pr\u00e9parer le terrain pour atteindre une r\u00e9organisation syst\u00e9mique en 2050 en renfor\u00e7ant la coop\u00e9ration des acteurs et en rapprochant l\u2019offre aux besoins des personnes \u00e2g\u00e9es.\u00a0<\/em><\/p>\n<p style=\"text-align: left\"><em>En 2050, l\u2019objectif sera de sortir de la logique actuelle de prise en charge de la personne \u00e2g\u00e9e en fonction de l\u2019offre existante et que le besoin de la personne soit l\u2019\u00e9l\u00e9ment central. <\/em><em>En effet si le financement de la prise en charge des personnes \u00e2g\u00e9es est aujourd\u2019hui questionn\u00e9, il devra \u00eatre clarifi\u00e9 demain pour permettre \u00e0 chacun des acteurs de s\u2019investir pleinement dans le parcours des personnes en perte d\u2019autonomie.\u00a0<\/em><\/p>\n<\/blockquote>\n<p style=\"text-align: center\"><a href=\"https:\/\/fr.calameo.com\/read\/004310504e2b62c696593\" target=\"_blank\" rel=\"noopener noreferrer\">Retrouvez l&rsquo;int\u00e9gralit\u00e9 du rapport<\/a><\/p>\n","protected":false},"excerpt":{"rendered":"<p>La principale limite de l\u2019organisation actuelle r\u00e9side dans l\u2019inad\u00e9quation entre l\u2019offre et les besoins r\u00e9els des personnes \u00e2g\u00e9es. Le travail a \u00e9t\u00e9 dans un premier temps de faire le constat que la situation actuelle n\u2019est pas adapt\u00e9e avec les envies des personnes en perte d\u2019autonomie. Or, sans actions publiques ou politiques, la situation va s\u2019amplifier. [&hellip;]<\/p>\n","protected":false},"author":42,"featured_media":0,"parent":910,"menu_order":0,"comment_status":"closed","ping_status":"closed","template":"","meta":{"ngg_post_thumbnail":0,"footnotes":""},"class_list":["post-3686","page","type-page","status-publish","hentry"],"yoast_head":"<!-- This site is optimized with the Yoast SEO plugin v24.9 - https:\/\/yoast.com\/wordpress\/plugins\/seo\/ -->\n<title>PLACE ET R\u00d4LE DE L&#039;EHPAD DANS L&#039;OFFRE DE DEMAIN ? - S\u00e9cu Doc<\/title>\n<meta name=\"description\" content=\"La principale limite de l\u2019organisation actuelle r\u00e9side dans l\u2019inad\u00e9quation entre l\u2019offre et les besoins r\u00e9els des personnes \u00e2g\u00e9es. Le travail a \u00e9t\u00e9 dans\" \/>\n<meta name=\"robots\" content=\"index, follow, max-snippet:-1, max-image-preview:large, max-video-preview:-1\" \/>\n<link rel=\"canonical\" href=\"https:\/\/en3s.fr\/secudoc\/produits-documentaires\/publications-en3s\/3686-2\/\" \/>\n<meta property=\"og:locale\" content=\"fr_FR\" \/>\n<meta property=\"og:type\" content=\"article\" \/>\n<meta property=\"og:title\" content=\"PLACE ET R\u00d4LE DE L&#039;EHPAD DANS L&#039;OFFRE DE DEMAIN ? - S\u00e9cu Doc\" \/>\n<meta property=\"og:description\" content=\"La principale limite de l\u2019organisation actuelle r\u00e9side dans l\u2019inad\u00e9quation entre l\u2019offre et les besoins r\u00e9els des personnes \u00e2g\u00e9es. Le travail a \u00e9t\u00e9 dans\" \/>\n<meta property=\"og:url\" content=\"https:\/\/en3s.fr\/secudoc\/produits-documentaires\/publications-en3s\/3686-2\/\" \/>\n<meta property=\"og:site_name\" content=\"S\u00e9cu Doc\" \/>\n<meta property=\"article:modified_time\" content=\"2022-01-20T14:44:47+00:00\" \/>\n<meta property=\"og:image\" content=\"https:\/\/en3s.fr\/secudoc\/wp-content\/uploads\/sites\/4\/2020\/05\/12.jpg\" \/>\n<meta name=\"twitter:card\" content=\"summary_large_image\" \/>\n<meta name=\"twitter:label1\" content=\"Dur\u00e9e de lecture estim\u00e9e\" \/>\n\t<meta name=\"twitter:data1\" content=\"1 minute\" \/>\n<script type=\"application\/ld+json\" class=\"yoast-schema-graph\">{\"@context\":\"https:\/\/schema.org\",\"@graph\":[{\"@type\":\"WebPage\",\"@id\":\"https:\/\/en3s.fr\/secudoc\/produits-documentaires\/publications-en3s\/3686-2\/\",\"url\":\"https:\/\/en3s.fr\/secudoc\/produits-documentaires\/publications-en3s\/3686-2\/\",\"name\":\"PLACE ET R\u00d4LE DE L'EHPAD DANS L'OFFRE DE DEMAIN ? - S\u00e9cu Doc\",\"isPartOf\":{\"@id\":\"https:\/\/en3s.fr\/secudoc\/#website\"},\"primaryImageOfPage\":{\"@id\":\"https:\/\/en3s.fr\/secudoc\/produits-documentaires\/publications-en3s\/3686-2\/#primaryimage\"},\"image\":{\"@id\":\"https:\/\/en3s.fr\/secudoc\/produits-documentaires\/publications-en3s\/3686-2\/#primaryimage\"},\"thumbnailUrl\":\"https:\/\/en3s.fr\/secudoc\/wp-content\/uploads\/sites\/4\/2020\/05\/12.jpg\",\"datePublished\":\"2020-03-31T10:27:24+00:00\",\"dateModified\":\"2022-01-20T14:44:47+00:00\",\"description\":\"La principale limite de l\u2019organisation actuelle r\u00e9side dans l\u2019inad\u00e9quation entre l\u2019offre et les besoins r\u00e9els des personnes \u00e2g\u00e9es. Le travail a \u00e9t\u00e9 dans\",\"breadcrumb\":{\"@id\":\"https:\/\/en3s.fr\/secudoc\/produits-documentaires\/publications-en3s\/3686-2\/#breadcrumb\"},\"inLanguage\":\"fr-FR\",\"potentialAction\":[{\"@type\":\"ReadAction\",\"target\":[\"https:\/\/en3s.fr\/secudoc\/produits-documentaires\/publications-en3s\/3686-2\/\"]}]},{\"@type\":\"ImageObject\",\"inLanguage\":\"fr-FR\",\"@id\":\"https:\/\/en3s.fr\/secudoc\/produits-documentaires\/publications-en3s\/3686-2\/#primaryimage\",\"url\":\"https:\/\/en3s.fr\/secudoc\/wp-content\/uploads\/sites\/4\/2020\/05\/12.jpg\",\"contentUrl\":\"https:\/\/en3s.fr\/secudoc\/wp-content\/uploads\/sites\/4\/2020\/05\/12.jpg\",\"width\":1004,\"height\":1419},{\"@type\":\"BreadcrumbList\",\"@id\":\"https:\/\/en3s.fr\/secudoc\/produits-documentaires\/publications-en3s\/3686-2\/#breadcrumb\",\"itemListElement\":[{\"@type\":\"ListItem\",\"position\":1,\"name\":\"Accueil\",\"item\":\"https:\/\/en3s.fr\/secudoc\/\"},{\"@type\":\"ListItem\",\"position\":2,\"name\":\"Produits documentaires\",\"item\":\"https:\/\/en3s.fr\/secudoc\/produits-documentaires\/\"},{\"@type\":\"ListItem\",\"position\":3,\"name\":\"Publications EN3S\",\"item\":\"https:\/\/en3s.fr\/secudoc\/produits-documentaires\/publications-en3s\/\"},{\"@type\":\"ListItem\",\"position\":4,\"name\":\"PLACE ET R\u00d4LE DE L&rsquo;EHPAD DANS L&rsquo;OFFRE DE DEMAIN ?\"}]},{\"@type\":\"WebSite\",\"@id\":\"https:\/\/en3s.fr\/secudoc\/#website\",\"url\":\"https:\/\/en3s.fr\/secudoc\/\",\"name\":\"S\u00e9cu Doc\",\"description\":\"Centre de ressources de la S\u00e9curit\u00e9 sociale\",\"potentialAction\":[{\"@type\":\"SearchAction\",\"target\":{\"@type\":\"EntryPoint\",\"urlTemplate\":\"https:\/\/en3s.fr\/secudoc\/?s={search_term_string}\"},\"query-input\":{\"@type\":\"PropertyValueSpecification\",\"valueRequired\":true,\"valueName\":\"search_term_string\"}}],\"inLanguage\":\"fr-FR\"}]}<\/script>\n<!-- \/ Yoast SEO plugin. -->","yoast_head_json":{"title":"PLACE ET R\u00d4LE DE L'EHPAD DANS L'OFFRE DE DEMAIN ? - S\u00e9cu Doc","description":"La principale limite de l\u2019organisation actuelle r\u00e9side dans l\u2019inad\u00e9quation entre l\u2019offre et les besoins r\u00e9els des personnes \u00e2g\u00e9es. Le travail a \u00e9t\u00e9 dans","robots":{"index":"index","follow":"follow","max-snippet":"max-snippet:-1","max-image-preview":"max-image-preview:large","max-video-preview":"max-video-preview:-1"},"canonical":"https:\/\/en3s.fr\/secudoc\/produits-documentaires\/publications-en3s\/3686-2\/","og_locale":"fr_FR","og_type":"article","og_title":"PLACE ET R\u00d4LE DE L'EHPAD DANS L'OFFRE DE DEMAIN ? - S\u00e9cu Doc","og_description":"La principale limite de l\u2019organisation actuelle r\u00e9side dans l\u2019inad\u00e9quation entre l\u2019offre et les besoins r\u00e9els des personnes \u00e2g\u00e9es. Le travail a \u00e9t\u00e9 dans","og_url":"https:\/\/en3s.fr\/secudoc\/produits-documentaires\/publications-en3s\/3686-2\/","og_site_name":"S\u00e9cu Doc","article_modified_time":"2022-01-20T14:44:47+00:00","og_image":[{"url":"https:\/\/en3s.fr\/secudoc\/wp-content\/uploads\/sites\/4\/2020\/05\/12.jpg","type":"","width":"","height":""}],"twitter_card":"summary_large_image","twitter_misc":{"Dur\u00e9e de lecture estim\u00e9e":"1 minute"},"schema":{"@context":"https:\/\/schema.org","@graph":[{"@type":"WebPage","@id":"https:\/\/en3s.fr\/secudoc\/produits-documentaires\/publications-en3s\/3686-2\/","url":"https:\/\/en3s.fr\/secudoc\/produits-documentaires\/publications-en3s\/3686-2\/","name":"PLACE ET R\u00d4LE DE L'EHPAD DANS L'OFFRE DE DEMAIN ? - S\u00e9cu Doc","isPartOf":{"@id":"https:\/\/en3s.fr\/secudoc\/#website"},"primaryImageOfPage":{"@id":"https:\/\/en3s.fr\/secudoc\/produits-documentaires\/publications-en3s\/3686-2\/#primaryimage"},"image":{"@id":"https:\/\/en3s.fr\/secudoc\/produits-documentaires\/publications-en3s\/3686-2\/#primaryimage"},"thumbnailUrl":"https:\/\/en3s.fr\/secudoc\/wp-content\/uploads\/sites\/4\/2020\/05\/12.jpg","datePublished":"2020-03-31T10:27:24+00:00","dateModified":"2022-01-20T14:44:47+00:00","description":"La principale limite de l\u2019organisation actuelle r\u00e9side dans l\u2019inad\u00e9quation entre l\u2019offre et les besoins r\u00e9els des personnes \u00e2g\u00e9es. Le travail a \u00e9t\u00e9 dans","breadcrumb":{"@id":"https:\/\/en3s.fr\/secudoc\/produits-documentaires\/publications-en3s\/3686-2\/#breadcrumb"},"inLanguage":"fr-FR","potentialAction":[{"@type":"ReadAction","target":["https:\/\/en3s.fr\/secudoc\/produits-documentaires\/publications-en3s\/3686-2\/"]}]},{"@type":"ImageObject","inLanguage":"fr-FR","@id":"https:\/\/en3s.fr\/secudoc\/produits-documentaires\/publications-en3s\/3686-2\/#primaryimage","url":"https:\/\/en3s.fr\/secudoc\/wp-content\/uploads\/sites\/4\/2020\/05\/12.jpg","contentUrl":"https:\/\/en3s.fr\/secudoc\/wp-content\/uploads\/sites\/4\/2020\/05\/12.jpg","width":1004,"height":1419},{"@type":"BreadcrumbList","@id":"https:\/\/en3s.fr\/secudoc\/produits-documentaires\/publications-en3s\/3686-2\/#breadcrumb","itemListElement":[{"@type":"ListItem","position":1,"name":"Accueil","item":"https:\/\/en3s.fr\/secudoc\/"},{"@type":"ListItem","position":2,"name":"Produits documentaires","item":"https:\/\/en3s.fr\/secudoc\/produits-documentaires\/"},{"@type":"ListItem","position":3,"name":"Publications EN3S","item":"https:\/\/en3s.fr\/secudoc\/produits-documentaires\/publications-en3s\/"},{"@type":"ListItem","position":4,"name":"PLACE ET R\u00d4LE DE L&rsquo;EHPAD DANS L&rsquo;OFFRE DE DEMAIN ?"}]},{"@type":"WebSite","@id":"https:\/\/en3s.fr\/secudoc\/#website","url":"https:\/\/en3s.fr\/secudoc\/","name":"S\u00e9cu Doc","description":"Centre de ressources de la S\u00e9curit\u00e9 sociale","potentialAction":[{"@type":"SearchAction","target":{"@type":"EntryPoint","urlTemplate":"https:\/\/en3s.fr\/secudoc\/?s={search_term_string}"},"query-input":{"@type":"PropertyValueSpecification","valueRequired":true,"valueName":"search_term_string"}}],"inLanguage":"fr-FR"}]}},"_links":{"self":[{"href":"https:\/\/en3s.fr\/secudoc\/wp-json\/wp\/v2\/pages\/3686","targetHints":{"allow":["GET"]}}],"collection":[{"href":"https:\/\/en3s.fr\/secudoc\/wp-json\/wp\/v2\/pages"}],"about":[{"href":"https:\/\/en3s.fr\/secudoc\/wp-json\/wp\/v2\/types\/page"}],"author":[{"embeddable":true,"href":"https:\/\/en3s.fr\/secudoc\/wp-json\/wp\/v2\/users\/42"}],"replies":[{"embeddable":true,"href":"https:\/\/en3s.fr\/secudoc\/wp-json\/wp\/v2\/comments?post=3686"}],"version-history":[{"count":0,"href":"https:\/\/en3s.fr\/secudoc\/wp-json\/wp\/v2\/pages\/3686\/revisions"}],"up":[{"embeddable":true,"href":"https:\/\/en3s.fr\/secudoc\/wp-json\/wp\/v2\/pages\/910"}],"wp:attachment":[{"href":"https:\/\/en3s.fr\/secudoc\/wp-json\/wp\/v2\/media?parent=3686"}],"curies":[{"name":"wp","href":"https:\/\/api.w.org\/{rel}","templated":true}]}}