{"id":3696,"date":"2020-03-31T16:54:10","date_gmt":"2020-03-31T14:54:10","guid":{"rendered":"https:\/\/en3s.fr\/secudoc\/?page_id=3696"},"modified":"2022-01-20T15:45:17","modified_gmt":"2022-01-20T14:45:17","slug":"3696-2","status":"publish","type":"page","link":"https:\/\/en3s.fr\/secudoc\/produits-documentaires\/publications-en3s\/3696-2\/","title":{"rendered":"LA PR\u00c9PARATION DE L\u2019ENTR\u00c9E DE LA T\u00c9L\u00c9SURVEILLANCE DANS LA POLITIQUE CONVENTIONNELLE"},"content":{"rendered":"<h3><\/h3>\n<blockquote><p><em><a href=\"https:\/\/www.calameo.com\/read\/004310504354e5fa4245c\" target=\"_blank\" rel=\"noopener noreferrer\"><img loading=\"lazy\" decoding=\"async\" class=\"alignleft wp-image-3869\" src=\"https:\/\/en3s.fr\/secudoc\/wp-content\/uploads\/sites\/4\/2020\/04\/4-3.jpg\" alt=\"\" width=\"300\" height=\"425\" srcset=\"https:\/\/en3s.fr\/secudoc\/wp-content\/uploads\/sites\/4\/2020\/04\/4-3.jpg 1004w, https:\/\/en3s.fr\/secudoc\/wp-content\/uploads\/sites\/4\/2020\/04\/4-3-768x1088.jpg 768w, https:\/\/en3s.fr\/secudoc\/wp-content\/uploads\/sites\/4\/2020\/04\/4-3-275x390.jpg 275w, https:\/\/en3s.fr\/secudoc\/wp-content\/uploads\/sites\/4\/2020\/04\/4-3-230x326.jpg 230w\" sizes=\"auto, (max-width: 300px) 100vw, 300px\" \/><\/a>La politique conventionnelle doit int\u00e9grer la t\u00e9l\u00e9surveillance (TLS), mais son champ, sa pratique par les professionnels de sant\u00e9 devraient \u00eatre \u00e9largis ; il est pr\u00e9conis\u00e9 de poser les pr\u00e9requis pour garantir un niveau de qualit\u00e9 satisfaisant. <\/em><\/p>\n<p><em>Des conditions sont \u00e0 \u00e9tablir pour ne pas fragiliser les parcours de sant\u00e9 dans les territoires. <\/em><\/p>\n<p><em>Enfin, le maintien d\u2019une tarification au forfait de l\u2019ensemble des parties prenantes est \u00e0 discuter avec les repr\u00e9sentants des professionnels de sant\u00e9 et les industriels pour garantir sa soutenabilit\u00e9 financi\u00e8re et contribuer au respect de l\u2019Ondam.<br \/>\n<\/em><\/p><\/blockquote>\n<p style=\"text-align: center\"><a href=\"https:\/\/fr.calameo.com\/read\/0043105048d50b58bf934\" target=\"_blank\" rel=\"noopener noreferrer\">Retrouvez l&rsquo;int\u00e9gralit\u00e9 du rapport<\/a><\/p>\n","protected":false},"excerpt":{"rendered":"<p>La politique conventionnelle doit int\u00e9grer la t\u00e9l\u00e9surveillance (TLS), mais son champ, sa pratique par les professionnels de sant\u00e9 devraient \u00eatre \u00e9largis ; il est pr\u00e9conis\u00e9 de poser les pr\u00e9requis pour garantir un niveau de qualit\u00e9 satisfaisant. Des conditions sont \u00e0 \u00e9tablir pour ne pas fragiliser les parcours de sant\u00e9 dans les territoires. Enfin, le maintien [&hellip;]<\/p>\n","protected":false},"author":42,"featured_media":0,"parent":910,"menu_order":0,"comment_status":"closed","ping_status":"closed","template":"","meta":{"ngg_post_thumbnail":0,"footnotes":""},"class_list":["post-3696","page","type-page","status-publish","hentry"],"yoast_head":"<!-- This site is optimized with the Yoast SEO plugin v24.9 - https:\/\/yoast.com\/wordpress\/plugins\/seo\/ -->\n<title>LA PR\u00c9PARATION DE L\u2019ENTR\u00c9E DE LA T\u00c9L\u00c9SURVEILLANCE DANS LA POLITIQUE CONVENTIONNELLE - S\u00e9cu Doc<\/title>\n<meta name=\"description\" content=\"La politique conventionnelle doit int\u00e9grer la t\u00e9l\u00e9surveillance (TLS), mais son champ, sa pratique par les professionnels de sant\u00e9 devraient \u00eatre \u00e9largis ;\" \/>\n<meta name=\"robots\" content=\"index, follow, max-snippet:-1, max-image-preview:large, max-video-preview:-1\" \/>\n<link rel=\"canonical\" href=\"https:\/\/en3s.fr\/secudoc\/produits-documentaires\/publications-en3s\/3696-2\/\" \/>\n<meta property=\"og:locale\" content=\"fr_FR\" \/>\n<meta property=\"og:type\" content=\"article\" \/>\n<meta property=\"og:title\" content=\"LA PR\u00c9PARATION DE L\u2019ENTR\u00c9E DE LA T\u00c9L\u00c9SURVEILLANCE DANS LA POLITIQUE CONVENTIONNELLE - S\u00e9cu Doc\" \/>\n<meta property=\"og:description\" content=\"La politique conventionnelle doit int\u00e9grer la t\u00e9l\u00e9surveillance (TLS), mais son champ, sa pratique par les professionnels de sant\u00e9 devraient \u00eatre \u00e9largis ;\" \/>\n<meta property=\"og:url\" content=\"https:\/\/en3s.fr\/secudoc\/produits-documentaires\/publications-en3s\/3696-2\/\" \/>\n<meta property=\"og:site_name\" content=\"S\u00e9cu Doc\" \/>\n<meta property=\"article:modified_time\" content=\"2022-01-20T14:45:17+00:00\" \/>\n<meta property=\"og:image\" content=\"https:\/\/en3s.fr\/secudoc\/wp-content\/uploads\/sites\/4\/2020\/04\/4-3.jpg\" \/>\n<meta name=\"twitter:card\" content=\"summary_large_image\" \/>\n<meta name=\"twitter:label1\" content=\"Dur\u00e9e de lecture estim\u00e9e\" \/>\n\t<meta name=\"twitter:data1\" content=\"1 minute\" \/>\n<script type=\"application\/ld+json\" class=\"yoast-schema-graph\">{\"@context\":\"https:\/\/schema.org\",\"@graph\":[{\"@type\":\"WebPage\",\"@id\":\"https:\/\/en3s.fr\/secudoc\/produits-documentaires\/publications-en3s\/3696-2\/\",\"url\":\"https:\/\/en3s.fr\/secudoc\/produits-documentaires\/publications-en3s\/3696-2\/\",\"name\":\"LA PR\u00c9PARATION DE L\u2019ENTR\u00c9E DE LA T\u00c9L\u00c9SURVEILLANCE DANS LA POLITIQUE CONVENTIONNELLE - S\u00e9cu Doc\",\"isPartOf\":{\"@id\":\"https:\/\/en3s.fr\/secudoc\/#website\"},\"primaryImageOfPage\":{\"@id\":\"https:\/\/en3s.fr\/secudoc\/produits-documentaires\/publications-en3s\/3696-2\/#primaryimage\"},\"image\":{\"@id\":\"https:\/\/en3s.fr\/secudoc\/produits-documentaires\/publications-en3s\/3696-2\/#primaryimage\"},\"thumbnailUrl\":\"https:\/\/en3s.fr\/secudoc\/wp-content\/uploads\/sites\/4\/2020\/04\/4-3.jpg\",\"datePublished\":\"2020-03-31T14:54:10+00:00\",\"dateModified\":\"2022-01-20T14:45:17+00:00\",\"description\":\"La politique conventionnelle doit int\u00e9grer la t\u00e9l\u00e9surveillance (TLS), mais son champ, sa pratique par les professionnels de sant\u00e9 devraient \u00eatre \u00e9largis ;\",\"breadcrumb\":{\"@id\":\"https:\/\/en3s.fr\/secudoc\/produits-documentaires\/publications-en3s\/3696-2\/#breadcrumb\"},\"inLanguage\":\"fr-FR\",\"potentialAction\":[{\"@type\":\"ReadAction\",\"target\":[\"https:\/\/en3s.fr\/secudoc\/produits-documentaires\/publications-en3s\/3696-2\/\"]}]},{\"@type\":\"ImageObject\",\"inLanguage\":\"fr-FR\",\"@id\":\"https:\/\/en3s.fr\/secudoc\/produits-documentaires\/publications-en3s\/3696-2\/#primaryimage\",\"url\":\"https:\/\/en3s.fr\/secudoc\/wp-content\/uploads\/sites\/4\/2020\/04\/4-3.jpg\",\"contentUrl\":\"https:\/\/en3s.fr\/secudoc\/wp-content\/uploads\/sites\/4\/2020\/04\/4-3.jpg\",\"width\":1004,\"height\":1422},{\"@type\":\"BreadcrumbList\",\"@id\":\"https:\/\/en3s.fr\/secudoc\/produits-documentaires\/publications-en3s\/3696-2\/#breadcrumb\",\"itemListElement\":[{\"@type\":\"ListItem\",\"position\":1,\"name\":\"Accueil\",\"item\":\"https:\/\/en3s.fr\/secudoc\/\"},{\"@type\":\"ListItem\",\"position\":2,\"name\":\"Produits documentaires\",\"item\":\"https:\/\/en3s.fr\/secudoc\/produits-documentaires\/\"},{\"@type\":\"ListItem\",\"position\":3,\"name\":\"Publications EN3S\",\"item\":\"https:\/\/en3s.fr\/secudoc\/produits-documentaires\/publications-en3s\/\"},{\"@type\":\"ListItem\",\"position\":4,\"name\":\"LA PR\u00c9PARATION DE L\u2019ENTR\u00c9E DE LA T\u00c9L\u00c9SURVEILLANCE DANS LA POLITIQUE CONVENTIONNELLE\"}]},{\"@type\":\"WebSite\",\"@id\":\"https:\/\/en3s.fr\/secudoc\/#website\",\"url\":\"https:\/\/en3s.fr\/secudoc\/\",\"name\":\"S\u00e9cu Doc\",\"description\":\"Centre de ressources de la S\u00e9curit\u00e9 sociale\",\"potentialAction\":[{\"@type\":\"SearchAction\",\"target\":{\"@type\":\"EntryPoint\",\"urlTemplate\":\"https:\/\/en3s.fr\/secudoc\/?s={search_term_string}\"},\"query-input\":{\"@type\":\"PropertyValueSpecification\",\"valueRequired\":true,\"valueName\":\"search_term_string\"}}],\"inLanguage\":\"fr-FR\"}]}<\/script>\n<!-- \/ Yoast SEO plugin. -->","yoast_head_json":{"title":"LA PR\u00c9PARATION DE L\u2019ENTR\u00c9E DE LA T\u00c9L\u00c9SURVEILLANCE DANS LA POLITIQUE CONVENTIONNELLE - S\u00e9cu Doc","description":"La politique conventionnelle doit int\u00e9grer la t\u00e9l\u00e9surveillance (TLS), mais son champ, sa pratique par les professionnels de sant\u00e9 devraient \u00eatre \u00e9largis ;","robots":{"index":"index","follow":"follow","max-snippet":"max-snippet:-1","max-image-preview":"max-image-preview:large","max-video-preview":"max-video-preview:-1"},"canonical":"https:\/\/en3s.fr\/secudoc\/produits-documentaires\/publications-en3s\/3696-2\/","og_locale":"fr_FR","og_type":"article","og_title":"LA PR\u00c9PARATION DE L\u2019ENTR\u00c9E DE LA T\u00c9L\u00c9SURVEILLANCE DANS LA POLITIQUE CONVENTIONNELLE - S\u00e9cu Doc","og_description":"La politique conventionnelle doit int\u00e9grer la t\u00e9l\u00e9surveillance (TLS), mais son champ, sa pratique par les professionnels de sant\u00e9 devraient \u00eatre \u00e9largis ;","og_url":"https:\/\/en3s.fr\/secudoc\/produits-documentaires\/publications-en3s\/3696-2\/","og_site_name":"S\u00e9cu Doc","article_modified_time":"2022-01-20T14:45:17+00:00","og_image":[{"url":"https:\/\/en3s.fr\/secudoc\/wp-content\/uploads\/sites\/4\/2020\/04\/4-3.jpg","type":"","width":"","height":""}],"twitter_card":"summary_large_image","twitter_misc":{"Dur\u00e9e de lecture estim\u00e9e":"1 minute"},"schema":{"@context":"https:\/\/schema.org","@graph":[{"@type":"WebPage","@id":"https:\/\/en3s.fr\/secudoc\/produits-documentaires\/publications-en3s\/3696-2\/","url":"https:\/\/en3s.fr\/secudoc\/produits-documentaires\/publications-en3s\/3696-2\/","name":"LA PR\u00c9PARATION DE L\u2019ENTR\u00c9E DE LA T\u00c9L\u00c9SURVEILLANCE DANS LA POLITIQUE CONVENTIONNELLE - S\u00e9cu Doc","isPartOf":{"@id":"https:\/\/en3s.fr\/secudoc\/#website"},"primaryImageOfPage":{"@id":"https:\/\/en3s.fr\/secudoc\/produits-documentaires\/publications-en3s\/3696-2\/#primaryimage"},"image":{"@id":"https:\/\/en3s.fr\/secudoc\/produits-documentaires\/publications-en3s\/3696-2\/#primaryimage"},"thumbnailUrl":"https:\/\/en3s.fr\/secudoc\/wp-content\/uploads\/sites\/4\/2020\/04\/4-3.jpg","datePublished":"2020-03-31T14:54:10+00:00","dateModified":"2022-01-20T14:45:17+00:00","description":"La politique conventionnelle doit int\u00e9grer la t\u00e9l\u00e9surveillance (TLS), mais son champ, sa pratique par les professionnels de sant\u00e9 devraient \u00eatre \u00e9largis ;","breadcrumb":{"@id":"https:\/\/en3s.fr\/secudoc\/produits-documentaires\/publications-en3s\/3696-2\/#breadcrumb"},"inLanguage":"fr-FR","potentialAction":[{"@type":"ReadAction","target":["https:\/\/en3s.fr\/secudoc\/produits-documentaires\/publications-en3s\/3696-2\/"]}]},{"@type":"ImageObject","inLanguage":"fr-FR","@id":"https:\/\/en3s.fr\/secudoc\/produits-documentaires\/publications-en3s\/3696-2\/#primaryimage","url":"https:\/\/en3s.fr\/secudoc\/wp-content\/uploads\/sites\/4\/2020\/04\/4-3.jpg","contentUrl":"https:\/\/en3s.fr\/secudoc\/wp-content\/uploads\/sites\/4\/2020\/04\/4-3.jpg","width":1004,"height":1422},{"@type":"BreadcrumbList","@id":"https:\/\/en3s.fr\/secudoc\/produits-documentaires\/publications-en3s\/3696-2\/#breadcrumb","itemListElement":[{"@type":"ListItem","position":1,"name":"Accueil","item":"https:\/\/en3s.fr\/secudoc\/"},{"@type":"ListItem","position":2,"name":"Produits documentaires","item":"https:\/\/en3s.fr\/secudoc\/produits-documentaires\/"},{"@type":"ListItem","position":3,"name":"Publications EN3S","item":"https:\/\/en3s.fr\/secudoc\/produits-documentaires\/publications-en3s\/"},{"@type":"ListItem","position":4,"name":"LA PR\u00c9PARATION DE L\u2019ENTR\u00c9E DE LA T\u00c9L\u00c9SURVEILLANCE DANS LA POLITIQUE CONVENTIONNELLE"}]},{"@type":"WebSite","@id":"https:\/\/en3s.fr\/secudoc\/#website","url":"https:\/\/en3s.fr\/secudoc\/","name":"S\u00e9cu Doc","description":"Centre de ressources de la S\u00e9curit\u00e9 sociale","potentialAction":[{"@type":"SearchAction","target":{"@type":"EntryPoint","urlTemplate":"https:\/\/en3s.fr\/secudoc\/?s={search_term_string}"},"query-input":{"@type":"PropertyValueSpecification","valueRequired":true,"valueName":"search_term_string"}}],"inLanguage":"fr-FR"}]}},"_links":{"self":[{"href":"https:\/\/en3s.fr\/secudoc\/wp-json\/wp\/v2\/pages\/3696","targetHints":{"allow":["GET"]}}],"collection":[{"href":"https:\/\/en3s.fr\/secudoc\/wp-json\/wp\/v2\/pages"}],"about":[{"href":"https:\/\/en3s.fr\/secudoc\/wp-json\/wp\/v2\/types\/page"}],"author":[{"embeddable":true,"href":"https:\/\/en3s.fr\/secudoc\/wp-json\/wp\/v2\/users\/42"}],"replies":[{"embeddable":true,"href":"https:\/\/en3s.fr\/secudoc\/wp-json\/wp\/v2\/comments?post=3696"}],"version-history":[{"count":0,"href":"https:\/\/en3s.fr\/secudoc\/wp-json\/wp\/v2\/pages\/3696\/revisions"}],"up":[{"embeddable":true,"href":"https:\/\/en3s.fr\/secudoc\/wp-json\/wp\/v2\/pages\/910"}],"wp:attachment":[{"href":"https:\/\/en3s.fr\/secudoc\/wp-json\/wp\/v2\/media?parent=3696"}],"curies":[{"name":"wp","href":"https:\/\/api.w.org\/{rel}","templated":true}]}}