{"id":3720,"date":"2020-03-31T17:10:03","date_gmt":"2020-03-31T15:10:03","guid":{"rendered":"https:\/\/en3s.fr\/secudoc\/?page_id=3720"},"modified":"2022-01-20T15:50:53","modified_gmt":"2022-01-20T14:50:53","slug":"3720-2","status":"publish","type":"page","link":"https:\/\/en3s.fr\/secudoc\/produits-documentaires\/publications-en3s\/3720-2\/","title":{"rendered":"LA MSA, OUTIL ET FABRIQUE DE COH\u00c9SION SOCIALE ET TERRITORIALE"},"content":{"rendered":"<h3><\/h3>\n<blockquote><p><em><a href=\"https:\/\/www.calameo.com\/read\/00431050472eb43daf3ee\" target=\"_blank\" rel=\"noopener noreferrer\"><img loading=\"lazy\" decoding=\"async\" class=\"alignleft wp-image-3919\" src=\"https:\/\/en3s.fr\/secudoc\/wp-content\/uploads\/sites\/4\/2020\/05\/7.jpg\" alt=\"\" width=\"300\" height=\"423\" srcset=\"https:\/\/en3s.fr\/secudoc\/wp-content\/uploads\/sites\/4\/2020\/05\/7.jpg 1000w, https:\/\/en3s.fr\/secudoc\/wp-content\/uploads\/sites\/4\/2020\/05\/7-768x1083.jpg 768w, https:\/\/en3s.fr\/secudoc\/wp-content\/uploads\/sites\/4\/2020\/05\/7-275x388.jpg 275w, https:\/\/en3s.fr\/secudoc\/wp-content\/uploads\/sites\/4\/2020\/05\/7-277x390.jpg 277w, https:\/\/en3s.fr\/secudoc\/wp-content\/uploads\/sites\/4\/2020\/05\/7-230x324.jpg 230w\" sizes=\"auto, (max-width: 300px) 100vw, 300px\" \/><\/a>La MSA a toute la l\u00e9gitimit\u00e9 pour participer au renforcement des liens entre institutions et territoires afin d\u2019accro\u00eetre l\u2019accessibilit\u00e9 des services et participer \u00e0 l\u2019accompagnement social des territoires.<\/em><\/p>\n<p><em>Au niveau national, le projet MSA 2025 est un v\u00e9ritable projet politique et un puissant levier d\u2019action. La MSA dispose d\u2019un atout structurel : le guichet unique, gage d\u2019une relation simplifi\u00e9e \u00e0 l\u2019usager. Elle doit s\u2019efforcer d\u2019am\u00e9liorer la qualit\u00e9 de service et de r\u00e9duire les \u00e9carts de performance entre les caisses. <\/em><\/p>\n<p><em>Le r\u00e9gime pourrait avoir pour ambition strat\u00e9gique de devenir un acteur incontournable de la ruralit\u00e9 en s\u2019adossant aux forces du guichet unique et en cultivant les<\/em> <em>facteurs de coh\u00e9sion sociale et territoriale au c\u0153ur du mod\u00e8le MSA.<\/em><\/p>\n<p><em>Il s\u2019agit \u00e0 court terme de contribuer \u00e0 r\u00e9duire la fracture num\u00e9rique territoriale et sociale, et d\u2019assurer la r\u00e9ussite des MSAP by MSA. \u00c0 long terme, axer son d\u00e9veloppement autour d\u2019une offre de service ambitieuse permettra de prolonger l\u2019action de la MSA en faveur de l\u2019emploi et de la coh\u00e9sion sociale.<\/em><\/p><\/blockquote>\n<p style=\"text-align: center\"><a href=\"https:\/\/www.calameo.com\/read\/004310504b8f39d26640c\" target=\"_blank\" rel=\"noopener noreferrer\">Retrouvez l&rsquo;int\u00e9gralit\u00e9 du rapport<\/a><\/p>\n","protected":false},"excerpt":{"rendered":"<p>La MSA a toute la l\u00e9gitimit\u00e9 pour participer au renforcement des liens entre institutions et territoires afin d\u2019accro\u00eetre l\u2019accessibilit\u00e9 des services et participer \u00e0 l\u2019accompagnement social des territoires. Au niveau national, le projet MSA 2025 est un v\u00e9ritable projet politique et un puissant levier d\u2019action. La MSA dispose d\u2019un atout structurel : le guichet unique, [&hellip;]<\/p>\n","protected":false},"author":42,"featured_media":0,"parent":910,"menu_order":0,"comment_status":"closed","ping_status":"closed","template":"","meta":{"ngg_post_thumbnail":0,"footnotes":""},"class_list":["post-3720","page","type-page","status-publish","hentry"],"yoast_head":"<!-- This site is optimized with the Yoast SEO plugin v24.9 - https:\/\/yoast.com\/wordpress\/plugins\/seo\/ -->\n<title>LA MSA, OUTIL ET FABRIQUE DE COH\u00c9SION SOCIALE ET TERRITORIALE - S\u00e9cu Doc<\/title>\n<meta name=\"description\" content=\"La MSA a toute la l\u00e9gitimit\u00e9 pour participer au renforcement des liens entre institutions et territoires afin d\u2019accro\u00eetre l\u2019accessibilit\u00e9 des services et\" \/>\n<meta name=\"robots\" content=\"index, follow, max-snippet:-1, max-image-preview:large, max-video-preview:-1\" \/>\n<link rel=\"canonical\" href=\"https:\/\/en3s.fr\/secudoc\/produits-documentaires\/publications-en3s\/3720-2\/\" \/>\n<meta property=\"og:locale\" content=\"fr_FR\" \/>\n<meta property=\"og:type\" content=\"article\" \/>\n<meta property=\"og:title\" content=\"LA MSA, OUTIL ET FABRIQUE DE COH\u00c9SION SOCIALE ET TERRITORIALE - S\u00e9cu Doc\" \/>\n<meta property=\"og:description\" content=\"La MSA a toute la l\u00e9gitimit\u00e9 pour participer au renforcement des liens entre institutions et territoires afin d\u2019accro\u00eetre l\u2019accessibilit\u00e9 des services et\" \/>\n<meta property=\"og:url\" content=\"https:\/\/en3s.fr\/secudoc\/produits-documentaires\/publications-en3s\/3720-2\/\" \/>\n<meta property=\"og:site_name\" content=\"S\u00e9cu Doc\" \/>\n<meta property=\"article:modified_time\" content=\"2022-01-20T14:50:53+00:00\" \/>\n<meta property=\"og:image\" content=\"https:\/\/en3s.fr\/secudoc\/wp-content\/uploads\/sites\/4\/2020\/05\/7.jpg\" \/>\n<meta name=\"twitter:card\" content=\"summary_large_image\" \/>\n<meta name=\"twitter:label1\" content=\"Dur\u00e9e de lecture estim\u00e9e\" \/>\n\t<meta name=\"twitter:data1\" content=\"1 minute\" \/>\n<script type=\"application\/ld+json\" class=\"yoast-schema-graph\">{\"@context\":\"https:\/\/schema.org\",\"@graph\":[{\"@type\":\"WebPage\",\"@id\":\"https:\/\/en3s.fr\/secudoc\/produits-documentaires\/publications-en3s\/3720-2\/\",\"url\":\"https:\/\/en3s.fr\/secudoc\/produits-documentaires\/publications-en3s\/3720-2\/\",\"name\":\"LA MSA, OUTIL ET FABRIQUE DE COH\u00c9SION SOCIALE ET TERRITORIALE - S\u00e9cu Doc\",\"isPartOf\":{\"@id\":\"https:\/\/en3s.fr\/secudoc\/#website\"},\"primaryImageOfPage\":{\"@id\":\"https:\/\/en3s.fr\/secudoc\/produits-documentaires\/publications-en3s\/3720-2\/#primaryimage\"},\"image\":{\"@id\":\"https:\/\/en3s.fr\/secudoc\/produits-documentaires\/publications-en3s\/3720-2\/#primaryimage\"},\"thumbnailUrl\":\"https:\/\/en3s.fr\/secudoc\/wp-content\/uploads\/sites\/4\/2020\/05\/7.jpg\",\"datePublished\":\"2020-03-31T15:10:03+00:00\",\"dateModified\":\"2022-01-20T14:50:53+00:00\",\"description\":\"La MSA a toute la l\u00e9gitimit\u00e9 pour participer au renforcement des liens entre institutions et territoires afin d\u2019accro\u00eetre l\u2019accessibilit\u00e9 des services et\",\"breadcrumb\":{\"@id\":\"https:\/\/en3s.fr\/secudoc\/produits-documentaires\/publications-en3s\/3720-2\/#breadcrumb\"},\"inLanguage\":\"fr-FR\",\"potentialAction\":[{\"@type\":\"ReadAction\",\"target\":[\"https:\/\/en3s.fr\/secudoc\/produits-documentaires\/publications-en3s\/3720-2\/\"]}]},{\"@type\":\"ImageObject\",\"inLanguage\":\"fr-FR\",\"@id\":\"https:\/\/en3s.fr\/secudoc\/produits-documentaires\/publications-en3s\/3720-2\/#primaryimage\",\"url\":\"https:\/\/en3s.fr\/secudoc\/wp-content\/uploads\/sites\/4\/2020\/05\/7.jpg\",\"contentUrl\":\"https:\/\/en3s.fr\/secudoc\/wp-content\/uploads\/sites\/4\/2020\/05\/7.jpg\",\"width\":1000,\"height\":1410},{\"@type\":\"BreadcrumbList\",\"@id\":\"https:\/\/en3s.fr\/secudoc\/produits-documentaires\/publications-en3s\/3720-2\/#breadcrumb\",\"itemListElement\":[{\"@type\":\"ListItem\",\"position\":1,\"name\":\"Accueil\",\"item\":\"https:\/\/en3s.fr\/secudoc\/\"},{\"@type\":\"ListItem\",\"position\":2,\"name\":\"Produits documentaires\",\"item\":\"https:\/\/en3s.fr\/secudoc\/produits-documentaires\/\"},{\"@type\":\"ListItem\",\"position\":3,\"name\":\"Publications EN3S\",\"item\":\"https:\/\/en3s.fr\/secudoc\/produits-documentaires\/publications-en3s\/\"},{\"@type\":\"ListItem\",\"position\":4,\"name\":\"LA MSA, OUTIL ET FABRIQUE DE COH\u00c9SION SOCIALE ET TERRITORIALE\"}]},{\"@type\":\"WebSite\",\"@id\":\"https:\/\/en3s.fr\/secudoc\/#website\",\"url\":\"https:\/\/en3s.fr\/secudoc\/\",\"name\":\"S\u00e9cu Doc\",\"description\":\"Centre de ressources de la S\u00e9curit\u00e9 sociale\",\"potentialAction\":[{\"@type\":\"SearchAction\",\"target\":{\"@type\":\"EntryPoint\",\"urlTemplate\":\"https:\/\/en3s.fr\/secudoc\/?s={search_term_string}\"},\"query-input\":{\"@type\":\"PropertyValueSpecification\",\"valueRequired\":true,\"valueName\":\"search_term_string\"}}],\"inLanguage\":\"fr-FR\"}]}<\/script>\n<!-- \/ Yoast SEO plugin. -->","yoast_head_json":{"title":"LA MSA, OUTIL ET FABRIQUE DE COH\u00c9SION SOCIALE ET TERRITORIALE - S\u00e9cu Doc","description":"La MSA a toute la l\u00e9gitimit\u00e9 pour participer au renforcement des liens entre institutions et territoires afin d\u2019accro\u00eetre l\u2019accessibilit\u00e9 des services et","robots":{"index":"index","follow":"follow","max-snippet":"max-snippet:-1","max-image-preview":"max-image-preview:large","max-video-preview":"max-video-preview:-1"},"canonical":"https:\/\/en3s.fr\/secudoc\/produits-documentaires\/publications-en3s\/3720-2\/","og_locale":"fr_FR","og_type":"article","og_title":"LA MSA, OUTIL ET FABRIQUE DE COH\u00c9SION SOCIALE ET TERRITORIALE - S\u00e9cu Doc","og_description":"La MSA a toute la l\u00e9gitimit\u00e9 pour participer au renforcement des liens entre institutions et territoires afin d\u2019accro\u00eetre l\u2019accessibilit\u00e9 des services et","og_url":"https:\/\/en3s.fr\/secudoc\/produits-documentaires\/publications-en3s\/3720-2\/","og_site_name":"S\u00e9cu Doc","article_modified_time":"2022-01-20T14:50:53+00:00","og_image":[{"url":"https:\/\/en3s.fr\/secudoc\/wp-content\/uploads\/sites\/4\/2020\/05\/7.jpg","type":"","width":"","height":""}],"twitter_card":"summary_large_image","twitter_misc":{"Dur\u00e9e de lecture estim\u00e9e":"1 minute"},"schema":{"@context":"https:\/\/schema.org","@graph":[{"@type":"WebPage","@id":"https:\/\/en3s.fr\/secudoc\/produits-documentaires\/publications-en3s\/3720-2\/","url":"https:\/\/en3s.fr\/secudoc\/produits-documentaires\/publications-en3s\/3720-2\/","name":"LA MSA, OUTIL ET FABRIQUE DE COH\u00c9SION SOCIALE ET TERRITORIALE - S\u00e9cu Doc","isPartOf":{"@id":"https:\/\/en3s.fr\/secudoc\/#website"},"primaryImageOfPage":{"@id":"https:\/\/en3s.fr\/secudoc\/produits-documentaires\/publications-en3s\/3720-2\/#primaryimage"},"image":{"@id":"https:\/\/en3s.fr\/secudoc\/produits-documentaires\/publications-en3s\/3720-2\/#primaryimage"},"thumbnailUrl":"https:\/\/en3s.fr\/secudoc\/wp-content\/uploads\/sites\/4\/2020\/05\/7.jpg","datePublished":"2020-03-31T15:10:03+00:00","dateModified":"2022-01-20T14:50:53+00:00","description":"La MSA a toute la l\u00e9gitimit\u00e9 pour participer au renforcement des liens entre institutions et territoires afin d\u2019accro\u00eetre l\u2019accessibilit\u00e9 des services et","breadcrumb":{"@id":"https:\/\/en3s.fr\/secudoc\/produits-documentaires\/publications-en3s\/3720-2\/#breadcrumb"},"inLanguage":"fr-FR","potentialAction":[{"@type":"ReadAction","target":["https:\/\/en3s.fr\/secudoc\/produits-documentaires\/publications-en3s\/3720-2\/"]}]},{"@type":"ImageObject","inLanguage":"fr-FR","@id":"https:\/\/en3s.fr\/secudoc\/produits-documentaires\/publications-en3s\/3720-2\/#primaryimage","url":"https:\/\/en3s.fr\/secudoc\/wp-content\/uploads\/sites\/4\/2020\/05\/7.jpg","contentUrl":"https:\/\/en3s.fr\/secudoc\/wp-content\/uploads\/sites\/4\/2020\/05\/7.jpg","width":1000,"height":1410},{"@type":"BreadcrumbList","@id":"https:\/\/en3s.fr\/secudoc\/produits-documentaires\/publications-en3s\/3720-2\/#breadcrumb","itemListElement":[{"@type":"ListItem","position":1,"name":"Accueil","item":"https:\/\/en3s.fr\/secudoc\/"},{"@type":"ListItem","position":2,"name":"Produits documentaires","item":"https:\/\/en3s.fr\/secudoc\/produits-documentaires\/"},{"@type":"ListItem","position":3,"name":"Publications EN3S","item":"https:\/\/en3s.fr\/secudoc\/produits-documentaires\/publications-en3s\/"},{"@type":"ListItem","position":4,"name":"LA MSA, OUTIL ET FABRIQUE DE COH\u00c9SION SOCIALE ET TERRITORIALE"}]},{"@type":"WebSite","@id":"https:\/\/en3s.fr\/secudoc\/#website","url":"https:\/\/en3s.fr\/secudoc\/","name":"S\u00e9cu Doc","description":"Centre de ressources de la S\u00e9curit\u00e9 sociale","potentialAction":[{"@type":"SearchAction","target":{"@type":"EntryPoint","urlTemplate":"https:\/\/en3s.fr\/secudoc\/?s={search_term_string}"},"query-input":{"@type":"PropertyValueSpecification","valueRequired":true,"valueName":"search_term_string"}}],"inLanguage":"fr-FR"}]}},"_links":{"self":[{"href":"https:\/\/en3s.fr\/secudoc\/wp-json\/wp\/v2\/pages\/3720","targetHints":{"allow":["GET"]}}],"collection":[{"href":"https:\/\/en3s.fr\/secudoc\/wp-json\/wp\/v2\/pages"}],"about":[{"href":"https:\/\/en3s.fr\/secudoc\/wp-json\/wp\/v2\/types\/page"}],"author":[{"embeddable":true,"href":"https:\/\/en3s.fr\/secudoc\/wp-json\/wp\/v2\/users\/42"}],"replies":[{"embeddable":true,"href":"https:\/\/en3s.fr\/secudoc\/wp-json\/wp\/v2\/comments?post=3720"}],"version-history":[{"count":0,"href":"https:\/\/en3s.fr\/secudoc\/wp-json\/wp\/v2\/pages\/3720\/revisions"}],"up":[{"embeddable":true,"href":"https:\/\/en3s.fr\/secudoc\/wp-json\/wp\/v2\/pages\/910"}],"wp:attachment":[{"href":"https:\/\/en3s.fr\/secudoc\/wp-json\/wp\/v2\/media?parent=3720"}],"curies":[{"name":"wp","href":"https:\/\/api.w.org\/{rel}","templated":true}]}}