{"id":3728,"date":"2020-03-31T17:27:12","date_gmt":"2020-03-31T15:27:12","guid":{"rendered":"https:\/\/en3s.fr\/secudoc\/?page_id=3728"},"modified":"2022-02-02T16:50:28","modified_gmt":"2022-02-02T15:50:28","slug":"3728-2","status":"publish","type":"page","link":"https:\/\/en3s.fr\/secudoc\/produits-documentaires\/publications-en3s\/3728-2\/","title":{"rendered":"ACCOMPAGNER VERS, DANS ET HORS LA PRESTATION : QUELLES PERSPECTIVES POUR LES CAF ?"},"content":{"rendered":"<h3><\/h3>\n<blockquote><p><em><a href=\"https:\/\/www.calameo.com\/read\/004310504a414764622c6\" target=\"_blank\" rel=\"noopener noreferrer\"><img loading=\"lazy\" decoding=\"async\" class=\"alignleft wp-image-3915\" src=\"https:\/\/en3s.fr\/secudoc\/wp-content\/uploads\/sites\/4\/2020\/05\/1-1.jpg\" alt=\"\" width=\"300\" height=\"427\" srcset=\"https:\/\/en3s.fr\/secudoc\/wp-content\/uploads\/sites\/4\/2020\/05\/1-1.jpg 1000w, https:\/\/en3s.fr\/secudoc\/wp-content\/uploads\/sites\/4\/2020\/05\/1-1-768x1093.jpg 768w, https:\/\/en3s.fr\/secudoc\/wp-content\/uploads\/sites\/4\/2020\/05\/1-1-275x391.jpg 275w, https:\/\/en3s.fr\/secudoc\/wp-content\/uploads\/sites\/4\/2020\/05\/1-1-274x390.jpg 274w, https:\/\/en3s.fr\/secudoc\/wp-content\/uploads\/sites\/4\/2020\/05\/1-1-230x327.jpg 230w\" sizes=\"auto, (max-width: 300px) 100vw, 300px\" \/><\/a>La recherche-action vise \u00e0 mener une \u00e9tude afin de d\u00e9terminer quels types d\u2019interactions les Caf devraient favoriser demain pour r\u00e9pondre le plus efficacement possible aux besoins de leurs publics.<\/em><em> Une offre globale de service et une meilleure coordination partenariale sont autant de leviers n\u00e9cessaires pour faire de la Caf l\u2019acteur central des politiques publiques de coh\u00e9sion sociale.<\/em><\/p>\n<p><em>Ce travail formule des propositions qui peuvent, pour la plupart, faire l\u2019objet d\u2019une mise en \u0153uvre \u00e0 court terme.\u00a0<\/em><\/p><\/blockquote>\n<p style=\"text-align: center\"><a href=\"https:\/\/fr.calameo.com\/read\/004310504d5328548a69e\" target=\"_blank\" rel=\"noopener noreferrer\">Retrouvez l&rsquo;int\u00e9gralit\u00e9 du rapport<\/a><\/p>\n","protected":false},"excerpt":{"rendered":"<p>La recherche-action vise \u00e0 mener une \u00e9tude afin de d\u00e9terminer quels types d\u2019interactions les Caf devraient favoriser demain pour r\u00e9pondre le plus efficacement possible aux besoins de leurs publics. Une offre globale de service et une meilleure coordination partenariale sont autant de leviers n\u00e9cessaires pour faire de la Caf l\u2019acteur central des politiques publiques de [&hellip;]<\/p>\n","protected":false},"author":42,"featured_media":0,"parent":910,"menu_order":0,"comment_status":"closed","ping_status":"closed","template":"","meta":{"ngg_post_thumbnail":0,"footnotes":""},"class_list":["post-3728","page","type-page","status-publish","hentry"],"yoast_head":"<!-- This site is optimized with the Yoast SEO plugin v24.9 - https:\/\/yoast.com\/wordpress\/plugins\/seo\/ -->\n<title>ACCOMPAGNER VERS, DANS ET HORS LA PRESTATION : QUELLES PERSPECTIVES POUR LES CAF ? - S\u00e9cu Doc<\/title>\n<meta name=\"description\" content=\"La recherche-action vise \u00e0 mener une \u00e9tude afin de d\u00e9terminer quels types d\u2019interactions les Caf devraient favoriser demain pour r\u00e9pondre le plus\" \/>\n<meta name=\"robots\" content=\"index, follow, max-snippet:-1, max-image-preview:large, max-video-preview:-1\" \/>\n<link rel=\"canonical\" href=\"https:\/\/en3s.fr\/secudoc\/produits-documentaires\/publications-en3s\/3728-2\/\" \/>\n<meta property=\"og:locale\" content=\"fr_FR\" \/>\n<meta property=\"og:type\" content=\"article\" \/>\n<meta property=\"og:title\" content=\"ACCOMPAGNER VERS, DANS ET HORS LA PRESTATION : QUELLES PERSPECTIVES POUR LES CAF ? - S\u00e9cu Doc\" \/>\n<meta property=\"og:description\" content=\"La recherche-action vise \u00e0 mener une \u00e9tude afin de d\u00e9terminer quels types d\u2019interactions les Caf devraient favoriser demain pour r\u00e9pondre le plus\" \/>\n<meta property=\"og:url\" content=\"https:\/\/en3s.fr\/secudoc\/produits-documentaires\/publications-en3s\/3728-2\/\" \/>\n<meta property=\"og:site_name\" content=\"S\u00e9cu Doc\" \/>\n<meta property=\"article:modified_time\" content=\"2022-02-02T15:50:28+00:00\" \/>\n<meta property=\"og:image\" content=\"https:\/\/en3s.fr\/secudoc\/wp-content\/uploads\/sites\/4\/2020\/05\/1-1.jpg\" \/>\n<meta name=\"twitter:card\" content=\"summary_large_image\" \/>\n<meta name=\"twitter:label1\" content=\"Dur\u00e9e de lecture estim\u00e9e\" \/>\n\t<meta name=\"twitter:data1\" content=\"1 minute\" \/>\n<script type=\"application\/ld+json\" class=\"yoast-schema-graph\">{\"@context\":\"https:\/\/schema.org\",\"@graph\":[{\"@type\":\"WebPage\",\"@id\":\"https:\/\/en3s.fr\/secudoc\/produits-documentaires\/publications-en3s\/3728-2\/\",\"url\":\"https:\/\/en3s.fr\/secudoc\/produits-documentaires\/publications-en3s\/3728-2\/\",\"name\":\"ACCOMPAGNER VERS, DANS ET HORS LA PRESTATION : QUELLES PERSPECTIVES POUR LES CAF ? - S\u00e9cu Doc\",\"isPartOf\":{\"@id\":\"https:\/\/en3s.fr\/secudoc\/#website\"},\"primaryImageOfPage\":{\"@id\":\"https:\/\/en3s.fr\/secudoc\/produits-documentaires\/publications-en3s\/3728-2\/#primaryimage\"},\"image\":{\"@id\":\"https:\/\/en3s.fr\/secudoc\/produits-documentaires\/publications-en3s\/3728-2\/#primaryimage\"},\"thumbnailUrl\":\"https:\/\/en3s.fr\/secudoc\/wp-content\/uploads\/sites\/4\/2020\/05\/1-1.jpg\",\"datePublished\":\"2020-03-31T15:27:12+00:00\",\"dateModified\":\"2022-02-02T15:50:28+00:00\",\"description\":\"La recherche-action vise \u00e0 mener une \u00e9tude afin de d\u00e9terminer quels types d\u2019interactions les Caf devraient favoriser demain pour r\u00e9pondre le plus\",\"breadcrumb\":{\"@id\":\"https:\/\/en3s.fr\/secudoc\/produits-documentaires\/publications-en3s\/3728-2\/#breadcrumb\"},\"inLanguage\":\"fr-FR\",\"potentialAction\":[{\"@type\":\"ReadAction\",\"target\":[\"https:\/\/en3s.fr\/secudoc\/produits-documentaires\/publications-en3s\/3728-2\/\"]}]},{\"@type\":\"ImageObject\",\"inLanguage\":\"fr-FR\",\"@id\":\"https:\/\/en3s.fr\/secudoc\/produits-documentaires\/publications-en3s\/3728-2\/#primaryimage\",\"url\":\"https:\/\/en3s.fr\/secudoc\/wp-content\/uploads\/sites\/4\/2020\/05\/1-1.jpg\",\"contentUrl\":\"https:\/\/en3s.fr\/secudoc\/wp-content\/uploads\/sites\/4\/2020\/05\/1-1.jpg\",\"width\":1000,\"height\":1423},{\"@type\":\"BreadcrumbList\",\"@id\":\"https:\/\/en3s.fr\/secudoc\/produits-documentaires\/publications-en3s\/3728-2\/#breadcrumb\",\"itemListElement\":[{\"@type\":\"ListItem\",\"position\":1,\"name\":\"Accueil\",\"item\":\"https:\/\/en3s.fr\/secudoc\/\"},{\"@type\":\"ListItem\",\"position\":2,\"name\":\"Produits documentaires\",\"item\":\"https:\/\/en3s.fr\/secudoc\/produits-documentaires\/\"},{\"@type\":\"ListItem\",\"position\":3,\"name\":\"Publications EN3S\",\"item\":\"https:\/\/en3s.fr\/secudoc\/produits-documentaires\/publications-en3s\/\"},{\"@type\":\"ListItem\",\"position\":4,\"name\":\"ACCOMPAGNER VERS, DANS ET HORS LA PRESTATION : QUELLES PERSPECTIVES POUR LES CAF ?\"}]},{\"@type\":\"WebSite\",\"@id\":\"https:\/\/en3s.fr\/secudoc\/#website\",\"url\":\"https:\/\/en3s.fr\/secudoc\/\",\"name\":\"S\u00e9cu Doc\",\"description\":\"Centre de ressources de la S\u00e9curit\u00e9 sociale\",\"potentialAction\":[{\"@type\":\"SearchAction\",\"target\":{\"@type\":\"EntryPoint\",\"urlTemplate\":\"https:\/\/en3s.fr\/secudoc\/?s={search_term_string}\"},\"query-input\":{\"@type\":\"PropertyValueSpecification\",\"valueRequired\":true,\"valueName\":\"search_term_string\"}}],\"inLanguage\":\"fr-FR\"}]}<\/script>\n<!-- \/ Yoast SEO plugin. -->","yoast_head_json":{"title":"ACCOMPAGNER VERS, DANS ET HORS LA PRESTATION : QUELLES PERSPECTIVES POUR LES CAF ? - S\u00e9cu Doc","description":"La recherche-action vise \u00e0 mener une \u00e9tude afin de d\u00e9terminer quels types d\u2019interactions les Caf devraient favoriser demain pour r\u00e9pondre le plus","robots":{"index":"index","follow":"follow","max-snippet":"max-snippet:-1","max-image-preview":"max-image-preview:large","max-video-preview":"max-video-preview:-1"},"canonical":"https:\/\/en3s.fr\/secudoc\/produits-documentaires\/publications-en3s\/3728-2\/","og_locale":"fr_FR","og_type":"article","og_title":"ACCOMPAGNER VERS, DANS ET HORS LA PRESTATION : QUELLES PERSPECTIVES POUR LES CAF ? - S\u00e9cu Doc","og_description":"La recherche-action vise \u00e0 mener une \u00e9tude afin de d\u00e9terminer quels types d\u2019interactions les Caf devraient favoriser demain pour r\u00e9pondre le plus","og_url":"https:\/\/en3s.fr\/secudoc\/produits-documentaires\/publications-en3s\/3728-2\/","og_site_name":"S\u00e9cu Doc","article_modified_time":"2022-02-02T15:50:28+00:00","og_image":[{"url":"https:\/\/en3s.fr\/secudoc\/wp-content\/uploads\/sites\/4\/2020\/05\/1-1.jpg","type":"","width":"","height":""}],"twitter_card":"summary_large_image","twitter_misc":{"Dur\u00e9e de lecture estim\u00e9e":"1 minute"},"schema":{"@context":"https:\/\/schema.org","@graph":[{"@type":"WebPage","@id":"https:\/\/en3s.fr\/secudoc\/produits-documentaires\/publications-en3s\/3728-2\/","url":"https:\/\/en3s.fr\/secudoc\/produits-documentaires\/publications-en3s\/3728-2\/","name":"ACCOMPAGNER VERS, DANS ET HORS LA PRESTATION : QUELLES PERSPECTIVES POUR LES CAF ? - S\u00e9cu Doc","isPartOf":{"@id":"https:\/\/en3s.fr\/secudoc\/#website"},"primaryImageOfPage":{"@id":"https:\/\/en3s.fr\/secudoc\/produits-documentaires\/publications-en3s\/3728-2\/#primaryimage"},"image":{"@id":"https:\/\/en3s.fr\/secudoc\/produits-documentaires\/publications-en3s\/3728-2\/#primaryimage"},"thumbnailUrl":"https:\/\/en3s.fr\/secudoc\/wp-content\/uploads\/sites\/4\/2020\/05\/1-1.jpg","datePublished":"2020-03-31T15:27:12+00:00","dateModified":"2022-02-02T15:50:28+00:00","description":"La recherche-action vise \u00e0 mener une \u00e9tude afin de d\u00e9terminer quels types d\u2019interactions les Caf devraient favoriser demain pour r\u00e9pondre le plus","breadcrumb":{"@id":"https:\/\/en3s.fr\/secudoc\/produits-documentaires\/publications-en3s\/3728-2\/#breadcrumb"},"inLanguage":"fr-FR","potentialAction":[{"@type":"ReadAction","target":["https:\/\/en3s.fr\/secudoc\/produits-documentaires\/publications-en3s\/3728-2\/"]}]},{"@type":"ImageObject","inLanguage":"fr-FR","@id":"https:\/\/en3s.fr\/secudoc\/produits-documentaires\/publications-en3s\/3728-2\/#primaryimage","url":"https:\/\/en3s.fr\/secudoc\/wp-content\/uploads\/sites\/4\/2020\/05\/1-1.jpg","contentUrl":"https:\/\/en3s.fr\/secudoc\/wp-content\/uploads\/sites\/4\/2020\/05\/1-1.jpg","width":1000,"height":1423},{"@type":"BreadcrumbList","@id":"https:\/\/en3s.fr\/secudoc\/produits-documentaires\/publications-en3s\/3728-2\/#breadcrumb","itemListElement":[{"@type":"ListItem","position":1,"name":"Accueil","item":"https:\/\/en3s.fr\/secudoc\/"},{"@type":"ListItem","position":2,"name":"Produits documentaires","item":"https:\/\/en3s.fr\/secudoc\/produits-documentaires\/"},{"@type":"ListItem","position":3,"name":"Publications EN3S","item":"https:\/\/en3s.fr\/secudoc\/produits-documentaires\/publications-en3s\/"},{"@type":"ListItem","position":4,"name":"ACCOMPAGNER VERS, DANS ET HORS LA PRESTATION : QUELLES PERSPECTIVES POUR LES CAF ?"}]},{"@type":"WebSite","@id":"https:\/\/en3s.fr\/secudoc\/#website","url":"https:\/\/en3s.fr\/secudoc\/","name":"S\u00e9cu Doc","description":"Centre de ressources de la S\u00e9curit\u00e9 sociale","potentialAction":[{"@type":"SearchAction","target":{"@type":"EntryPoint","urlTemplate":"https:\/\/en3s.fr\/secudoc\/?s={search_term_string}"},"query-input":{"@type":"PropertyValueSpecification","valueRequired":true,"valueName":"search_term_string"}}],"inLanguage":"fr-FR"}]}},"_links":{"self":[{"href":"https:\/\/en3s.fr\/secudoc\/wp-json\/wp\/v2\/pages\/3728","targetHints":{"allow":["GET"]}}],"collection":[{"href":"https:\/\/en3s.fr\/secudoc\/wp-json\/wp\/v2\/pages"}],"about":[{"href":"https:\/\/en3s.fr\/secudoc\/wp-json\/wp\/v2\/types\/page"}],"author":[{"embeddable":true,"href":"https:\/\/en3s.fr\/secudoc\/wp-json\/wp\/v2\/users\/42"}],"replies":[{"embeddable":true,"href":"https:\/\/en3s.fr\/secudoc\/wp-json\/wp\/v2\/comments?post=3728"}],"version-history":[{"count":0,"href":"https:\/\/en3s.fr\/secudoc\/wp-json\/wp\/v2\/pages\/3728\/revisions"}],"up":[{"embeddable":true,"href":"https:\/\/en3s.fr\/secudoc\/wp-json\/wp\/v2\/pages\/910"}],"wp:attachment":[{"href":"https:\/\/en3s.fr\/secudoc\/wp-json\/wp\/v2\/media?parent=3728"}],"curies":[{"name":"wp","href":"https:\/\/api.w.org\/{rel}","templated":true}]}}