{"id":3740,"date":"2020-04-01T10:53:18","date_gmt":"2020-04-01T08:53:18","guid":{"rendered":"https:\/\/en3s.fr\/secudoc\/?page_id=3740"},"modified":"2022-02-02T16:54:40","modified_gmt":"2022-02-02T15:54:40","slug":"3740-2","status":"publish","type":"page","link":"https:\/\/en3s.fr\/secudoc\/produits-documentaires\/publications-en3s\/3740-2\/","title":{"rendered":"L&rsquo;INTRAPRENEURIAT AU SEIN DE LA S\u00c9CURIT\u00c9 SOCIALE : EFFET DE MODE OU R\u00c9ELLE ACTION EN FAVEUR DE LA TRANSFORMATION ?\u00a0"},"content":{"rendered":"<blockquote><p><em><a href=\"https:\/\/www.calameo.com\/read\/004310504cb76a0bb7d78\" target=\"_blank\" rel=\"noopener noreferrer\"><img loading=\"lazy\" decoding=\"async\" class=\"alignleft wp-image-3860\" src=\"https:\/\/en3s.fr\/secudoc\/wp-content\/uploads\/sites\/4\/2020\/04\/8-1.jpg\" alt=\"\" width=\"300\" height=\"427\" srcset=\"https:\/\/en3s.fr\/secudoc\/wp-content\/uploads\/sites\/4\/2020\/04\/8-1.jpg 996w, https:\/\/en3s.fr\/secudoc\/wp-content\/uploads\/sites\/4\/2020\/04\/8-1-768x1092.jpg 768w, https:\/\/en3s.fr\/secudoc\/wp-content\/uploads\/sites\/4\/2020\/04\/8-1-275x391.jpg 275w, https:\/\/en3s.fr\/secudoc\/wp-content\/uploads\/sites\/4\/2020\/04\/8-1-274x390.jpg 274w, https:\/\/en3s.fr\/secudoc\/wp-content\/uploads\/sites\/4\/2020\/04\/8-1-230x327.jpg 230w\" sizes=\"auto, (max-width: 300px) 100vw, 300px\" \/><\/a>L\u2019intrapreneuriat est un outil parmi d\u2019autres pour innover et trouver de nouveaux leviers manag\u00e9riaux. Alors qu\u2019il a pris son essor au sein du secteur priv\u00e9 lucratif, il reste n\u00e9anmoins encore peu connu et d\u00e9velopp\u00e9 au sein des organismes de s\u00e9curit\u00e9 social, de part, notamment un d\u00e9ficit d\u2019image, le cout de l\u2019investissement, l\u2019absence de cadrage et de garantie, la peur de l\u2019\u00e9chec et la difficult\u00e9 de bouger des lignes pyramidales.<\/em><\/p>\n<p><em>L\u2019objet de cette recherche-action a donc \u00e9t\u00e9 d\u2019en comprendre les m\u00e9canismes et d\u2019en analyser les avantages et des difficult\u00e9s. Les travaux de recherches se sont donc principalement ax\u00e9s sur l\u2019analyse de la litt\u00e9rature sp\u00e9cialis\u00e9e, l\u2019analyse des d\u00e9marches intrapreneuriales au sein du r\u00e9seau par une investigation de terrain.<\/em><\/p>\n<p><em>Cette \u00e9tude d\u00e9montre que l\u2019intrapreneuriat, au final, n\u2019est pas l\u2019histoire d\u2019intrapreneurs isol\u00e9s, tels de super-h\u00e9ros, mais plut\u00f4t une aventure collective.\u00a0<\/em><\/p><\/blockquote>\n<p style=\"text-align: center\"><a href=\"https:\/\/www.calameo.com\/read\/004310504dc0a2e8e2a03\" target=\"_blank\" rel=\"noopener noreferrer\">Retrouvez l&rsquo;int\u00e9gralit\u00e9 du rapport\u00a0<\/a><\/p>\n","protected":false},"excerpt":{"rendered":"<p>L\u2019intrapreneuriat est un outil parmi d\u2019autres pour innover et trouver de nouveaux leviers manag\u00e9riaux. Alors qu\u2019il a pris son essor au sein du secteur priv\u00e9 lucratif, il reste n\u00e9anmoins encore peu connu et d\u00e9velopp\u00e9 au sein des organismes de s\u00e9curit\u00e9 social, de part, notamment un d\u00e9ficit d\u2019image, le cout de l\u2019investissement, l\u2019absence de cadrage et [&hellip;]<\/p>\n","protected":false},"author":42,"featured_media":0,"parent":910,"menu_order":0,"comment_status":"closed","ping_status":"closed","template":"","meta":{"ngg_post_thumbnail":0,"footnotes":""},"class_list":["post-3740","page","type-page","status-publish","hentry"],"yoast_head":"<!-- This site is optimized with the Yoast SEO plugin v24.9 - https:\/\/yoast.com\/wordpress\/plugins\/seo\/ -->\n<title>L&#039;INTRAPRENEURIAT AU SEIN DE LA S\u00c9CURIT\u00c9 SOCIALE : EFFET DE MODE OU R\u00c9ELLE ACTION EN FAVEUR DE LA TRANSFORMATION ?\u00a0 - S\u00e9cu Doc<\/title>\n<meta name=\"description\" content=\"L\u2019intrapreneuriat est un outil parmi d\u2019autres pour innover et trouver de nouveaux leviers manag\u00e9riaux. Alors qu\u2019il a pris son essor au sein du secteur\" \/>\n<meta name=\"robots\" content=\"index, follow, max-snippet:-1, max-image-preview:large, max-video-preview:-1\" \/>\n<link rel=\"canonical\" href=\"https:\/\/en3s.fr\/secudoc\/produits-documentaires\/publications-en3s\/3740-2\/\" \/>\n<meta property=\"og:locale\" content=\"fr_FR\" \/>\n<meta property=\"og:type\" content=\"article\" \/>\n<meta property=\"og:title\" content=\"L&#039;INTRAPRENEURIAT AU SEIN DE LA S\u00c9CURIT\u00c9 SOCIALE : EFFET DE MODE OU R\u00c9ELLE ACTION EN FAVEUR DE LA TRANSFORMATION ?\u00a0 - S\u00e9cu Doc\" \/>\n<meta property=\"og:description\" content=\"L\u2019intrapreneuriat est un outil parmi d\u2019autres pour innover et trouver de nouveaux leviers manag\u00e9riaux. Alors qu\u2019il a pris son essor au sein du secteur\" \/>\n<meta property=\"og:url\" content=\"https:\/\/en3s.fr\/secudoc\/produits-documentaires\/publications-en3s\/3740-2\/\" \/>\n<meta property=\"og:site_name\" content=\"S\u00e9cu Doc\" \/>\n<meta property=\"article:modified_time\" content=\"2022-02-02T15:54:40+00:00\" \/>\n<meta property=\"og:image\" content=\"https:\/\/en3s.fr\/secudoc\/wp-content\/uploads\/sites\/4\/2020\/04\/8-1.jpg\" \/>\n<meta name=\"twitter:card\" content=\"summary_large_image\" \/>\n<meta name=\"twitter:label1\" content=\"Dur\u00e9e de lecture estim\u00e9e\" \/>\n\t<meta name=\"twitter:data1\" content=\"1 minute\" \/>\n<script type=\"application\/ld+json\" class=\"yoast-schema-graph\">{\"@context\":\"https:\/\/schema.org\",\"@graph\":[{\"@type\":\"WebPage\",\"@id\":\"https:\/\/en3s.fr\/secudoc\/produits-documentaires\/publications-en3s\/3740-2\/\",\"url\":\"https:\/\/en3s.fr\/secudoc\/produits-documentaires\/publications-en3s\/3740-2\/\",\"name\":\"L'INTRAPRENEURIAT AU SEIN DE LA S\u00c9CURIT\u00c9 SOCIALE : EFFET DE MODE OU R\u00c9ELLE ACTION EN FAVEUR DE LA TRANSFORMATION ?\u00a0 - S\u00e9cu Doc\",\"isPartOf\":{\"@id\":\"https:\/\/en3s.fr\/secudoc\/#website\"},\"primaryImageOfPage\":{\"@id\":\"https:\/\/en3s.fr\/secudoc\/produits-documentaires\/publications-en3s\/3740-2\/#primaryimage\"},\"image\":{\"@id\":\"https:\/\/en3s.fr\/secudoc\/produits-documentaires\/publications-en3s\/3740-2\/#primaryimage\"},\"thumbnailUrl\":\"https:\/\/en3s.fr\/secudoc\/wp-content\/uploads\/sites\/4\/2020\/04\/8-1.jpg\",\"datePublished\":\"2020-04-01T08:53:18+00:00\",\"dateModified\":\"2022-02-02T15:54:40+00:00\",\"description\":\"L\u2019intrapreneuriat est un outil parmi d\u2019autres pour innover et trouver de nouveaux leviers manag\u00e9riaux. Alors qu\u2019il a pris son essor au sein du secteur\",\"breadcrumb\":{\"@id\":\"https:\/\/en3s.fr\/secudoc\/produits-documentaires\/publications-en3s\/3740-2\/#breadcrumb\"},\"inLanguage\":\"fr-FR\",\"potentialAction\":[{\"@type\":\"ReadAction\",\"target\":[\"https:\/\/en3s.fr\/secudoc\/produits-documentaires\/publications-en3s\/3740-2\/\"]}]},{\"@type\":\"ImageObject\",\"inLanguage\":\"fr-FR\",\"@id\":\"https:\/\/en3s.fr\/secudoc\/produits-documentaires\/publications-en3s\/3740-2\/#primaryimage\",\"url\":\"https:\/\/en3s.fr\/secudoc\/wp-content\/uploads\/sites\/4\/2020\/04\/8-1.jpg\",\"contentUrl\":\"https:\/\/en3s.fr\/secudoc\/wp-content\/uploads\/sites\/4\/2020\/04\/8-1.jpg\",\"width\":996,\"height\":1416},{\"@type\":\"BreadcrumbList\",\"@id\":\"https:\/\/en3s.fr\/secudoc\/produits-documentaires\/publications-en3s\/3740-2\/#breadcrumb\",\"itemListElement\":[{\"@type\":\"ListItem\",\"position\":1,\"name\":\"Accueil\",\"item\":\"https:\/\/en3s.fr\/secudoc\/\"},{\"@type\":\"ListItem\",\"position\":2,\"name\":\"Produits documentaires\",\"item\":\"https:\/\/en3s.fr\/secudoc\/produits-documentaires\/\"},{\"@type\":\"ListItem\",\"position\":3,\"name\":\"Publications EN3S\",\"item\":\"https:\/\/en3s.fr\/secudoc\/produits-documentaires\/publications-en3s\/\"},{\"@type\":\"ListItem\",\"position\":4,\"name\":\"L&rsquo;INTRAPRENEURIAT AU SEIN DE LA S\u00c9CURIT\u00c9 SOCIALE : EFFET DE MODE OU R\u00c9ELLE ACTION EN FAVEUR DE LA TRANSFORMATION ?\u00a0\"}]},{\"@type\":\"WebSite\",\"@id\":\"https:\/\/en3s.fr\/secudoc\/#website\",\"url\":\"https:\/\/en3s.fr\/secudoc\/\",\"name\":\"S\u00e9cu Doc\",\"description\":\"Centre de ressources de la S\u00e9curit\u00e9 sociale\",\"potentialAction\":[{\"@type\":\"SearchAction\",\"target\":{\"@type\":\"EntryPoint\",\"urlTemplate\":\"https:\/\/en3s.fr\/secudoc\/?s={search_term_string}\"},\"query-input\":{\"@type\":\"PropertyValueSpecification\",\"valueRequired\":true,\"valueName\":\"search_term_string\"}}],\"inLanguage\":\"fr-FR\"}]}<\/script>\n<!-- \/ Yoast SEO plugin. -->","yoast_head_json":{"title":"L'INTRAPRENEURIAT AU SEIN DE LA S\u00c9CURIT\u00c9 SOCIALE : EFFET DE MODE OU R\u00c9ELLE ACTION EN FAVEUR DE LA TRANSFORMATION ?\u00a0 - S\u00e9cu Doc","description":"L\u2019intrapreneuriat est un outil parmi d\u2019autres pour innover et trouver de nouveaux leviers manag\u00e9riaux. Alors qu\u2019il a pris son essor au sein du secteur","robots":{"index":"index","follow":"follow","max-snippet":"max-snippet:-1","max-image-preview":"max-image-preview:large","max-video-preview":"max-video-preview:-1"},"canonical":"https:\/\/en3s.fr\/secudoc\/produits-documentaires\/publications-en3s\/3740-2\/","og_locale":"fr_FR","og_type":"article","og_title":"L'INTRAPRENEURIAT AU SEIN DE LA S\u00c9CURIT\u00c9 SOCIALE : EFFET DE MODE OU R\u00c9ELLE ACTION EN FAVEUR DE LA TRANSFORMATION ?\u00a0 - S\u00e9cu Doc","og_description":"L\u2019intrapreneuriat est un outil parmi d\u2019autres pour innover et trouver de nouveaux leviers manag\u00e9riaux. Alors qu\u2019il a pris son essor au sein du secteur","og_url":"https:\/\/en3s.fr\/secudoc\/produits-documentaires\/publications-en3s\/3740-2\/","og_site_name":"S\u00e9cu Doc","article_modified_time":"2022-02-02T15:54:40+00:00","og_image":[{"url":"https:\/\/en3s.fr\/secudoc\/wp-content\/uploads\/sites\/4\/2020\/04\/8-1.jpg","type":"","width":"","height":""}],"twitter_card":"summary_large_image","twitter_misc":{"Dur\u00e9e de lecture estim\u00e9e":"1 minute"},"schema":{"@context":"https:\/\/schema.org","@graph":[{"@type":"WebPage","@id":"https:\/\/en3s.fr\/secudoc\/produits-documentaires\/publications-en3s\/3740-2\/","url":"https:\/\/en3s.fr\/secudoc\/produits-documentaires\/publications-en3s\/3740-2\/","name":"L'INTRAPRENEURIAT AU SEIN DE LA S\u00c9CURIT\u00c9 SOCIALE : EFFET DE MODE OU R\u00c9ELLE ACTION EN FAVEUR DE LA TRANSFORMATION ?\u00a0 - S\u00e9cu Doc","isPartOf":{"@id":"https:\/\/en3s.fr\/secudoc\/#website"},"primaryImageOfPage":{"@id":"https:\/\/en3s.fr\/secudoc\/produits-documentaires\/publications-en3s\/3740-2\/#primaryimage"},"image":{"@id":"https:\/\/en3s.fr\/secudoc\/produits-documentaires\/publications-en3s\/3740-2\/#primaryimage"},"thumbnailUrl":"https:\/\/en3s.fr\/secudoc\/wp-content\/uploads\/sites\/4\/2020\/04\/8-1.jpg","datePublished":"2020-04-01T08:53:18+00:00","dateModified":"2022-02-02T15:54:40+00:00","description":"L\u2019intrapreneuriat est un outil parmi d\u2019autres pour innover et trouver de nouveaux leviers manag\u00e9riaux. Alors qu\u2019il a pris son essor au sein du secteur","breadcrumb":{"@id":"https:\/\/en3s.fr\/secudoc\/produits-documentaires\/publications-en3s\/3740-2\/#breadcrumb"},"inLanguage":"fr-FR","potentialAction":[{"@type":"ReadAction","target":["https:\/\/en3s.fr\/secudoc\/produits-documentaires\/publications-en3s\/3740-2\/"]}]},{"@type":"ImageObject","inLanguage":"fr-FR","@id":"https:\/\/en3s.fr\/secudoc\/produits-documentaires\/publications-en3s\/3740-2\/#primaryimage","url":"https:\/\/en3s.fr\/secudoc\/wp-content\/uploads\/sites\/4\/2020\/04\/8-1.jpg","contentUrl":"https:\/\/en3s.fr\/secudoc\/wp-content\/uploads\/sites\/4\/2020\/04\/8-1.jpg","width":996,"height":1416},{"@type":"BreadcrumbList","@id":"https:\/\/en3s.fr\/secudoc\/produits-documentaires\/publications-en3s\/3740-2\/#breadcrumb","itemListElement":[{"@type":"ListItem","position":1,"name":"Accueil","item":"https:\/\/en3s.fr\/secudoc\/"},{"@type":"ListItem","position":2,"name":"Produits documentaires","item":"https:\/\/en3s.fr\/secudoc\/produits-documentaires\/"},{"@type":"ListItem","position":3,"name":"Publications EN3S","item":"https:\/\/en3s.fr\/secudoc\/produits-documentaires\/publications-en3s\/"},{"@type":"ListItem","position":4,"name":"L&rsquo;INTRAPRENEURIAT AU SEIN DE LA S\u00c9CURIT\u00c9 SOCIALE : EFFET DE MODE OU R\u00c9ELLE ACTION EN FAVEUR DE LA TRANSFORMATION ?\u00a0"}]},{"@type":"WebSite","@id":"https:\/\/en3s.fr\/secudoc\/#website","url":"https:\/\/en3s.fr\/secudoc\/","name":"S\u00e9cu Doc","description":"Centre de ressources de la S\u00e9curit\u00e9 sociale","potentialAction":[{"@type":"SearchAction","target":{"@type":"EntryPoint","urlTemplate":"https:\/\/en3s.fr\/secudoc\/?s={search_term_string}"},"query-input":{"@type":"PropertyValueSpecification","valueRequired":true,"valueName":"search_term_string"}}],"inLanguage":"fr-FR"}]}},"_links":{"self":[{"href":"https:\/\/en3s.fr\/secudoc\/wp-json\/wp\/v2\/pages\/3740","targetHints":{"allow":["GET"]}}],"collection":[{"href":"https:\/\/en3s.fr\/secudoc\/wp-json\/wp\/v2\/pages"}],"about":[{"href":"https:\/\/en3s.fr\/secudoc\/wp-json\/wp\/v2\/types\/page"}],"author":[{"embeddable":true,"href":"https:\/\/en3s.fr\/secudoc\/wp-json\/wp\/v2\/users\/42"}],"replies":[{"embeddable":true,"href":"https:\/\/en3s.fr\/secudoc\/wp-json\/wp\/v2\/comments?post=3740"}],"version-history":[{"count":0,"href":"https:\/\/en3s.fr\/secudoc\/wp-json\/wp\/v2\/pages\/3740\/revisions"}],"up":[{"embeddable":true,"href":"https:\/\/en3s.fr\/secudoc\/wp-json\/wp\/v2\/pages\/910"}],"wp:attachment":[{"href":"https:\/\/en3s.fr\/secudoc\/wp-json\/wp\/v2\/media?parent=3740"}],"curies":[{"name":"wp","href":"https:\/\/api.w.org\/{rel}","templated":true}]}}