{"id":3750,"date":"2020-04-01T11:01:25","date_gmt":"2020-04-01T09:01:25","guid":{"rendered":"https:\/\/en3s.fr\/secudoc\/?page_id=3750"},"modified":"2022-02-02T17:09:37","modified_gmt":"2022-02-02T16:09:37","slug":"3750-2","status":"publish","type":"page","link":"https:\/\/en3s.fr\/secudoc\/produits-documentaires\/publications-en3s\/3750-2\/","title":{"rendered":"TH\u00c9MATIQUES, MOYENS ET OUTILS DE R\u00c9USSITE POUR LA MISE EN OEUVRE D&rsquo;UNE COOP\u00c9RATION RENFORC\u00c9E ENTRE DEUX ORGANISMES, EN INTERBRANCHES"},"content":{"rendered":"<h3><\/h3>\n<blockquote><p><em><a href=\"https:\/\/www.calameo.com\/read\/004310504142a6426df43\" target=\"_blank\" rel=\"noopener noreferrer\"><img loading=\"lazy\" decoding=\"async\" class=\"alignleft wp-image-3857\" src=\"https:\/\/en3s.fr\/secudoc\/wp-content\/uploads\/sites\/4\/2020\/04\/10-1.jpg\" alt=\"\" width=\"300\" height=\"426\" srcset=\"https:\/\/en3s.fr\/secudoc\/wp-content\/uploads\/sites\/4\/2020\/04\/10-1.jpg 998w, https:\/\/en3s.fr\/secudoc\/wp-content\/uploads\/sites\/4\/2020\/04\/10-1-768x1091.jpg 768w, https:\/\/en3s.fr\/secudoc\/wp-content\/uploads\/sites\/4\/2020\/04\/10-1-275x391.jpg 275w, https:\/\/en3s.fr\/secudoc\/wp-content\/uploads\/sites\/4\/2020\/04\/10-1-274x390.jpg 274w, https:\/\/en3s.fr\/secudoc\/wp-content\/uploads\/sites\/4\/2020\/04\/10-1-230x327.jpg 230w\" sizes=\"auto, (max-width: 300px) 100vw, 300px\" \/><\/a>Cette recherche-action se propose d\u2019interroger une nouvelle logique de structuration qui contredit l\u2019organisation actuelle de la S\u00e9curit\u00e9 sociale : les th\u00e9matiques, les moyens et outils de r\u00e9ussite pour la mise en \u0153uvre d\u2018une coop\u00e9ration renforc\u00e9e entre deux organismes en interbranche. Si l&rsquo;id\u00e9e de coop\u00e9ration entre organismes para\u00eet assez \u00e9vidente, il appara\u00eet n\u00e9cessaire de la distinguer de ce qui pourrait s&rsquo;en rapprocher par confusion.\u00a0 <\/em><\/p>\n<p><em>Ce travail propose une m\u00e9thodologie de mise en \u0153uvre modulable selon les contraintes des acteurs locaux. La cr\u00e9ation d\u2019un document de recueil des coop\u00e9rations et des leviers et freins \u00e0 une coop\u00e9ration semble n\u00e9anmoins \u00eatre un \u00e9l\u00e9ment incontournable \u00e0 une future mont\u00e9e en comp\u00e9tences des r\u00e9seaux dans le champ des coop\u00e9rations interbranches.\u00a0<\/em><\/p><\/blockquote>\n<p style=\"text-align: center\"><a href=\"https:\/\/www.calameo.com\/read\/00431050442f8673dadaf\" target=\"_blank\" rel=\"noopener noreferrer\">Retrouvez l&rsquo;int\u00e9gralit\u00e9 du rapport<\/a><\/p>\n","protected":false},"excerpt":{"rendered":"<p>Cette recherche-action se propose d\u2019interroger une nouvelle logique de structuration qui contredit l\u2019organisation actuelle de la S\u00e9curit\u00e9 sociale : les th\u00e9matiques, les moyens et outils de r\u00e9ussite pour la mise en \u0153uvre d\u2018une coop\u00e9ration renforc\u00e9e entre deux organismes en interbranche. Si l&rsquo;id\u00e9e de coop\u00e9ration entre organismes para\u00eet assez \u00e9vidente, il appara\u00eet n\u00e9cessaire de la distinguer [&hellip;]<\/p>\n","protected":false},"author":42,"featured_media":0,"parent":910,"menu_order":0,"comment_status":"closed","ping_status":"closed","template":"","meta":{"ngg_post_thumbnail":0,"footnotes":""},"class_list":["post-3750","page","type-page","status-publish","hentry"],"yoast_head":"<!-- This site is optimized with the Yoast SEO plugin v24.9 - https:\/\/yoast.com\/wordpress\/plugins\/seo\/ -->\n<title>TH\u00c9MATIQUES, MOYENS ET OUTILS DE R\u00c9USSITE POUR LA MISE EN OEUVRE D&#039;UNE COOP\u00c9RATION RENFORC\u00c9E ENTRE DEUX ORGANISMES, EN INTERBRANCHES - S\u00e9cu Doc<\/title>\n<meta name=\"description\" content=\"Cette recherche-action se propose d\u2019interroger une nouvelle logique de structuration qui contredit l\u2019organisation actuelle de la S\u00e9curit\u00e9 sociale : les\" \/>\n<meta name=\"robots\" content=\"index, follow, max-snippet:-1, max-image-preview:large, max-video-preview:-1\" \/>\n<link rel=\"canonical\" href=\"https:\/\/en3s.fr\/secudoc\/produits-documentaires\/publications-en3s\/3750-2\/\" \/>\n<meta property=\"og:locale\" content=\"fr_FR\" \/>\n<meta property=\"og:type\" content=\"article\" \/>\n<meta property=\"og:title\" content=\"TH\u00c9MATIQUES, MOYENS ET OUTILS DE R\u00c9USSITE POUR LA MISE EN OEUVRE D&#039;UNE COOP\u00c9RATION RENFORC\u00c9E ENTRE DEUX ORGANISMES, EN INTERBRANCHES - S\u00e9cu Doc\" \/>\n<meta property=\"og:description\" content=\"Cette recherche-action se propose d\u2019interroger une nouvelle logique de structuration qui contredit l\u2019organisation actuelle de la S\u00e9curit\u00e9 sociale : les\" \/>\n<meta property=\"og:url\" content=\"https:\/\/en3s.fr\/secudoc\/produits-documentaires\/publications-en3s\/3750-2\/\" \/>\n<meta property=\"og:site_name\" content=\"S\u00e9cu Doc\" \/>\n<meta property=\"article:modified_time\" content=\"2022-02-02T16:09:37+00:00\" \/>\n<meta property=\"og:image\" content=\"https:\/\/en3s.fr\/secudoc\/wp-content\/uploads\/sites\/4\/2020\/04\/10-1.jpg\" \/>\n<meta name=\"twitter:card\" content=\"summary_large_image\" \/>\n<meta name=\"twitter:label1\" content=\"Dur\u00e9e de lecture estim\u00e9e\" \/>\n\t<meta name=\"twitter:data1\" content=\"1 minute\" \/>\n<script type=\"application\/ld+json\" class=\"yoast-schema-graph\">{\"@context\":\"https:\/\/schema.org\",\"@graph\":[{\"@type\":\"WebPage\",\"@id\":\"https:\/\/en3s.fr\/secudoc\/produits-documentaires\/publications-en3s\/3750-2\/\",\"url\":\"https:\/\/en3s.fr\/secudoc\/produits-documentaires\/publications-en3s\/3750-2\/\",\"name\":\"TH\u00c9MATIQUES, MOYENS ET OUTILS DE R\u00c9USSITE POUR LA MISE EN OEUVRE D'UNE COOP\u00c9RATION RENFORC\u00c9E ENTRE DEUX ORGANISMES, EN INTERBRANCHES - S\u00e9cu Doc\",\"isPartOf\":{\"@id\":\"https:\/\/en3s.fr\/secudoc\/#website\"},\"primaryImageOfPage\":{\"@id\":\"https:\/\/en3s.fr\/secudoc\/produits-documentaires\/publications-en3s\/3750-2\/#primaryimage\"},\"image\":{\"@id\":\"https:\/\/en3s.fr\/secudoc\/produits-documentaires\/publications-en3s\/3750-2\/#primaryimage\"},\"thumbnailUrl\":\"https:\/\/en3s.fr\/secudoc\/wp-content\/uploads\/sites\/4\/2020\/04\/10-1.jpg\",\"datePublished\":\"2020-04-01T09:01:25+00:00\",\"dateModified\":\"2022-02-02T16:09:37+00:00\",\"description\":\"Cette recherche-action se propose d\u2019interroger une nouvelle logique de structuration qui contredit l\u2019organisation actuelle de la S\u00e9curit\u00e9 sociale : les\",\"breadcrumb\":{\"@id\":\"https:\/\/en3s.fr\/secudoc\/produits-documentaires\/publications-en3s\/3750-2\/#breadcrumb\"},\"inLanguage\":\"fr-FR\",\"potentialAction\":[{\"@type\":\"ReadAction\",\"target\":[\"https:\/\/en3s.fr\/secudoc\/produits-documentaires\/publications-en3s\/3750-2\/\"]}]},{\"@type\":\"ImageObject\",\"inLanguage\":\"fr-FR\",\"@id\":\"https:\/\/en3s.fr\/secudoc\/produits-documentaires\/publications-en3s\/3750-2\/#primaryimage\",\"url\":\"https:\/\/en3s.fr\/secudoc\/wp-content\/uploads\/sites\/4\/2020\/04\/10-1.jpg\",\"contentUrl\":\"https:\/\/en3s.fr\/secudoc\/wp-content\/uploads\/sites\/4\/2020\/04\/10-1.jpg\",\"width\":998,\"height\":1418},{\"@type\":\"BreadcrumbList\",\"@id\":\"https:\/\/en3s.fr\/secudoc\/produits-documentaires\/publications-en3s\/3750-2\/#breadcrumb\",\"itemListElement\":[{\"@type\":\"ListItem\",\"position\":1,\"name\":\"Accueil\",\"item\":\"https:\/\/en3s.fr\/secudoc\/\"},{\"@type\":\"ListItem\",\"position\":2,\"name\":\"Produits documentaires\",\"item\":\"https:\/\/en3s.fr\/secudoc\/produits-documentaires\/\"},{\"@type\":\"ListItem\",\"position\":3,\"name\":\"Publications EN3S\",\"item\":\"https:\/\/en3s.fr\/secudoc\/produits-documentaires\/publications-en3s\/\"},{\"@type\":\"ListItem\",\"position\":4,\"name\":\"TH\u00c9MATIQUES, MOYENS ET OUTILS DE R\u00c9USSITE POUR LA MISE EN OEUVRE D&rsquo;UNE COOP\u00c9RATION RENFORC\u00c9E ENTRE DEUX ORGANISMES, EN INTERBRANCHES\"}]},{\"@type\":\"WebSite\",\"@id\":\"https:\/\/en3s.fr\/secudoc\/#website\",\"url\":\"https:\/\/en3s.fr\/secudoc\/\",\"name\":\"S\u00e9cu Doc\",\"description\":\"Centre de ressources de la S\u00e9curit\u00e9 sociale\",\"potentialAction\":[{\"@type\":\"SearchAction\",\"target\":{\"@type\":\"EntryPoint\",\"urlTemplate\":\"https:\/\/en3s.fr\/secudoc\/?s={search_term_string}\"},\"query-input\":{\"@type\":\"PropertyValueSpecification\",\"valueRequired\":true,\"valueName\":\"search_term_string\"}}],\"inLanguage\":\"fr-FR\"}]}<\/script>\n<!-- \/ Yoast SEO plugin. -->","yoast_head_json":{"title":"TH\u00c9MATIQUES, MOYENS ET OUTILS DE R\u00c9USSITE POUR LA MISE EN OEUVRE D'UNE COOP\u00c9RATION RENFORC\u00c9E ENTRE DEUX ORGANISMES, EN INTERBRANCHES - S\u00e9cu Doc","description":"Cette recherche-action se propose d\u2019interroger une nouvelle logique de structuration qui contredit l\u2019organisation actuelle de la S\u00e9curit\u00e9 sociale : les","robots":{"index":"index","follow":"follow","max-snippet":"max-snippet:-1","max-image-preview":"max-image-preview:large","max-video-preview":"max-video-preview:-1"},"canonical":"https:\/\/en3s.fr\/secudoc\/produits-documentaires\/publications-en3s\/3750-2\/","og_locale":"fr_FR","og_type":"article","og_title":"TH\u00c9MATIQUES, MOYENS ET OUTILS DE R\u00c9USSITE POUR LA MISE EN OEUVRE D'UNE COOP\u00c9RATION RENFORC\u00c9E ENTRE DEUX ORGANISMES, EN INTERBRANCHES - S\u00e9cu Doc","og_description":"Cette recherche-action se propose d\u2019interroger une nouvelle logique de structuration qui contredit l\u2019organisation actuelle de la S\u00e9curit\u00e9 sociale : les","og_url":"https:\/\/en3s.fr\/secudoc\/produits-documentaires\/publications-en3s\/3750-2\/","og_site_name":"S\u00e9cu Doc","article_modified_time":"2022-02-02T16:09:37+00:00","og_image":[{"url":"https:\/\/en3s.fr\/secudoc\/wp-content\/uploads\/sites\/4\/2020\/04\/10-1.jpg","type":"","width":"","height":""}],"twitter_card":"summary_large_image","twitter_misc":{"Dur\u00e9e de lecture estim\u00e9e":"1 minute"},"schema":{"@context":"https:\/\/schema.org","@graph":[{"@type":"WebPage","@id":"https:\/\/en3s.fr\/secudoc\/produits-documentaires\/publications-en3s\/3750-2\/","url":"https:\/\/en3s.fr\/secudoc\/produits-documentaires\/publications-en3s\/3750-2\/","name":"TH\u00c9MATIQUES, MOYENS ET OUTILS DE R\u00c9USSITE POUR LA MISE EN OEUVRE D'UNE COOP\u00c9RATION RENFORC\u00c9E ENTRE DEUX ORGANISMES, EN INTERBRANCHES - S\u00e9cu Doc","isPartOf":{"@id":"https:\/\/en3s.fr\/secudoc\/#website"},"primaryImageOfPage":{"@id":"https:\/\/en3s.fr\/secudoc\/produits-documentaires\/publications-en3s\/3750-2\/#primaryimage"},"image":{"@id":"https:\/\/en3s.fr\/secudoc\/produits-documentaires\/publications-en3s\/3750-2\/#primaryimage"},"thumbnailUrl":"https:\/\/en3s.fr\/secudoc\/wp-content\/uploads\/sites\/4\/2020\/04\/10-1.jpg","datePublished":"2020-04-01T09:01:25+00:00","dateModified":"2022-02-02T16:09:37+00:00","description":"Cette recherche-action se propose d\u2019interroger une nouvelle logique de structuration qui contredit l\u2019organisation actuelle de la S\u00e9curit\u00e9 sociale : les","breadcrumb":{"@id":"https:\/\/en3s.fr\/secudoc\/produits-documentaires\/publications-en3s\/3750-2\/#breadcrumb"},"inLanguage":"fr-FR","potentialAction":[{"@type":"ReadAction","target":["https:\/\/en3s.fr\/secudoc\/produits-documentaires\/publications-en3s\/3750-2\/"]}]},{"@type":"ImageObject","inLanguage":"fr-FR","@id":"https:\/\/en3s.fr\/secudoc\/produits-documentaires\/publications-en3s\/3750-2\/#primaryimage","url":"https:\/\/en3s.fr\/secudoc\/wp-content\/uploads\/sites\/4\/2020\/04\/10-1.jpg","contentUrl":"https:\/\/en3s.fr\/secudoc\/wp-content\/uploads\/sites\/4\/2020\/04\/10-1.jpg","width":998,"height":1418},{"@type":"BreadcrumbList","@id":"https:\/\/en3s.fr\/secudoc\/produits-documentaires\/publications-en3s\/3750-2\/#breadcrumb","itemListElement":[{"@type":"ListItem","position":1,"name":"Accueil","item":"https:\/\/en3s.fr\/secudoc\/"},{"@type":"ListItem","position":2,"name":"Produits documentaires","item":"https:\/\/en3s.fr\/secudoc\/produits-documentaires\/"},{"@type":"ListItem","position":3,"name":"Publications EN3S","item":"https:\/\/en3s.fr\/secudoc\/produits-documentaires\/publications-en3s\/"},{"@type":"ListItem","position":4,"name":"TH\u00c9MATIQUES, MOYENS ET OUTILS DE R\u00c9USSITE POUR LA MISE EN OEUVRE D&rsquo;UNE COOP\u00c9RATION RENFORC\u00c9E ENTRE DEUX ORGANISMES, EN INTERBRANCHES"}]},{"@type":"WebSite","@id":"https:\/\/en3s.fr\/secudoc\/#website","url":"https:\/\/en3s.fr\/secudoc\/","name":"S\u00e9cu Doc","description":"Centre de ressources de la S\u00e9curit\u00e9 sociale","potentialAction":[{"@type":"SearchAction","target":{"@type":"EntryPoint","urlTemplate":"https:\/\/en3s.fr\/secudoc\/?s={search_term_string}"},"query-input":{"@type":"PropertyValueSpecification","valueRequired":true,"valueName":"search_term_string"}}],"inLanguage":"fr-FR"}]}},"_links":{"self":[{"href":"https:\/\/en3s.fr\/secudoc\/wp-json\/wp\/v2\/pages\/3750","targetHints":{"allow":["GET"]}}],"collection":[{"href":"https:\/\/en3s.fr\/secudoc\/wp-json\/wp\/v2\/pages"}],"about":[{"href":"https:\/\/en3s.fr\/secudoc\/wp-json\/wp\/v2\/types\/page"}],"author":[{"embeddable":true,"href":"https:\/\/en3s.fr\/secudoc\/wp-json\/wp\/v2\/users\/42"}],"replies":[{"embeddable":true,"href":"https:\/\/en3s.fr\/secudoc\/wp-json\/wp\/v2\/comments?post=3750"}],"version-history":[{"count":0,"href":"https:\/\/en3s.fr\/secudoc\/wp-json\/wp\/v2\/pages\/3750\/revisions"}],"up":[{"embeddable":true,"href":"https:\/\/en3s.fr\/secudoc\/wp-json\/wp\/v2\/pages\/910"}],"wp:attachment":[{"href":"https:\/\/en3s.fr\/secudoc\/wp-json\/wp\/v2\/media?parent=3750"}],"curies":[{"name":"wp","href":"https:\/\/api.w.org\/{rel}","templated":true}]}}