{"id":3756,"date":"2020-04-01T11:39:35","date_gmt":"2020-04-01T09:39:35","guid":{"rendered":"https:\/\/en3s.fr\/secudoc\/?page_id=3756"},"modified":"2022-02-02T17:09:09","modified_gmt":"2022-02-02T16:09:09","slug":"3756-2","status":"publish","type":"page","link":"https:\/\/en3s.fr\/secudoc\/produits-documentaires\/publications-en3s\/3756-2\/","title":{"rendered":"DES INTERVENANTS \u00c0 DOMICILE \u00ab\u00a0SENTINELLES\u00a0\u00bb DE L&rsquo;AUTONOMIE"},"content":{"rendered":"<h3><\/h3>\n<blockquote><p><em><a href=\"https:\/\/www.calameo.com\/read\/00431050407ce6e5b5cec\" target=\"_blank\" rel=\"noopener noreferrer\"><img loading=\"lazy\" decoding=\"async\" class=\"alignleft wp-image-3862\" src=\"https:\/\/en3s.fr\/secudoc\/wp-content\/uploads\/sites\/4\/2020\/04\/11-1.jpg\" alt=\"\" width=\"300\" height=\"426\" srcset=\"https:\/\/en3s.fr\/secudoc\/wp-content\/uploads\/sites\/4\/2020\/04\/11-1.jpg 1000w, https:\/\/en3s.fr\/secudoc\/wp-content\/uploads\/sites\/4\/2020\/04\/11-1-768x1090.jpg 768w, https:\/\/en3s.fr\/secudoc\/wp-content\/uploads\/sites\/4\/2020\/04\/11-1-275x390.jpg 275w, https:\/\/en3s.fr\/secudoc\/wp-content\/uploads\/sites\/4\/2020\/04\/11-1-230x326.jpg 230w\" sizes=\"auto, (max-width: 300px) 100vw, 300px\" \/><\/a>L\u2019\u00e9volution des m\u00e9tiers du maintien \u00e0 domicile est plus que jamais d\u2019actualit\u00e9. Il y a la n\u00e9cessit\u00e9 de repenser l\u2019ensemble du paysage de la prise en charge de la personne \u00e2g\u00e9e vieillissante. <\/em><\/p>\n<p><em>Ainsi, l\u2019Association Agir Innover Mieux Vivre (AIMV) s\u2019est dot\u00e9e d\u2019un outil Android permettant aux aides \u00e0 domicile de signaler en temps r\u00e9el les signaux faibles de perte d\u2019autonomie qui sont ensuite transmis pour analyse aupr\u00e8s des responsables de secteurs. La mission s\u2019est donc articul\u00e9e autour de la mise en place r\u00e9cente de ce dispositif. <\/em><\/p>\n<p><em>Deux outils \u00e0 destination de l\u2019AIMV ont \u00e9t\u00e9 d\u00e9velopp\u00e9s. En premier lieu un cahier des charges permettant d\u2019\u00e9laborer une d\u00e9marche d\u2019am\u00e9lioration continue et de d\u00e9veloppement de l\u2019outil Android. <\/em><\/p>\n<p><em>En second lieu, un kit d\u2019ing\u00e9nierie de la formation \u00e0 destination des futures structures int\u00e9ress\u00e9es par l\u2019outil, qui pourra constituer une source d\u2019uniformisation des pratiques, indispensable \u00e0 la valorisation des processus et des m\u00e9tiers de l\u2019aide \u00e0 domicile.<\/em><\/p><\/blockquote>\n<p style=\"text-align: center\"><a href=\"https:\/\/www.calameo.com\/read\/004310504881cc7bb236d\" target=\"_blank\" rel=\"noopener noreferrer\">Retrouvez l&rsquo;int\u00e9gralit\u00e9 du rapport\u00a0<\/a><\/p>\n","protected":false},"excerpt":{"rendered":"<p>L\u2019\u00e9volution des m\u00e9tiers du maintien \u00e0 domicile est plus que jamais d\u2019actualit\u00e9. Il y a la n\u00e9cessit\u00e9 de repenser l\u2019ensemble du paysage de la prise en charge de la personne \u00e2g\u00e9e vieillissante. Ainsi, l\u2019Association Agir Innover Mieux Vivre (AIMV) s\u2019est dot\u00e9e d\u2019un outil Android permettant aux aides \u00e0 domicile de signaler en temps r\u00e9el les [&hellip;]<\/p>\n","protected":false},"author":42,"featured_media":0,"parent":910,"menu_order":0,"comment_status":"closed","ping_status":"closed","template":"","meta":{"ngg_post_thumbnail":0,"footnotes":""},"class_list":["post-3756","page","type-page","status-publish","hentry"],"yoast_head":"<!-- This site is optimized with the Yoast SEO plugin v24.9 - https:\/\/yoast.com\/wordpress\/plugins\/seo\/ -->\n<title>DES INTERVENANTS \u00c0 DOMICILE &quot;SENTINELLES&quot; DE L&#039;AUTONOMIE - S\u00e9cu Doc<\/title>\n<meta name=\"description\" content=\"L\u2019\u00e9volution des m\u00e9tiers du maintien \u00e0 domicile est plus que jamais d\u2019actualit\u00e9. Il y a la n\u00e9cessit\u00e9 de repenser l\u2019ensemble du paysage de la prise en\" \/>\n<meta name=\"robots\" content=\"index, follow, max-snippet:-1, max-image-preview:large, max-video-preview:-1\" \/>\n<link rel=\"canonical\" href=\"https:\/\/en3s.fr\/secudoc\/produits-documentaires\/publications-en3s\/3756-2\/\" \/>\n<meta property=\"og:locale\" content=\"fr_FR\" \/>\n<meta property=\"og:type\" content=\"article\" \/>\n<meta property=\"og:title\" content=\"DES INTERVENANTS \u00c0 DOMICILE &quot;SENTINELLES&quot; DE L&#039;AUTONOMIE - S\u00e9cu Doc\" \/>\n<meta property=\"og:description\" content=\"L\u2019\u00e9volution des m\u00e9tiers du maintien \u00e0 domicile est plus que jamais d\u2019actualit\u00e9. Il y a la n\u00e9cessit\u00e9 de repenser l\u2019ensemble du paysage de la prise en\" \/>\n<meta property=\"og:url\" content=\"https:\/\/en3s.fr\/secudoc\/produits-documentaires\/publications-en3s\/3756-2\/\" \/>\n<meta property=\"og:site_name\" content=\"S\u00e9cu Doc\" \/>\n<meta property=\"article:modified_time\" content=\"2022-02-02T16:09:09+00:00\" \/>\n<meta property=\"og:image\" content=\"https:\/\/en3s.fr\/secudoc\/wp-content\/uploads\/sites\/4\/2020\/04\/11-1.jpg\" \/>\n<meta name=\"twitter:card\" content=\"summary_large_image\" \/>\n<meta name=\"twitter:label1\" content=\"Dur\u00e9e de lecture estim\u00e9e\" \/>\n\t<meta name=\"twitter:data1\" content=\"1 minute\" \/>\n<script type=\"application\/ld+json\" class=\"yoast-schema-graph\">{\"@context\":\"https:\/\/schema.org\",\"@graph\":[{\"@type\":\"WebPage\",\"@id\":\"https:\/\/en3s.fr\/secudoc\/produits-documentaires\/publications-en3s\/3756-2\/\",\"url\":\"https:\/\/en3s.fr\/secudoc\/produits-documentaires\/publications-en3s\/3756-2\/\",\"name\":\"DES INTERVENANTS \u00c0 DOMICILE \\\"SENTINELLES\\\" DE L'AUTONOMIE - S\u00e9cu Doc\",\"isPartOf\":{\"@id\":\"https:\/\/en3s.fr\/secudoc\/#website\"},\"primaryImageOfPage\":{\"@id\":\"https:\/\/en3s.fr\/secudoc\/produits-documentaires\/publications-en3s\/3756-2\/#primaryimage\"},\"image\":{\"@id\":\"https:\/\/en3s.fr\/secudoc\/produits-documentaires\/publications-en3s\/3756-2\/#primaryimage\"},\"thumbnailUrl\":\"https:\/\/en3s.fr\/secudoc\/wp-content\/uploads\/sites\/4\/2020\/04\/11-1.jpg\",\"datePublished\":\"2020-04-01T09:39:35+00:00\",\"dateModified\":\"2022-02-02T16:09:09+00:00\",\"description\":\"L\u2019\u00e9volution des m\u00e9tiers du maintien \u00e0 domicile est plus que jamais d\u2019actualit\u00e9. Il y a la n\u00e9cessit\u00e9 de repenser l\u2019ensemble du paysage de la prise en\",\"breadcrumb\":{\"@id\":\"https:\/\/en3s.fr\/secudoc\/produits-documentaires\/publications-en3s\/3756-2\/#breadcrumb\"},\"inLanguage\":\"fr-FR\",\"potentialAction\":[{\"@type\":\"ReadAction\",\"target\":[\"https:\/\/en3s.fr\/secudoc\/produits-documentaires\/publications-en3s\/3756-2\/\"]}]},{\"@type\":\"ImageObject\",\"inLanguage\":\"fr-FR\",\"@id\":\"https:\/\/en3s.fr\/secudoc\/produits-documentaires\/publications-en3s\/3756-2\/#primaryimage\",\"url\":\"https:\/\/en3s.fr\/secudoc\/wp-content\/uploads\/sites\/4\/2020\/04\/11-1.jpg\",\"contentUrl\":\"https:\/\/en3s.fr\/secudoc\/wp-content\/uploads\/sites\/4\/2020\/04\/11-1.jpg\",\"width\":1000,\"height\":1419},{\"@type\":\"BreadcrumbList\",\"@id\":\"https:\/\/en3s.fr\/secudoc\/produits-documentaires\/publications-en3s\/3756-2\/#breadcrumb\",\"itemListElement\":[{\"@type\":\"ListItem\",\"position\":1,\"name\":\"Accueil\",\"item\":\"https:\/\/en3s.fr\/secudoc\/\"},{\"@type\":\"ListItem\",\"position\":2,\"name\":\"Produits documentaires\",\"item\":\"https:\/\/en3s.fr\/secudoc\/produits-documentaires\/\"},{\"@type\":\"ListItem\",\"position\":3,\"name\":\"Publications EN3S\",\"item\":\"https:\/\/en3s.fr\/secudoc\/produits-documentaires\/publications-en3s\/\"},{\"@type\":\"ListItem\",\"position\":4,\"name\":\"DES INTERVENANTS \u00c0 DOMICILE \u00ab\u00a0SENTINELLES\u00a0\u00bb DE L&rsquo;AUTONOMIE\"}]},{\"@type\":\"WebSite\",\"@id\":\"https:\/\/en3s.fr\/secudoc\/#website\",\"url\":\"https:\/\/en3s.fr\/secudoc\/\",\"name\":\"S\u00e9cu Doc\",\"description\":\"Centre de ressources de la S\u00e9curit\u00e9 sociale\",\"potentialAction\":[{\"@type\":\"SearchAction\",\"target\":{\"@type\":\"EntryPoint\",\"urlTemplate\":\"https:\/\/en3s.fr\/secudoc\/?s={search_term_string}\"},\"query-input\":{\"@type\":\"PropertyValueSpecification\",\"valueRequired\":true,\"valueName\":\"search_term_string\"}}],\"inLanguage\":\"fr-FR\"}]}<\/script>\n<!-- \/ Yoast SEO plugin. -->","yoast_head_json":{"title":"DES INTERVENANTS \u00c0 DOMICILE \"SENTINELLES\" DE L'AUTONOMIE - S\u00e9cu Doc","description":"L\u2019\u00e9volution des m\u00e9tiers du maintien \u00e0 domicile est plus que jamais d\u2019actualit\u00e9. Il y a la n\u00e9cessit\u00e9 de repenser l\u2019ensemble du paysage de la prise en","robots":{"index":"index","follow":"follow","max-snippet":"max-snippet:-1","max-image-preview":"max-image-preview:large","max-video-preview":"max-video-preview:-1"},"canonical":"https:\/\/en3s.fr\/secudoc\/produits-documentaires\/publications-en3s\/3756-2\/","og_locale":"fr_FR","og_type":"article","og_title":"DES INTERVENANTS \u00c0 DOMICILE \"SENTINELLES\" DE L'AUTONOMIE - S\u00e9cu Doc","og_description":"L\u2019\u00e9volution des m\u00e9tiers du maintien \u00e0 domicile est plus que jamais d\u2019actualit\u00e9. Il y a la n\u00e9cessit\u00e9 de repenser l\u2019ensemble du paysage de la prise en","og_url":"https:\/\/en3s.fr\/secudoc\/produits-documentaires\/publications-en3s\/3756-2\/","og_site_name":"S\u00e9cu Doc","article_modified_time":"2022-02-02T16:09:09+00:00","og_image":[{"url":"https:\/\/en3s.fr\/secudoc\/wp-content\/uploads\/sites\/4\/2020\/04\/11-1.jpg","type":"","width":"","height":""}],"twitter_card":"summary_large_image","twitter_misc":{"Dur\u00e9e de lecture estim\u00e9e":"1 minute"},"schema":{"@context":"https:\/\/schema.org","@graph":[{"@type":"WebPage","@id":"https:\/\/en3s.fr\/secudoc\/produits-documentaires\/publications-en3s\/3756-2\/","url":"https:\/\/en3s.fr\/secudoc\/produits-documentaires\/publications-en3s\/3756-2\/","name":"DES INTERVENANTS \u00c0 DOMICILE \"SENTINELLES\" DE L'AUTONOMIE - S\u00e9cu Doc","isPartOf":{"@id":"https:\/\/en3s.fr\/secudoc\/#website"},"primaryImageOfPage":{"@id":"https:\/\/en3s.fr\/secudoc\/produits-documentaires\/publications-en3s\/3756-2\/#primaryimage"},"image":{"@id":"https:\/\/en3s.fr\/secudoc\/produits-documentaires\/publications-en3s\/3756-2\/#primaryimage"},"thumbnailUrl":"https:\/\/en3s.fr\/secudoc\/wp-content\/uploads\/sites\/4\/2020\/04\/11-1.jpg","datePublished":"2020-04-01T09:39:35+00:00","dateModified":"2022-02-02T16:09:09+00:00","description":"L\u2019\u00e9volution des m\u00e9tiers du maintien \u00e0 domicile est plus que jamais d\u2019actualit\u00e9. Il y a la n\u00e9cessit\u00e9 de repenser l\u2019ensemble du paysage de la prise en","breadcrumb":{"@id":"https:\/\/en3s.fr\/secudoc\/produits-documentaires\/publications-en3s\/3756-2\/#breadcrumb"},"inLanguage":"fr-FR","potentialAction":[{"@type":"ReadAction","target":["https:\/\/en3s.fr\/secudoc\/produits-documentaires\/publications-en3s\/3756-2\/"]}]},{"@type":"ImageObject","inLanguage":"fr-FR","@id":"https:\/\/en3s.fr\/secudoc\/produits-documentaires\/publications-en3s\/3756-2\/#primaryimage","url":"https:\/\/en3s.fr\/secudoc\/wp-content\/uploads\/sites\/4\/2020\/04\/11-1.jpg","contentUrl":"https:\/\/en3s.fr\/secudoc\/wp-content\/uploads\/sites\/4\/2020\/04\/11-1.jpg","width":1000,"height":1419},{"@type":"BreadcrumbList","@id":"https:\/\/en3s.fr\/secudoc\/produits-documentaires\/publications-en3s\/3756-2\/#breadcrumb","itemListElement":[{"@type":"ListItem","position":1,"name":"Accueil","item":"https:\/\/en3s.fr\/secudoc\/"},{"@type":"ListItem","position":2,"name":"Produits documentaires","item":"https:\/\/en3s.fr\/secudoc\/produits-documentaires\/"},{"@type":"ListItem","position":3,"name":"Publications EN3S","item":"https:\/\/en3s.fr\/secudoc\/produits-documentaires\/publications-en3s\/"},{"@type":"ListItem","position":4,"name":"DES INTERVENANTS \u00c0 DOMICILE \u00ab\u00a0SENTINELLES\u00a0\u00bb DE L&rsquo;AUTONOMIE"}]},{"@type":"WebSite","@id":"https:\/\/en3s.fr\/secudoc\/#website","url":"https:\/\/en3s.fr\/secudoc\/","name":"S\u00e9cu Doc","description":"Centre de ressources de la S\u00e9curit\u00e9 sociale","potentialAction":[{"@type":"SearchAction","target":{"@type":"EntryPoint","urlTemplate":"https:\/\/en3s.fr\/secudoc\/?s={search_term_string}"},"query-input":{"@type":"PropertyValueSpecification","valueRequired":true,"valueName":"search_term_string"}}],"inLanguage":"fr-FR"}]}},"_links":{"self":[{"href":"https:\/\/en3s.fr\/secudoc\/wp-json\/wp\/v2\/pages\/3756","targetHints":{"allow":["GET"]}}],"collection":[{"href":"https:\/\/en3s.fr\/secudoc\/wp-json\/wp\/v2\/pages"}],"about":[{"href":"https:\/\/en3s.fr\/secudoc\/wp-json\/wp\/v2\/types\/page"}],"author":[{"embeddable":true,"href":"https:\/\/en3s.fr\/secudoc\/wp-json\/wp\/v2\/users\/42"}],"replies":[{"embeddable":true,"href":"https:\/\/en3s.fr\/secudoc\/wp-json\/wp\/v2\/comments?post=3756"}],"version-history":[{"count":0,"href":"https:\/\/en3s.fr\/secudoc\/wp-json\/wp\/v2\/pages\/3756\/revisions"}],"up":[{"embeddable":true,"href":"https:\/\/en3s.fr\/secudoc\/wp-json\/wp\/v2\/pages\/910"}],"wp:attachment":[{"href":"https:\/\/en3s.fr\/secudoc\/wp-json\/wp\/v2\/media?parent=3756"}],"curies":[{"name":"wp","href":"https:\/\/api.w.org\/{rel}","templated":true}]}}