{"id":3760,"date":"2020-04-01T11:50:02","date_gmt":"2020-04-01T09:50:02","guid":{"rendered":"https:\/\/en3s.fr\/secudoc\/?page_id=3760"},"modified":"2022-02-02T17:08:20","modified_gmt":"2022-02-02T16:08:20","slug":"3760-2","status":"publish","type":"page","link":"https:\/\/en3s.fr\/secudoc\/produits-documentaires\/publications-en3s\/3760-2\/","title":{"rendered":"CONSTRUIRE SUR UN TERRITOIRE UNE OFFRE DE SERVICE INTER-OP\u00c9RATEURS DE LA PROTECTION SOCIALE \u00c0 L&rsquo;ATTENTION DES EMPLOYEURS DU B\u00c2TIMENT DE HAUTE-GARONNE"},"content":{"rendered":"<h3><\/h3>\n<blockquote><p><em><a href=\"https:\/\/www.calameo.com\/read\/0043105043641b2b531c5\" target=\"_blank\" rel=\"noopener noreferrer\"><img loading=\"lazy\" decoding=\"async\" class=\"alignleft wp-image-3871\" src=\"https:\/\/en3s.fr\/secudoc\/wp-content\/uploads\/sites\/4\/2020\/04\/6-3.jpg\" alt=\"\" width=\"300\" height=\"424\" srcset=\"https:\/\/en3s.fr\/secudoc\/wp-content\/uploads\/sites\/4\/2020\/04\/6-3.jpg 1005w, https:\/\/en3s.fr\/secudoc\/wp-content\/uploads\/sites\/4\/2020\/04\/6-3-768x1086.jpg 768w, https:\/\/en3s.fr\/secudoc\/wp-content\/uploads\/sites\/4\/2020\/04\/6-3-275x389.jpg 275w, https:\/\/en3s.fr\/secudoc\/wp-content\/uploads\/sites\/4\/2020\/04\/6-3-276x390.jpg 276w, https:\/\/en3s.fr\/secudoc\/wp-content\/uploads\/sites\/4\/2020\/04\/6-3-230x325.jpg 230w\" sizes=\"auto, (max-width: 300px) 100vw, 300px\" \/><\/a>Dans un contexte o\u00f9 les organismes sociaux souhaitent apporter un service plus complet et opportun \u00e0 leurs assur\u00e9s, b\u00e9n\u00e9ficiaires ou cotisants, une d\u00e9marche de r\u00e9flexion et de coordination innovante sous forme de cousinade (dynamique collaborative prim\u00e9e en troph\u00e9e national de l\u2019innovation) permet de proposer une offre simple et adapt\u00e9e dans une dynamique collaborative.<\/em><\/p>\n<p><em>La solution, qui se doit d\u2019\u00eatre rapidement op\u00e9rationnelle \u00e0 moyens constants, respecte l\u2019id\u00e9e majeure d\u2019un partenariat inter-op\u00e9rateurs, intervenant dans le parcours de vie des employeurs du b\u00e2timent et des travaux publics dans le p\u00e9rim\u00e8tre donn\u00e9 g\u00e9ographiquement.<\/em><\/p>\n<p><em>Il s\u2019agit de proposer une communication commune et cibl\u00e9e pour une prise en charge sp\u00e9cifique. L\u2019id\u00e9e source est la demande dans un format simplifi\u00e9 sans que l\u2019employeur n\u2019ait \u00e0 se pr\u00e9occuper de la question de l\u2019organisme concern\u00e9 en amont. Quel que soit le d\u00e9veloppement, l\u2019offre doit proposer une solution identique dans tous les organismes avec un r\u00e9seau collaboratif r\u00e9actif et identifi\u00e9 en interne pour prendre en charge la demande des employeurs et apporter la r\u00e9ponse ad\u00e9quate dans des d\u00e9lais engageants.\u00a0<\/em><\/p><\/blockquote>\n<p style=\"text-align: center\"><a href=\"https:\/\/www.calameo.com\/read\/0043105044819723d7a48\" target=\"_blank\" rel=\"noopener noreferrer\">Retrouvez l&rsquo;int\u00e9gralit\u00e9 du rapport\u00a0<\/a><\/p>\n","protected":false},"excerpt":{"rendered":"<p>Dans un contexte o\u00f9 les organismes sociaux souhaitent apporter un service plus complet et opportun \u00e0 leurs assur\u00e9s, b\u00e9n\u00e9ficiaires ou cotisants, une d\u00e9marche de r\u00e9flexion et de coordination innovante sous forme de cousinade (dynamique collaborative prim\u00e9e en troph\u00e9e national de l\u2019innovation) permet de proposer une offre simple et adapt\u00e9e dans une dynamique collaborative. La solution, [&hellip;]<\/p>\n","protected":false},"author":42,"featured_media":0,"parent":910,"menu_order":0,"comment_status":"closed","ping_status":"closed","template":"","meta":{"ngg_post_thumbnail":0,"footnotes":""},"class_list":["post-3760","page","type-page","status-publish","hentry"],"yoast_head":"<!-- This site is optimized with the Yoast SEO plugin v24.9 - https:\/\/yoast.com\/wordpress\/plugins\/seo\/ -->\n<title>CONSTRUIRE SUR UN TERRITOIRE UNE OFFRE DE SERVICE INTER-OP\u00c9RATEURS DE LA PROTECTION SOCIALE \u00c0 L&#039;ATTENTION DES EMPLOYEURS DU B\u00c2TIMENT DE HAUTE-GARONNE - S\u00e9cu Doc<\/title>\n<meta name=\"description\" content=\"Dans un contexte o\u00f9 les organismes sociaux souhaitent apporter un service plus complet et opportun \u00e0 leurs assur\u00e9s, b\u00e9n\u00e9ficiaires ou cotisants, une\" \/>\n<meta name=\"robots\" content=\"index, follow, max-snippet:-1, max-image-preview:large, max-video-preview:-1\" \/>\n<link rel=\"canonical\" href=\"https:\/\/en3s.fr\/secudoc\/produits-documentaires\/publications-en3s\/3760-2\/\" \/>\n<meta property=\"og:locale\" content=\"fr_FR\" \/>\n<meta property=\"og:type\" content=\"article\" \/>\n<meta property=\"og:title\" content=\"CONSTRUIRE SUR UN TERRITOIRE UNE OFFRE DE SERVICE INTER-OP\u00c9RATEURS DE LA PROTECTION SOCIALE \u00c0 L&#039;ATTENTION DES EMPLOYEURS DU B\u00c2TIMENT DE HAUTE-GARONNE - S\u00e9cu Doc\" \/>\n<meta property=\"og:description\" content=\"Dans un contexte o\u00f9 les organismes sociaux souhaitent apporter un service plus complet et opportun \u00e0 leurs assur\u00e9s, b\u00e9n\u00e9ficiaires ou cotisants, une\" \/>\n<meta property=\"og:url\" content=\"https:\/\/en3s.fr\/secudoc\/produits-documentaires\/publications-en3s\/3760-2\/\" \/>\n<meta property=\"og:site_name\" content=\"S\u00e9cu Doc\" \/>\n<meta property=\"article:modified_time\" content=\"2022-02-02T16:08:20+00:00\" \/>\n<meta property=\"og:image\" content=\"https:\/\/en3s.fr\/secudoc\/wp-content\/uploads\/sites\/4\/2020\/04\/6-3.jpg\" \/>\n<meta name=\"twitter:card\" content=\"summary_large_image\" \/>\n<meta name=\"twitter:label1\" content=\"Dur\u00e9e de lecture estim\u00e9e\" \/>\n\t<meta name=\"twitter:data1\" content=\"1 minute\" \/>\n<script type=\"application\/ld+json\" class=\"yoast-schema-graph\">{\"@context\":\"https:\/\/schema.org\",\"@graph\":[{\"@type\":\"WebPage\",\"@id\":\"https:\/\/en3s.fr\/secudoc\/produits-documentaires\/publications-en3s\/3760-2\/\",\"url\":\"https:\/\/en3s.fr\/secudoc\/produits-documentaires\/publications-en3s\/3760-2\/\",\"name\":\"CONSTRUIRE SUR UN TERRITOIRE UNE OFFRE DE SERVICE INTER-OP\u00c9RATEURS DE LA PROTECTION SOCIALE \u00c0 L'ATTENTION DES EMPLOYEURS DU B\u00c2TIMENT DE HAUTE-GARONNE - S\u00e9cu Doc\",\"isPartOf\":{\"@id\":\"https:\/\/en3s.fr\/secudoc\/#website\"},\"primaryImageOfPage\":{\"@id\":\"https:\/\/en3s.fr\/secudoc\/produits-documentaires\/publications-en3s\/3760-2\/#primaryimage\"},\"image\":{\"@id\":\"https:\/\/en3s.fr\/secudoc\/produits-documentaires\/publications-en3s\/3760-2\/#primaryimage\"},\"thumbnailUrl\":\"https:\/\/en3s.fr\/secudoc\/wp-content\/uploads\/sites\/4\/2020\/04\/6-3.jpg\",\"datePublished\":\"2020-04-01T09:50:02+00:00\",\"dateModified\":\"2022-02-02T16:08:20+00:00\",\"description\":\"Dans un contexte o\u00f9 les organismes sociaux souhaitent apporter un service plus complet et opportun \u00e0 leurs assur\u00e9s, b\u00e9n\u00e9ficiaires ou cotisants, une\",\"breadcrumb\":{\"@id\":\"https:\/\/en3s.fr\/secudoc\/produits-documentaires\/publications-en3s\/3760-2\/#breadcrumb\"},\"inLanguage\":\"fr-FR\",\"potentialAction\":[{\"@type\":\"ReadAction\",\"target\":[\"https:\/\/en3s.fr\/secudoc\/produits-documentaires\/publications-en3s\/3760-2\/\"]}]},{\"@type\":\"ImageObject\",\"inLanguage\":\"fr-FR\",\"@id\":\"https:\/\/en3s.fr\/secudoc\/produits-documentaires\/publications-en3s\/3760-2\/#primaryimage\",\"url\":\"https:\/\/en3s.fr\/secudoc\/wp-content\/uploads\/sites\/4\/2020\/04\/6-3.jpg\",\"contentUrl\":\"https:\/\/en3s.fr\/secudoc\/wp-content\/uploads\/sites\/4\/2020\/04\/6-3.jpg\",\"width\":1005,\"height\":1421},{\"@type\":\"BreadcrumbList\",\"@id\":\"https:\/\/en3s.fr\/secudoc\/produits-documentaires\/publications-en3s\/3760-2\/#breadcrumb\",\"itemListElement\":[{\"@type\":\"ListItem\",\"position\":1,\"name\":\"Accueil\",\"item\":\"https:\/\/en3s.fr\/secudoc\/\"},{\"@type\":\"ListItem\",\"position\":2,\"name\":\"Produits documentaires\",\"item\":\"https:\/\/en3s.fr\/secudoc\/produits-documentaires\/\"},{\"@type\":\"ListItem\",\"position\":3,\"name\":\"Publications EN3S\",\"item\":\"https:\/\/en3s.fr\/secudoc\/produits-documentaires\/publications-en3s\/\"},{\"@type\":\"ListItem\",\"position\":4,\"name\":\"CONSTRUIRE SUR UN TERRITOIRE UNE OFFRE DE SERVICE INTER-OP\u00c9RATEURS DE LA PROTECTION SOCIALE \u00c0 L&rsquo;ATTENTION DES EMPLOYEURS DU B\u00c2TIMENT DE HAUTE-GARONNE\"}]},{\"@type\":\"WebSite\",\"@id\":\"https:\/\/en3s.fr\/secudoc\/#website\",\"url\":\"https:\/\/en3s.fr\/secudoc\/\",\"name\":\"S\u00e9cu Doc\",\"description\":\"Centre de ressources de la S\u00e9curit\u00e9 sociale\",\"potentialAction\":[{\"@type\":\"SearchAction\",\"target\":{\"@type\":\"EntryPoint\",\"urlTemplate\":\"https:\/\/en3s.fr\/secudoc\/?s={search_term_string}\"},\"query-input\":{\"@type\":\"PropertyValueSpecification\",\"valueRequired\":true,\"valueName\":\"search_term_string\"}}],\"inLanguage\":\"fr-FR\"}]}<\/script>\n<!-- \/ Yoast SEO plugin. -->","yoast_head_json":{"title":"CONSTRUIRE SUR UN TERRITOIRE UNE OFFRE DE SERVICE INTER-OP\u00c9RATEURS DE LA PROTECTION SOCIALE \u00c0 L'ATTENTION DES EMPLOYEURS DU B\u00c2TIMENT DE HAUTE-GARONNE - S\u00e9cu Doc","description":"Dans un contexte o\u00f9 les organismes sociaux souhaitent apporter un service plus complet et opportun \u00e0 leurs assur\u00e9s, b\u00e9n\u00e9ficiaires ou cotisants, une","robots":{"index":"index","follow":"follow","max-snippet":"max-snippet:-1","max-image-preview":"max-image-preview:large","max-video-preview":"max-video-preview:-1"},"canonical":"https:\/\/en3s.fr\/secudoc\/produits-documentaires\/publications-en3s\/3760-2\/","og_locale":"fr_FR","og_type":"article","og_title":"CONSTRUIRE SUR UN TERRITOIRE UNE OFFRE DE SERVICE INTER-OP\u00c9RATEURS DE LA PROTECTION SOCIALE \u00c0 L'ATTENTION DES EMPLOYEURS DU B\u00c2TIMENT DE HAUTE-GARONNE - S\u00e9cu Doc","og_description":"Dans un contexte o\u00f9 les organismes sociaux souhaitent apporter un service plus complet et opportun \u00e0 leurs assur\u00e9s, b\u00e9n\u00e9ficiaires ou cotisants, une","og_url":"https:\/\/en3s.fr\/secudoc\/produits-documentaires\/publications-en3s\/3760-2\/","og_site_name":"S\u00e9cu Doc","article_modified_time":"2022-02-02T16:08:20+00:00","og_image":[{"url":"https:\/\/en3s.fr\/secudoc\/wp-content\/uploads\/sites\/4\/2020\/04\/6-3.jpg","type":"","width":"","height":""}],"twitter_card":"summary_large_image","twitter_misc":{"Dur\u00e9e de lecture estim\u00e9e":"1 minute"},"schema":{"@context":"https:\/\/schema.org","@graph":[{"@type":"WebPage","@id":"https:\/\/en3s.fr\/secudoc\/produits-documentaires\/publications-en3s\/3760-2\/","url":"https:\/\/en3s.fr\/secudoc\/produits-documentaires\/publications-en3s\/3760-2\/","name":"CONSTRUIRE SUR UN TERRITOIRE UNE OFFRE DE SERVICE INTER-OP\u00c9RATEURS DE LA PROTECTION SOCIALE \u00c0 L'ATTENTION DES EMPLOYEURS DU B\u00c2TIMENT DE HAUTE-GARONNE - S\u00e9cu Doc","isPartOf":{"@id":"https:\/\/en3s.fr\/secudoc\/#website"},"primaryImageOfPage":{"@id":"https:\/\/en3s.fr\/secudoc\/produits-documentaires\/publications-en3s\/3760-2\/#primaryimage"},"image":{"@id":"https:\/\/en3s.fr\/secudoc\/produits-documentaires\/publications-en3s\/3760-2\/#primaryimage"},"thumbnailUrl":"https:\/\/en3s.fr\/secudoc\/wp-content\/uploads\/sites\/4\/2020\/04\/6-3.jpg","datePublished":"2020-04-01T09:50:02+00:00","dateModified":"2022-02-02T16:08:20+00:00","description":"Dans un contexte o\u00f9 les organismes sociaux souhaitent apporter un service plus complet et opportun \u00e0 leurs assur\u00e9s, b\u00e9n\u00e9ficiaires ou cotisants, une","breadcrumb":{"@id":"https:\/\/en3s.fr\/secudoc\/produits-documentaires\/publications-en3s\/3760-2\/#breadcrumb"},"inLanguage":"fr-FR","potentialAction":[{"@type":"ReadAction","target":["https:\/\/en3s.fr\/secudoc\/produits-documentaires\/publications-en3s\/3760-2\/"]}]},{"@type":"ImageObject","inLanguage":"fr-FR","@id":"https:\/\/en3s.fr\/secudoc\/produits-documentaires\/publications-en3s\/3760-2\/#primaryimage","url":"https:\/\/en3s.fr\/secudoc\/wp-content\/uploads\/sites\/4\/2020\/04\/6-3.jpg","contentUrl":"https:\/\/en3s.fr\/secudoc\/wp-content\/uploads\/sites\/4\/2020\/04\/6-3.jpg","width":1005,"height":1421},{"@type":"BreadcrumbList","@id":"https:\/\/en3s.fr\/secudoc\/produits-documentaires\/publications-en3s\/3760-2\/#breadcrumb","itemListElement":[{"@type":"ListItem","position":1,"name":"Accueil","item":"https:\/\/en3s.fr\/secudoc\/"},{"@type":"ListItem","position":2,"name":"Produits documentaires","item":"https:\/\/en3s.fr\/secudoc\/produits-documentaires\/"},{"@type":"ListItem","position":3,"name":"Publications EN3S","item":"https:\/\/en3s.fr\/secudoc\/produits-documentaires\/publications-en3s\/"},{"@type":"ListItem","position":4,"name":"CONSTRUIRE SUR UN TERRITOIRE UNE OFFRE DE SERVICE INTER-OP\u00c9RATEURS DE LA PROTECTION SOCIALE \u00c0 L&rsquo;ATTENTION DES EMPLOYEURS DU B\u00c2TIMENT DE HAUTE-GARONNE"}]},{"@type":"WebSite","@id":"https:\/\/en3s.fr\/secudoc\/#website","url":"https:\/\/en3s.fr\/secudoc\/","name":"S\u00e9cu Doc","description":"Centre de ressources de la S\u00e9curit\u00e9 sociale","potentialAction":[{"@type":"SearchAction","target":{"@type":"EntryPoint","urlTemplate":"https:\/\/en3s.fr\/secudoc\/?s={search_term_string}"},"query-input":{"@type":"PropertyValueSpecification","valueRequired":true,"valueName":"search_term_string"}}],"inLanguage":"fr-FR"}]}},"_links":{"self":[{"href":"https:\/\/en3s.fr\/secudoc\/wp-json\/wp\/v2\/pages\/3760","targetHints":{"allow":["GET"]}}],"collection":[{"href":"https:\/\/en3s.fr\/secudoc\/wp-json\/wp\/v2\/pages"}],"about":[{"href":"https:\/\/en3s.fr\/secudoc\/wp-json\/wp\/v2\/types\/page"}],"author":[{"embeddable":true,"href":"https:\/\/en3s.fr\/secudoc\/wp-json\/wp\/v2\/users\/42"}],"replies":[{"embeddable":true,"href":"https:\/\/en3s.fr\/secudoc\/wp-json\/wp\/v2\/comments?post=3760"}],"version-history":[{"count":0,"href":"https:\/\/en3s.fr\/secudoc\/wp-json\/wp\/v2\/pages\/3760\/revisions"}],"up":[{"embeddable":true,"href":"https:\/\/en3s.fr\/secudoc\/wp-json\/wp\/v2\/pages\/910"}],"wp:attachment":[{"href":"https:\/\/en3s.fr\/secudoc\/wp-json\/wp\/v2\/media?parent=3760"}],"curies":[{"name":"wp","href":"https:\/\/api.w.org\/{rel}","templated":true}]}}