{"id":3764,"date":"2020-04-01T11:58:06","date_gmt":"2020-04-01T09:58:06","guid":{"rendered":"https:\/\/en3s.fr\/secudoc\/?page_id=3764"},"modified":"2022-02-02T17:07:55","modified_gmt":"2022-02-02T16:07:55","slug":"3764-2","status":"publish","type":"page","link":"https:\/\/en3s.fr\/secudoc\/produits-documentaires\/publications-en3s\/3764-2\/","title":{"rendered":"LA PLURIACTIVIT\u00c9, NOUVEAU D\u00c9FI POUR L&rsquo;EUROPE SOCIALE"},"content":{"rendered":"<blockquote><p><em><a href=\"https:\/\/www.calameo.com\/read\/0043105049353853c0063\" target=\"_blank\" rel=\"noopener noreferrer\"><img loading=\"lazy\" decoding=\"async\" class=\"alignleft wp-image-3890\" src=\"https:\/\/en3s.fr\/secudoc\/wp-content\/uploads\/sites\/4\/2020\/05\/3.jpg\" alt=\"\" width=\"300\" height=\"424\" srcset=\"https:\/\/en3s.fr\/secudoc\/wp-content\/uploads\/sites\/4\/2020\/05\/3.jpg 1004w, https:\/\/en3s.fr\/secudoc\/wp-content\/uploads\/sites\/4\/2020\/05\/3-768x1085.jpg 768w, https:\/\/en3s.fr\/secudoc\/wp-content\/uploads\/sites\/4\/2020\/05\/3-275x389.jpg 275w, https:\/\/en3s.fr\/secudoc\/wp-content\/uploads\/sites\/4\/2020\/05\/3-276x390.jpg 276w, https:\/\/en3s.fr\/secudoc\/wp-content\/uploads\/sites\/4\/2020\/05\/3-230x325.jpg 230w\" sizes=\"auto, (max-width: 300px) 100vw, 300px\" \/><\/a>Afin d\u2019\u00e9tablir un point d\u2019\u00e9tape sur le ph\u00e9nom\u00e8ne de la pluriactivit\u00e9 en France, le pr\u00e9sent rapport recherche-action se fonde sur des investigations juridiques de r\u00e8glements europ\u00e9ens relatifs \u00e0 la coordination des r\u00e9gimes de S\u00e9curit\u00e9 sociale, tel que le 883\/2004, des jurisprudences relatives \u00e0 ce domaine et sur des remont\u00e9es de terrain, via des entretiens effectu\u00e9s aupr\u00e8s des caisses nationales et locales du r\u00e9gime g\u00e9n\u00e9ral, de la Mutualit\u00e9 Sociale Agricole ou aupr\u00e8s d\u2019institutions \u00e9trang\u00e8res.<\/em><\/p>\n<p><em>Ce rapport met en lumi\u00e8re des syst\u00e8mes fran\u00e7ais et europ\u00e9ens de gestion de la pluriactivit\u00e9 aux pratiques diverses, bas\u00e9s sur l\u2019utilisation d\u2019outils informatiques diff\u00e9rents.\u00a0<\/em><\/p><\/blockquote>\n<p style=\"text-align: center\"><a href=\"https:\/\/www.calameo.com\/read\/004310504071e63fa7f37\">Retrouvez l&rsquo;int\u00e9gralit\u00e9 du rapport<\/a><\/p>\n","protected":false},"excerpt":{"rendered":"<p>Afin d\u2019\u00e9tablir un point d\u2019\u00e9tape sur le ph\u00e9nom\u00e8ne de la pluriactivit\u00e9 en France, le pr\u00e9sent rapport recherche-action se fonde sur des investigations juridiques de r\u00e8glements europ\u00e9ens relatifs \u00e0 la coordination des r\u00e9gimes de S\u00e9curit\u00e9 sociale, tel que le 883\/2004, des jurisprudences relatives \u00e0 ce domaine et sur des remont\u00e9es de terrain, via des entretiens effectu\u00e9s [&hellip;]<\/p>\n","protected":false},"author":42,"featured_media":0,"parent":910,"menu_order":0,"comment_status":"closed","ping_status":"closed","template":"","meta":{"ngg_post_thumbnail":0,"footnotes":""},"class_list":["post-3764","page","type-page","status-publish","hentry"],"yoast_head":"<!-- This site is optimized with the Yoast SEO plugin v24.9 - https:\/\/yoast.com\/wordpress\/plugins\/seo\/ -->\n<title>LA PLURIACTIVIT\u00c9, NOUVEAU D\u00c9FI POUR L&#039;EUROPE SOCIALE - S\u00e9cu Doc<\/title>\n<meta name=\"description\" content=\"Afin d\u2019\u00e9tablir un point d\u2019\u00e9tape sur le ph\u00e9nom\u00e8ne de la pluriactivit\u00e9 en France, le pr\u00e9sent rapport recherche-action se fonde sur des investigations\" \/>\n<meta name=\"robots\" content=\"index, follow, max-snippet:-1, max-image-preview:large, max-video-preview:-1\" \/>\n<link rel=\"canonical\" href=\"https:\/\/en3s.fr\/secudoc\/produits-documentaires\/publications-en3s\/3764-2\/\" \/>\n<meta property=\"og:locale\" content=\"fr_FR\" \/>\n<meta property=\"og:type\" content=\"article\" \/>\n<meta property=\"og:title\" content=\"LA PLURIACTIVIT\u00c9, NOUVEAU D\u00c9FI POUR L&#039;EUROPE SOCIALE - S\u00e9cu Doc\" \/>\n<meta property=\"og:description\" content=\"Afin d\u2019\u00e9tablir un point d\u2019\u00e9tape sur le ph\u00e9nom\u00e8ne de la pluriactivit\u00e9 en France, le pr\u00e9sent rapport recherche-action se fonde sur des investigations\" \/>\n<meta property=\"og:url\" content=\"https:\/\/en3s.fr\/secudoc\/produits-documentaires\/publications-en3s\/3764-2\/\" \/>\n<meta property=\"og:site_name\" content=\"S\u00e9cu Doc\" \/>\n<meta property=\"article:modified_time\" content=\"2022-02-02T16:07:55+00:00\" \/>\n<meta property=\"og:image\" content=\"https:\/\/en3s.fr\/secudoc\/wp-content\/uploads\/sites\/4\/2020\/05\/3.jpg\" \/>\n<meta name=\"twitter:card\" content=\"summary_large_image\" \/>\n<meta name=\"twitter:label1\" content=\"Dur\u00e9e de lecture estim\u00e9e\" \/>\n\t<meta name=\"twitter:data1\" content=\"1 minute\" \/>\n<script type=\"application\/ld+json\" class=\"yoast-schema-graph\">{\"@context\":\"https:\/\/schema.org\",\"@graph\":[{\"@type\":\"WebPage\",\"@id\":\"https:\/\/en3s.fr\/secudoc\/produits-documentaires\/publications-en3s\/3764-2\/\",\"url\":\"https:\/\/en3s.fr\/secudoc\/produits-documentaires\/publications-en3s\/3764-2\/\",\"name\":\"LA PLURIACTIVIT\u00c9, NOUVEAU D\u00c9FI POUR L'EUROPE SOCIALE - S\u00e9cu Doc\",\"isPartOf\":{\"@id\":\"https:\/\/en3s.fr\/secudoc\/#website\"},\"primaryImageOfPage\":{\"@id\":\"https:\/\/en3s.fr\/secudoc\/produits-documentaires\/publications-en3s\/3764-2\/#primaryimage\"},\"image\":{\"@id\":\"https:\/\/en3s.fr\/secudoc\/produits-documentaires\/publications-en3s\/3764-2\/#primaryimage\"},\"thumbnailUrl\":\"https:\/\/en3s.fr\/secudoc\/wp-content\/uploads\/sites\/4\/2020\/05\/3.jpg\",\"datePublished\":\"2020-04-01T09:58:06+00:00\",\"dateModified\":\"2022-02-02T16:07:55+00:00\",\"description\":\"Afin d\u2019\u00e9tablir un point d\u2019\u00e9tape sur le ph\u00e9nom\u00e8ne de la pluriactivit\u00e9 en France, le pr\u00e9sent rapport recherche-action se fonde sur des investigations\",\"breadcrumb\":{\"@id\":\"https:\/\/en3s.fr\/secudoc\/produits-documentaires\/publications-en3s\/3764-2\/#breadcrumb\"},\"inLanguage\":\"fr-FR\",\"potentialAction\":[{\"@type\":\"ReadAction\",\"target\":[\"https:\/\/en3s.fr\/secudoc\/produits-documentaires\/publications-en3s\/3764-2\/\"]}]},{\"@type\":\"ImageObject\",\"inLanguage\":\"fr-FR\",\"@id\":\"https:\/\/en3s.fr\/secudoc\/produits-documentaires\/publications-en3s\/3764-2\/#primaryimage\",\"url\":\"https:\/\/en3s.fr\/secudoc\/wp-content\/uploads\/sites\/4\/2020\/05\/3.jpg\",\"contentUrl\":\"https:\/\/en3s.fr\/secudoc\/wp-content\/uploads\/sites\/4\/2020\/05\/3.jpg\",\"width\":1004,\"height\":1419},{\"@type\":\"BreadcrumbList\",\"@id\":\"https:\/\/en3s.fr\/secudoc\/produits-documentaires\/publications-en3s\/3764-2\/#breadcrumb\",\"itemListElement\":[{\"@type\":\"ListItem\",\"position\":1,\"name\":\"Accueil\",\"item\":\"https:\/\/en3s.fr\/secudoc\/\"},{\"@type\":\"ListItem\",\"position\":2,\"name\":\"Produits documentaires\",\"item\":\"https:\/\/en3s.fr\/secudoc\/produits-documentaires\/\"},{\"@type\":\"ListItem\",\"position\":3,\"name\":\"Publications EN3S\",\"item\":\"https:\/\/en3s.fr\/secudoc\/produits-documentaires\/publications-en3s\/\"},{\"@type\":\"ListItem\",\"position\":4,\"name\":\"LA PLURIACTIVIT\u00c9, NOUVEAU D\u00c9FI POUR L&rsquo;EUROPE SOCIALE\"}]},{\"@type\":\"WebSite\",\"@id\":\"https:\/\/en3s.fr\/secudoc\/#website\",\"url\":\"https:\/\/en3s.fr\/secudoc\/\",\"name\":\"S\u00e9cu Doc\",\"description\":\"Centre de ressources de la S\u00e9curit\u00e9 sociale\",\"potentialAction\":[{\"@type\":\"SearchAction\",\"target\":{\"@type\":\"EntryPoint\",\"urlTemplate\":\"https:\/\/en3s.fr\/secudoc\/?s={search_term_string}\"},\"query-input\":{\"@type\":\"PropertyValueSpecification\",\"valueRequired\":true,\"valueName\":\"search_term_string\"}}],\"inLanguage\":\"fr-FR\"}]}<\/script>\n<!-- \/ Yoast SEO plugin. -->","yoast_head_json":{"title":"LA PLURIACTIVIT\u00c9, NOUVEAU D\u00c9FI POUR L'EUROPE SOCIALE - S\u00e9cu Doc","description":"Afin d\u2019\u00e9tablir un point d\u2019\u00e9tape sur le ph\u00e9nom\u00e8ne de la pluriactivit\u00e9 en France, le pr\u00e9sent rapport recherche-action se fonde sur des investigations","robots":{"index":"index","follow":"follow","max-snippet":"max-snippet:-1","max-image-preview":"max-image-preview:large","max-video-preview":"max-video-preview:-1"},"canonical":"https:\/\/en3s.fr\/secudoc\/produits-documentaires\/publications-en3s\/3764-2\/","og_locale":"fr_FR","og_type":"article","og_title":"LA PLURIACTIVIT\u00c9, NOUVEAU D\u00c9FI POUR L'EUROPE SOCIALE - S\u00e9cu Doc","og_description":"Afin d\u2019\u00e9tablir un point d\u2019\u00e9tape sur le ph\u00e9nom\u00e8ne de la pluriactivit\u00e9 en France, le pr\u00e9sent rapport recherche-action se fonde sur des investigations","og_url":"https:\/\/en3s.fr\/secudoc\/produits-documentaires\/publications-en3s\/3764-2\/","og_site_name":"S\u00e9cu Doc","article_modified_time":"2022-02-02T16:07:55+00:00","og_image":[{"url":"https:\/\/en3s.fr\/secudoc\/wp-content\/uploads\/sites\/4\/2020\/05\/3.jpg","type":"","width":"","height":""}],"twitter_card":"summary_large_image","twitter_misc":{"Dur\u00e9e de lecture estim\u00e9e":"1 minute"},"schema":{"@context":"https:\/\/schema.org","@graph":[{"@type":"WebPage","@id":"https:\/\/en3s.fr\/secudoc\/produits-documentaires\/publications-en3s\/3764-2\/","url":"https:\/\/en3s.fr\/secudoc\/produits-documentaires\/publications-en3s\/3764-2\/","name":"LA PLURIACTIVIT\u00c9, NOUVEAU D\u00c9FI POUR L'EUROPE SOCIALE - S\u00e9cu Doc","isPartOf":{"@id":"https:\/\/en3s.fr\/secudoc\/#website"},"primaryImageOfPage":{"@id":"https:\/\/en3s.fr\/secudoc\/produits-documentaires\/publications-en3s\/3764-2\/#primaryimage"},"image":{"@id":"https:\/\/en3s.fr\/secudoc\/produits-documentaires\/publications-en3s\/3764-2\/#primaryimage"},"thumbnailUrl":"https:\/\/en3s.fr\/secudoc\/wp-content\/uploads\/sites\/4\/2020\/05\/3.jpg","datePublished":"2020-04-01T09:58:06+00:00","dateModified":"2022-02-02T16:07:55+00:00","description":"Afin d\u2019\u00e9tablir un point d\u2019\u00e9tape sur le ph\u00e9nom\u00e8ne de la pluriactivit\u00e9 en France, le pr\u00e9sent rapport recherche-action se fonde sur des investigations","breadcrumb":{"@id":"https:\/\/en3s.fr\/secudoc\/produits-documentaires\/publications-en3s\/3764-2\/#breadcrumb"},"inLanguage":"fr-FR","potentialAction":[{"@type":"ReadAction","target":["https:\/\/en3s.fr\/secudoc\/produits-documentaires\/publications-en3s\/3764-2\/"]}]},{"@type":"ImageObject","inLanguage":"fr-FR","@id":"https:\/\/en3s.fr\/secudoc\/produits-documentaires\/publications-en3s\/3764-2\/#primaryimage","url":"https:\/\/en3s.fr\/secudoc\/wp-content\/uploads\/sites\/4\/2020\/05\/3.jpg","contentUrl":"https:\/\/en3s.fr\/secudoc\/wp-content\/uploads\/sites\/4\/2020\/05\/3.jpg","width":1004,"height":1419},{"@type":"BreadcrumbList","@id":"https:\/\/en3s.fr\/secudoc\/produits-documentaires\/publications-en3s\/3764-2\/#breadcrumb","itemListElement":[{"@type":"ListItem","position":1,"name":"Accueil","item":"https:\/\/en3s.fr\/secudoc\/"},{"@type":"ListItem","position":2,"name":"Produits documentaires","item":"https:\/\/en3s.fr\/secudoc\/produits-documentaires\/"},{"@type":"ListItem","position":3,"name":"Publications EN3S","item":"https:\/\/en3s.fr\/secudoc\/produits-documentaires\/publications-en3s\/"},{"@type":"ListItem","position":4,"name":"LA PLURIACTIVIT\u00c9, NOUVEAU D\u00c9FI POUR L&rsquo;EUROPE SOCIALE"}]},{"@type":"WebSite","@id":"https:\/\/en3s.fr\/secudoc\/#website","url":"https:\/\/en3s.fr\/secudoc\/","name":"S\u00e9cu Doc","description":"Centre de ressources de la S\u00e9curit\u00e9 sociale","potentialAction":[{"@type":"SearchAction","target":{"@type":"EntryPoint","urlTemplate":"https:\/\/en3s.fr\/secudoc\/?s={search_term_string}"},"query-input":{"@type":"PropertyValueSpecification","valueRequired":true,"valueName":"search_term_string"}}],"inLanguage":"fr-FR"}]}},"_links":{"self":[{"href":"https:\/\/en3s.fr\/secudoc\/wp-json\/wp\/v2\/pages\/3764","targetHints":{"allow":["GET"]}}],"collection":[{"href":"https:\/\/en3s.fr\/secudoc\/wp-json\/wp\/v2\/pages"}],"about":[{"href":"https:\/\/en3s.fr\/secudoc\/wp-json\/wp\/v2\/types\/page"}],"author":[{"embeddable":true,"href":"https:\/\/en3s.fr\/secudoc\/wp-json\/wp\/v2\/users\/42"}],"replies":[{"embeddable":true,"href":"https:\/\/en3s.fr\/secudoc\/wp-json\/wp\/v2\/comments?post=3764"}],"version-history":[{"count":0,"href":"https:\/\/en3s.fr\/secudoc\/wp-json\/wp\/v2\/pages\/3764\/revisions"}],"up":[{"embeddable":true,"href":"https:\/\/en3s.fr\/secudoc\/wp-json\/wp\/v2\/pages\/910"}],"wp:attachment":[{"href":"https:\/\/en3s.fr\/secudoc\/wp-json\/wp\/v2\/media?parent=3764"}],"curies":[{"name":"wp","href":"https:\/\/api.w.org\/{rel}","templated":true}]}}