{"id":4017,"date":"2020-10-20T17:28:40","date_gmt":"2020-10-20T15:28:40","guid":{"rendered":"https:\/\/en3s.fr\/secudoc\/?page_id=4017"},"modified":"2023-10-06T16:26:14","modified_gmt":"2023-10-06T14:26:14","slug":"secuscope-la-secu-a-mes-cotes","status":"publish","type":"page","link":"https:\/\/en3s.fr\/secudoc\/secuscope-la-secu-a-mes-cotes\/","title":{"rendered":"S\u00e9cuscope &#8211; La S\u00e9cu \u00e0 mes c\u00f4t\u00e9s"},"content":{"rendered":"<h3 style=\"text-align: center\">S\u00e9cuscope &#8211; La S\u00e9cu \u00e0 mes c\u00f4t\u00e9s<\/h3>\n<p><img loading=\"lazy\" decoding=\"async\" width=\"530\" height=\"300\" class=\"size-full wp-image-4007 aligncenter\" src=\"https:\/\/en3s.fr\/secudoc\/wp-content\/uploads\/sites\/4\/2020\/10\/axe-2.png\" alt=\"\" srcset=\"https:\/\/en3s.fr\/secudoc\/wp-content\/uploads\/sites\/4\/2020\/10\/axe-2.png 530w, https:\/\/en3s.fr\/secudoc\/wp-content\/uploads\/sites\/4\/2020\/10\/axe-2-275x156.png 275w, https:\/\/en3s.fr\/secudoc\/wp-content\/uploads\/sites\/4\/2020\/10\/axe-2-230x130.png 230w\" sizes=\"auto, (max-width: 530px) 100vw, 530px\" \/><\/p>\n<p><strong>Objectifs p\u00e9dagogiques&nbsp;:<\/strong> Comprendre que l\u2019action des caisses de S\u00e9curit\u00e9 sociale ne se limite pas au service de prestations \u00ab l\u00e9gales \u00bb, elles mettent \u00e9galement en \u0153uvre une politique d\u2019aide et d\u2019action sociale \u00e0 destination de leurs b\u00e9n\u00e9ficiaires et peuvent concourir \u00e0 l\u2019offre de services sur le territoire ; D\u00e9montrer l\u2019importance des probl\u00e9matiques d\u2019accessibilit\u00e9 et de contact avec les organismes de protection sociale.<\/p>\n<p><strong>Cible du jeu :<\/strong>&nbsp;El\u00e8ves de post-baccalaur\u00e9at en priorit\u00e9<\/p>\n<p><strong>Descriptif&nbsp;du jeu :<\/strong>&nbsp;Entrez en immersion dans un centre d\u2019action sociale et conseillez au mieux une usager en difficult\u00e9s&nbsp;!<\/p>\n<p>Ce jeu met en sc\u00e8ne une m\u00e8re de 35 ans, s\u00e9par\u00e9e de son compagnon, qui se rend chez un conseiller social dans un centre d\u2019action sociale. Il permet de revenir sur des prestations et des aides de la S\u00e9curit\u00e9 sociale en mati\u00e8re de logement, d\u2019acc\u00e8s aux soins et de mode de garde des enfants mais aussi sur la digitalisation de l\u2019offre de services dans une perspective d\u2019\u00e9tude sur l\u2019acc\u00e8s\/ accessibilit\u00e9 des droits.<\/p>\n<p><strong>Ressources associ\u00e9es&nbsp;:<\/strong><\/p>\n<ul>\n<li><a href=\"https:\/\/fr.calameo.com\/read\/00431050430b1a1eff50c\" target=\"_blank\" rel=\"noopener noreferrer\">Guide d\u2019accompagnement du professeur<\/a><\/li>\n<li><a href=\"https:\/\/fr.calameo.com\/read\/00431050456576cc34960\" target=\"_blank\" rel=\"noopener noreferrer\">Livret de l\u2019\u00e9l\u00e8ve<\/a><\/li>\n<\/ul>\n<div><strong>Acc\u00e8s au jeu :&nbsp;<\/strong><\/div>\n<div class=\"copy-paste-block\"><em>Le jeu fonctionne \u00e0 la fois sur ordinateur ainsi que sur smartphones et tablettes. <\/em><\/div>\n<div class=\"copy-paste-block\"><em>Sur ordinateur, utilisez le navigateur \u00ab\u00a0Google Chrome\u00a0\u00bb. <\/em><\/div>\n<div class=\"copy-paste-block\"><em>Sur Smartphones et tablettes, il est n\u00e9cessaire d&rsquo;installer une application tierce gratuite : VTSPlayer. En cliquant sur le bouton \u00ab\u00a0Version mobile\u00a0\u00bb, vous serez automatiquement rediriger vers la page web de t\u00e9l\u00e9chargement de l&rsquo;application.<\/em><\/div>\n<div>&nbsp;<\/div>\n<div>&nbsp;<\/div>\n<div>&nbsp;<\/div>\n<p style=\"text-align: center\"><a class=\"button\" href=\"https:\/\/en3s.fr\/secudoc\/wp-content\/serious-game\/scenario2\/\" target=\"_blank\" rel=\"noopener noreferrer\">Version ordinateur<\/a> <a class=\"button\" href=\"https:\/\/en3s.fr\/secudoc\/wp-content\/serious-game\/scenario2\/mobile\/\" target=\"_blank\" rel=\"noopener noreferrer\">Version mobile<\/a><\/p>\n","protected":false},"excerpt":{"rendered":"<p>S\u00e9cuscope &#8211; La S\u00e9cu \u00e0 mes c\u00f4t\u00e9s Objectifs p\u00e9dagogiques&nbsp;: Comprendre que l\u2019action des caisses de S\u00e9curit\u00e9 sociale ne se limite pas au service de prestations \u00ab l\u00e9gales \u00bb, elles mettent \u00e9galement en \u0153uvre une politique d\u2019aide et d\u2019action sociale \u00e0 destination de leurs b\u00e9n\u00e9ficiaires et peuvent concourir \u00e0 l\u2019offre de services sur le territoire ; [&hellip;]<\/p>\n","protected":false},"author":5,"featured_media":4007,"parent":0,"menu_order":0,"comment_status":"closed","ping_status":"closed","template":"","meta":{"ngg_post_thumbnail":0,"footnotes":""},"class_list":["post-4017","page","type-page","status-publish","has-post-thumbnail","hentry"],"yoast_head":"<!-- This site is optimized with the Yoast SEO plugin v24.9 - https:\/\/yoast.com\/wordpress\/plugins\/seo\/ -->\n<title>S\u00e9cuscope - La S\u00e9cu \u00e0 mes c\u00f4t\u00e9s<\/title>\n<meta name=\"description\" content=\"S\u00e9cuscope - La S\u00e9cu \u00e0 mes c\u00f4t\u00e9s Objectifs p\u00e9dagogiques&nbsp;: Comprendre que l\u2019action des caisses de S\u00e9curit\u00e9 sociale ne se limite pas au service de\" \/>\n<meta name=\"robots\" content=\"index, follow, max-snippet:-1, max-image-preview:large, max-video-preview:-1\" \/>\n<link rel=\"canonical\" href=\"https:\/\/en3s.fr\/secudoc\/secuscope-la-secu-a-mes-cotes\/\" \/>\n<meta property=\"og:locale\" content=\"fr_FR\" \/>\n<meta property=\"og:type\" content=\"article\" \/>\n<meta property=\"og:title\" content=\"S\u00e9cuscope - La S\u00e9cu \u00e0 mes c\u00f4t\u00e9s\" \/>\n<meta property=\"og:description\" content=\"S\u00e9cuscope - La S\u00e9cu \u00e0 mes c\u00f4t\u00e9s Objectifs p\u00e9dagogiques&nbsp;: Comprendre que l\u2019action des caisses de S\u00e9curit\u00e9 sociale ne se limite pas au service de\" \/>\n<meta property=\"og:url\" content=\"https:\/\/en3s.fr\/secudoc\/secuscope-la-secu-a-mes-cotes\/\" \/>\n<meta property=\"og:site_name\" content=\"S\u00e9cu Doc\" \/>\n<meta property=\"article:modified_time\" content=\"2023-10-06T14:26:14+00:00\" \/>\n<meta property=\"og:image\" content=\"https:\/\/en3s.fr\/secudoc\/wp-content\/uploads\/sites\/4\/2020\/10\/axe-2.png\" \/>\n\t<meta property=\"og:image:width\" content=\"530\" \/>\n\t<meta property=\"og:image:height\" content=\"300\" \/>\n\t<meta property=\"og:image:type\" content=\"image\/png\" \/>\n<meta name=\"twitter:card\" content=\"summary_large_image\" \/>\n<meta name=\"twitter:label1\" content=\"Dur\u00e9e de lecture estim\u00e9e\" \/>\n\t<meta name=\"twitter:data1\" content=\"2 minutes\" \/>\n<script type=\"application\/ld+json\" class=\"yoast-schema-graph\">{\"@context\":\"https:\/\/schema.org\",\"@graph\":[{\"@type\":\"WebPage\",\"@id\":\"https:\/\/en3s.fr\/secudoc\/secuscope-la-secu-a-mes-cotes\/\",\"url\":\"https:\/\/en3s.fr\/secudoc\/secuscope-la-secu-a-mes-cotes\/\",\"name\":\"S\u00e9cuscope - La S\u00e9cu \u00e0 mes c\u00f4t\u00e9s\",\"isPartOf\":{\"@id\":\"https:\/\/en3s.fr\/secudoc\/#website\"},\"primaryImageOfPage\":{\"@id\":\"https:\/\/en3s.fr\/secudoc\/secuscope-la-secu-a-mes-cotes\/#primaryimage\"},\"image\":{\"@id\":\"https:\/\/en3s.fr\/secudoc\/secuscope-la-secu-a-mes-cotes\/#primaryimage\"},\"thumbnailUrl\":\"https:\/\/en3s.fr\/secudoc\/wp-content\/uploads\/sites\/4\/2020\/10\/axe-2.png\",\"datePublished\":\"2020-10-20T15:28:40+00:00\",\"dateModified\":\"2023-10-06T14:26:14+00:00\",\"description\":\"S\u00e9cuscope - La S\u00e9cu \u00e0 mes c\u00f4t\u00e9s Objectifs p\u00e9dagogiques&nbsp;: Comprendre que l\u2019action des caisses de S\u00e9curit\u00e9 sociale ne se limite pas au service de\",\"breadcrumb\":{\"@id\":\"https:\/\/en3s.fr\/secudoc\/secuscope-la-secu-a-mes-cotes\/#breadcrumb\"},\"inLanguage\":\"fr-FR\",\"potentialAction\":[{\"@type\":\"ReadAction\",\"target\":[\"https:\/\/en3s.fr\/secudoc\/secuscope-la-secu-a-mes-cotes\/\"]}]},{\"@type\":\"ImageObject\",\"inLanguage\":\"fr-FR\",\"@id\":\"https:\/\/en3s.fr\/secudoc\/secuscope-la-secu-a-mes-cotes\/#primaryimage\",\"url\":\"https:\/\/en3s.fr\/secudoc\/wp-content\/uploads\/sites\/4\/2020\/10\/axe-2.png\",\"contentUrl\":\"https:\/\/en3s.fr\/secudoc\/wp-content\/uploads\/sites\/4\/2020\/10\/axe-2.png\",\"width\":530,\"height\":300},{\"@type\":\"BreadcrumbList\",\"@id\":\"https:\/\/en3s.fr\/secudoc\/secuscope-la-secu-a-mes-cotes\/#breadcrumb\",\"itemListElement\":[{\"@type\":\"ListItem\",\"position\":1,\"name\":\"Accueil\",\"item\":\"https:\/\/en3s.fr\/secudoc\/\"},{\"@type\":\"ListItem\",\"position\":2,\"name\":\"S\u00e9cuscope &#8211; La S\u00e9cu \u00e0 mes c\u00f4t\u00e9s\"}]},{\"@type\":\"WebSite\",\"@id\":\"https:\/\/en3s.fr\/secudoc\/#website\",\"url\":\"https:\/\/en3s.fr\/secudoc\/\",\"name\":\"S\u00e9cu Doc\",\"description\":\"Centre de ressources de la S\u00e9curit\u00e9 sociale\",\"potentialAction\":[{\"@type\":\"SearchAction\",\"target\":{\"@type\":\"EntryPoint\",\"urlTemplate\":\"https:\/\/en3s.fr\/secudoc\/?s={search_term_string}\"},\"query-input\":{\"@type\":\"PropertyValueSpecification\",\"valueRequired\":true,\"valueName\":\"search_term_string\"}}],\"inLanguage\":\"fr-FR\"}]}<\/script>\n<!-- \/ Yoast SEO plugin. -->","yoast_head_json":{"title":"S\u00e9cuscope - La S\u00e9cu \u00e0 mes c\u00f4t\u00e9s","description":"S\u00e9cuscope - La S\u00e9cu \u00e0 mes c\u00f4t\u00e9s Objectifs p\u00e9dagogiques&nbsp;: Comprendre que l\u2019action des caisses de S\u00e9curit\u00e9 sociale ne se limite pas au service de","robots":{"index":"index","follow":"follow","max-snippet":"max-snippet:-1","max-image-preview":"max-image-preview:large","max-video-preview":"max-video-preview:-1"},"canonical":"https:\/\/en3s.fr\/secudoc\/secuscope-la-secu-a-mes-cotes\/","og_locale":"fr_FR","og_type":"article","og_title":"S\u00e9cuscope - La S\u00e9cu \u00e0 mes c\u00f4t\u00e9s","og_description":"S\u00e9cuscope - La S\u00e9cu \u00e0 mes c\u00f4t\u00e9s Objectifs p\u00e9dagogiques&nbsp;: Comprendre que l\u2019action des caisses de S\u00e9curit\u00e9 sociale ne se limite pas au service de","og_url":"https:\/\/en3s.fr\/secudoc\/secuscope-la-secu-a-mes-cotes\/","og_site_name":"S\u00e9cu Doc","article_modified_time":"2023-10-06T14:26:14+00:00","og_image":[{"width":530,"height":300,"url":"https:\/\/en3s.fr\/secudoc\/wp-content\/uploads\/sites\/4\/2020\/10\/axe-2.png","type":"image\/png"}],"twitter_card":"summary_large_image","twitter_misc":{"Dur\u00e9e de lecture estim\u00e9e":"2 minutes"},"schema":{"@context":"https:\/\/schema.org","@graph":[{"@type":"WebPage","@id":"https:\/\/en3s.fr\/secudoc\/secuscope-la-secu-a-mes-cotes\/","url":"https:\/\/en3s.fr\/secudoc\/secuscope-la-secu-a-mes-cotes\/","name":"S\u00e9cuscope - La S\u00e9cu \u00e0 mes c\u00f4t\u00e9s","isPartOf":{"@id":"https:\/\/en3s.fr\/secudoc\/#website"},"primaryImageOfPage":{"@id":"https:\/\/en3s.fr\/secudoc\/secuscope-la-secu-a-mes-cotes\/#primaryimage"},"image":{"@id":"https:\/\/en3s.fr\/secudoc\/secuscope-la-secu-a-mes-cotes\/#primaryimage"},"thumbnailUrl":"https:\/\/en3s.fr\/secudoc\/wp-content\/uploads\/sites\/4\/2020\/10\/axe-2.png","datePublished":"2020-10-20T15:28:40+00:00","dateModified":"2023-10-06T14:26:14+00:00","description":"S\u00e9cuscope - La S\u00e9cu \u00e0 mes c\u00f4t\u00e9s Objectifs p\u00e9dagogiques&nbsp;: Comprendre que l\u2019action des caisses de S\u00e9curit\u00e9 sociale ne se limite pas au service de","breadcrumb":{"@id":"https:\/\/en3s.fr\/secudoc\/secuscope-la-secu-a-mes-cotes\/#breadcrumb"},"inLanguage":"fr-FR","potentialAction":[{"@type":"ReadAction","target":["https:\/\/en3s.fr\/secudoc\/secuscope-la-secu-a-mes-cotes\/"]}]},{"@type":"ImageObject","inLanguage":"fr-FR","@id":"https:\/\/en3s.fr\/secudoc\/secuscope-la-secu-a-mes-cotes\/#primaryimage","url":"https:\/\/en3s.fr\/secudoc\/wp-content\/uploads\/sites\/4\/2020\/10\/axe-2.png","contentUrl":"https:\/\/en3s.fr\/secudoc\/wp-content\/uploads\/sites\/4\/2020\/10\/axe-2.png","width":530,"height":300},{"@type":"BreadcrumbList","@id":"https:\/\/en3s.fr\/secudoc\/secuscope-la-secu-a-mes-cotes\/#breadcrumb","itemListElement":[{"@type":"ListItem","position":1,"name":"Accueil","item":"https:\/\/en3s.fr\/secudoc\/"},{"@type":"ListItem","position":2,"name":"S\u00e9cuscope &#8211; La S\u00e9cu \u00e0 mes c\u00f4t\u00e9s"}]},{"@type":"WebSite","@id":"https:\/\/en3s.fr\/secudoc\/#website","url":"https:\/\/en3s.fr\/secudoc\/","name":"S\u00e9cu Doc","description":"Centre de ressources de la S\u00e9curit\u00e9 sociale","potentialAction":[{"@type":"SearchAction","target":{"@type":"EntryPoint","urlTemplate":"https:\/\/en3s.fr\/secudoc\/?s={search_term_string}"},"query-input":{"@type":"PropertyValueSpecification","valueRequired":true,"valueName":"search_term_string"}}],"inLanguage":"fr-FR"}]}},"_links":{"self":[{"href":"https:\/\/en3s.fr\/secudoc\/wp-json\/wp\/v2\/pages\/4017","targetHints":{"allow":["GET"]}}],"collection":[{"href":"https:\/\/en3s.fr\/secudoc\/wp-json\/wp\/v2\/pages"}],"about":[{"href":"https:\/\/en3s.fr\/secudoc\/wp-json\/wp\/v2\/types\/page"}],"author":[{"embeddable":true,"href":"https:\/\/en3s.fr\/secudoc\/wp-json\/wp\/v2\/users\/5"}],"replies":[{"embeddable":true,"href":"https:\/\/en3s.fr\/secudoc\/wp-json\/wp\/v2\/comments?post=4017"}],"version-history":[{"count":0,"href":"https:\/\/en3s.fr\/secudoc\/wp-json\/wp\/v2\/pages\/4017\/revisions"}],"wp:featuredmedia":[{"embeddable":true,"href":"https:\/\/en3s.fr\/secudoc\/wp-json\/wp\/v2\/media\/4007"}],"wp:attachment":[{"href":"https:\/\/en3s.fr\/secudoc\/wp-json\/wp\/v2\/media?parent=4017"}],"curies":[{"name":"wp","href":"https:\/\/api.w.org\/{rel}","templated":true}]}}