{"id":4019,"date":"2020-10-20T17:30:05","date_gmt":"2020-10-20T15:30:05","guid":{"rendered":"https:\/\/en3s.fr\/secudoc\/?page_id=4019"},"modified":"2020-11-23T12:01:21","modified_gmt":"2020-11-23T11:01:21","slug":"secuscope-et-chez-mes-voisins-europeens","status":"publish","type":"page","link":"https:\/\/en3s.fr\/secudoc\/secuscope-et-chez-mes-voisins-europeens\/","title":{"rendered":"S\u00e9cuscope \u2013 Et chez mes voisins europ\u00e9ens ?"},"content":{"rendered":"<h3 style=\"text-align: center\">S\u00e9cuscope \u2013 Et chez mes voisins europ\u00e9ens ?<\/h3>\n<p><img loading=\"lazy\" decoding=\"async\" width=\"531\" height=\"300\" class=\"size-full wp-image-4008 aligncenter\" src=\"https:\/\/en3s.fr\/secudoc\/wp-content\/uploads\/sites\/4\/2020\/10\/axe-3.png\" alt=\"\" srcset=\"https:\/\/en3s.fr\/secudoc\/wp-content\/uploads\/sites\/4\/2020\/10\/axe-3.png 531w, https:\/\/en3s.fr\/secudoc\/wp-content\/uploads\/sites\/4\/2020\/10\/axe-3-275x155.png 275w, https:\/\/en3s.fr\/secudoc\/wp-content\/uploads\/sites\/4\/2020\/10\/axe-3-230x130.png 230w\" sizes=\"auto, (max-width: 531px) 100vw, 531px\" \/><\/p>\n<p><strong>Objectifs p\u00e9dagogiques :<\/strong>\u00a0Comprendre les diff\u00e9rentes logiques qui sous-tendent le syst\u00e8me fran\u00ad\u00e7ais de protection sociale ; Appr\u00e9hender la prise en charge des soins de sant\u00e9 en Angleterre et les fondements du syst\u00e8me anglais de protection sociale ; Comprendre \u00e0 quoi servent une carte Vitale et une Carte europ\u00e9enne d\u2019Assurance maladie (CEAM).<\/p>\n<p><strong>Cible du jeu :<\/strong>\u00a0El\u00e8ves de pr\u00e9-baccalaur\u00e9at en priorit\u00e9<\/p>\n<p><strong>Descriptif\u00a0:<\/strong>\u00a0\u00c7a se passe comment la S\u00e9cu en Angleterre et en Allemagne\u00a0!?<\/p>\n<p>Ce jeu met en sc\u00e8ne un p\u00e8re et son fils qui discutent autour de deux \u00e9v\u00e8nements : l\u2019hospitalisation du grand-p\u00e8re en Angleterre et le d\u00e9part du fils en voyage scolaire en Allemagne. Il permet de mieux comprendre les sp\u00e9cificit\u00e9s de ces deux syst\u00e8mes.<\/p>\n<p><strong>Ressources associ\u00e9es\u00a0:<\/strong><\/p>\n<ul>\n<li><a href=\"https:\/\/fr.calameo.com\/read\/00431050470a90c1ecffe\" target=\"_blank\" rel=\"noopener noreferrer\">Guide d\u2019accompagnement du professeur<\/a><\/li>\n<li><a href=\"https:\/\/fr.calameo.com\/read\/004310504bcf07d54d8ee\" target=\"_blank\" rel=\"noopener noreferrer\">Livret de l\u2019\u00e9l\u00e8ve<\/a><\/li>\n<\/ul>\n<div><strong>Acc\u00e8s au jeu :\u00a0<\/strong><\/div>\n<div class=\"copy-paste-block\"><em>Le jeu fonctionne \u00e0 la fois sur ordinateur ainsi que sur smartphones et tablettes. <\/em><\/div>\n<div class=\"copy-paste-block\"><em>Sur ordinateur, utilisez le navigateur \u00ab\u00a0Google Chrome\u00a0\u00bb. <\/em><\/div>\n<div class=\"copy-paste-block\"><em>Sur Smartphones et tablettes, il est n\u00e9cessaire d&rsquo;installer une application tierce gratuite : VTSPlayer. En cliquant sur le bouton \u00ab\u00a0Version mobile\u00a0\u00bb, vous serez automatiquement rediriger vers la page web de t\u00e9l\u00e9chargement de l&rsquo;application.<\/em><\/div>\n<div><\/div>\n<p>&nbsp;<\/p>\n<p style=\"text-align: center\"><a class=\"button\" href=\"https:\/\/en3s.fr\/secudoc\/wp-content\/serious-game\/scenario3\/\" target=\"_blank\" rel=\"noopener noreferrer\">Version ordinateur<\/a> <a class=\"button\" href=\"https:\/\/en3s.fr\/secudoc\/wp-content\/serious-game\/scenario3\/mobile\/\" target=\"_blank\" rel=\"noopener noreferrer\">Version mobile<\/a><\/p>\n","protected":false},"excerpt":{"rendered":"<p>S\u00e9cuscope \u2013 Et chez mes voisins europ\u00e9ens ? Objectifs p\u00e9dagogiques :\u00a0Comprendre les diff\u00e9rentes logiques qui sous-tendent le syst\u00e8me fran\u00ad\u00e7ais de protection sociale ; Appr\u00e9hender la prise en charge des soins de sant\u00e9 en Angleterre et les fondements du syst\u00e8me anglais de protection sociale ; Comprendre \u00e0 quoi servent une carte Vitale et une Carte europ\u00e9enne [&hellip;]<\/p>\n","protected":false},"author":5,"featured_media":4008,"parent":0,"menu_order":0,"comment_status":"closed","ping_status":"closed","template":"","meta":{"ngg_post_thumbnail":0,"footnotes":""},"class_list":["post-4019","page","type-page","status-publish","has-post-thumbnail","hentry"],"yoast_head":"<!-- This site is optimized with the Yoast SEO plugin v24.9 - https:\/\/yoast.com\/wordpress\/plugins\/seo\/ -->\n<title>S\u00e9cuscope \u2013 Et chez mes voisins europ\u00e9ens ? - S\u00e9cu Doc<\/title>\n<meta name=\"description\" content=\"S\u00e9cuscope \u2013 Et chez mes voisins europ\u00e9ens ? Objectifs p\u00e9dagogiques :\u00a0Comprendre les diff\u00e9rentes logiques qui sous-tendent le syst\u00e8me fran\u00ad\u00e7ais de\" \/>\n<meta name=\"robots\" content=\"index, follow, max-snippet:-1, max-image-preview:large, max-video-preview:-1\" \/>\n<link rel=\"canonical\" href=\"https:\/\/en3s.fr\/secudoc\/secuscope-et-chez-mes-voisins-europeens\/\" \/>\n<meta property=\"og:locale\" content=\"fr_FR\" \/>\n<meta property=\"og:type\" content=\"article\" \/>\n<meta property=\"og:title\" content=\"S\u00e9cuscope \u2013 Et chez mes voisins europ\u00e9ens ? - S\u00e9cu Doc\" \/>\n<meta property=\"og:description\" content=\"S\u00e9cuscope \u2013 Et chez mes voisins europ\u00e9ens ? Objectifs p\u00e9dagogiques :\u00a0Comprendre les diff\u00e9rentes logiques qui sous-tendent le syst\u00e8me fran\u00ad\u00e7ais de\" \/>\n<meta property=\"og:url\" content=\"https:\/\/en3s.fr\/secudoc\/secuscope-et-chez-mes-voisins-europeens\/\" \/>\n<meta property=\"og:site_name\" content=\"S\u00e9cu Doc\" \/>\n<meta property=\"article:modified_time\" content=\"2020-11-23T11:01:21+00:00\" \/>\n<meta property=\"og:image\" content=\"https:\/\/en3s.fr\/secudoc\/wp-content\/uploads\/sites\/4\/2020\/10\/axe-3.png\" \/>\n\t<meta property=\"og:image:width\" content=\"531\" \/>\n\t<meta property=\"og:image:height\" content=\"300\" \/>\n\t<meta property=\"og:image:type\" content=\"image\/png\" \/>\n<meta name=\"twitter:card\" content=\"summary_large_image\" \/>\n<meta name=\"twitter:label1\" content=\"Dur\u00e9e de lecture estim\u00e9e\" \/>\n\t<meta name=\"twitter:data1\" content=\"1 minute\" \/>\n<script type=\"application\/ld+json\" class=\"yoast-schema-graph\">{\"@context\":\"https:\/\/schema.org\",\"@graph\":[{\"@type\":\"WebPage\",\"@id\":\"https:\/\/en3s.fr\/secudoc\/secuscope-et-chez-mes-voisins-europeens\/\",\"url\":\"https:\/\/en3s.fr\/secudoc\/secuscope-et-chez-mes-voisins-europeens\/\",\"name\":\"S\u00e9cuscope \u2013 Et chez mes voisins europ\u00e9ens ? - S\u00e9cu Doc\",\"isPartOf\":{\"@id\":\"https:\/\/en3s.fr\/secudoc\/#website\"},\"primaryImageOfPage\":{\"@id\":\"https:\/\/en3s.fr\/secudoc\/secuscope-et-chez-mes-voisins-europeens\/#primaryimage\"},\"image\":{\"@id\":\"https:\/\/en3s.fr\/secudoc\/secuscope-et-chez-mes-voisins-europeens\/#primaryimage\"},\"thumbnailUrl\":\"https:\/\/en3s.fr\/secudoc\/wp-content\/uploads\/sites\/4\/2020\/10\/axe-3.png\",\"datePublished\":\"2020-10-20T15:30:05+00:00\",\"dateModified\":\"2020-11-23T11:01:21+00:00\",\"description\":\"S\u00e9cuscope \u2013 Et chez mes voisins europ\u00e9ens ? Objectifs p\u00e9dagogiques :\u00a0Comprendre les diff\u00e9rentes logiques qui sous-tendent le syst\u00e8me fran\u00ad\u00e7ais de\",\"breadcrumb\":{\"@id\":\"https:\/\/en3s.fr\/secudoc\/secuscope-et-chez-mes-voisins-europeens\/#breadcrumb\"},\"inLanguage\":\"fr-FR\",\"potentialAction\":[{\"@type\":\"ReadAction\",\"target\":[\"https:\/\/en3s.fr\/secudoc\/secuscope-et-chez-mes-voisins-europeens\/\"]}]},{\"@type\":\"ImageObject\",\"inLanguage\":\"fr-FR\",\"@id\":\"https:\/\/en3s.fr\/secudoc\/secuscope-et-chez-mes-voisins-europeens\/#primaryimage\",\"url\":\"https:\/\/en3s.fr\/secudoc\/wp-content\/uploads\/sites\/4\/2020\/10\/axe-3.png\",\"contentUrl\":\"https:\/\/en3s.fr\/secudoc\/wp-content\/uploads\/sites\/4\/2020\/10\/axe-3.png\",\"width\":531,\"height\":300},{\"@type\":\"BreadcrumbList\",\"@id\":\"https:\/\/en3s.fr\/secudoc\/secuscope-et-chez-mes-voisins-europeens\/#breadcrumb\",\"itemListElement\":[{\"@type\":\"ListItem\",\"position\":1,\"name\":\"Accueil\",\"item\":\"https:\/\/en3s.fr\/secudoc\/\"},{\"@type\":\"ListItem\",\"position\":2,\"name\":\"S\u00e9cuscope \u2013 Et chez mes voisins europ\u00e9ens ?\"}]},{\"@type\":\"WebSite\",\"@id\":\"https:\/\/en3s.fr\/secudoc\/#website\",\"url\":\"https:\/\/en3s.fr\/secudoc\/\",\"name\":\"S\u00e9cu Doc\",\"description\":\"Centre de ressources de la S\u00e9curit\u00e9 sociale\",\"potentialAction\":[{\"@type\":\"SearchAction\",\"target\":{\"@type\":\"EntryPoint\",\"urlTemplate\":\"https:\/\/en3s.fr\/secudoc\/?s={search_term_string}\"},\"query-input\":{\"@type\":\"PropertyValueSpecification\",\"valueRequired\":true,\"valueName\":\"search_term_string\"}}],\"inLanguage\":\"fr-FR\"}]}<\/script>\n<!-- \/ Yoast SEO plugin. -->","yoast_head_json":{"title":"S\u00e9cuscope \u2013 Et chez mes voisins europ\u00e9ens ? - S\u00e9cu Doc","description":"S\u00e9cuscope \u2013 Et chez mes voisins europ\u00e9ens ? Objectifs p\u00e9dagogiques :\u00a0Comprendre les diff\u00e9rentes logiques qui sous-tendent le syst\u00e8me fran\u00ad\u00e7ais de","robots":{"index":"index","follow":"follow","max-snippet":"max-snippet:-1","max-image-preview":"max-image-preview:large","max-video-preview":"max-video-preview:-1"},"canonical":"https:\/\/en3s.fr\/secudoc\/secuscope-et-chez-mes-voisins-europeens\/","og_locale":"fr_FR","og_type":"article","og_title":"S\u00e9cuscope \u2013 Et chez mes voisins europ\u00e9ens ? - S\u00e9cu Doc","og_description":"S\u00e9cuscope \u2013 Et chez mes voisins europ\u00e9ens ? Objectifs p\u00e9dagogiques :\u00a0Comprendre les diff\u00e9rentes logiques qui sous-tendent le syst\u00e8me fran\u00ad\u00e7ais de","og_url":"https:\/\/en3s.fr\/secudoc\/secuscope-et-chez-mes-voisins-europeens\/","og_site_name":"S\u00e9cu Doc","article_modified_time":"2020-11-23T11:01:21+00:00","og_image":[{"width":531,"height":300,"url":"https:\/\/en3s.fr\/secudoc\/wp-content\/uploads\/sites\/4\/2020\/10\/axe-3.png","type":"image\/png"}],"twitter_card":"summary_large_image","twitter_misc":{"Dur\u00e9e de lecture estim\u00e9e":"1 minute"},"schema":{"@context":"https:\/\/schema.org","@graph":[{"@type":"WebPage","@id":"https:\/\/en3s.fr\/secudoc\/secuscope-et-chez-mes-voisins-europeens\/","url":"https:\/\/en3s.fr\/secudoc\/secuscope-et-chez-mes-voisins-europeens\/","name":"S\u00e9cuscope \u2013 Et chez mes voisins europ\u00e9ens ? - S\u00e9cu Doc","isPartOf":{"@id":"https:\/\/en3s.fr\/secudoc\/#website"},"primaryImageOfPage":{"@id":"https:\/\/en3s.fr\/secudoc\/secuscope-et-chez-mes-voisins-europeens\/#primaryimage"},"image":{"@id":"https:\/\/en3s.fr\/secudoc\/secuscope-et-chez-mes-voisins-europeens\/#primaryimage"},"thumbnailUrl":"https:\/\/en3s.fr\/secudoc\/wp-content\/uploads\/sites\/4\/2020\/10\/axe-3.png","datePublished":"2020-10-20T15:30:05+00:00","dateModified":"2020-11-23T11:01:21+00:00","description":"S\u00e9cuscope \u2013 Et chez mes voisins europ\u00e9ens ? Objectifs p\u00e9dagogiques :\u00a0Comprendre les diff\u00e9rentes logiques qui sous-tendent le syst\u00e8me fran\u00ad\u00e7ais de","breadcrumb":{"@id":"https:\/\/en3s.fr\/secudoc\/secuscope-et-chez-mes-voisins-europeens\/#breadcrumb"},"inLanguage":"fr-FR","potentialAction":[{"@type":"ReadAction","target":["https:\/\/en3s.fr\/secudoc\/secuscope-et-chez-mes-voisins-europeens\/"]}]},{"@type":"ImageObject","inLanguage":"fr-FR","@id":"https:\/\/en3s.fr\/secudoc\/secuscope-et-chez-mes-voisins-europeens\/#primaryimage","url":"https:\/\/en3s.fr\/secudoc\/wp-content\/uploads\/sites\/4\/2020\/10\/axe-3.png","contentUrl":"https:\/\/en3s.fr\/secudoc\/wp-content\/uploads\/sites\/4\/2020\/10\/axe-3.png","width":531,"height":300},{"@type":"BreadcrumbList","@id":"https:\/\/en3s.fr\/secudoc\/secuscope-et-chez-mes-voisins-europeens\/#breadcrumb","itemListElement":[{"@type":"ListItem","position":1,"name":"Accueil","item":"https:\/\/en3s.fr\/secudoc\/"},{"@type":"ListItem","position":2,"name":"S\u00e9cuscope \u2013 Et chez mes voisins europ\u00e9ens ?"}]},{"@type":"WebSite","@id":"https:\/\/en3s.fr\/secudoc\/#website","url":"https:\/\/en3s.fr\/secudoc\/","name":"S\u00e9cu Doc","description":"Centre de ressources de la S\u00e9curit\u00e9 sociale","potentialAction":[{"@type":"SearchAction","target":{"@type":"EntryPoint","urlTemplate":"https:\/\/en3s.fr\/secudoc\/?s={search_term_string}"},"query-input":{"@type":"PropertyValueSpecification","valueRequired":true,"valueName":"search_term_string"}}],"inLanguage":"fr-FR"}]}},"_links":{"self":[{"href":"https:\/\/en3s.fr\/secudoc\/wp-json\/wp\/v2\/pages\/4019","targetHints":{"allow":["GET"]}}],"collection":[{"href":"https:\/\/en3s.fr\/secudoc\/wp-json\/wp\/v2\/pages"}],"about":[{"href":"https:\/\/en3s.fr\/secudoc\/wp-json\/wp\/v2\/types\/page"}],"author":[{"embeddable":true,"href":"https:\/\/en3s.fr\/secudoc\/wp-json\/wp\/v2\/users\/5"}],"replies":[{"embeddable":true,"href":"https:\/\/en3s.fr\/secudoc\/wp-json\/wp\/v2\/comments?post=4019"}],"version-history":[{"count":0,"href":"https:\/\/en3s.fr\/secudoc\/wp-json\/wp\/v2\/pages\/4019\/revisions"}],"wp:featuredmedia":[{"embeddable":true,"href":"https:\/\/en3s.fr\/secudoc\/wp-json\/wp\/v2\/media\/4008"}],"wp:attachment":[{"href":"https:\/\/en3s.fr\/secudoc\/wp-json\/wp\/v2\/media?parent=4019"}],"curies":[{"name":"wp","href":"https:\/\/api.w.org\/{rel}","templated":true}]}}