{"id":4058,"date":"2021-01-21T16:01:42","date_gmt":"2021-01-21T15:01:42","guid":{"rendered":"https:\/\/en3s.fr\/secudoc\/?page_id=4058"},"modified":"2022-02-02T17:00:20","modified_gmt":"2022-02-02T16:00:20","slug":"4058-2","status":"publish","type":"page","link":"https:\/\/en3s.fr\/secudoc\/produits-documentaires\/publications-en3s\/4058-2\/","title":{"rendered":"AM\u00c9LIORER L\u2019ACC\u00c8S AUX SOINS DES PERSONNES VIVANT AVEC UN HANDICAP ?"},"content":{"rendered":"<h3><\/h3>\n<blockquote>\n<p style=\"text-align: left\"><a href=\"https:\/\/www.calameo.com\/read\/00431050447e8edc57d57\" target=\"_blank\" rel=\"noopener noreferrer\"><em><img loading=\"lazy\" decoding=\"async\" class=\"alignleft wp-image-4205\" src=\"https:\/\/en3s.fr\/secudoc\/wp-content\/uploads\/sites\/4\/2021\/04\/livret-ra-2020_page_03.jpg\" alt=\"\" width=\"271\" height=\"382\" srcset=\"https:\/\/en3s.fr\/secudoc\/wp-content\/uploads\/sites\/4\/2021\/04\/livret-ra-2020_page_03.jpg 1452w, https:\/\/en3s.fr\/secudoc\/wp-content\/uploads\/sites\/4\/2021\/04\/livret-ra-2020_page_03-768x1083.jpg 768w, https:\/\/en3s.fr\/secudoc\/wp-content\/uploads\/sites\/4\/2021\/04\/livret-ra-2020_page_03-275x388.jpg 275w, https:\/\/en3s.fr\/secudoc\/wp-content\/uploads\/sites\/4\/2021\/04\/livret-ra-2020_page_03-277x390.jpg 277w, https:\/\/en3s.fr\/secudoc\/wp-content\/uploads\/sites\/4\/2021\/04\/livret-ra-2020_page_03-230x324.jpg 230w\" sizes=\"auto, (max-width: 271px) 100vw, 271px\" \/><\/em><\/a><em>D\u00e9signant des situations de vie tr\u00e8s diverses, le handicap renvoie aux d\u00e9ficiences qui limitent la participation d\u2019un individu \u00e0 la soci\u00e9t\u00e9 (OMS). A l\u2019inverse d\u2019autres pays, la France a fait le choix d\u2019une d\u00e9finition l\u00e9gale du handicap [&#8230;] Ainsi, cette politique publique porte une dimension \u00e9thique de prise en compte du handicap comme une valeur morale intangible de la soci\u00e9t\u00e9 fran\u00e7aise affirmant l\u2019\u00e9galit\u00e9 de tous. [&#8230;] Dans ce cadre, l\u2019UGECAM Bourgogne Franche-Comt\u00e9, pilote du groupe UGECAM sur le projet national d\u2019acc\u00e8s aux soins, souhaite exp\u00e9rimenter un mod\u00e8le tarifaire sp\u00e9cifique en lien avec l\u2019article 51 de la loi de financement de la S\u00e9curit\u00e9 sociale pour 2018. La Recherche-Action s\u2019inscrit dans cette d\u00e9marche exp\u00e9rimentale afin de proposer des am\u00e9liorations de parcours de sant\u00e9 pour les personnes vivant avec un handicap<\/em><\/p>\n<\/blockquote>\n<p style=\"text-align: center\"><a href=\"https:\/\/www.calameo.com\/read\/004310504829f8c051c19\" target=\"_blank\" rel=\"noopener noreferrer\">Retrouvez l&rsquo;int\u00e9gralit\u00e9 du rapport<\/a><\/p>\n","protected":false},"excerpt":{"rendered":"<p>D\u00e9signant des situations de vie tr\u00e8s diverses, le handicap renvoie aux d\u00e9ficiences qui limitent la participation d\u2019un individu \u00e0 la soci\u00e9t\u00e9 (OMS). A l\u2019inverse d\u2019autres pays, la France a fait le choix d\u2019une d\u00e9finition l\u00e9gale du handicap [&#8230;] Ainsi, cette politique publique porte une dimension \u00e9thique de prise en compte du handicap comme une valeur [&hellip;]<\/p>\n","protected":false},"author":42,"featured_media":0,"parent":910,"menu_order":0,"comment_status":"closed","ping_status":"closed","template":"","meta":{"ngg_post_thumbnail":0,"footnotes":""},"class_list":["post-4058","page","type-page","status-publish","hentry"],"yoast_head":"<!-- This site is optimized with the Yoast SEO plugin v24.9 - https:\/\/yoast.com\/wordpress\/plugins\/seo\/ -->\n<title>AM\u00c9LIORER L\u2019ACC\u00c8S AUX SOINS DES PERSONNES VIVANT AVEC UN HANDICAP ? - S\u00e9cu Doc<\/title>\n<meta name=\"description\" content=\"D\u00e9signant des situations de vie tr\u00e8s diverses, le handicap renvoie aux d\u00e9ficiences qui limitent la participation d\u2019un individu \u00e0 la soci\u00e9t\u00e9 (OMS). A\" \/>\n<meta name=\"robots\" content=\"index, follow, max-snippet:-1, max-image-preview:large, max-video-preview:-1\" \/>\n<link rel=\"canonical\" href=\"https:\/\/en3s.fr\/secudoc\/produits-documentaires\/publications-en3s\/4058-2\/\" \/>\n<meta property=\"og:locale\" content=\"fr_FR\" \/>\n<meta property=\"og:type\" content=\"article\" \/>\n<meta property=\"og:title\" content=\"AM\u00c9LIORER L\u2019ACC\u00c8S AUX SOINS DES PERSONNES VIVANT AVEC UN HANDICAP ? - S\u00e9cu Doc\" \/>\n<meta property=\"og:description\" content=\"D\u00e9signant des situations de vie tr\u00e8s diverses, le handicap renvoie aux d\u00e9ficiences qui limitent la participation d\u2019un individu \u00e0 la soci\u00e9t\u00e9 (OMS). A\" \/>\n<meta property=\"og:url\" content=\"https:\/\/en3s.fr\/secudoc\/produits-documentaires\/publications-en3s\/4058-2\/\" \/>\n<meta property=\"og:site_name\" content=\"S\u00e9cu Doc\" \/>\n<meta property=\"article:modified_time\" content=\"2022-02-02T16:00:20+00:00\" \/>\n<meta property=\"og:image\" content=\"https:\/\/en3s.fr\/secudoc\/wp-content\/uploads\/sites\/4\/2021\/04\/livret-ra-2020_page_03.jpg\" \/>\n<meta name=\"twitter:card\" content=\"summary_large_image\" \/>\n<meta name=\"twitter:label1\" content=\"Dur\u00e9e de lecture estim\u00e9e\" \/>\n\t<meta name=\"twitter:data1\" content=\"1 minute\" \/>\n<script type=\"application\/ld+json\" class=\"yoast-schema-graph\">{\"@context\":\"https:\/\/schema.org\",\"@graph\":[{\"@type\":\"WebPage\",\"@id\":\"https:\/\/en3s.fr\/secudoc\/produits-documentaires\/publications-en3s\/4058-2\/\",\"url\":\"https:\/\/en3s.fr\/secudoc\/produits-documentaires\/publications-en3s\/4058-2\/\",\"name\":\"AM\u00c9LIORER L\u2019ACC\u00c8S AUX SOINS DES PERSONNES VIVANT AVEC UN HANDICAP ? - S\u00e9cu Doc\",\"isPartOf\":{\"@id\":\"https:\/\/en3s.fr\/secudoc\/#website\"},\"primaryImageOfPage\":{\"@id\":\"https:\/\/en3s.fr\/secudoc\/produits-documentaires\/publications-en3s\/4058-2\/#primaryimage\"},\"image\":{\"@id\":\"https:\/\/en3s.fr\/secudoc\/produits-documentaires\/publications-en3s\/4058-2\/#primaryimage\"},\"thumbnailUrl\":\"https:\/\/en3s.fr\/secudoc\/wp-content\/uploads\/sites\/4\/2021\/04\/livret-ra-2020_page_03.jpg\",\"datePublished\":\"2021-01-21T15:01:42+00:00\",\"dateModified\":\"2022-02-02T16:00:20+00:00\",\"description\":\"D\u00e9signant des situations de vie tr\u00e8s diverses, le handicap renvoie aux d\u00e9ficiences qui limitent la participation d\u2019un individu \u00e0 la soci\u00e9t\u00e9 (OMS). A\",\"breadcrumb\":{\"@id\":\"https:\/\/en3s.fr\/secudoc\/produits-documentaires\/publications-en3s\/4058-2\/#breadcrumb\"},\"inLanguage\":\"fr-FR\",\"potentialAction\":[{\"@type\":\"ReadAction\",\"target\":[\"https:\/\/en3s.fr\/secudoc\/produits-documentaires\/publications-en3s\/4058-2\/\"]}]},{\"@type\":\"ImageObject\",\"inLanguage\":\"fr-FR\",\"@id\":\"https:\/\/en3s.fr\/secudoc\/produits-documentaires\/publications-en3s\/4058-2\/#primaryimage\",\"url\":\"https:\/\/en3s.fr\/secudoc\/wp-content\/uploads\/sites\/4\/2021\/04\/livret-ra-2020_page_03.jpg\",\"contentUrl\":\"https:\/\/en3s.fr\/secudoc\/wp-content\/uploads\/sites\/4\/2021\/04\/livret-ra-2020_page_03.jpg\",\"width\":1452,\"height\":2048},{\"@type\":\"BreadcrumbList\",\"@id\":\"https:\/\/en3s.fr\/secudoc\/produits-documentaires\/publications-en3s\/4058-2\/#breadcrumb\",\"itemListElement\":[{\"@type\":\"ListItem\",\"position\":1,\"name\":\"Accueil\",\"item\":\"https:\/\/en3s.fr\/secudoc\/\"},{\"@type\":\"ListItem\",\"position\":2,\"name\":\"Produits documentaires\",\"item\":\"https:\/\/en3s.fr\/secudoc\/produits-documentaires\/\"},{\"@type\":\"ListItem\",\"position\":3,\"name\":\"Publications EN3S\",\"item\":\"https:\/\/en3s.fr\/secudoc\/produits-documentaires\/publications-en3s\/\"},{\"@type\":\"ListItem\",\"position\":4,\"name\":\"AM\u00c9LIORER L\u2019ACC\u00c8S AUX SOINS DES PERSONNES VIVANT AVEC UN HANDICAP ?\"}]},{\"@type\":\"WebSite\",\"@id\":\"https:\/\/en3s.fr\/secudoc\/#website\",\"url\":\"https:\/\/en3s.fr\/secudoc\/\",\"name\":\"S\u00e9cu Doc\",\"description\":\"Centre de ressources de la S\u00e9curit\u00e9 sociale\",\"potentialAction\":[{\"@type\":\"SearchAction\",\"target\":{\"@type\":\"EntryPoint\",\"urlTemplate\":\"https:\/\/en3s.fr\/secudoc\/?s={search_term_string}\"},\"query-input\":{\"@type\":\"PropertyValueSpecification\",\"valueRequired\":true,\"valueName\":\"search_term_string\"}}],\"inLanguage\":\"fr-FR\"}]}<\/script>\n<!-- \/ Yoast SEO plugin. -->","yoast_head_json":{"title":"AM\u00c9LIORER L\u2019ACC\u00c8S AUX SOINS DES PERSONNES VIVANT AVEC UN HANDICAP ? - S\u00e9cu Doc","description":"D\u00e9signant des situations de vie tr\u00e8s diverses, le handicap renvoie aux d\u00e9ficiences qui limitent la participation d\u2019un individu \u00e0 la soci\u00e9t\u00e9 (OMS). A","robots":{"index":"index","follow":"follow","max-snippet":"max-snippet:-1","max-image-preview":"max-image-preview:large","max-video-preview":"max-video-preview:-1"},"canonical":"https:\/\/en3s.fr\/secudoc\/produits-documentaires\/publications-en3s\/4058-2\/","og_locale":"fr_FR","og_type":"article","og_title":"AM\u00c9LIORER L\u2019ACC\u00c8S AUX SOINS DES PERSONNES VIVANT AVEC UN HANDICAP ? - S\u00e9cu Doc","og_description":"D\u00e9signant des situations de vie tr\u00e8s diverses, le handicap renvoie aux d\u00e9ficiences qui limitent la participation d\u2019un individu \u00e0 la soci\u00e9t\u00e9 (OMS). A","og_url":"https:\/\/en3s.fr\/secudoc\/produits-documentaires\/publications-en3s\/4058-2\/","og_site_name":"S\u00e9cu Doc","article_modified_time":"2022-02-02T16:00:20+00:00","og_image":[{"url":"https:\/\/en3s.fr\/secudoc\/wp-content\/uploads\/sites\/4\/2021\/04\/livret-ra-2020_page_03.jpg","type":"","width":"","height":""}],"twitter_card":"summary_large_image","twitter_misc":{"Dur\u00e9e de lecture estim\u00e9e":"1 minute"},"schema":{"@context":"https:\/\/schema.org","@graph":[{"@type":"WebPage","@id":"https:\/\/en3s.fr\/secudoc\/produits-documentaires\/publications-en3s\/4058-2\/","url":"https:\/\/en3s.fr\/secudoc\/produits-documentaires\/publications-en3s\/4058-2\/","name":"AM\u00c9LIORER L\u2019ACC\u00c8S AUX SOINS DES PERSONNES VIVANT AVEC UN HANDICAP ? - S\u00e9cu Doc","isPartOf":{"@id":"https:\/\/en3s.fr\/secudoc\/#website"},"primaryImageOfPage":{"@id":"https:\/\/en3s.fr\/secudoc\/produits-documentaires\/publications-en3s\/4058-2\/#primaryimage"},"image":{"@id":"https:\/\/en3s.fr\/secudoc\/produits-documentaires\/publications-en3s\/4058-2\/#primaryimage"},"thumbnailUrl":"https:\/\/en3s.fr\/secudoc\/wp-content\/uploads\/sites\/4\/2021\/04\/livret-ra-2020_page_03.jpg","datePublished":"2021-01-21T15:01:42+00:00","dateModified":"2022-02-02T16:00:20+00:00","description":"D\u00e9signant des situations de vie tr\u00e8s diverses, le handicap renvoie aux d\u00e9ficiences qui limitent la participation d\u2019un individu \u00e0 la soci\u00e9t\u00e9 (OMS). A","breadcrumb":{"@id":"https:\/\/en3s.fr\/secudoc\/produits-documentaires\/publications-en3s\/4058-2\/#breadcrumb"},"inLanguage":"fr-FR","potentialAction":[{"@type":"ReadAction","target":["https:\/\/en3s.fr\/secudoc\/produits-documentaires\/publications-en3s\/4058-2\/"]}]},{"@type":"ImageObject","inLanguage":"fr-FR","@id":"https:\/\/en3s.fr\/secudoc\/produits-documentaires\/publications-en3s\/4058-2\/#primaryimage","url":"https:\/\/en3s.fr\/secudoc\/wp-content\/uploads\/sites\/4\/2021\/04\/livret-ra-2020_page_03.jpg","contentUrl":"https:\/\/en3s.fr\/secudoc\/wp-content\/uploads\/sites\/4\/2021\/04\/livret-ra-2020_page_03.jpg","width":1452,"height":2048},{"@type":"BreadcrumbList","@id":"https:\/\/en3s.fr\/secudoc\/produits-documentaires\/publications-en3s\/4058-2\/#breadcrumb","itemListElement":[{"@type":"ListItem","position":1,"name":"Accueil","item":"https:\/\/en3s.fr\/secudoc\/"},{"@type":"ListItem","position":2,"name":"Produits documentaires","item":"https:\/\/en3s.fr\/secudoc\/produits-documentaires\/"},{"@type":"ListItem","position":3,"name":"Publications EN3S","item":"https:\/\/en3s.fr\/secudoc\/produits-documentaires\/publications-en3s\/"},{"@type":"ListItem","position":4,"name":"AM\u00c9LIORER L\u2019ACC\u00c8S AUX SOINS DES PERSONNES VIVANT AVEC UN HANDICAP ?"}]},{"@type":"WebSite","@id":"https:\/\/en3s.fr\/secudoc\/#website","url":"https:\/\/en3s.fr\/secudoc\/","name":"S\u00e9cu Doc","description":"Centre de ressources de la S\u00e9curit\u00e9 sociale","potentialAction":[{"@type":"SearchAction","target":{"@type":"EntryPoint","urlTemplate":"https:\/\/en3s.fr\/secudoc\/?s={search_term_string}"},"query-input":{"@type":"PropertyValueSpecification","valueRequired":true,"valueName":"search_term_string"}}],"inLanguage":"fr-FR"}]}},"_links":{"self":[{"href":"https:\/\/en3s.fr\/secudoc\/wp-json\/wp\/v2\/pages\/4058","targetHints":{"allow":["GET"]}}],"collection":[{"href":"https:\/\/en3s.fr\/secudoc\/wp-json\/wp\/v2\/pages"}],"about":[{"href":"https:\/\/en3s.fr\/secudoc\/wp-json\/wp\/v2\/types\/page"}],"author":[{"embeddable":true,"href":"https:\/\/en3s.fr\/secudoc\/wp-json\/wp\/v2\/users\/42"}],"replies":[{"embeddable":true,"href":"https:\/\/en3s.fr\/secudoc\/wp-json\/wp\/v2\/comments?post=4058"}],"version-history":[{"count":0,"href":"https:\/\/en3s.fr\/secudoc\/wp-json\/wp\/v2\/pages\/4058\/revisions"}],"up":[{"embeddable":true,"href":"https:\/\/en3s.fr\/secudoc\/wp-json\/wp\/v2\/pages\/910"}],"wp:attachment":[{"href":"https:\/\/en3s.fr\/secudoc\/wp-json\/wp\/v2\/media?parent=4058"}],"curies":[{"name":"wp","href":"https:\/\/api.w.org\/{rel}","templated":true}]}}