{"id":4070,"date":"2021-01-21T16:25:03","date_gmt":"2021-01-21T15:25:03","guid":{"rendered":"https:\/\/en3s.fr\/secudoc\/?page_id=4070"},"modified":"2022-02-02T16:59:26","modified_gmt":"2022-02-02T15:59:26","slug":"4070-2","status":"publish","type":"page","link":"https:\/\/en3s.fr\/secudoc\/produits-documentaires\/publications-en3s\/4070-2\/","title":{"rendered":"LE TRAVAIL SOCIAL DANS LES ORGANISMES DE S\u00c9CURIT\u00c9 SOCIALE"},"content":{"rendered":"<h3><\/h3>\n<blockquote>\n<p style=\"text-align: left\"><em><a href=\"https:\/\/www.calameo.com\/read\/004310504b5ff9936429e\" target=\"_blank\" rel=\"noopener noreferrer\"><img loading=\"lazy\" decoding=\"async\" class=\"alignleft wp-image-4200\" src=\"https:\/\/en3s.fr\/secudoc\/wp-content\/uploads\/sites\/4\/2021\/04\/livret-ra-2020_page_05.jpg\" alt=\"\" width=\"270\" height=\"382\" srcset=\"https:\/\/en3s.fr\/secudoc\/wp-content\/uploads\/sites\/4\/2021\/04\/livret-ra-2020_page_05.jpg 1446w, https:\/\/en3s.fr\/secudoc\/wp-content\/uploads\/sites\/4\/2021\/04\/livret-ra-2020_page_05-768x1088.jpg 768w, https:\/\/en3s.fr\/secudoc\/wp-content\/uploads\/sites\/4\/2021\/04\/livret-ra-2020_page_05-275x390.jpg 275w, https:\/\/en3s.fr\/secudoc\/wp-content\/uploads\/sites\/4\/2021\/04\/livret-ra-2020_page_05-230x326.jpg 230w\" sizes=\"auto, (max-width: 270px) 100vw, 270px\" \/><\/a>Le travail social, dans sa globalit\u00e9, a connu des \u00e9volutions majeures en France ces derni\u00e8res ann\u00e9es. [&#8230;] Cependant, son efficience, sa coh\u00e9rence et son attractivit\u00e9 sont aujourd\u2019hui fragilis\u00e9es n\u00e9cessitant une r\u00e9interrogation transverse et exhaustive. [&#8230;] A l\u2019aune de ces constats, cette recherche-action a permis de d\u00e9gager 3 sc\u00e9narios d\u2019\u00e9volution du travail social des organismes de S\u00e9curit\u00e9 sociale au travers :<br \/>\n&#8211; D\u2019une volont\u00e9 pour la S\u00e9curit\u00e9 sociale de se doter d\u2019une doctrine globale du travail social au travers notamment d\u2019une COG d\u00e9di\u00e9e et commune ;<br \/>\n&#8211; D\u2019un d\u00e9sengagement de la S\u00e9curit\u00e9 sociale du travail social au profit d\u2019autres acteurs, notamment le d\u00e9partement ;<br \/>\n&#8211; La cr\u00e9ation d\u2019un guichet unique du travail social pour toute la S\u00e9curit\u00e9 sociale port\u00e9 soit par la CNSA ou par la MSA.<\/em><\/p>\n<\/blockquote>\n<p style=\"text-align: center\"><a href=\"https:\/\/www.calameo.com\/read\/00431050438cdcd2bba82\" target=\"_blank\" rel=\"noopener noreferrer\">Retrouvez l&rsquo;int\u00e9gralit\u00e9 du rapport<\/a><\/p>\n","protected":false},"excerpt":{"rendered":"<p>Le travail social, dans sa globalit\u00e9, a connu des \u00e9volutions majeures en France ces derni\u00e8res ann\u00e9es. [&#8230;] Cependant, son efficience, sa coh\u00e9rence et son attractivit\u00e9 sont aujourd\u2019hui fragilis\u00e9es n\u00e9cessitant une r\u00e9interrogation transverse et exhaustive. [&#8230;] A l\u2019aune de ces constats, cette recherche-action a permis de d\u00e9gager 3 sc\u00e9narios d\u2019\u00e9volution du travail social des organismes de [&hellip;]<\/p>\n","protected":false},"author":42,"featured_media":0,"parent":910,"menu_order":0,"comment_status":"closed","ping_status":"closed","template":"","meta":{"ngg_post_thumbnail":0,"footnotes":""},"class_list":["post-4070","page","type-page","status-publish","hentry"],"yoast_head":"<!-- This site is optimized with the Yoast SEO plugin v24.9 - https:\/\/yoast.com\/wordpress\/plugins\/seo\/ -->\n<title>LE TRAVAIL SOCIAL DANS LES ORGANISMES DE S\u00c9CURIT\u00c9 SOCIALE - S\u00e9cu Doc<\/title>\n<meta name=\"description\" content=\"Le travail social, dans sa globalit\u00e9, a connu des \u00e9volutions majeures en France ces derni\u00e8res ann\u00e9es. Cependant, son efficience, sa coh\u00e9rence et son\" \/>\n<meta name=\"robots\" content=\"index, follow, max-snippet:-1, max-image-preview:large, max-video-preview:-1\" \/>\n<link rel=\"canonical\" href=\"https:\/\/en3s.fr\/secudoc\/produits-documentaires\/publications-en3s\/4070-2\/\" \/>\n<meta property=\"og:locale\" content=\"fr_FR\" \/>\n<meta property=\"og:type\" content=\"article\" \/>\n<meta property=\"og:title\" content=\"LE TRAVAIL SOCIAL DANS LES ORGANISMES DE S\u00c9CURIT\u00c9 SOCIALE - S\u00e9cu Doc\" \/>\n<meta property=\"og:description\" content=\"Le travail social, dans sa globalit\u00e9, a connu des \u00e9volutions majeures en France ces derni\u00e8res ann\u00e9es. Cependant, son efficience, sa coh\u00e9rence et son\" \/>\n<meta property=\"og:url\" content=\"https:\/\/en3s.fr\/secudoc\/produits-documentaires\/publications-en3s\/4070-2\/\" \/>\n<meta property=\"og:site_name\" content=\"S\u00e9cu Doc\" \/>\n<meta property=\"article:modified_time\" content=\"2022-02-02T15:59:26+00:00\" \/>\n<meta property=\"og:image\" content=\"https:\/\/en3s.fr\/secudoc\/wp-content\/uploads\/sites\/4\/2021\/04\/livret-ra-2020_page_05.jpg\" \/>\n<meta name=\"twitter:card\" content=\"summary_large_image\" \/>\n<meta name=\"twitter:label1\" content=\"Dur\u00e9e de lecture estim\u00e9e\" \/>\n\t<meta name=\"twitter:data1\" content=\"1 minute\" \/>\n<script type=\"application\/ld+json\" class=\"yoast-schema-graph\">{\"@context\":\"https:\/\/schema.org\",\"@graph\":[{\"@type\":\"WebPage\",\"@id\":\"https:\/\/en3s.fr\/secudoc\/produits-documentaires\/publications-en3s\/4070-2\/\",\"url\":\"https:\/\/en3s.fr\/secudoc\/produits-documentaires\/publications-en3s\/4070-2\/\",\"name\":\"LE TRAVAIL SOCIAL DANS LES ORGANISMES DE S\u00c9CURIT\u00c9 SOCIALE - S\u00e9cu Doc\",\"isPartOf\":{\"@id\":\"https:\/\/en3s.fr\/secudoc\/#website\"},\"primaryImageOfPage\":{\"@id\":\"https:\/\/en3s.fr\/secudoc\/produits-documentaires\/publications-en3s\/4070-2\/#primaryimage\"},\"image\":{\"@id\":\"https:\/\/en3s.fr\/secudoc\/produits-documentaires\/publications-en3s\/4070-2\/#primaryimage\"},\"thumbnailUrl\":\"https:\/\/en3s.fr\/secudoc\/wp-content\/uploads\/sites\/4\/2021\/04\/livret-ra-2020_page_05.jpg\",\"datePublished\":\"2021-01-21T15:25:03+00:00\",\"dateModified\":\"2022-02-02T15:59:26+00:00\",\"description\":\"Le travail social, dans sa globalit\u00e9, a connu des \u00e9volutions majeures en France ces derni\u00e8res ann\u00e9es. Cependant, son efficience, sa coh\u00e9rence et son\",\"breadcrumb\":{\"@id\":\"https:\/\/en3s.fr\/secudoc\/produits-documentaires\/publications-en3s\/4070-2\/#breadcrumb\"},\"inLanguage\":\"fr-FR\",\"potentialAction\":[{\"@type\":\"ReadAction\",\"target\":[\"https:\/\/en3s.fr\/secudoc\/produits-documentaires\/publications-en3s\/4070-2\/\"]}]},{\"@type\":\"ImageObject\",\"inLanguage\":\"fr-FR\",\"@id\":\"https:\/\/en3s.fr\/secudoc\/produits-documentaires\/publications-en3s\/4070-2\/#primaryimage\",\"url\":\"https:\/\/en3s.fr\/secudoc\/wp-content\/uploads\/sites\/4\/2021\/04\/livret-ra-2020_page_05.jpg\",\"contentUrl\":\"https:\/\/en3s.fr\/secudoc\/wp-content\/uploads\/sites\/4\/2021\/04\/livret-ra-2020_page_05.jpg\",\"width\":1446,\"height\":2048},{\"@type\":\"BreadcrumbList\",\"@id\":\"https:\/\/en3s.fr\/secudoc\/produits-documentaires\/publications-en3s\/4070-2\/#breadcrumb\",\"itemListElement\":[{\"@type\":\"ListItem\",\"position\":1,\"name\":\"Accueil\",\"item\":\"https:\/\/en3s.fr\/secudoc\/\"},{\"@type\":\"ListItem\",\"position\":2,\"name\":\"Produits documentaires\",\"item\":\"https:\/\/en3s.fr\/secudoc\/produits-documentaires\/\"},{\"@type\":\"ListItem\",\"position\":3,\"name\":\"Publications EN3S\",\"item\":\"https:\/\/en3s.fr\/secudoc\/produits-documentaires\/publications-en3s\/\"},{\"@type\":\"ListItem\",\"position\":4,\"name\":\"LE TRAVAIL SOCIAL DANS LES ORGANISMES DE S\u00c9CURIT\u00c9 SOCIALE\"}]},{\"@type\":\"WebSite\",\"@id\":\"https:\/\/en3s.fr\/secudoc\/#website\",\"url\":\"https:\/\/en3s.fr\/secudoc\/\",\"name\":\"S\u00e9cu Doc\",\"description\":\"Centre de ressources de la S\u00e9curit\u00e9 sociale\",\"potentialAction\":[{\"@type\":\"SearchAction\",\"target\":{\"@type\":\"EntryPoint\",\"urlTemplate\":\"https:\/\/en3s.fr\/secudoc\/?s={search_term_string}\"},\"query-input\":{\"@type\":\"PropertyValueSpecification\",\"valueRequired\":true,\"valueName\":\"search_term_string\"}}],\"inLanguage\":\"fr-FR\"}]}<\/script>\n<!-- \/ Yoast SEO plugin. -->","yoast_head_json":{"title":"LE TRAVAIL SOCIAL DANS LES ORGANISMES DE S\u00c9CURIT\u00c9 SOCIALE - S\u00e9cu Doc","description":"Le travail social, dans sa globalit\u00e9, a connu des \u00e9volutions majeures en France ces derni\u00e8res ann\u00e9es. Cependant, son efficience, sa coh\u00e9rence et son","robots":{"index":"index","follow":"follow","max-snippet":"max-snippet:-1","max-image-preview":"max-image-preview:large","max-video-preview":"max-video-preview:-1"},"canonical":"https:\/\/en3s.fr\/secudoc\/produits-documentaires\/publications-en3s\/4070-2\/","og_locale":"fr_FR","og_type":"article","og_title":"LE TRAVAIL SOCIAL DANS LES ORGANISMES DE S\u00c9CURIT\u00c9 SOCIALE - S\u00e9cu Doc","og_description":"Le travail social, dans sa globalit\u00e9, a connu des \u00e9volutions majeures en France ces derni\u00e8res ann\u00e9es. Cependant, son efficience, sa coh\u00e9rence et son","og_url":"https:\/\/en3s.fr\/secudoc\/produits-documentaires\/publications-en3s\/4070-2\/","og_site_name":"S\u00e9cu Doc","article_modified_time":"2022-02-02T15:59:26+00:00","og_image":[{"url":"https:\/\/en3s.fr\/secudoc\/wp-content\/uploads\/sites\/4\/2021\/04\/livret-ra-2020_page_05.jpg","type":"","width":"","height":""}],"twitter_card":"summary_large_image","twitter_misc":{"Dur\u00e9e de lecture estim\u00e9e":"1 minute"},"schema":{"@context":"https:\/\/schema.org","@graph":[{"@type":"WebPage","@id":"https:\/\/en3s.fr\/secudoc\/produits-documentaires\/publications-en3s\/4070-2\/","url":"https:\/\/en3s.fr\/secudoc\/produits-documentaires\/publications-en3s\/4070-2\/","name":"LE TRAVAIL SOCIAL DANS LES ORGANISMES DE S\u00c9CURIT\u00c9 SOCIALE - S\u00e9cu Doc","isPartOf":{"@id":"https:\/\/en3s.fr\/secudoc\/#website"},"primaryImageOfPage":{"@id":"https:\/\/en3s.fr\/secudoc\/produits-documentaires\/publications-en3s\/4070-2\/#primaryimage"},"image":{"@id":"https:\/\/en3s.fr\/secudoc\/produits-documentaires\/publications-en3s\/4070-2\/#primaryimage"},"thumbnailUrl":"https:\/\/en3s.fr\/secudoc\/wp-content\/uploads\/sites\/4\/2021\/04\/livret-ra-2020_page_05.jpg","datePublished":"2021-01-21T15:25:03+00:00","dateModified":"2022-02-02T15:59:26+00:00","description":"Le travail social, dans sa globalit\u00e9, a connu des \u00e9volutions majeures en France ces derni\u00e8res ann\u00e9es. Cependant, son efficience, sa coh\u00e9rence et son","breadcrumb":{"@id":"https:\/\/en3s.fr\/secudoc\/produits-documentaires\/publications-en3s\/4070-2\/#breadcrumb"},"inLanguage":"fr-FR","potentialAction":[{"@type":"ReadAction","target":["https:\/\/en3s.fr\/secudoc\/produits-documentaires\/publications-en3s\/4070-2\/"]}]},{"@type":"ImageObject","inLanguage":"fr-FR","@id":"https:\/\/en3s.fr\/secudoc\/produits-documentaires\/publications-en3s\/4070-2\/#primaryimage","url":"https:\/\/en3s.fr\/secudoc\/wp-content\/uploads\/sites\/4\/2021\/04\/livret-ra-2020_page_05.jpg","contentUrl":"https:\/\/en3s.fr\/secudoc\/wp-content\/uploads\/sites\/4\/2021\/04\/livret-ra-2020_page_05.jpg","width":1446,"height":2048},{"@type":"BreadcrumbList","@id":"https:\/\/en3s.fr\/secudoc\/produits-documentaires\/publications-en3s\/4070-2\/#breadcrumb","itemListElement":[{"@type":"ListItem","position":1,"name":"Accueil","item":"https:\/\/en3s.fr\/secudoc\/"},{"@type":"ListItem","position":2,"name":"Produits documentaires","item":"https:\/\/en3s.fr\/secudoc\/produits-documentaires\/"},{"@type":"ListItem","position":3,"name":"Publications EN3S","item":"https:\/\/en3s.fr\/secudoc\/produits-documentaires\/publications-en3s\/"},{"@type":"ListItem","position":4,"name":"LE TRAVAIL SOCIAL DANS LES ORGANISMES DE S\u00c9CURIT\u00c9 SOCIALE"}]},{"@type":"WebSite","@id":"https:\/\/en3s.fr\/secudoc\/#website","url":"https:\/\/en3s.fr\/secudoc\/","name":"S\u00e9cu Doc","description":"Centre de ressources de la S\u00e9curit\u00e9 sociale","potentialAction":[{"@type":"SearchAction","target":{"@type":"EntryPoint","urlTemplate":"https:\/\/en3s.fr\/secudoc\/?s={search_term_string}"},"query-input":{"@type":"PropertyValueSpecification","valueRequired":true,"valueName":"search_term_string"}}],"inLanguage":"fr-FR"}]}},"_links":{"self":[{"href":"https:\/\/en3s.fr\/secudoc\/wp-json\/wp\/v2\/pages\/4070","targetHints":{"allow":["GET"]}}],"collection":[{"href":"https:\/\/en3s.fr\/secudoc\/wp-json\/wp\/v2\/pages"}],"about":[{"href":"https:\/\/en3s.fr\/secudoc\/wp-json\/wp\/v2\/types\/page"}],"author":[{"embeddable":true,"href":"https:\/\/en3s.fr\/secudoc\/wp-json\/wp\/v2\/users\/42"}],"replies":[{"embeddable":true,"href":"https:\/\/en3s.fr\/secudoc\/wp-json\/wp\/v2\/comments?post=4070"}],"version-history":[{"count":0,"href":"https:\/\/en3s.fr\/secudoc\/wp-json\/wp\/v2\/pages\/4070\/revisions"}],"up":[{"embeddable":true,"href":"https:\/\/en3s.fr\/secudoc\/wp-json\/wp\/v2\/pages\/910"}],"wp:attachment":[{"href":"https:\/\/en3s.fr\/secudoc\/wp-json\/wp\/v2\/media?parent=4070"}],"curies":[{"name":"wp","href":"https:\/\/api.w.org\/{rel}","templated":true}]}}